{"id":10096,"date":"2023-12-14T15:00:13","date_gmt":"2023-12-14T15:00:13","guid":{"rendered":"https:\/\/sollasi.nl\/?page_id=10096"},"modified":"2025-03-25T13:27:19","modified_gmt":"2025-03-25T13:27:19","slug":"tulpenbluete-in-holland","status":"publish","type":"page","link":"https:\/\/sollasi.nl\/de\/tulpenbluete-in-holland\/","title":{"rendered":"Tulpenbl\u00fcte in Holland &#8211; Erleben Sie das Farbspektakel bei Sollasi"},"content":{"rendered":"<p>[vc_row][vc_column][vc_column_text]<div id=\"metaslider-id-10804\" style=\"width: 100%;\" class=\"ml-slider-3-108-0 metaslider metaslider-nivo metaslider-10804 ml-slider ms-theme-default\" role=\"region\" aria-label=\"Tulpen landingspagina\" data-height=\"495\" data-width=\"1980\">\n    <div id=\"metaslider_container_10804\">\n        <div class='slider-wrapper theme-default'><div class='ribbon'><\/div><div id='metaslider_10804' class='nivoSlider'><img loading=\"lazy\" decoding=\"async\" src=\"https:\/\/sollasi.nl\/wp-content\/uploads\/2024\/06\/Camping-Noordwijkerhout.jpg\" height=\"495\" width=\"1980\" title=\"Camping Noordwijkerhout\" alt=\"Camping Tulpenfelder Sollasi\" class=\"slider-10804 slide-10806 msDefaultImage\" \/><img loading=\"lazy\" decoding=\"async\" src=\"https:\/\/sollasi.nl\/wp-content\/uploads\/keukenhof-tulpen-banner-1980x495.jpg\" height=\"495\" width=\"1980\" title=\"keukenhof-tulpen-banner\" alt=\"Tulpen im Keukenhof Campingplatz Sollasi\" class=\"slider-10804 slide-10829 msDefaultImage\" \/><\/div><\/div>\n        \n    <\/div>\n<\/div>[\/vc_column_text][\/vc_column][vc_column width=&#8220;1\/2&#8243;][vc_column_text]<span style=\"font-weight: 400;\">Die Tulpenbl\u00fcte in Holland ist mehr als nur ein Naturspektakel \u2013 es ist eine Erfahrung, die man sich nicht entgehen lassen sollte. Der Campingplatz und Bungalowpark Sollasi liegt mitten in der Bollenstreek-Region, dem Zentrum der Tulpenbl\u00fcte, ist umringt von bunten Blumenfeldern. Auch der ber\u00fchmte Keukenhof ist gleich um die Ecke!<\/span>[\/vc_column_text][vc_btn title=&#8220;Stellplatz in den Tulpenfeldern buchen&#8220; color=&#8220;blue&#8220; link=&#8220;url:https%3A%2F%2Fsollasi.nl%2Fde%2Fcamping-sollasi%2Fstellplaetze-auf-dem-campingplatz-sollasi%2F&#8220;][vc_btn title=&#8220;Bungalow in den Tulpenfeldern buchen&#8220; color=&#8220;blue&#8220; link=&#8220;url:https%3A%2F%2Fsollasi.nl%2Fde%2Fbungalowpark-sollasi%2Funterkunfte%2F&#8220;][vc_column_text]<\/p>\n<h2><span style=\"font-weight: 600;\">Die Magie der Bollenstreek-Region<\/span><\/h2>\n<p><span style=\"font-weight: 400;\">Die Bollenstreek-Region, auch als Blumenzwiebelregion bekannt, ist weltweit f\u00fcr ihre atemberaubenden Tulpenfelder ber\u00fchmt. W\u00e4hrend der Bl\u00fctezeit im Fr\u00fchjahr verwandelt sich die Landschaft in ein schillerndes Bl\u00fctenmeer,\u00a0 das jeden Besucher verzaubert. Die Region erstreckt sich von Noordwijk bis Haarlem und ist ein wahres Paradies f\u00fcr Blumenliebhaber.<\/span>[\/vc_column_text][vc_single_image image=&#8220;10100&#8243; img_size=&#8220;large&#8220;][vc_column_text]<\/p>\n<h2><span style=\"font-weight: 600;\">Campingplatz und Bungalowpark Sollasi: Der ideale Ausgangspunkt<\/span><\/h2>\n<p><span style=\"font-weight: 400;\">F\u00fcr Naturliebhaber, die die Tulpenbl\u00fcte hautnah erleben m\u00f6chten, ist der Campingplatz Sollasi der perfekte Ausgangspunkt. Die N\u00e4he zu den Tulpenfeldern, kombiniert mit der entspannten Atmosph\u00e4re des Campingplatzes, macht den Aufenthalt zu einem unvergesslichen Erlebnis.<\/span>[\/vc_column_text][vc_column_text]<\/p>\n<h3><b>Komfortable Stellpl\u00e4tze zwischen den Blumen<\/b><\/h3>\n<p><span style=\"font-weight: 400;\">Die Stellpl\u00e4tze auf dem Campingplatz Sollasi liegen mitten im Gr\u00fcnen &#8211; oder im Fr\u00fchling eher im Bunten. Egal, ob man mit dem Zelt, Wohnmobil oder Wohnwagen anreist, die gro\u00dfz\u00fcgigen und flachen Stellpl\u00e4tze sind perfekt f\u00fcr einen erholsamen Aufenthalt inmitten der Tulpenfelder. Besonders die Luxus-Stellpl\u00e4tze mit privatem Sanit\u00e4rbereich bieten hohen Komfort. Mit einer Gr\u00f6\u00dfe von 10 x 8 Metern, eigenem Strom- und Wasseranschluss sowie einer Dusche, Toilette und Waschbecken direkt am Stellplatz, wird der Campingurlaub zu einem rundum angenehmen Erlebnis.<\/span>[\/vc_column_text][vc_btn title=&#8220;Stellpl\u00e4tze ansehen&#8220; color=&#8220;blue&#8220; link=&#8220;url:https%3A%2F%2Fsollasi.nl%2Fde%2Fcamping-sollasi%2Fstellplaetze-auf-dem-campingplatz-sollasi%2F&#8220;][vc_column_text]<\/p>\n<h3><b>Gem\u00fctliche Bungalows im Bollenstreek<\/b><\/h3>\n<p><span style=\"font-weight: 400;\">Die Bungalows bei Sollasi bieten eine behagliche Unterkunft f\u00fcr alle, die den Komfort eines eigenen R\u00fcckzugsortes sch\u00e4tzen. Die freistehenden H\u00e4uschen mit Garten sind optimal gestaltet, um eine entspannte Atmosph\u00e4re und Privatsph\u00e4re zu gew\u00e4hrleisten. Ob f\u00fcr Paare, Familien oder Freunde \u2013 die Bungalows sind vielf\u00e4ltig in der Personenzahl und Ausstattung. Von Studios f\u00fcr zwei Personen mit Terrasse bis hin zu ger\u00e4umigen Bungalows f\u00fcr sechs Personen mit separaten Schlafzimmern und kompletter K\u00fcche findet sich f\u00fcr jeden die passende Unterkunft.<\/span>[\/vc_column_text][vc_btn title=&#8220;Bungalows ansehen&#8220; color=&#8220;blue&#8220; link=&#8220;url:https%3A%2F%2Fsollasi.nl%2Fde%2Fbungalowpark-sollasi%2Funterkunfte%2F&#8220;][vc_column_text]<\/p>\n<h2>Ein Ausflug nach Noordwijk<\/h2>\n<p>Auch der beliebte K\u00fcstenort Noordwijk ist nicht weit entfernt und l\u00e4dt zu einem Besuch ein. Nur eine kurze Strecke von unserem Campingplatz entfernt, bietet Noordwijk eine perfekte Mischung aus Erholung und Freizeitm\u00f6glichkeiten. Genie\u00dfen Sie lange Spazierg\u00e4nge am Strand, entdecken Sie die charmante Innenstadt oder machen Sie eine Radtour durch die umliegenden D\u00fcnen.[\/vc_column_text][\/vc_column][vc_column width=&#8220;1\/2&#8243;][vc_single_image image=&#8220;10103&#8243; img_size=&#8220;large&#8220;][vc_column_text]<\/p>\n<h2><span style=\"font-weight: 600;\">Der Keukenhof &#8211; der sch\u00f6nste Blumenpark der Welt<\/span><\/h2>\n<p><span style=\"font-weight: 400;\">Der Keukenhof, als &#8222;Garten Europas&#8220; bekannt, bietet w\u00e4hrend der Tulpenbl\u00fcte eine besonders beeindruckende Blumenpracht. Nur einen kurze Radfahrt von Sollasi entfernt, pr\u00e4sentiert sich der Blumenpark in einer nat\u00fcrlichen Umgebung mit zahlreichen Blumen in verschiedenen Farben und Formen. Vom traditionellen Rot bis zu exotischen Farbvariationen zeigt der Park eine breite Palette von Tulpen und vielen anderen Fr\u00fchlingsblumen. Der ber\u00fchmte <a href=\"https:\/\/keukenhof.nl\/de\/\" target=\"_blank\" rel=\"noopener\">Keukenhof<\/a> ist zweifelsfrei einer der sch\u00f6nsten Orte, um die Tulpenbl\u00fcte zu erleben.\u00a0<\/span><\/p>\n<h2><span style=\"font-weight: 600;\">TIPP: Erleben Sie den Blumenkorso!<\/span><\/h2>\n<p><span style=\"font-weight: 400;\">Der <\/span><a href=\"https:\/\/ferienparksinholland.de\/blumenkorso-2023\/\" target=\"_blank\" rel=\"noopener\"><span style=\"font-weight: 400;\">Blumenkorso<\/span><\/a><span style=\"font-weight: 400;\"> ist ein j\u00e4hrliches Highlight, das die Tulpenbl\u00fcte in Holland auf besondere Weise feiert. Auf kunstvoll gestalteten Wagen werden eindrucksvolle Blumenarrangements pr\u00e4sentiert, darunter nat\u00fcrlich auch pr\u00e4chtige Tulpen. Dieser farbenfrohe Umzug startet in Noordwijk,\u00a0 f\u00fchrt\u00a0 \u00fcber die Blumenfelder, bei Sollasi und am Keukenhof vorbei bis nach Haarlem. Der Blumenkorso bietet nicht nur ein visuelles Spektakel, sondern zeigt auch die handwerkliche Kunst der Blumenarrangements. Meist findet der fr\u00f6hliche\u00a0 Umzug Mitte April statt.\u00a0<\/span>[\/vc_column_text][vc_column_text]<\/p>\n<h2><span style=\"font-weight: 600;\">Urlaub mit Hund zur Tulpenbl\u00fcte<\/span><\/h2>\n<p><span style=\"font-weight: 400;\">Hundebesitzer aufgepasst: Sollasi ist nicht nur f\u00fcr seine Tulpen bekannt, sondern auch f\u00fcr seine Hundefreundlichkeit. Ihr vierbeiniger Freund ist herzlich willkommen, um gemeinsam mit Ihnen die farbenfrohe Pracht der Tulpen zu erkunden. Direkt bei Sollasi k\u00f6nnen Sie mit Ihrem Hund wunderbare Spazierg\u00e4nge durch die Blumenfelder oder die nahen D\u00fcnen unternehmen. Auch zu verschiedenen Hundestr\u00e4nden ist es nicht weit, bei denen Hunde im Fr\u00fchjahr noch ohne Leine toben d\u00fcrfen.<\/span>[\/vc_column_text][vc_column_text]<\/p>\n<h2><span style=\"font-weight: 600;\">Ihr Urlaub zur Tulpenbl\u00fcte in Holland<\/span><\/h2>\n<p><span style=\"font-weight: 400;\">Die Tulpenbl\u00fcte in Holland ist eine Erfahrung, die alle Sinne anspricht. Von den endlosen Tulpenfeldern bis zu den kulturellen Sehensw\u00fcrdigkeiten der umliegenden D\u00f6rfer bietet Sollasi den idealen Rahmen, um dieses einzigartige Naturschauspiel zu genie\u00dfen. Buchen Sie noch heute Ihren Aufenthalt und tauchen Sie ein in die farbenfrohe Welt der Tulpen in Holland!<\/span>[\/vc_column_text][vc_btn title=&#8220;Bungalow in den Tulpenfeldern buchen&#8220; color=&#8220;blue&#8220; link=&#8220;url:https%3A%2F%2Fsollasi.nl%2Fde%2Fbungalowpark-sollasi%2Funterkunfte%2F&#8220;][vc_btn title=&#8220;Stellplatz in den Tulpenfeldern buchen&#8220; color=&#8220;blue&#8220; link=&#8220;url:https%3A%2F%2Fsollasi.nl%2Fde%2Fcamping-sollasi%2Fstellplaetze-auf-dem-campingplatz-sollasi%2F&#8220;][vc_separator][vc_column_text css=&#8220;.vc_custom_1702565637258{background-color: #f7f7f7 !important;}&#8220;]<\/p>\n<h2><span style=\"font-weight: 600;\">H\u00e4ufig gestellte Fragen (FAQs):<\/span><\/h2>\n<h3><b>Kann man die Tulpenfelder auch zu Fu\u00df erkunden?<\/b><\/h3>\n<p><span style=\"font-weight: 400;\">Ja, in der Umgebung von Sollasi gibt es verschiedene Wanderrouten, die Sie zu Fu\u00df durch die Tulpenfelder f\u00fchren.<\/span><\/p>\n<h3><b>Gibt es besondere Veranstaltungen w\u00e4hrend der Tulpenbl\u00fcte?<\/b><\/h3>\n<p><span style=\"font-weight: 400;\">Ja, einige umliegende D\u00f6rfer organisieren Veranstaltungen und Festivals wie z.B. den Blumencorso, um die Tulpenbl\u00fcte zu feiern. Informationen erhalten Sie an der Rezeption oder auf unserer Webseite..<\/span><\/p>\n<h4><b>Sind die Tulpenfelder das ganze Jahr \u00fcber zug\u00e4nglich?<\/b><\/h4>\n<p><span style=\"font-weight: 400;\">Die Tulpen bl\u00fchen nat\u00fcrlich nicht das ganze Jahr \u00fcber. D<\/span><span style=\"font-weight: 400;\">ie beste Zeit, um die Tulpenbl\u00fcte zu erleben, liegt normalerweise zwischen Mitte April und Mitte Mai.<\/span><\/p>\n<h3><b>Kann ich auch kurzfristig einen Stellplatz auf dem Campingplatz Sollasi buchen?<\/b><\/h3>\n<p><span style=\"font-weight: 400;\">Ja, je nach Verf\u00fcgbarkeit k\u00f6nnen auch kurzfristige Buchungen f\u00fcr Campingpl\u00e4tze auf Sollasi vorgenommen werden. Wir empfehlen jedoch f\u00fcr beliebte Zeiten wie der Tulpenbl\u00fcte sich vorab einen Platz zu reservieren.\u00a0<\/span><\/p>\n<p>[\/vc_column_text][\/vc_column][\/vc_row]<\/p>\n","protected":false},"excerpt":{"rendered":"<p>[vc_row][vc_column][vc_column_text][\/vc_column_text][\/vc_column][vc_column width=&#8220;1\/2&#8243;][vc_column_text]Die Tulpenbl\u00fcte in Holland ist mehr als nur ein Naturspektakel \u2013 es ist eine Erfahrung, die man sich nicht entgehen lassen sollte. Der Campingplatz und Bungalowpark Sollasi liegt mitten in der Bollenstreek-Region, dem Zentrum der Tulpenbl\u00fcte, ist umringt von bunten Blumenfeldern. Auch der ber\u00fchmte Keukenhof ist gleich um die Ecke![\/vc_column_text][vc_btn title=&#8220;Stellplatz in den Tulpenfeldern buchen&#8220; color=&#8220;blue&#8220; link=&#8220;url:https%3A%2F%2Fsollasi.nl%2Fde%2Fcamping-sollasi%2Fstellplaetze-auf-dem-campingplatz-sollasi%2F&#8220;][vc_btn title=&#8220;Bungalow in den Tulpenfeldern buchen&#8220; color=&#8220;blue&#8220; link=&#8220;url:https%3A%2F%2Fsollasi.nl%2Fde%2Fbungalowpark-sollasi%2Funterkunfte%2F&#8220;][vc_column_text] Die Magie der Bollenstreek-Region Die Bollenstreek-Region, auch als Blumenzwiebelregion bekannt, ist weltweit f\u00fcr ihre atemberaubenden &#8230; <\/p>\n<p class=\"read-more-container\"><a title=\"Tulpenbl\u00fcte in Holland &#8211; Erleben Sie das Farbspektakel bei Sollasi\" class=\"read-more button\" href=\"https:\/\/sollasi.nl\/de\/tulpenbluete-in-holland\/#more-10096\">Read More<span class=\"screen-reader-text\">Tulpenbl\u00fcte in Holland &#8211; Erleben Sie das Farbspektakel bei Sollasi<\/span><\/a><\/p>\n","protected":false},"author":3,"featured_media":0,"parent":0,"menu_order":0,"comment_status":"closed","ping_status":"closed","template":"","meta":{"footnotes":""},"class_list":["post-10096","page","type-page","status-publish"],"_links":{"self":[{"href":"https:\/\/sollasi.nl\/de\/wp-json\/wp\/v2\/pages\/10096","targetHints":{"allow":["GET"]}}],"collection":[{"href":"https:\/\/sollasi.nl\/de\/wp-json\/wp\/v2\/pages"}],"about":[{"href":"https:\/\/sollasi.nl\/de\/wp-json\/wp\/v2\/types\/page"}],"author":[{"embeddable":true,"href":"https:\/\/sollasi.nl\/de\/wp-json\/wp\/v2\/users\/3"}],"replies":[{"embeddable":true,"href":"https:\/\/sollasi.nl\/de\/wp-json\/wp\/v2\/comments?post=10096"}],"version-history":[{"count":8,"href":"https:\/\/sollasi.nl\/de\/wp-json\/wp\/v2\/pages\/10096\/revisions"}],"predecessor-version":[{"id":12292,"href":"https:\/\/sollasi.nl\/de\/wp-json\/wp\/v2\/pages\/10096\/revisions\/12292"}],"wp:attachment":[{"href":"https:\/\/sollasi.nl\/de\/wp-json\/wp\/v2\/media?parent=10096"}],"curies":[{"name":"wp","href":"https:\/\/api.w.org\/{rel}","templated":true}]}}