{"id":11068,"date":"2024-08-27T10:17:19","date_gmt":"2024-08-27T10:17:19","guid":{"rendered":"https:\/\/sollasi.nl\/?page_id=11068"},"modified":"2025-04-25T12:42:31","modified_gmt":"2025-04-25T12:42:31","slug":"camping-suedholland","status":"publish","type":"page","link":"https:\/\/sollasi.nl\/de\/camping-suedholland\/","title":{"rendered":"Camping S\u00fcdholland"},"content":{"rendered":"<p>[vc_row][vc_column][vc_column_text]<div id=\"metaslider-id-10831\" style=\"width: 100%;\" class=\"ml-slider-3-107-0 metaslider metaslider-nivo metaslider-10831 ml-slider ms-theme-default\" role=\"region\" aria-label=\"D\u00fcnen landingspagina\" data-height=\"495\" data-width=\"1980\">\n    <div id=\"metaslider_container_10831\">\n        <div class='slider-wrapper theme-default'><div class='ribbon'><\/div><div id='metaslider_10831' class='nivoSlider'><img loading=\"lazy\" decoding=\"async\" src=\"https:\/\/sollasi.nl\/wp-content\/uploads\/2024\/06\/Camping-in-Noordwijk-Sollasi.jpg\" height=\"495\" width=\"1980\" title=\"Camping in Noordwijk Sollasi\" alt=\"Camping in den D\u00fcnen in Noordwijk Sollasi\" class=\"slider-10831 slide-10832 msDefaultImage\" \/><img loading=\"lazy\" decoding=\"async\" src=\"https:\/\/sollasi.nl\/wp-content\/uploads\/2024\/06\/Camping-Dunen-Holland-Sollasi.jpg\" height=\"495\" width=\"1980\" title=\"Camping D\u00fcnen Holland Sollasi\" alt=\"Camping D\u00fcnen Holland Sollasi\" class=\"slider-10831 slide-10833 msDefaultImage\" \/><img loading=\"lazy\" decoding=\"async\" src=\"https:\/\/sollasi.nl\/wp-content\/uploads\/2023\/09\/Le-parage-camperplaatsen.webp\" height=\"495\" width=\"1980\" title=\"Le-parage-camperplaatsen\" alt=\"Camping Le Parage in den D\u00fcnen Holland\" class=\"slider-10831 slide-10834 msDefaultImage\" \/><\/div><\/div>\n        \n    <\/div>\n<\/div>[\/vc_column_text][\/vc_column][\/vc_row][vc_row][vc_column][vc_column_text]<\/p>\n<h1><strong>Sollasi &#8211; Ihr perfekter Urlaubsort zwischen Strand und Blumenfeldern<\/strong><\/h1>\n<p><span style=\"font-weight: 400;\">Manchmal braucht es einfach eine Pause vom Alltag \u2013 und was k\u00f6nnte sch\u00f6ner sein, als die frische Meeresbrise auf der Haut zu sp\u00fcren und den Sand unter den F\u00fc\u00dfen zu f\u00fchlen? Beim Camping in S\u00fcdholland erwartet Sie genau das: eine Auszeit, die Sie wieder aufatmen l\u00e4sst. Von den endlosen Str\u00e4nden \u00fcber charmante St\u00e4dte bis hin zu den bl\u00fchenden Tulpenfeldern \u2013 S\u00fcdholland l\u00e4dt Sie ein, sich wieder mit der Natur zu verbinden und unvergessliche Momente zu erleben.<\/span>[\/vc_column_text][vc_btn title=&#8220;Entdecken Sie den Campingplatz Sollasi&#8220; color=&#8220;blue&#8220; link=&#8220;url:https%3A%2F%2Fsollasi.nl%2Fde%2Fcamping-sollasi%2F|title:Entdecken%20Sie%20den%20Campingplatz%20Sollasi&#8220;][\/vc_column][\/vc_row][vc_row][vc_column width=&#8220;1\/2&#8243;][vc_column_text]<\/p>\n<h3><b>Warum Camping in S\u00fcdholland bei Sollasi?<\/b><\/h3>\n<p><span style=\"font-weight: 400;\">S\u00fcdholland ist bekannt f\u00fcr seine atemberaubende K\u00fcstenlandschaft, weitl\u00e4ufigen D\u00fcnen und die ber\u00fchmten Tulpenfelder. Unser Campingplatz und Bungalowpark Sollasi liegt inmitten dieses Naturparadieses und bietet Ihnen den idealen Ausgangspunkt, um die Region zu erkunden. Ob mit dem Zelt, Wohnwagen oder Wohnmobil \u2013 bei uns finden Sie gro\u00dfz\u00fcgige Stellpl\u00e4tze, die Ihnen Komfort und Ruhe bieten.<\/span>[\/vc_column_text][vc_column_text]<\/p>\n<h3><b>Natur pur erleben<\/b><\/h3>\n<p><span style=\"font-weight: 400;\">Unser <\/span><a href=\"https:\/\/sollasi.nl\/de\/camping-sollasi\/\"><span style=\"font-weight: 400;\">Campingplatz Sollasi<\/span><\/a><span style=\"font-weight: 400;\">\u00a0 in S\u00fcdholland befindet sich direkt am Oosterduinse See, nur wenige Minuten vom Nordseestrand entfernt. Hier k\u00f6nnen Sie nach Herzenslust schwimmen, angeln oder einfach nur entspannen. Unser kleinerer <\/span><a href=\"https:\/\/sollasi.nl\/de\/camping-le-parage\/\"><span style=\"font-weight: 400;\">Campingplatz Le Parage<\/span><\/a><span style=\"font-weight: 400;\">, nur 1,5 km entfernt,\u00a0 bietet noch mehr Ruhe und eine herrlich gr\u00fcne Umgebung.<\/span><\/p>\n<p><span style=\"font-weight: 400;\">F\u00fcr Wander- und Fahrradfreunde bietet die Umgebung zahlreiche gut ausgeschilderte Wege durch die D\u00fcnenlandschaft und entlang der farbenpr\u00e4chtigen Blumenfelder. Starten Sie Ihren Tag mit einer Radtour zum Strand oder unternehmen Sie einen ausgedehnten Spaziergang durch den angrenzenden Wald \u2013 die M\u00f6glichkeiten sind vielf\u00e4ltig!<\/span>[\/vc_column_text][vc_single_image image=&#8220;11971&#8243; img_size=&#8220;full&#8220;][vc_column_text]<\/p>\n<h3><b>Komfortable Campingm\u00f6glichkeiten<\/b><\/h3>\n<p><span style=\"font-weight: 400;\">Sollasi bietet Ihnen verschiedene Stellpl\u00e4tze, die genau auf Ihre Bed\u00fcrfnisse zugeschnitten sind. Genie\u00dfen Sie auf unseren luxuri\u00f6sen Stellpl\u00e4tzen Ihre eigenen privaten Sanit\u00e4ranlagen, Strom- und Wasseranschluss sowie kostenloses WLAN. Hunde sind bei uns herzlich willkommen, sodass auch Ihr vierbeiniger Freund den Urlaub in S\u00fcdholland in vollen Z\u00fcgen genie\u00dfen kann.<\/span><\/p>\n<p><span style=\"font-weight: 400;\">Hier eine \u00dcbersicht \u00fcber unsere verschiedenen Stellpl\u00e4tze:<\/span>[\/vc_column_text][vc_column_text css=&#8220;.vc_custom_1724754462161{margin-top: 0px !important;margin-right: 0px !important;margin-bottom: 0px !important;margin-left: 0px !important;border-top-width: 50px !important;border-right-width: 50px !important;border-bottom-width: 50px !important;border-left-width: 50px !important;padding-top: 0px !important;padding-right: 0px !important;padding-bottom: 0px !important;padding-left: 0px !important;background-color: #bbd7e8 !important;border-left-color: #bbd7e8 !important;border-left-style: solid !important;border-right-color: #bbd7e8 !important;border-right-style: solid !important;border-top-color: #bbd7e8 !important;border-top-style: solid !important;border-bottom-color: #bbd7e8 !important;border-bottom-style: solid !important;border-radius: 5px !important;}&#8220;]<\/p>\n<h3><b>Campingplatz Sollasi<\/b><\/h3>\n<ul>\n<li style=\"font-weight: 400;\" aria-level=\"1\"><a href=\"https:\/\/sollasi.nl\/de\/camping-sollasi\/luxurioese-stellplaetze-fuer-touristen-mit-privaten-sanitaeranlagen\/\"><b>Stellplatz mit privaten Sanit\u00e4ranlagen<\/b><\/a><span style=\"font-weight: 400;\">: 10 x 8 m, eigene Sanit\u00e4ranlagen (Dusche, Toilette, Waschbecken), Strom- und Wasseranschluss, kostenloses WLAN.<\/span><\/li>\n<li style=\"font-weight: 400;\" aria-level=\"1\"><a href=\"https:\/\/sollasi.nl\/de\/camping-sollasi\/toeristenplaatsen-op-camping\/\"><b>Touristenplatz<\/b><\/a><span style=\"font-weight: 400;\">: 10 x 8 m, Stromanschluss (10 Ampere), Wasserhahn, kostenloses WLAN.<\/span><\/li>\n<li style=\"font-weight: 400;\" aria-level=\"1\"><a href=\"https:\/\/sollasi.nl\/de\/camping-sollasi\/zeltplatz-camping-sollasi\/\"><b>Zeltplatz<\/b><\/a><span style=\"font-weight: 400;\">: 5 x 5 m, N\u00e4he zum Sanit\u00e4rgeb\u00e4ude, kostenloses WLAN.<\/span><\/li>\n<\/ul>\n<h3><b>Campingplatz Le Parage<\/b><\/h3>\n<ul>\n<li style=\"font-weight: 400;\" aria-level=\"1\"><a href=\"https:\/\/sollasi.nl\/de\/camping-le-parage\/toeristenplaats-noordwijk\/\"><b>Touristenplatz<\/b><\/a><span style=\"font-weight: 400;\">: 9 x 8 m, Stromanschluss (10 Ampere), Wasserh\u00e4hne, Abwasser, kostenloses WLAN.<\/span><\/li>\n<\/ul>\n<p><span style=\"font-weight: 400;\">Beide Pl\u00e4tze bieten gro\u00dfz\u00fcgige, gepflegte Stellfl\u00e4chen mit modernen Annehmlichkeiten f\u00fcr ein komfortables Campingerlebnis.<\/span>[\/vc_column_text][vc_btn title=&#8220;Stellplatz bei Sollasi buchen&#8220; color=&#8220;blue&#8220; align=&#8220;center&#8220; link=&#8220;url:https%3A%2F%2Fsollasi.nl%2Fde%2Fcamping-sollasi%2Freservieren%2F|title:Buchen%20bei%20Campingplatz%20Sollasi&#8220; css=&#8220;.vc_custom_1724754648121{border-right-width: 50px !important;border-bottom-width: 50px !important;border-left-width: 50px !important;padding-bottom: 50px !important;background-color: #bbd7e8 !important;border-left-color: #bbd7e8 !important;border-right-color: #bbd7e8 !important;border-bottom-color: #bbd7e8 !important;}&#8220;][\/vc_column][vc_column width=&#8220;1\/2&#8243;][vc_single_image image=&#8220;11964&#8243; img_size=&#8220;full&#8220;][vc_column_text]<\/p>\n<h3><b>Aktivit\u00e4ten f\u00fcr die ganze Familie<\/b><\/h3>\n<p><span style=\"font-weight: 400;\">Camping in S\u00fcdholland bedeutet bei Sollasi auch Spa\u00df f\u00fcr die ganze Familie. Unser Campingplatz ist ideal f\u00fcr Kinder, die sich auf dem Spielplatz austoben oder an unserem abwechslungsreichen Freizeitprogramm teilnehmen k\u00f6nnen. F\u00fcr die sportlich Aktiven gibt es zahlreiche M\u00f6glichkeiten, von Surfen und Kitesurfen bis hin zu spannenden Mountainbike-Touren durch die D\u00fcnen &#8211; wir haben auch einen Fahrradverleih!<\/span>[\/vc_column_text][vc_btn title=&#8220;Mehr Aktivit\u00e4ten bei Sollasi entdecken&#8220; color=&#8220;blue&#8220; link=&#8220;url:https%3A%2F%2Fsollasi.nl%2Fde%2Fcamping-sollasi%2Fausstattung-campingplatz-sollasi%2F|title:Aktivit%C3%A4ten%20bei%20Sollasi%20&#8243;][vc_column_text]<\/p>\n<h3><b>Entspannung und Genuss<\/b><\/h3>\n<p><span style=\"font-weight: 400;\">Nach einem aktiven Tag in der Natur l\u00e4dt unser Campingplatz zur Entspannung ein. Genie\u00dfen Sie die Ruhe am See oder lassen Sie sich in einem der umliegenden Restaurants kulinarisch verw\u00f6hnen. Im Restaurant <\/span><a href=\"https:\/\/devoliere.nl\/de\/nl-homepage\/\" target=\"_blank\" rel=\"noopener\"><span style=\"font-weight: 400;\">Voli\u00e8re<\/span><\/a><span style=\"font-weight: 400;\"> oder <\/span><a href=\"https:\/\/como-co.nl\/\" target=\"_blank\" rel=\"noopener\"><span style=\"font-weight: 400;\">Como &amp; Co<\/span><\/a><span style=\"font-weight: 400;\"> k\u00f6nnen Sie auf der Terrasse mit Blick auf den Oosterduinse See regionale Spezialit\u00e4ten probieren.<\/span>[\/vc_column_text][vc_column_text]<\/p>\n<h3><b>Die perfekte Lage bei Noordwijk<\/b><\/h3>\n<p><span style=\"font-weight: 400;\">Unser Campingplatz in S\u00fcdholland liegt ideal, um die Highlights der Region zu erkunden. Noordwijk ist einer der beliebtesten Orte an der K\u00fcste zum Flanieren an der Promenade oder f\u00fcr den breiten Sandstrand. Hier k\u00f6nnen Sie das typisch holl\u00e4ndische Flair genie\u00dfen.<\/span><\/p>\n<p><span style=\"font-weight: 400;\">Besuchen Sie au\u00dferdem den ber\u00fchmten Keukenhof, den gr\u00f6\u00dften Blumenpark der Welt, oder erleben Sie die beeindruckende Blumenparade im Fr\u00fchling.\u00a0<\/span>[\/vc_column_text][vc_btn title=&#8220;Die besten Tipps f\u00fcr die Umgebung&#8220; color=&#8220;blue&#8220; link=&#8220;url:https%3A%2F%2Fsollasi.nl%2Fde%2Funternehmungen-in-der-umgebung%2F|title:Tipps%20f%C3%BCr%20die%20Umgebung&#8220;][vc_single_image image=&#8220;11951&#8243; img_size=&#8220;full&#8220;][vc_column_text]<\/p>\n<h2><b>Buchen Sie Ihren Campingurlaub in S\u00fcdholland<\/b><\/h2>\n<p><span style=\"font-weight: 400;\">Sollasi ist der perfekte Ort f\u00fcr einen unvergesslichen Campingurlaub in S\u00fcdholland. Erleben Sie die Sch\u00f6nheit der Natur, die N\u00e4he zum Strand und das breite Freizeitangebot f\u00fcr die ganze Familie. Buchen Sie noch heute Ihren Stellplatz bei Sollasi und freuen Sie sich auf erholsame Tage zwischen Meer und Blumenfeldern.<\/span>[\/vc_column_text][vc_btn title=&#8220;Jetzt Stellplatz buchen&#8220; color=&#8220;blue&#8220; link=&#8220;url:https%3A%2F%2Fsollasi.nl%2Fde%2Fcamping-sollasi%2Freservieren%2F|title:Stellplatz%20buchen&#8220;][\/vc_column][\/vc_row]<\/p>\n","protected":false},"excerpt":{"rendered":"<p>[vc_row][vc_column][vc_column_text][\/vc_column_text][\/vc_column][\/vc_row][vc_row][vc_column][vc_column_text] Sollasi &#8211; Ihr perfekter Urlaubsort zwischen Strand und Blumenfeldern Manchmal braucht es einfach eine Pause vom Alltag \u2013 und was k\u00f6nnte sch\u00f6ner sein, als die frische Meeresbrise auf der Haut zu sp\u00fcren und den Sand unter den F\u00fc\u00dfen zu f\u00fchlen? Beim Camping in S\u00fcdholland erwartet Sie genau das: eine Auszeit, die Sie wieder aufatmen l\u00e4sst. Von den endlosen Str\u00e4nden \u00fcber charmante St\u00e4dte bis hin zu den bl\u00fchenden Tulpenfeldern \u2013 S\u00fcdholland l\u00e4dt Sie ein, sich wieder mit der Natur zu &#8230; <\/p>\n<p class=\"read-more-container\"><a title=\"Camping S\u00fcdholland\" class=\"read-more button\" href=\"https:\/\/sollasi.nl\/de\/camping-suedholland\/#more-11068\">Read More<span class=\"screen-reader-text\">Camping S\u00fcdholland<\/span><\/a><\/p>\n","protected":false},"author":5,"featured_media":0,"parent":0,"menu_order":0,"comment_status":"closed","ping_status":"closed","template":"","meta":{"footnotes":""},"class_list":["post-11068","page","type-page","status-publish"],"_links":{"self":[{"href":"https:\/\/sollasi.nl\/de\/wp-json\/wp\/v2\/pages\/11068","targetHints":{"allow":["GET"]}}],"collection":[{"href":"https:\/\/sollasi.nl\/de\/wp-json\/wp\/v2\/pages"}],"about":[{"href":"https:\/\/sollasi.nl\/de\/wp-json\/wp\/v2\/types\/page"}],"author":[{"embeddable":true,"href":"https:\/\/sollasi.nl\/de\/wp-json\/wp\/v2\/users\/5"}],"replies":[{"embeddable":true,"href":"https:\/\/sollasi.nl\/de\/wp-json\/wp\/v2\/comments?post=11068"}],"version-history":[{"count":22,"href":"https:\/\/sollasi.nl\/de\/wp-json\/wp\/v2\/pages\/11068\/revisions"}],"predecessor-version":[{"id":12319,"href":"https:\/\/sollasi.nl\/de\/wp-json\/wp\/v2\/pages\/11068\/revisions\/12319"}],"wp:attachment":[{"href":"https:\/\/sollasi.nl\/de\/wp-json\/wp\/v2\/media?parent=11068"}],"curies":[{"name":"wp","href":"https:\/\/api.w.org\/{rel}","templated":true}]}}