{"id":11244,"date":"2024-10-01T10:26:51","date_gmt":"2024-10-01T10:26:51","guid":{"rendered":"https:\/\/sollasi.nl\/?page_id=11244"},"modified":"2025-01-29T11:19:20","modified_gmt":"2025-01-29T11:19:20","slug":"preise-le-parage","status":"publish","type":"page","link":"https:\/\/sollasi.nl\/de\/camping-le-parage\/preise-le-parage\/","title":{"rendered":"Preise Le parage"},"content":{"rendered":"<p>[vc_row][vc_column][vc_column_text]<\/p>\r\n<p><\/p>\r\n<p><\/p>\r\n<p><a href=\"https:\/\/sollasi.nl\/camping-le-parage\/prijzen\/\"><\/a><\/p>\r\n<p><\/p>\r\n<h1 class=\"wp-block-heading\">Preise f\u00fcr den Campingplatz Le Parage 2025<\/h1>\r\n<div class=\"wp-block-columns is-layout-flex wp-container-core-columns-is-layout-1 wp-block-columns-is-layout-flex\">\r\n<div class=\"wp-block-column is-layout-flow wp-block-column-is-layout-flow\">Die Preise verstehen sich pro \u00dcbernachtung f\u00fcr 2 Personen und mit Ausnahme der Arrangements. Bei einem k\u00fcrzeren Aufenthalt innerhalb eines Arrangements wird der volle Arrangementpreis berechnet. Jugendliche unter 18 Jahren sind ohne Aufsicht nicht gestattet.<\/div>\r\n<\/div>\r\n<div class=\"wp-block-columns\">\r\n<div class=\"wp-block-column\"><!-- \/wp:post-content --><\/div>\r\n<!-- \/wp:column -->\r\n\r\n<!-- wp:column {\"width\":\"37%\"} -->\r\n<div class=\"wp-block-column\" style=\"flex-basis: 37%;\"><!-- wp:paragraph --><!-- \/wp:paragraph --><\/div>\r\n<!-- \/wp:column --><\/div>\r\n<p><!-- \/wp:columns --><\/p>\r\n<p><a href=\"https:\/\/sollasi.nl\/camping-le-parage\/prijzen\/\"><!-- wp:heading --><\/a><\/p>\r\n<h2>Stellplatz<\/h2>\r\n<p><em>Inklusive Strom, Wasser und kostenlosem WLAN auf dem Stellplatz.<\/em><\/p>\r\n<p>In der Zeit vom 11. Juli bis zum 24. August ist es nur m\u00f6glich, ab einem Minimum von 3 N\u00e4chten zu buchen.<\/p>\r\n<h2><!-- \/wp:paragraph --><\/h2>\r\n<h2><!-- wp:table --><\/h2>\r\n<figure class=\"wp-block-table\">\r\n<table>\r\n<tbody>\r\n<tr>\r\n<td><strong>Saison<\/strong><\/td>\r\n<td class=\"has-text-align-center\" data-align=\"center\"><strong>Wochentage (So-Do)<\/strong><\/td>\r\n<td class=\"has-text-align-center\" data-align=\"center\"><b>Wochenendtage (Fr-Sam)<\/b><\/td>\r\n<\/tr>\r\n<tr>\r\n<td>7. M\u00e4rz bis 2. M\u00e4rz<\/td>\r\n<td class=\"has-text-align-center\" data-align=\"center\">\u20ac 23,00<\/td>\r\n<td class=\"has-text-align-center\" data-align=\"center\">\u20ac 23,00<\/td>\r\n<\/tr>\r\n<tr>\r\n<td>28. M\u00e4rz bis 10. Mai<\/td>\r\n<td class=\"has-text-align-center\" data-align=\"center\">\u20ac 39,00<\/td>\r\n<td class=\"has-text-align-center\" data-align=\"center\">\u20ac 39,00<\/td>\r\n<\/tr>\r\n<tr>\r\n<td>11. Mai bis 10. Juli<\/td>\r\n<td class=\"has-text-align-center\" data-align=\"center\">\u20ac 26,00<\/td>\r\n<td class=\"has-text-align-center\" data-align=\"center\">\u20ac 33,00<\/td>\r\n<\/tr>\r\n<tr>\r\n<td>11. Juli bis 23. August<\/td>\r\n<td class=\"has-text-align-center\" data-align=\"center\">\u20ac 39,00<\/td>\r\n<td class=\"has-text-align-center\" data-align=\"center\">\u20ac 39,00<\/td>\r\n<\/tr>\r\n<tr>\r\n<td>24. August bis 20. September<\/td>\r\n<td class=\"has-text-align-center\" data-align=\"center\">\u20ac 26,00<\/td>\r\n<td class=\"has-text-align-center\" data-align=\"center\">\u20ac 33,00<\/td>\r\n<\/tr>\r\n<tr>\r\n<td>21.September bis 30. Oktober<\/td>\r\n<td class=\"has-text-align-center\" data-align=\"center\">\u20ac 23,00<\/td>\r\n<td class=\"has-text-align-center\" data-align=\"center\">\u20ac 23,00<\/td>\r\n<\/tr>\r\n<\/tbody>\r\n<\/table>\r\n<\/figure>\r\n<p><!-- \/wp:table --><!-- \/wp:table --><\/p>\r\n<p><a href=\"https:\/\/sollasi.nl\/camping-le-parage\/prijzen\/\"><!-- wp:heading --><\/a><\/p>\r\n<h2>Zeltplatz<\/h2>\r\n<p>F\u00fcr ein kleines Zelt (max. 2 Personen) ohne Strom- und Wasseranschluss auf dem Stellplatz haben wir eventuell einen Zeltplatztarif verf\u00fcgbar. Bitte beachten Sie: Diese Kategorie kann nur last-minute \u00fcber die Rezeption gebucht werden (nicht \u00fcber das Internet buchbar), wenn gen\u00fcgend Platz vorhanden ist.<\/p>\r\n<figure class=\"wp-block-table\">\r\n<h2>Zusatzkosten pro Nacht:<\/h2>\r\n<p><!-- \/wp:heading --><a href=\"https:\/\/sollasi.nl\/camping-le-parage\/prijzen\/\"><!-- wp:table --><\/a><\/p>\r\n<table>\r\n<tbody>\r\n<tr>\r\n<td>Kurtaxe (obligatorisch)<\/td>\r\n<td>\u20ac 1,75<\/td>\r\n<td>pro Person<\/td>\r\n<\/tr>\r\n<tr>\r\n<td>Extra Personen (ab 3 Personen)<\/td>\r\n<td>\u20ac 5,00<\/td>\r\n<td>pro Person<\/td>\r\n<\/tr>\r\n<tr>\r\n<td>Hunde (an der Leine, max. 2)<\/td>\r\n<td>\u20ac 3,50<\/td>\r\n<td>pro Hund<\/td>\r\n<\/tr>\r\n<tr>\r\n<td>Extra Zelt auf dem Platz<\/td>\r\n<td>\u20ac 5,00<\/td>\r\n<td>pro Zelt<\/td>\r\n<\/tr>\r\n<tr>\r\n<td><a href=\"https:\/\/sollasi.nl\/wp-content\/uploads\/2024\/10\/annulering-duits.pdf\">Stornogeb\u00fchr \u21d2<\/a><\/td>\r\n<td>5%<\/td>\r\n<td>der Buchungskosten<\/td>\r\n<\/tr>\r\n<\/tbody>\r\n<\/table>\r\n<\/figure>\r\n<h2>Arrangements<\/h2>\r\n<figure class=\"wp-block-table\">\r\n<table>\r\n<tbody>\r\n<tr>\r\n<td>\u00a0<\/td>\r\n<td>\u00a0<\/td>\r\n<td>Touristenplatz<\/td>\r\n<\/tr>\r\n<tr>\r\n<td>Blumenkorso<\/td>\r\n<td>11-04 bis 14-04<\/td>\r\n<td>\u20ac 145,00<\/td>\r\n<\/tr>\r\n<tr>\r\n<td>Ostern<\/td>\r\n<td>18-04 bis 21-04<\/td>\r\n<td>\u20ac 145,00<\/td>\r\n<\/tr>\r\n<tr>\r\n<td>Himmelfahrt<\/td>\r\n<td>28-05 bis 02-06<\/td>\r\n<td>\u20ac 185,00<\/td>\r\n<\/tr>\r\n<tr>\r\n<td>Pfingsten<\/td>\r\n<td>06-09 bis 09-06<\/td>\r\n<td>\u20ac 145,00<\/td>\r\n<\/tr>\r\n<tr>\r\n<td>Formel 1 ab der 3. Person \u20ac 35,00 pro Person<\/td>\r\n<td>29-08 bis 01-09<\/td>\r\n<td>\u20ac 370,00<\/td>\r\n<\/tr>\r\n<\/tbody>\r\n<\/table>\r\n<p>F\u00fcr k\u00fcrzere Buchungen innerhalb eines Pakets zahlen Sie den vollen Paketpreis<\/p>\r\n<\/figure>\r\n<h2>Monatliche Tarife<\/h2>\r\n<p>M\u00f6chten Sie mit Ihrem eigenen Wohnwagen, Zelt oder Wohnmobil einen besonders langen Urlaub auf dem Campingplatz verbringen? Sie k\u00f6nnen bei uns im M\u00e4rz, September und\/oder Oktober einen Stellplatz f\u00fcr einen ganzen Monat zu einem Sonderpreis buchen. Informationen und Preise k\u00f6nnen telefonisch oder per E-Mail angefordert werden.<\/p>\r\n<h2>Saisonplatz \u2013 vom 1. M\u00e4rz bis 1. November 2025<\/h2>\r\n<p>F\u00fcr weitere Informationen und Preise kontaktieren Sie uns bitte per E-Mail oder Telefon.<\/p>\r\n<p><em>\u00c4nderungen vorbehalten.<\/em><\/p>\r\n<p>&nbsp;<\/p>\r\n<p>&nbsp;<\/p>","protected":false},"excerpt":{"rendered":"<p>[vc_row][vc_column][vc_column_text] Preise f\u00fcr den Campingplatz Le Parage 2025 Die Preise verstehen sich pro \u00dcbernachtung f\u00fcr 2 Personen und mit Ausnahme der Arrangements. Bei einem k\u00fcrzeren Aufenthalt innerhalb eines Arrangements wird der volle Arrangementpreis berechnet. Jugendliche unter 18 Jahren sind ohne Aufsicht nicht gestattet. Stellplatz Inklusive Strom, Wasser und kostenlosem WLAN auf dem Stellplatz. In der Zeit vom 11. Juli bis zum 24. August ist es nur m\u00f6glich, ab einem Minimum von 3 N\u00e4chten zu buchen. Saison Wochentage (So-Do) Wochenendtage (Fr-Sam) &#8230; <\/p>\n<p class=\"read-more-container\"><a title=\"Preise Le parage\" class=\"read-more button\" href=\"https:\/\/sollasi.nl\/de\/camping-le-parage\/preise-le-parage\/#more-11244\">Read More<span class=\"screen-reader-text\">Preise Le parage<\/span><\/a><\/p>\n","protected":false},"author":1,"featured_media":1394,"parent":1212,"menu_order":0,"comment_status":"closed","ping_status":"closed","template":"page-camping-le-parage.php","meta":{"footnotes":""},"class_list":["post-11244","page","type-page","status-publish","has-post-thumbnail"],"_links":{"self":[{"href":"https:\/\/sollasi.nl\/de\/wp-json\/wp\/v2\/pages\/11244","targetHints":{"allow":["GET"]}}],"collection":[{"href":"https:\/\/sollasi.nl\/de\/wp-json\/wp\/v2\/pages"}],"about":[{"href":"https:\/\/sollasi.nl\/de\/wp-json\/wp\/v2\/types\/page"}],"author":[{"embeddable":true,"href":"https:\/\/sollasi.nl\/de\/wp-json\/wp\/v2\/users\/1"}],"replies":[{"embeddable":true,"href":"https:\/\/sollasi.nl\/de\/wp-json\/wp\/v2\/comments?post=11244"}],"version-history":[{"count":19,"href":"https:\/\/sollasi.nl\/de\/wp-json\/wp\/v2\/pages\/11244\/revisions"}],"predecessor-version":[{"id":12095,"href":"https:\/\/sollasi.nl\/de\/wp-json\/wp\/v2\/pages\/11244\/revisions\/12095"}],"up":[{"embeddable":true,"href":"https:\/\/sollasi.nl\/de\/wp-json\/wp\/v2\/pages\/1212"}],"wp:featuredmedia":[{"embeddable":true,"href":"https:\/\/sollasi.nl\/de\/wp-json\/wp\/v2\/media\/1394"}],"wp:attachment":[{"href":"https:\/\/sollasi.nl\/de\/wp-json\/wp\/v2\/media?parent=11244"}],"curies":[{"name":"wp","href":"https:\/\/api.w.org\/{rel}","templated":true}]}}