{"id":1192,"date":"2020-02-11T14:24:06","date_gmt":"2020-02-11T14:24:06","guid":{"rendered":"https:\/\/sollasi.nl\/?page_id=1192"},"modified":"2026-01-05T08:43:41","modified_gmt":"2026-01-05T08:43:41","slug":"bungalowpark-sollasi","status":"publish","type":"page","link":"https:\/\/sollasi.nl\/de\/bungalowpark-sollasi\/","title":{"rendered":"Bungalowpark Sollasi"},"content":{"rendered":"<p>[vc_row][vc_column css=&#8220;.vc_custom_1659447463018{padding-top: 25px !important;}&#8220;][vc_custom_heading text=&#8220;BUNGALOWPARK SOLLASI&#8220; font_container=&#8220;tag:h1|text_align:left&#8220; use_theme_fonts=&#8220;yes&#8220;][vc_column_text]M\u00f6chten Sie eine Umgebung mit Wald, D\u00fcnen, Strand und Blumenzwiebelfeldern genie\u00dfen? Dann buchen Sie ein Ferienhaus im Ferienpark Sollasi in Noordwijkerhout. Der Ferienpark liegt im Herzen der Region Bulb und grenzt direkt an den Oosterduinse See. Im Umkreis von 2,5 km finden Sie den Strand von Langevelderslag und das sch\u00f6ne Naturschutzgebiet &#8218;Hollands Duin&#8216;. Der Park strahlt Ruhe aus und die ger\u00e4umigen Cottages bieten viel Privatsph\u00e4re. Buchen Sie ein robustes Ferienstudio f\u00fcr 2 Personen oder w\u00e4hlen Sie einen Bungalow f\u00fcr 4 Personen.<\/p>\n<p>&nbsp;[\/vc_column_text][\/vc_column][\/vc_row][vc_row full_width=&#8220;stretch_row&#8220; css=&#8220;.vc_custom_1666076804427{background-color: #f2f6f9 !important;}&#8220;][vc_column width=&#8220;1\/4&#8243;][vc_icon icon_fontawesome=&#8220;fas fa-dog&#8220; align=&#8220;center&#8220;][vc_column_text]<\/p>\n<p style=\"text-align: center;\"><strong>Hundefreundlich<\/strong><\/p>\n<p>[\/vc_column_text][\/vc_column][vc_column width=&#8220;1\/4&#8243;][vc_icon icon_fontawesome=&#8220;fas fa-umbrella-beach&#8220; align=&#8220;center&#8220;][vc_column_text]<\/p>\n<p style=\"text-align: center;\"><strong>In der N\u00e4he des Strandes<\/strong><\/p>\n<p>[\/vc_column_text][\/vc_column][vc_column width=&#8220;1\/4&#8243;][vc_icon icon_fontawesome=&#8220;fas fa-campground&#8220; align=&#8220;center&#8220;][vc_column_text]<\/p>\n<p style=\"text-align: center;\"><strong>Ausgezeichnete Einrichtungen<\/strong><\/p>\n<p>[\/vc_column_text][\/vc_column][vc_column width=&#8220;1\/4&#8243;][vc_icon icon_fontawesome=&#8220;fab fa-envira&#8220; align=&#8220;center&#8220;][vc_column_text]<\/p>\n<p style=\"text-align: center;\"><strong>Sch\u00f6ne Umgebung<\/strong><\/p>\n<p>[\/vc_column_text][vc_btn title=&#8220;Boeken&#8220; color=&#8220;sky&#8220; link=&#8220;url:https%3A%2F%2Fwww.sollasi.nl%2Fbungalowpark-sollasi%2Freserveren%2F|title:Boeken&#8220;][\/vc_column][vc_column width=&#8220;1\/2&#8243;][vc_single_image image=&#8220;3375&#8243; img_size=&#8220;500&#215;350&#8243; style=&#8220;vc_box_rounded&#8220; onclick=&#8220;custom_link&#8220; link=&#8220;https:\/\/sollasi.nl\/de\/bungalowpark-sollasi\/unterkunfte\/studio-fuer-2-personen\/&#8220;][vc_column_text]<\/p>\n<h2><a href=\"https:\/\/sollasi.nl\/de\/bungalowpark-sollasi\/unterkunfte\/studio-fuer-2-personen\/\">Studio (2 Pers.)<\/a><\/h2>\n<ul>\n<li>Mit Terrasse oder Balkon<\/li>\n<li>Luxuri\u00f6ses Badezimmer<\/li>\n<li>Haustiere nicht erlaubt<\/li>\n<\/ul>\n<p>[\/vc_column_text][vc_btn title=&#8220;Boeken&#8220; color=&#8220;sky&#8220; link=&#8220;url:https%3A%2F%2Fwww.sollasi.nl%2Fbungalowpark-sollasi%2Freserveren%2F|title:Boeken&#8220;][\/vc_column][vc_column width=&#8220;1\/2&#8243;][vc_single_image image=&#8220;13365&#8243; img_size=&#8220;500&#215;350&#8243; style=&#8220;vc_box_rounded&#8220; onclick=&#8220;custom_link&#8220; link=&#8220;\/bungalowpark-sollasi\/accommodaties\/4-persoons-comfort-bungalows\/&#8220;][vc_column_text]<\/p>\n<h2><a href=\"https:\/\/sollasi.nl\/de\/bungalowpark-sollasi\/unterkunfte\/komfort-bungalow-fuer-4-personen\/\">Komfort Bungalow<\/a><\/h2>\n<ul>\n<li>2 Schlafzimmer<\/li>\n<li>Klimaanlage<\/li>\n<li>Haustiere erlaubt<\/li>\n<\/ul>\n<p>[\/vc_column_text][vc_btn title=&#8220;Buchen Sie Ihren Bungalow&#8220; color=&#8220;sky&#8220; link=&#8220;url:%2Fde%2Fbungalowpark-sollasi%2Freservieren%2F|title:Buchen%20Sie%20Ihren%20Bungalow&#8220;][\/vc_column][\/vc_row][vc_row full_width=&#8220;stretch_row&#8220; css=&#8220;.vc_custom_1666076788571{background-color: #f2f6f9 !important;}&#8220;][vc_column css=&#8220;.vc_custom_1659447463018{padding-top: 25px !important;}&#8220;][vc_custom_heading text=&#8220;Im Fokus&#8220; use_theme_fonts=&#8220;yes&#8220;][\/vc_column][\/vc_row][vc_row][vc_column width=&#8220;1\/3&#8243;][vc_single_image image=&#8220;6999&#8243; img_size=&#8220;homepage_blokken&#8220; style=&#8220;vc_box_rounded&#8220; onclick=&#8220;custom_link&#8220; link=&#8220;\/de\/bungalowpark-sollasi\/ausstattung\/&#8220;][vc_column_text]<\/p>\n<h2>Einrichtungen<\/h2>\n<ul>\n<li>Waschsalon<\/li>\n<li>Restaurants in der N\u00e4he<\/li>\n<li>Boule<\/li>\n<\/ul>\n<p>[\/vc_column_text][vc_btn title=&#8220;Alle Einrichtungen ansehen&#8220; color=&#8220;sky&#8220; link=&#8220;url:%2Fde%2Fbungalowpark-sollasi%2Fausstattung%2F|title:Alle%20Einrichtungen%20ansehen&#8220;][\/vc_column][vc_column width=&#8220;1\/3&#8243;][vc_single_image image=&#8220;7781&#8243; img_size=&#8220;homepage_blokken&#8220; style=&#8220;vc_box_rounded&#8220; onclick=&#8220;custom_link&#8220; link=&#8220;\/de\/camping-sollasi\/ferienhaus-oder-campingplatz-zandvoort-f1\/&#8220;][vc_column_text]<\/p>\n<h2>F1-Paket<\/h2>\n<ul>\n<li>Buchen Sie einen Luxusbungalow<\/li>\n<li>Studio f\u00fcr 2 Personen<\/li>\n<li>In der N\u00e4he der Rennstrecke<\/li>\n<\/ul>\n<p>[\/vc_column_text][vc_btn title=&#8220;Mehr lesen&#8220; color=&#8220;sky&#8220; link=&#8220;url:https%3A%2F%2Fsollasi.nl%2Fde%2Fcamping-sollasi%2Fferienhaus-oder-campingplatz-zandvoort-f1%2F|title:Mehr%20lesen&#8220;][\/vc_column][vc_column width=&#8220;1\/3&#8243;][vc_single_image image=&#8220;7007&#8243; img_size=&#8220;homepage_blokken&#8220; style=&#8220;vc_box_rounded&#8220; onclick=&#8220;custom_link&#8220; link=&#8220;\/de\/unternehmungen-in-der-umgebung\/&#8220;][vc_column_text]<\/p>\n<h2>Tipps f\u00fcr die Umgebung<\/h2>\n<ul>\n<li>Ein Tagesausflug nach Hillegom<\/li>\n<li>Zum Oosterduinse See<\/li>\n<li>Mit den Kindern ins Sea Life<\/li>\n<\/ul>\n<p>[\/vc_column_text][vc_btn title=&#8220;Alles in der Umgebung&#8220; color=&#8220;sky&#8220; link=&#8220;url:%2Fde%2Funternehmungen-in-der-umgebung%2F|title:Alles%20in%20der%20Umgebung&#8220;][\/vc_column][\/vc_row][vc_row][vc_column][vc_column_text]<\/p>\n<p>&nbsp;<\/p>\n<h2 class=\"wp-block-heading\">Sch\u00f6ner Ferienpark in der Region Bulb!<\/h2>\n<div class=\"wp-block-columns\">\n<div class=\"wp-block-column\">\n<p>Unser sch\u00f6ner Bungalowpark liegt inmitten von Zwiebelfeldern und am Rande von W\u00e4ldern und D\u00fcnen. Der Strand ist ganz in der N\u00e4he und kann zu Fu\u00df, mit dem Fahrrad oder mit dem Auto erreicht werden. In der unmittelbaren Umgebung k\u00f6nnen Sie wandern oder Rad fahren. Auch Ihr Hund ist in unseren Bungalows willkommen! Das nahegelegene Oosterduinse Meer eignet sich hervorragend f\u00fcr Spazierg\u00e4nge mit dem Hund.<\/p>\n<p>&nbsp;<\/p>\n<\/div>\n<\/div>\n<p>[\/vc_column_text][\/vc_column][\/vc_row][vc_row][vc_column width=&#8220;1\/2&#8243;][vc_single_image image=&#8220;13368&#8243; img_size=&#8220;600&#215;400&#8243;][\/vc_column][vc_column width=&#8220;1\/2&#8243;][vc_single_image image=&#8220;13371&#8243; img_size=&#8220;600&#215;400&#8243;][\/vc_column][\/vc_row][vc_row][vc_column][vc_column_text]<\/p>\n<h2>Ferienhaus w\u00e4hrend des Formel-1-Wochenendes in Zandvoort verf\u00fcgbar!<\/h2>\n<p><!-- \/wp:post-content -->Sie suchen eine\u00a0 \u00dcbernachtung f\u00fcr das Formel-1-Wochenende in Zandvoort? Auch Campingpl\u00e4tze sind vorhanden. <a href=\"https:\/\/sollasi.nl\/de\/camping-sollasi\/ferienhaus-oder-campingplatz-zandvoort-f1\/\">Mehr Informationen \u00fcber unsere Campingpl\u00e4tze w\u00e4hrend der F1<\/a>.<\/p>\n<p><!-- \/wp:paragraph --><br \/>\n<!-- wp:paragraph {\"style\":{\"typography\":{\"fontSize\":\"14px\"}}} --><\/p>\n<p style=\"font-size: 14px;\"><strong>*Je nach Reservierung und Verf\u00fcgbarkeit.<\/strong><\/p>\n<p><!-- \/wp:paragraph -->&nbsp;[\/vc_column_text][\/vc_column][\/vc_row]<\/p>\n","protected":false},"excerpt":{"rendered":"<p>[vc_row][vc_column css=&#8220;.vc_custom_1659447463018{padding-top: 25px !important;}&#8220;][vc_custom_heading text=&#8220;BUNGALOWPARK SOLLASI&#8220; font_container=&#8220;tag:h1|text_align:left&#8220; use_theme_fonts=&#8220;yes&#8220;][vc_column_text]M\u00f6chten Sie eine Umgebung mit Wald, D\u00fcnen, Strand und Blumenzwiebelfeldern genie\u00dfen? Dann buchen Sie ein Ferienhaus im Ferienpark Sollasi in Noordwijkerhout. Der Ferienpark liegt im Herzen der Region Bulb und grenzt direkt an den Oosterduinse See. Im Umkreis von 2,5 km finden Sie den Strand von Langevelderslag und das sch\u00f6ne Naturschutzgebiet &#8218;Hollands Duin&#8216;. Der Park strahlt Ruhe aus und die ger\u00e4umigen Cottages bieten viel Privatsph\u00e4re. Buchen Sie ein robustes Ferienstudio f\u00fcr 2 Personen &#8230; <\/p>\n<p class=\"read-more-container\"><a title=\"Bungalowpark Sollasi\" class=\"read-more button\" href=\"https:\/\/sollasi.nl\/de\/bungalowpark-sollasi\/#more-1192\">Read More<span class=\"screen-reader-text\">Bungalowpark Sollasi<\/span><\/a><\/p>\n","protected":false},"author":1,"featured_media":0,"parent":0,"menu_order":0,"comment_status":"closed","ping_status":"closed","template":"page-bungalowpark-sollasi.php","meta":{"footnotes":""},"class_list":["post-1192","page","type-page","status-publish"],"_links":{"self":[{"href":"https:\/\/sollasi.nl\/de\/wp-json\/wp\/v2\/pages\/1192","targetHints":{"allow":["GET"]}}],"collection":[{"href":"https:\/\/sollasi.nl\/de\/wp-json\/wp\/v2\/pages"}],"about":[{"href":"https:\/\/sollasi.nl\/de\/wp-json\/wp\/v2\/types\/page"}],"author":[{"embeddable":true,"href":"https:\/\/sollasi.nl\/de\/wp-json\/wp\/v2\/users\/1"}],"replies":[{"embeddable":true,"href":"https:\/\/sollasi.nl\/de\/wp-json\/wp\/v2\/comments?post=1192"}],"version-history":[{"count":93,"href":"https:\/\/sollasi.nl\/de\/wp-json\/wp\/v2\/pages\/1192\/revisions"}],"predecessor-version":[{"id":13422,"href":"https:\/\/sollasi.nl\/de\/wp-json\/wp\/v2\/pages\/1192\/revisions\/13422"}],"wp:attachment":[{"href":"https:\/\/sollasi.nl\/de\/wp-json\/wp\/v2\/media?parent=1192"}],"curies":[{"name":"wp","href":"https:\/\/api.w.org\/{rel}","templated":true}]}}