{"id":1197,"date":"2020-02-24T13:07:03","date_gmt":"2020-02-24T13:07:03","guid":{"rendered":"https:\/\/sollasi.nl\/?page_id=1197"},"modified":"2026-01-28T08:33:16","modified_gmt":"2026-01-28T08:33:16","slug":"studio-fuer-2-personen","status":"publish","type":"page","link":"https:\/\/sollasi.nl\/de\/studio-fuer-2-personen\/","title":{"rendered":"2-Personen Studio"},"content":{"rendered":"<p>[vc_row][vc_column][vc_column_text]<\/p>\r\n<h1 class=\"wp-block-heading\">Unsere Ferienwohnungen f\u00fcr 2 Personen<\/h1>\r\n\r\n<p>Die luxuri\u00f6s ausgestatteten Studios liegen am Oosterduinse See in unmittelbarer N\u00e4he von Blumenfeldern, Wald, D\u00fcnen und Strand. Die 42 m2 gro\u00dfen Ferienstudios wurden komplett renoviert und sind f\u00fcr bis zu 2 Personen geeignet. Selbstverst\u00e4ndlich sind alle Studios mit geb\u00fchrenfreiem WLAN ausgestattet. In den Studios darf nicht geraucht werden, Haustiere sind nicht gestattet.<\/p>\r\n<p>\u00a0<\/p>\r\n\r\n<h2 class=\"wp-block-heading\">Wohnzimmer &amp; K\u00fcche<\/h2>\r\n<p>\u00a0<\/p>\r\n\r\n<ul class=\"wp-block-list\">\r\n<li>Das Wohnzimmer ist stilvoll eingerichtet mit einem bequemen Zweisitzersofa, Couchtisch und Sessel sowie einem TV-Schrank mit einem LED-Fernseher. Die gro\u00dfen Schiebet\u00fcren f\u00fchren direkt auf die Terrasse oder den Balkon.<\/li>\r\n<li>Jedes Studio verf\u00fcgt \u00fcber eine voll ausgestattete K\u00fcche mit unter anderem einer Nespresso-Kaffeemaschine, einem K\u00fchlschrank mit Gefrierfach, einem Wasserkocher, einer Mikrowelle und einem Induktionskochfeld. Dar\u00fcber hinaus gibt es im Essbereich einen sch\u00f6nen Esstisch mit gro\u00dfz\u00fcgiger Bestuhlung.<\/li>\r\n<\/ul>\r\n<p>\u00a0<\/p>\r\n\r\n<h2 class=\"wp-block-heading\">Schlafzimmer &amp; Badezimmer<\/h2>\r\n<p>\u00a0<\/p>\r\n\r\n<ul class=\"wp-block-list\">\r\n<li>Drei gro\u00dfe Kleiderschr\u00e4nke trennen den Schlafbereich ab, in dem es zwei einzelne Boxspringsysteme (90 x 200) gibt. Jedes Studio verf\u00fcgt \u00fcber Gardinen und Verdunklungsvorh\u00e4nge f\u00fcr einen tiefen, gesunden Schlaf.<\/li>\r\n<li>Im Badezimmer ist mit einer Dusche mit Regenduschkopf, einer Toilette, einem Waschbecken mit zwei Schubladen und einem beheizbaren Spiegel ausgestattet.<\/li>\r\n<\/ul>\r\n<p style=\"text-align: right;\"><a class=\"wp-block-button__link has-text-color has-background\" style=\"background-color: #a32200; color: #ffffff;\" href=\"#tommy-matrix-row\">Reservieren<\/a><\/p>\r\n<p>\u00a0<\/p>\r\n\r\n<figure class=\"wp-block-gallery columns-3 wp-block-gallery-1 is-layout-flex wp-block-gallery-is-layout-flex\">\r\n<ul class=\"blocks-gallery-grid\">\r\n<li class=\"blocks-gallery-item\">\r\n<figure><img loading=\"lazy\" decoding=\"async\" class=\"alignnone wp-image-3088\" src=\"https:\/\/sollasi.nl\/wp-content\/uploads\/sollasi-parc-studios-woonkamer-384x255-1-1024x680.jpg\" alt=\"Studio 2 Personen - Wohnzimmer\" width=\"1024\" height=\"680\" data-id=\"3088\" data-link=\"https:\/\/sollasi.nl\/de\/bungalowpark-sollasi\/unterkunfte\/studio-fuer-2-personen\/attachment\/son-and-sea-park-sollasie-7\/#main\" srcset=\"https:\/\/sollasi.nl\/wp-content\/uploads\/sollasi-parc-studios-woonkamer-384x255-1-1024x680.jpg 1024w, https:\/\/sollasi.nl\/wp-content\/uploads\/sollasi-parc-studios-woonkamer-384x255-1-300x199.jpg 300w, https:\/\/sollasi.nl\/wp-content\/uploads\/sollasi-parc-studios-woonkamer-384x255-1-768x510.jpg 768w, https:\/\/sollasi.nl\/wp-content\/uploads\/sollasi-parc-studios-woonkamer-384x255-1.jpg 1180w\" sizes=\"auto, (max-width: 1024px) 100vw, 1024px\" \/>\r\n<figcaption class=\"blocks-gallery-item__caption\">Wohnzimmer<\/figcaption>\r\n<\/figure>\r\n<\/li>\r\n<li class=\"blocks-gallery-item\">\r\n<figure><img loading=\"lazy\" decoding=\"async\" class=\"alignnone wp-image-3082\" src=\"https:\/\/sollasi.nl\/wp-content\/uploads\/Parc-Studio-2-keuken-384x255-1-1024x680.jpg\" alt=\"Studio 2 Personen - K\u00fcche\" width=\"1024\" height=\"680\" data-id=\"3082\" data-link=\"https:\/\/sollasi.nl\/de\/bungalowpark-sollasi\/unterkunfte\/studio-fuer-2-personen\/attachment\/son-and-sea-park-sollasie-5\/#main\" srcset=\"https:\/\/sollasi.nl\/wp-content\/uploads\/Parc-Studio-2-keuken-384x255-1-1024x680.jpg 1024w, https:\/\/sollasi.nl\/wp-content\/uploads\/Parc-Studio-2-keuken-384x255-1-300x199.jpg 300w, https:\/\/sollasi.nl\/wp-content\/uploads\/Parc-Studio-2-keuken-384x255-1-768x510.jpg 768w, https:\/\/sollasi.nl\/wp-content\/uploads\/Parc-Studio-2-keuken-384x255-1.jpg 1112w\" sizes=\"auto, (max-width: 1024px) 100vw, 1024px\" \/>\r\n<figcaption class=\"blocks-gallery-item__caption\">K\u00fcche<\/figcaption>\r\n<\/figure>\r\n<\/li>\r\n<li class=\"blocks-gallery-item\">\r\n<figure><img loading=\"lazy\" decoding=\"async\" class=\"alignnone wp-image-3394\" src=\"https:\/\/sollasi.nl\/wp-content\/uploads\/7-slaapkamer-kleiner-1.jpg\" alt=\"Studio 2 Personen - Schlafen\" width=\"1024\" height=\"680\" data-id=\"3394\" data-link=\"https:\/\/sollasi.nl\/de\/bungalowpark-sollasi\/unterkunfte\/studio-fuer-2-personen\/attachment\/son-and-sea-park-sollasie-8\/#main\" srcset=\"https:\/\/sollasi.nl\/wp-content\/uploads\/7-slaapkamer-kleiner-1.jpg 1024w, https:\/\/sollasi.nl\/wp-content\/uploads\/7-slaapkamer-kleiner-1-300x199.jpg 300w, https:\/\/sollasi.nl\/wp-content\/uploads\/7-slaapkamer-kleiner-1-768x510.jpg 768w\" sizes=\"auto, (max-width: 1024px) 100vw, 1024px\" \/>\r\n<figcaption class=\"blocks-gallery-item__caption\">Schlafzimmer<\/figcaption>\r\n<\/figure>\r\n<\/li>\r\n<li class=\"blocks-gallery-item\">\r\n<figure><img loading=\"lazy\" decoding=\"async\" class=\"alignnone wp-image-3069\" src=\"https:\/\/sollasi.nl\/wp-content\/uploads\/Parc-Studio-1-badkamer-384x255-3.jpg\" alt=\"Studio 2 Personen - Bad\" width=\"759\" height=\"504\" data-id=\"3069\" data-link=\"https:\/\/sollasi.nl\/de\/bungalowpark-sollasi\/unterkunfte\/studio-fuer-2-personen\/attachment\/son-and-sea-park-sollasie\/#main\" srcset=\"https:\/\/sollasi.nl\/wp-content\/uploads\/Parc-Studio-1-badkamer-384x255-3.jpg 759w, https:\/\/sollasi.nl\/wp-content\/uploads\/Parc-Studio-1-badkamer-384x255-3-300x199.jpg 300w\" sizes=\"auto, (max-width: 759px) 100vw, 759px\" \/>\r\n<figcaption class=\"blocks-gallery-item__caption\">Badezimmer<\/figcaption>\r\n<\/figure>\r\n<\/li>\r\n<li class=\"blocks-gallery-item\">\r\n<figure><img loading=\"lazy\" decoding=\"async\" class=\"alignnone wp-image-3072\" src=\"https:\/\/sollasi.nl\/wp-content\/uploads\/Parc-Studio-4-hal-384x255-3.jpg\" alt=\"Studio 2 Personen - Essbereich\" width=\"856\" height=\"568\" data-id=\"3072\" data-link=\"https:\/\/sollasi.nl\/de\/bungalowpark-sollasi\/unterkunfte\/studio-fuer-2-personen\/attachment\/son-and-sea-park-sollasie-3\/#main\" srcset=\"https:\/\/sollasi.nl\/wp-content\/uploads\/Parc-Studio-4-hal-384x255-3.jpg 856w, https:\/\/sollasi.nl\/wp-content\/uploads\/Parc-Studio-4-hal-384x255-3-300x199.jpg 300w, https:\/\/sollasi.nl\/wp-content\/uploads\/Parc-Studio-4-hal-384x255-3-768x510.jpg 768w\" sizes=\"auto, (max-width: 856px) 100vw, 856px\" \/>\r\n<figcaption class=\"blocks-gallery-item__caption\">Flur<\/figcaption>\r\n<\/figure>\r\n<\/li>\r\n<li class=\"blocks-gallery-item\">\r\n<figure><img loading=\"lazy\" decoding=\"async\" class=\"alignnone wp-image-3075\" src=\"https:\/\/sollasi.nl\/wp-content\/uploads\/Parc-Studio-9-terras-384x255-3.jpg\" alt=\"Studio 2 Personen - Balkon\" width=\"889\" height=\"590\" data-id=\"3075\" data-link=\"https:\/\/sollasi.nl\/de\/bungalowpark-sollasi\/unterkunfte\/studio-fuer-2-personen\/attachment\/son-and-sea-park-sollasie-4\/#main\" srcset=\"https:\/\/sollasi.nl\/wp-content\/uploads\/Parc-Studio-9-terras-384x255-3.jpg 889w, https:\/\/sollasi.nl\/wp-content\/uploads\/Parc-Studio-9-terras-384x255-3-300x199.jpg 300w, https:\/\/sollasi.nl\/wp-content\/uploads\/Parc-Studio-9-terras-384x255-3-768x510.jpg 768w\" sizes=\"auto, (max-width: 889px) 100vw, 889px\" \/>\r\n<figcaption class=\"blocks-gallery-item__caption\">Balkon<\/figcaption>\r\n<\/figure>\r\n<\/li>\r\n<li class=\"blocks-gallery-item\">\r\n<figure><img loading=\"lazy\" decoding=\"async\" class=\"alignnone wp-image-3397\" src=\"https:\/\/sollasi.nl\/wp-content\/uploads\/IMG_5011-4.jpg\" alt=\"Studio 2 Personen - Terrasse\" width=\"1024\" height=\"768\" data-id=\"3397\" data-full-url=\"https:\/\/sollasi.nl\/wp-content\/uploads\/IMG_5011-4.jpg\" data-link=\"https:\/\/sollasi.nl\/bungalowpark-sollasi\/unterkunfte\/studio-fuer-2-personen\/attachment\/img_5011-4\/#main\" srcset=\"https:\/\/sollasi.nl\/wp-content\/uploads\/IMG_5011-4.jpg 1024w, https:\/\/sollasi.nl\/wp-content\/uploads\/IMG_5011-4-300x225.jpg 300w, https:\/\/sollasi.nl\/wp-content\/uploads\/IMG_5011-4-768x576.jpg 768w\" sizes=\"auto, (max-width: 1024px) 100vw, 1024px\" \/>\r\n<figcaption class=\"blocks-gallery-item__caption\">Terrasse<\/figcaption>\r\n<\/figure>\r\n<\/li>\r\n<li class=\"blocks-gallery-item\">\r\n<figure><img loading=\"lazy\" decoding=\"async\" class=\"alignnone wp-image-3377\" src=\"https:\/\/sollasi.nl\/wp-content\/uploads\/IMG_5031-3.jpg\" alt=\"Studio 2 Personen - Geb\u00e4ude \" width=\"1024\" height=\"768\" data-id=\"3377\" data-link=\"https:\/\/sollasi.nl\/de\/bungalowpark-sollasi\/unterkunfte\/studio-fuer-2-personen\/attachment\/img_5031-3-2\/#main\" srcset=\"https:\/\/sollasi.nl\/wp-content\/uploads\/IMG_5031-3.jpg 1024w, https:\/\/sollasi.nl\/wp-content\/uploads\/IMG_5031-3-300x225.jpg 300w, https:\/\/sollasi.nl\/wp-content\/uploads\/IMG_5031-3-768x576.jpg 768w\" sizes=\"auto, (max-width: 1024px) 100vw, 1024px\" \/>\r\n<figcaption class=\"blocks-gallery-item__caption\">Wohnungen<\/figcaption>\r\n<\/figure>\r\n<\/li>\r\n<li class=\"blocks-gallery-item\">\r\n<figure><img loading=\"lazy\" decoding=\"async\" class=\"alignnone wp-image-851\" src=\"https:\/\/sollasi.nl\/wp-content\/uploads\/Parc-Studio-10-buitenkant-1024x768.jpg\" alt=\"Studio 2 Personen - Balkone\" width=\"1024\" height=\"768\" data-id=\"851\" data-link=\"https:\/\/sollasi.nl\/de\/sollasie-parc-3-2\/\" srcset=\"https:\/\/sollasi.nl\/wp-content\/uploads\/Parc-Studio-10-buitenkant-1024x768.jpg 1024w, https:\/\/sollasi.nl\/wp-content\/uploads\/Parc-Studio-10-buitenkant-300x225.jpg 300w, https:\/\/sollasi.nl\/wp-content\/uploads\/Parc-Studio-10-buitenkant-768x576.jpg 768w, https:\/\/sollasi.nl\/wp-content\/uploads\/Parc-Studio-10-buitenkant-1536x1152.jpg 1536w, https:\/\/sollasi.nl\/wp-content\/uploads\/Parc-Studio-10-buitenkant-2048x1536.jpg 2048w\" sizes=\"auto, (max-width: 1024px) 100vw, 1024px\" \/>\r\n<figcaption class=\"blocks-gallery-item__caption\">Wohnungen<\/figcaption>\r\n<\/figure>\r\n<\/li>\r\n<\/ul>\r\n<\/figure>\r\n<p>\u00a0<\/p>\r\n\r\n<h2 class=\"wp-block-heading\">Grundriss<\/h2>\r\n<p>\u00a0<\/p>\r\n\r\n<figure class=\"wp-block-image size-large\"><img loading=\"lazy\" decoding=\"async\" class=\"alignnone wp-image-2814\" src=\"https:\/\/sollasi.nl\/wp-content\/uploads\/sollasi-parc-studio-plattegrond-1024x417.png\" alt=\"Studio 2 Personen - Grundriss\" width=\"1024\" height=\"417\" srcset=\"https:\/\/sollasi.nl\/wp-content\/uploads\/sollasi-parc-studio-plattegrond-1024x417.png 1024w, https:\/\/sollasi.nl\/wp-content\/uploads\/sollasi-parc-studio-plattegrond-300x122.png 300w, https:\/\/sollasi.nl\/wp-content\/uploads\/sollasi-parc-studio-plattegrond-768x313.png 768w, https:\/\/sollasi.nl\/wp-content\/uploads\/sollasi-parc-studio-plattegrond.png 1261w\" sizes=\"auto, (max-width: 1024px) 100vw, 1024px\" \/><\/figure>\r\n\r\n<p><a href=\"https:\/\/sollasi.nl\/de\/bungalowpark-sollasi\/reservieren\/\">Hier buchen<\/a><\/p>\r\n<p>[\/vc_column_text][\/vc_column][\/vc_row][vc_row el_id=&#8220;tommy-matrix-row&#8220;][vc_column][vc_column_text]<\/p>\r\n<div class=\"tommy-matrix\" data-api-key=\"SollasiBP:d0a8a882c042eea09d56cc66ca6e04d988078f17506c0c5182224613390a1ad0\" data-language=\"de\" data-accommodation=\"28974\" data-booking-url=\"https:\/\/sollasi.nl\/de\/bungalowpark-sollasi\/buchen\/\" data-duration-type=\"periods\">\u00a0<\/div>\r\n<p><script src=\"https:\/\/www.tommybookingsupport.com\/widget\/js\/tommy.matrix.js\" type=\"application\/javascript\" language=\"javascript\"><\/script>[\/vc_column_text][\/vc_column][\/vc_row]<\/p>","protected":false},"excerpt":{"rendered":"<p>[vc_row][vc_column][vc_column_text] Unsere Ferienwohnungen f\u00fcr 2 Personen Die luxuri\u00f6s ausgestatteten Studios liegen am Oosterduinse See in unmittelbarer N\u00e4he von Blumenfeldern, Wald, D\u00fcnen und Strand. Die 42 m2 gro\u00dfen Ferienstudios wurden komplett renoviert und sind f\u00fcr bis zu 2 Personen geeignet. Selbstverst\u00e4ndlich sind alle Studios mit geb\u00fchrenfreiem WLAN ausgestattet. In den Studios darf nicht geraucht werden, Haustiere sind nicht gestattet. \u00a0 Wohnzimmer &amp; K\u00fcche \u00a0 Das Wohnzimmer ist stilvoll eingerichtet mit einem bequemen Zweisitzersofa, Couchtisch und Sessel sowie einem TV-Schrank mit einem &#8230; <\/p>\n<p class=\"read-more-container\"><a title=\"2-Personen Studio\" class=\"read-more button\" href=\"https:\/\/sollasi.nl\/de\/studio-fuer-2-personen\/#more-1197\">Read More<span class=\"screen-reader-text\">2-Personen Studio<\/span><\/a><\/p>\n","protected":false},"author":1,"featured_media":2328,"parent":0,"menu_order":0,"comment_status":"closed","ping_status":"closed","template":"page-bungalowpark-sollasi.php","meta":{"footnotes":""},"class_list":["post-1197","page","type-page","status-publish","has-post-thumbnail"],"_links":{"self":[{"href":"https:\/\/sollasi.nl\/de\/wp-json\/wp\/v2\/pages\/1197","targetHints":{"allow":["GET"]}}],"collection":[{"href":"https:\/\/sollasi.nl\/de\/wp-json\/wp\/v2\/pages"}],"about":[{"href":"https:\/\/sollasi.nl\/de\/wp-json\/wp\/v2\/types\/page"}],"author":[{"embeddable":true,"href":"https:\/\/sollasi.nl\/de\/wp-json\/wp\/v2\/users\/1"}],"replies":[{"embeddable":true,"href":"https:\/\/sollasi.nl\/de\/wp-json\/wp\/v2\/comments?post=1197"}],"version-history":[{"count":25,"href":"https:\/\/sollasi.nl\/de\/wp-json\/wp\/v2\/pages\/1197\/revisions"}],"predecessor-version":[{"id":13581,"href":"https:\/\/sollasi.nl\/de\/wp-json\/wp\/v2\/pages\/1197\/revisions\/13581"}],"wp:featuredmedia":[{"embeddable":true,"href":"https:\/\/sollasi.nl\/de\/wp-json\/wp\/v2\/media\/2328"}],"wp:attachment":[{"href":"https:\/\/sollasi.nl\/de\/wp-json\/wp\/v2\/media?parent=1197"}],"curies":[{"name":"wp","href":"https:\/\/api.w.org\/{rel}","templated":true}]}}