{"id":1210,"date":"2020-01-29T19:32:34","date_gmt":"2020-01-29T19:32:34","guid":{"rendered":"https:\/\/sollasi.nl\/?page_id=1210"},"modified":"2025-08-14T11:48:57","modified_gmt":"2025-08-14T11:48:57","slug":"camping-sollasi","status":"publish","type":"page","link":"https:\/\/sollasi.nl\/de\/camping-sollasi\/","title":{"rendered":"Camping Sollasi"},"content":{"rendered":"<p>[vc_row][vc_column css=&#8220;.vc_custom_1659447463018{padding-top: 25px !important;}&#8220;][vc_custom_heading text=&#8220;CAMPING SOLLASI&#8220; font_container=&#8220;tag:h1|text_align:left&#8220; use_theme_fonts=&#8220;yes&#8220;][vc_column_text]Direkt am Oosterduinse See in Noordwijk, zwischen den Blumenzwiebelfeldern und am Rande von W\u00e4ldern und D\u00fcnen, liegt der Campingplatz Sollasi. Vom Campingplatz aus k\u00f6nnen Sie herrliche Rad- und Wandertouren in der sch\u00f6nen Umgebung unternehmen. Sie k\u00f6nnen auch einen Tag mit Sonne, Meer und Sand am Langevelderslag oder im nahe gelegenen Badeort Noordwijk verbringen.[\/vc_column_text][\/vc_column][\/vc_row][vc_row full_width=&#8220;stretch_row&#8220; css=&#8220;.vc_custom_1666078365362{background-color: #f2f6f9 !important;}&#8220;][vc_column width=&#8220;1\/4&#8243;][vc_icon icon_fontawesome=&#8220;fas fa-dog&#8220; color=&#8220;custom&#8220; align=&#8220;center&#8220; custom_color=&#8220;#b5c773&#8243;][vc_column_text]<\/p>\r\n<p style=\"text-align: center;\"><strong>Hundefreundlich<\/strong><\/p>\r\n<p>[\/vc_column_text][\/vc_column][vc_column width=&#8220;1\/4&#8243;][vc_icon icon_fontawesome=&#8220;fas fa-umbrella-beach&#8220; color=&#8220;custom&#8220; align=&#8220;center&#8220; custom_color=&#8220;#b5c773&#8243;][vc_column_text]<\/p>\r\n<p style=\"text-align: center;\"><strong>In der N\u00e4he des Strandes<\/strong><\/p>\r\n<p>[\/vc_column_text][\/vc_column][vc_column width=&#8220;1\/4&#8243;][vc_icon icon_fontawesome=&#8220;fas fa-campground&#8220; color=&#8220;custom&#8220; align=&#8220;center&#8220; custom_color=&#8220;#b5c773&#8243;][vc_column_text]<\/p>\r\n<p style=\"text-align: center;\"><strong>Ausgezeichnete Einrichtungen<\/strong><\/p>\r\n<p>[\/vc_column_text][\/vc_column][vc_column width=&#8220;1\/4&#8243;][vc_icon icon_fontawesome=&#8220;fab fa-envira&#8220; color=&#8220;custom&#8220; align=&#8220;center&#8220; custom_color=&#8220;#b5c773&#8243;][vc_column_text]<\/p>\r\n<p style=\"text-align: center;\"><strong>Sch\u00f6ne Umgebung<\/strong><\/p>\r\n<p>[\/vc_column_text][\/vc_column][\/vc_row][vc_row][vc_column][vc_empty_space height=&#8220;16px&#8220;][vc_custom_heading text=&#8220;Stellpl\u00e4tze&#8220; use_theme_fonts=&#8220;yes&#8220;][\/vc_column][\/vc_row][vc_row][vc_column width=&#8220;1\/3&#8243;][vc_single_image image=&#8220;7026&#8243; img_size=&#8220;homepage_blokken&#8220; style=&#8220;vc_box_rounded&#8220; onclick=&#8220;custom_link&#8220; link=&#8220;\/de\/camping-sollasi\/reservieren\/&#8220;][vc_column_text]<\/p>\r\n<h2><a title=\"Stellplatz Camping Sollasi\" href=\"\/de\/camping-sollasi\/toeristenplaatsen-op-camping\/\">Komfortabler Stellplatz<\/a><\/h2>\r\n<ul>\r\n<li>F\u00fcr Wohnmobil, Wohnwagen oder Zelt<\/li>\r\n<li>10 mal 8 Meter gro\u00df<\/li>\r\n<li>Inklusive Strom<\/li>\r\n<li>Hunde erlaubt (max. 2)<\/li>\r\n<\/ul>\r\n<p>[\/vc_column_text][vc_btn title=&#8220;Stellplatz buchen&#8220; color=&#8220;sky&#8220; link=&#8220;url:%2Fde%2Fcamping-sollasi%2Freservieren%2F|title:Buchen%20Sie%20Ihren%20Aufenthalt&#8220;][\/vc_column][vc_column width=&#8220;1\/3&#8243;][vc_single_image image=&#8220;7029&#8243; img_size=&#8220;homepage_blokken&#8220; style=&#8220;vc_box_rounded&#8220; onclick=&#8220;custom_link&#8220; link=&#8220;\/de\/camping-sollasi\/reservieren\/&#8220;][vc_column_text]<\/p>\r\n<h2>Stellplatz mit Privatsanit\u00e4r<\/h2>\r\n<ul>\r\n<li>10 mal 8 Meter gro\u00df<\/li>\r\n<li>Luxuri\u00f6se private Sanit\u00e4ranlagen<\/li>\r\n<li>10 Ampere Strom<\/li>\r\n<li>Hunde erlaubt (max. 2)<\/li>\r\n<\/ul>\r\n<p>[\/vc_column_text][vc_btn title=&#8220;Zur Buchung&#8220; color=&#8220;sky&#8220; link=&#8220;url:%2Fde%2Fcamping-sollasi%2Freservieren%2F|title:Buchung&#8220;][\/vc_column][vc_column width=&#8220;1\/3&#8243;][vc_single_image image=&#8220;7032&#8243; img_size=&#8220;homepage_blokken&#8220; style=&#8220;vc_box_rounded&#8220; onclick=&#8220;custom_link&#8220; link=&#8220;\/de\/camping-sollasi\/reservieren\/&#8220;][vc_column_text]<\/p>\r\n<h2>Zeltplatz<\/h2>\r\n<ul>\r\n<li>5 mal 5 Meter<\/li>\r\n<li>In der N\u00e4he des Sanit\u00e4rgeb\u00e4udes<\/li>\r\n<li>Nur f\u00fcr Zelte<\/li>\r\n<li>Hunde erlaubt (max. 2)<\/li>\r\n<\/ul>\r\n<p>[\/vc_column_text][vc_btn title=&#8220;Jetzt buchen&#8220; color=&#8220;sky&#8220; link=&#8220;url:%2Fde%2Fcamping-sollasi%2Freservieren%2F|title:Komm%20campen&#8220;][\/vc_column][\/vc_row][vc_row full_width=&#8220;stretch_row&#8220; css=&#8220;.vc_custom_1666077344852{background-color: #f2f6f9 !important;}&#8220;][vc_column css=&#8220;.vc_custom_1659447463018{padding-top: 25px !important;}&#8220;][vc_custom_heading text=&#8220;Im Fokus&#8220; use_theme_fonts=&#8220;yes&#8220;][\/vc_column][\/vc_row][vc_row][vc_column width=&#8220;1\/3&#8243;][vc_single_image image=&#8220;7781&#8243; img_size=&#8220;homepage_blokken&#8220; style=&#8220;vc_box_rounded&#8220; onclick=&#8220;custom_link&#8220; link=&#8220;\/de\/camping-sollasi\/ferienhaus-oder-campingplatz-zandvoort-f1\/&#8220;][vc_column_text]<\/p>\r\n<h2>F1-Paket<\/h2>\r\n<ul>\r\n<li>Mit dem Auto, Fahrrad oder Zug zur Rennstrecke<\/li>\r\n<li>Aufenthalt auf einem gem\u00fctlichen Stellplatz<\/li>\r\n<li>Strand-Campingplatz<\/li>\r\n<\/ul>\r\n<p>[\/vc_column_text][vc_btn title=&#8220;Alles \u00fcber das F1-Wochenende&#8220; color=&#8220;sky&#8220; link=&#8220;url:https%3A%2F%2Fsollasi.nl%2Fde%2Fcamping-sollasi%2Fferienhaus-oder-campingplatz-zandvoort-f1%2F|title:Alles%20%C3%BCber%20das%20F1-Wochenende&#8220;][\/vc_column][vc_column width=&#8220;1\/3&#8243;][vc_single_image image=&#8220;7039&#8243; img_size=&#8220;homepage_blokken&#8220; style=&#8220;vc_box_rounded&#8220; onclick=&#8220;custom_link&#8220; link=&#8220;\/de\/camping-sollasi\/ausstattung-campingplatz-sollasi\/&#8220;][vc_column_text]<\/p>\r\n<h2>Einrichtungen<\/h2>\r\n<ul>\r\n<li>Ausgezeichnete und saubere sanit\u00e4re Einrichtungen<\/li>\r\n<li>Snackbar und Restaurants<\/li>\r\n<li>Fahrradverleih an der Rezeption<\/li>\r\n<\/ul>\r\n<p>[\/vc_column_text][vc_btn title=&#8220;Alle Einrichtungen ansehen&#8220; color=&#8220;sky&#8220; link=&#8220;url:https%3A%2F%2Fsollasi.nl%2Fde%2Fcamping-sollasi%2Fausstattung-campingplatz-sollasi%2F|title:Alle%20Einrichtungen%20ansehen&#8220;][\/vc_column][vc_column width=&#8220;1\/3&#8243;][vc_single_image image=&#8220;7042&#8243; img_size=&#8220;homepage_blokken&#8220; style=&#8220;vc_box_rounded&#8220; onclick=&#8220;custom_link&#8220; link=&#8220;\/de\/unternehmungen-in-der-umgebung\/&#8220;][vc_column_text]<\/p>\r\n<h2>Tipps f\u00fcr die Umgebung<\/h2>\r\n<ul>\r\n<li>Fahrradtour durch die D\u00fcnen<\/li>\r\n<li>Besuchen Sie die Space Expo<\/li>\r\n<li>Tagesausflug mit der Familie in den Freizeitpark Drievliet<\/li>\r\n<\/ul>\r\n<p>[\/vc_column_text][vc_btn title=&#8220;Umgebung&#8220; color=&#8220;sky&#8220; link=&#8220;url:%2Fde%2Funternehmungen-in-der-umgebung%2F|title:Umgebung&#8220;][\/vc_column][\/vc_row][vc_row][vc_column][vc_empty_space height=&#8220;16px&#8220;][vc_column_text]<\/p>\r\n<h2 class=\"wp-block-heading\">Camping Noordwijk, am See und in Strandn\u00e4he<\/h2>\r\n<p>Der Oosterduinse See in der N\u00e4he des Campingplatzes ist ein sch\u00f6nes Wandergebiet f\u00fcr Sie und Ihren Hund. Lust auf einen Tag an der K\u00fcste? Der breite Strand von Langevelderslag ist nur 2,5 Kilometer vom Campingplatz entfernt. Sie k\u00f6nnen den Strand \u00fcber einen sch\u00f6nen D\u00fcnenweg, mit dem Fahrrad oder mit dem Auto erreichen. Am Strand gibt es mehrere Restaurants und Sie k\u00f6nnen Liegen und Sonnenschirme mieten. In diesem Teil der Niederlande k\u00f6nnen Sie einen abwechslungsreichen Familienurlaub verbringen.<\/p>\r\n<div class=\"wp-block-columns\">\r\n<div class=\"wp-block-column\" style=\"flex-basis: 37%;\">\r\n<p class=\"has-text-align-center has-medium-font-size\"><img loading=\"lazy\" decoding=\"async\" class=\"alignnone wp-image-11984 size-medium\" style=\"width: 150px;\" src=\"https:\/\/sollasi.nl\/wp-content\/uploads\/2024\/12\/13040-nl-300x300.jpg\" alt=\"\" width=\"300\" height=\"300\" srcset=\"https:\/\/sollasi.nl\/wp-content\/uploads\/2024\/12\/13040-nl-300x300.jpg 300w, https:\/\/sollasi.nl\/wp-content\/uploads\/2024\/12\/13040-nl-150x150.jpg 150w, https:\/\/sollasi.nl\/wp-content\/uploads\/2024\/12\/13040-nl-193x193.jpg 193w, https:\/\/sollasi.nl\/wp-content\/uploads\/2024\/12\/13040-nl-105x105.jpg 105w, https:\/\/sollasi.nl\/wp-content\/uploads\/2024\/12\/13040-nl.jpg 601w\" sizes=\"auto, (max-width: 300px) 100vw, 300px\" \/><\/p>\r\n<\/div>\r\n<\/div>\r\n<h2>Stellpl\u00e4tze auf unserem Campingplatz in der N\u00e4he von Zandvoort Formel 1<\/h2>\r\n<div class=\"wp-block-columns\">\r\n<div class=\"wp-block-column\">\r\n<p><!-- \/wp:post-content -->Suchen Sie einen Campingplatz f\u00fcr das Formel-1-Wochenende in Zandvoort?\u00a0 <a href=\"https:\/\/sollasi.nl\/de\/camping-sollasi\/ferienhaus-oder-campingplatz-zandvoort-f1\/\">Mehr Informationen \u00fcber unsere Camping-Stellpl\u00e4tze w\u00e4hrend der Formel 1<\/a>.<\/p>\r\n<\/div>\r\n<\/div>\r\n<div><img loading=\"lazy\" decoding=\"async\" class=\"alignnone wp-image-7045\" src=\"https:\/\/sollasi.nl\/wp-content\/uploads\/2022\/10\/camping-sollasi-drone-foto-300x200.png\" alt=\"Luftaufnahme des Campingplatzes Sollasi zwischen Feldern und See\" width=\"744\" height=\"496\" srcset=\"https:\/\/sollasi.nl\/wp-content\/uploads\/2022\/10\/camping-sollasi-drone-foto-300x200.png 300w, https:\/\/sollasi.nl\/wp-content\/uploads\/2022\/10\/camping-sollasi-drone-foto-1024x683.png 1024w, https:\/\/sollasi.nl\/wp-content\/uploads\/2022\/10\/camping-sollasi-drone-foto-768x512.png 768w, https:\/\/sollasi.nl\/wp-content\/uploads\/2022\/10\/camping-sollasi-drone-foto-1536x1024.png 1536w, https:\/\/sollasi.nl\/wp-content\/uploads\/2022\/10\/camping-sollasi-drone-foto-2048x1366.png 2048w, https:\/\/sollasi.nl\/wp-content\/uploads\/2022\/10\/camping-sollasi-drone-foto-289x193.png 289w, https:\/\/sollasi.nl\/wp-content\/uploads\/2022\/10\/camping-sollasi-drone-foto-157x105.png 157w\" sizes=\"auto, (max-width: 744px) 100vw, 744px\" \/><\/div>\r\n<p>[\/vc_column_text][\/vc_column][\/vc_row]<\/p>","protected":false},"excerpt":{"rendered":"<p>[vc_row][vc_column css=&#8220;.vc_custom_1659447463018{padding-top: 25px !important;}&#8220;][vc_custom_heading text=&#8220;CAMPING SOLLASI&#8220; font_container=&#8220;tag:h1|text_align:left&#8220; use_theme_fonts=&#8220;yes&#8220;][vc_column_text]Direkt am Oosterduinse See in Noordwijk, zwischen den Blumenzwiebelfeldern und am Rande von W\u00e4ldern und D\u00fcnen, liegt der Campingplatz Sollasi. Vom Campingplatz aus k\u00f6nnen Sie herrliche Rad- und Wandertouren in der sch\u00f6nen Umgebung unternehmen. Sie k\u00f6nnen auch einen Tag mit Sonne, Meer und Sand am Langevelderslag oder im nahe gelegenen Badeort Noordwijk verbringen.[\/vc_column_text][\/vc_column][\/vc_row][vc_row full_width=&#8220;stretch_row&#8220; css=&#8220;.vc_custom_1666078365362{background-color: #f2f6f9 !important;}&#8220;][vc_column width=&#8220;1\/4&#8243;][vc_icon icon_fontawesome=&#8220;fas fa-dog&#8220; color=&#8220;custom&#8220; align=&#8220;center&#8220; custom_color=&#8220;#b5c773&#8243;][vc_column_text] Hundefreundlich [\/vc_column_text][\/vc_column][vc_column width=&#8220;1\/4&#8243;][vc_icon icon_fontawesome=&#8220;fas fa-umbrella-beach&#8220; color=&#8220;custom&#8220; align=&#8220;center&#8220; custom_color=&#8220;#b5c773&#8243;][vc_column_text] In der &#8230; <\/p>\n<p class=\"read-more-container\"><a title=\"Camping Sollasi\" class=\"read-more button\" href=\"https:\/\/sollasi.nl\/de\/camping-sollasi\/#more-1210\">Read More<span class=\"screen-reader-text\">Camping Sollasi<\/span><\/a><\/p>\n","protected":false},"author":1,"featured_media":0,"parent":0,"menu_order":0,"comment_status":"closed","ping_status":"closed","template":"page-camping-sollasi.php","meta":{"footnotes":""},"class_list":["post-1210","page","type-page","status-publish"],"_links":{"self":[{"href":"https:\/\/sollasi.nl\/de\/wp-json\/wp\/v2\/pages\/1210","targetHints":{"allow":["GET"]}}],"collection":[{"href":"https:\/\/sollasi.nl\/de\/wp-json\/wp\/v2\/pages"}],"about":[{"href":"https:\/\/sollasi.nl\/de\/wp-json\/wp\/v2\/types\/page"}],"author":[{"embeddable":true,"href":"https:\/\/sollasi.nl\/de\/wp-json\/wp\/v2\/users\/1"}],"replies":[{"embeddable":true,"href":"https:\/\/sollasi.nl\/de\/wp-json\/wp\/v2\/comments?post=1210"}],"version-history":[{"count":49,"href":"https:\/\/sollasi.nl\/de\/wp-json\/wp\/v2\/pages\/1210\/revisions"}],"predecessor-version":[{"id":12521,"href":"https:\/\/sollasi.nl\/de\/wp-json\/wp\/v2\/pages\/1210\/revisions\/12521"}],"wp:attachment":[{"href":"https:\/\/sollasi.nl\/de\/wp-json\/wp\/v2\/media?parent=1210"}],"curies":[{"name":"wp","href":"https:\/\/api.w.org\/{rel}","templated":true}]}}