{"id":1212,"date":"2020-01-29T19:33:05","date_gmt":"2020-01-29T19:33:05","guid":{"rendered":"https:\/\/sollasi.nl\/?page_id=1212"},"modified":"2025-11-21T14:39:14","modified_gmt":"2025-11-21T14:39:14","slug":"camping-le-parage","status":"publish","type":"page","link":"https:\/\/sollasi.nl\/de\/camping-le-parage\/","title":{"rendered":"Camping Le Parage"},"content":{"rendered":"<p>[vc_row][vc_column css=&#8220;.vc_custom_1659447463018{padding-top: 25px !important;}&#8220;][vc_custom_heading text=&#8220;CAMPING LE PARAGE&#8220; font_container=&#8220;tag:h1|text_align:left&#8220; use_theme_fonts=&#8220;yes&#8220;][vc_column_text]<\/p>\r\n<p>Der Campingplatz Le Parage liegt in der N\u00e4he von Wald und D\u00fcnen und macht seinem Namen alle Ehre. Das franz\u00f6sische Wort &#8222;le parage&#8220; bedeutet &#8222;das Gebiet hinter den D\u00fcnen&#8220;. Le Parage grenzt direkt an das Naturschutzgebiet &#8218;Hollands Duin&#8216;. Ein kurzer Spaziergang durch dieses Gebiet bringt Sie schnell zu einem der ruhigsten Str\u00e4nde an der niederl\u00e4ndischen K\u00fcste. Ein einzigartiger Ort f\u00fcr einen wunderbaren Urlaub!<\/p>\r\n<p>[\/vc_column_text][\/vc_column][\/vc_row][vc_row full_width=&#8220;stretch_row&#8220; css=&#8220;.vc_custom_1666078148728{background-color: #f2f6f9 !important;}&#8220;][vc_column width=&#8220;1\/4&#8243;][vc_icon icon_fontawesome=&#8220;fas fa-dog&#8220; align=&#8220;center&#8220;][vc_column_text]<\/p>\r\n<p style=\"text-align: center;\"><strong>Hundefreundlich<\/strong><\/p>\r\n<p>[\/vc_column_text][\/vc_column][vc_column width=&#8220;1\/4&#8243;][vc_icon icon_fontawesome=&#8220;fas fa-umbrella-beach&#8220; align=&#8220;center&#8220;][vc_column_text]<\/p>\r\n<p style=\"text-align: center;\"><strong>In der N\u00e4he des Strandes<\/strong><\/p>\r\n<p>[\/vc_column_text][\/vc_column][vc_column width=&#8220;1\/4&#8243;][vc_icon icon_fontawesome=&#8220;fas fa-campground&#8220; align=&#8220;center&#8220;][vc_column_text]<\/p>\r\n<p style=\"text-align: center;\"><strong>Ausgezeichnete Einrichtungen<\/strong><\/p>\r\n<p>[\/vc_column_text][\/vc_column][vc_column width=&#8220;1\/4&#8243;][vc_icon icon_fontawesome=&#8220;fab fa-envira&#8220; align=&#8220;center&#8220;][vc_column_text]<\/p>\r\n<p style=\"text-align: center;\"><strong>Sch\u00f6ne Umgebung<\/strong><\/p>\r\n<p>[\/vc_column_text][\/vc_column][\/vc_row][vc_row][vc_column][vc_empty_space height=&#8220;16px&#8220;][vc_custom_heading text=&#8220;Stellpl\u00e4tze&#8220; use_theme_fonts=&#8220;yes&#8220;][\/vc_column][\/vc_row][vc_row][vc_column width=&#8220;1\/3&#8243;][vc_single_image image=&#8220;7050&#8243; img_size=&#8220;homepage_blokken&#8220; style=&#8220;vc_box_rounded&#8220; onclick=&#8220;custom_link&#8220; link=&#8220;\/de\/camping-le-parage\/reservieren\/&#8220;][vc_column_text]<\/p>\r\n<h2>Touristischer Standort<\/h2>\r\n<ul>\r\n<li>9 mal 9 Meter auf Gras<\/li>\r\n<li>6 Ampere Strom<\/li>\r\n<li>Wasserstelle und kostenloses WiFii<\/li>\r\n<\/ul>\r\n<p>[\/vc_column_text][vc_btn title=&#8220;Jetzt buchen&#8220; color=&#8220;sky&#8220; link=&#8220;url:%2Fde%2Fcamping-le-parage%2Freservieren%2F|title:Jetzt%20buchen&#8220;][\/vc_column][vc_column width=&#8220;1\/3&#8243;][vc_single_image image=&#8220;7053&#8243; img_size=&#8220;homepage_blokken&#8220; style=&#8220;vc_box_rounded&#8220; onclick=&#8220;custom_link&#8220; link=&#8220;\/de\/camping-le-parage\/reservieren\/&#8220;][vc_column_text]<\/p>\r\n<h2>Wohnmobilstellplatz<\/h2>\r\n<ul>\r\n<li>Ger\u00e4umige Stellpl\u00e4tze (9&#215;8 Meter)<\/li>\r\n<li>10 Ampere Strom<\/li>\r\n<li>Wasserhahn und Abfluss<\/li>\r\n<\/ul>\r\n<p>[\/vc_column_text][vc_btn title=&#8220;Zur Buchung&#8220; color=&#8220;sky&#8220; link=&#8220;url:%2Fde%2Fcamping-le-parage%2Freservieren%2F|title:Buchung&#8220;][\/vc_column][vc_column width=&#8220;1\/3&#8243;][vc_single_image image=&#8220;7056&#8243; img_size=&#8220;homepage_blokken&#8220; style=&#8220;vc_box_rounded&#8220; onclick=&#8220;custom_link&#8220; link=&#8220;\/de\/camping-le-parage\/reservieren\/&#8220;][vc_column_text]<\/p>\r\n<h2>Stellplatz<\/h2>\r\n<ul>\r\n<li>Zelt mit maximal 2 Personen<\/li>\r\n<li>Kostenloses WiFi<\/li>\r\n<li>In der Hochsaison nicht verf\u00fcgbar<\/li>\r\n<\/ul>\r\n<p>[\/vc_column_text][vc_btn title=&#8220;Camping buchen&#8220; color=&#8220;sky&#8220; link=&#8220;url:%2Fde%2Fcamping-le-parage%2Freservieren%2F|title:Komm%20campen&#8220;][\/vc_column][\/vc_row][vc_row full_width=&#8220;stretch_row&#8220; css=&#8220;.vc_custom_1666077494158{background-color: #f2f6f9 !important;}&#8220;][vc_column css=&#8220;.vc_custom_1659447463018{padding-top: 25px !important;}&#8220;][vc_custom_heading text=&#8220;Ausgew\u00e4hlt&#8220; use_theme_fonts=&#8220;yes&#8220;][\/vc_column][\/vc_row][vc_row][vc_column width=&#8220;1\/3&#8243;][vc_single_image image=&#8220;7781&#8243; img_size=&#8220;homepage_blokken&#8220; style=&#8220;vc_box_rounded&#8220; onclick=&#8220;custom_link&#8220; link=&#8220;\/de\/camping-sollasi\/ferienhaus-oder-campingplatz-zandvoort-f1\/&#8220;][vc_column_text]<\/p>\r\n<h2>F1-Paket<\/h2>\r\n<ul>\r\n<li>Buchen Sie ein Studio, einen Bungalow oder einen Stellplatz<\/li>\r\n<li>Ausgezeichnete Einrichtungen<\/li>\r\n<li>Mit dem Auto, Fahrrad oder Zug zur Rennstrecke<\/li>\r\n<\/ul>\r\n<p>[\/vc_column_text][vc_btn title=&#8220;Mehr lesen&#8220; color=&#8220;sky&#8220; link=&#8220;url:%2Fde%2Fcamping-sollasi%2Fferienhaus-oder-campingplatz-zandvoort-f1%2F|title:Mehr%20lesen&#8220;][\/vc_column][vc_column width=&#8220;1\/3&#8243;][vc_single_image image=&#8220;7063&#8243; img_size=&#8220;homepage_blokken&#8220; style=&#8220;vc_box_rounded&#8220; onclick=&#8220;custom_link&#8220; link=&#8220;\/de\/camping-le-parage\/ausstattung-campingplatz-le-parage\/&#8220;][vc_column_text]<\/p>\r\n<h2>Einrichtungen<\/h2>\r\n<ul>\r\n<li>Moderne und saubere Sanit\u00e4ranlagen mit Waschsalon<\/li>\r\n<li>T\u00e4glich Br\u00f6tchen aus der \u00f6rtlichen B\u00e4ckerei<\/li>\r\n<\/ul>\r\n<p>[\/vc_column_text][vc_btn title=&#8220;Alle Einrichtungen ansehen&#8220; color=&#8220;sky&#8220; link=&#8220;url:%2Fde%2Fcamping-le-parage%2Fausstattung-campingplatz-le-parage%2F|title:Alle%20Einrichtungen%20ansehen&#8220;][\/vc_column][vc_column width=&#8220;1\/3&#8243;][vc_single_image image=&#8220;7066&#8243; img_size=&#8220;homepage_blokken&#8220; style=&#8220;vc_box_rounded&#8220; onclick=&#8220;custom_link&#8220; link=&#8220;\/de\/unternehmungen-in-der-umgebung\/&#8220;][vc_column_text]<\/p>\r\n<h2>Tipps f\u00fcr die Umgebung<\/h2>\r\n<ul>\r\n<li>Besuchen Sie Noordwijk mit seinem sch\u00f6nen Strand<\/li>\r\n<li>Madurodam gleich um die Ecke<\/li>\r\n<li>Nehmen Sie die Kinder f\u00fcr einen Tag mit nach Duinrell<\/li>\r\n<\/ul>\r\n<p>[\/vc_column_text][vc_btn title=&#8220;Umgebung&#8220; color=&#8220;sky&#8220; link=&#8220;url:%2Fde%2Funternehmungen-in-der-umgebung%2F|title:Umgebung&#8220;][\/vc_column][\/vc_row][vc_row][vc_column][vc_column_text]<\/p>\r\n<h4 class=\"has-vivid-red-color has-text-color wp-block-heading\">\u00a0<\/h4>\r\n<p style=\"text-align: center;\"><\/p>\r\n\r\n<h2 class=\"wp-block-heading\">Willkommen auf dem Campingplatz Le Parage<\/h2>\r\n<p>Le Parage ist ein sch\u00f6n gelegener, ruhiger Campingplatz in Noordwijk mit 34 ger\u00e4umigen Stellpl\u00e4tzen. Die Stellpl\u00e4tze haben Gras, einen 6-Ampere-Stromanschluss und Wasserh\u00e4hne auf den Feldern. Sie k\u00f6nnen Ihr Auto auf einem Parkplatz in der N\u00e4he Ihres Stellplatzes abstellen. Unsere 27 Wohnmobilstellpl\u00e4tze haben feste Grasmatten, einen Wasser- und 10-Ampere-Stromanschluss sowie einen Wasseranschluss.<\/p>\r\n<div><img loading=\"lazy\" decoding=\"async\" class=\"alignnone wp-image-3589\" style=\"width: 150px;\" src=\"https:\/\/sollasi.nl\/wp-content\/uploads\/cs-erkend-anwb-3-ster.jpg\" alt=\"ANWB Camping logo\" width=\"600\" height=\"600\" srcset=\"https:\/\/sollasi.nl\/wp-content\/uploads\/cs-erkend-anwb-3-ster.jpg 600w, https:\/\/sollasi.nl\/wp-content\/uploads\/cs-erkend-anwb-3-ster-300x300.jpg 300w, https:\/\/sollasi.nl\/wp-content\/uploads\/cs-erkend-anwb-3-ster-150x150.jpg 150w\" sizes=\"auto, (max-width: 600px) 100vw, 600px\" \/><\/div>\r\n<div class=\"wp-block-columns\">\r\n<div class=\"wp-block-column\" style=\"flex-basis: 37%;\"><\/div>\r\n<!-- \/wp:post-content --><\/div>\r\n<h2>Hunde sind auf dem Campingplatz in Noordwijk willkommen<\/h2>\r\n<p style=\"text-align: center;\"><!-- \/wp:heading --><\/p>\r\n<p>Hunde sind auch auf dem Campingplatz Le Parage willkommen. Im nahe gelegenen D\u00fcnengebiet sind Hunde in einem bestimmten Bereich erlaubt. Weitere Informationen finden Sie auf der <a href=\"https:\/\/www.noordwijk.info\/de\/noordwijk-entdecken\/praktische-informationen\/hunde\" target=\"_blank\" rel=\"noopener\">Website der Gemeinde Noordwijk<\/a>. Sie k\u00f6nnen auch am Strand mit Ihrem Hund spazieren gehen. Am Strand in der N\u00e4he des Campingplatzes (zwischen den Ausfahrten 25 und 26) darf Ihr Hund das ganze Jahr \u00fcber frei laufen.<\/p>\r\n<p>&nbsp;<\/p>\r\n<p style=\"text-align: center;\"><!-- wp:heading --><\/p>\r\n<div class=\"wp-block-columns\"><!-- wp:column -->\r\n<div class=\"wp-block-column\"><!-- wp:image {\"id\":2302,\"sizeSlug\":\"large\"} --><!-- \/wp:image --><\/div>\r\n<!-- \/wp:column --><\/div>\r\n<h2><!-- \/wp:columns --><img loading=\"lazy\" decoding=\"async\" class=\"alignnone wp-image-7071\" src=\"https:\/\/sollasi.nl\/wp-content\/uploads\/2022\/10\/Camping-Le-Parage-entree-300x200.png\" alt=\"Camping Le Parage entree\" width=\"680\" height=\"453\" srcset=\"https:\/\/sollasi.nl\/wp-content\/uploads\/2022\/10\/Camping-Le-Parage-entree-300x200.png 300w, https:\/\/sollasi.nl\/wp-content\/uploads\/2022\/10\/Camping-Le-Parage-entree-1024x683.png 1024w, https:\/\/sollasi.nl\/wp-content\/uploads\/2022\/10\/Camping-Le-Parage-entree-768x512.png 768w, https:\/\/sollasi.nl\/wp-content\/uploads\/2022\/10\/Camping-Le-Parage-entree-1536x1024.png 1536w, https:\/\/sollasi.nl\/wp-content\/uploads\/2022\/10\/Camping-Le-Parage-entree-2048x1366.png 2048w, https:\/\/sollasi.nl\/wp-content\/uploads\/2022\/10\/Camping-Le-Parage-entree-289x193.png 289w, https:\/\/sollasi.nl\/wp-content\/uploads\/2022\/10\/Camping-Le-Parage-entree-157x105.png 157w\" sizes=\"auto, (max-width: 680px) 100vw, 680px\" \/><\/h2>\r\n<h2>Freie Pl\u00e4tze auf unserem Campingplatz in der N\u00e4he von Zandvoort Formel 1<\/h2>\r\n<p>Ben\u00f6tigen Sie eine Unterkunft f\u00fcr das Formel-1-Wochenende in Zandvoort? Le Parage hat freie Campingpl\u00e4tze. <a href=\"https:\/\/sollasi.nl\/de\/camping-sollasi\/ferienhaus-oder-campingplatz-zandvoort-f1\/\">Weitere Informationen \u00fcber das Formel-1-Wochenende<\/a>.<\/p>\r\n<p style=\"text-align: center;\"><!-- \/wp:paragraph --><\/p>\r\n<p>&nbsp;<\/p>\r\n<p>[\/vc_column_text][\/vc_column][\/vc_row]<\/p>","protected":false},"excerpt":{"rendered":"<p>[vc_row][vc_column css=&#8220;.vc_custom_1659447463018{padding-top: 25px !important;}&#8220;][vc_custom_heading text=&#8220;CAMPING LE PARAGE&#8220; font_container=&#8220;tag:h1|text_align:left&#8220; use_theme_fonts=&#8220;yes&#8220;][vc_column_text] Der Campingplatz Le Parage liegt in der N\u00e4he von Wald und D\u00fcnen und macht seinem Namen alle Ehre. Das franz\u00f6sische Wort &#8222;le parage&#8220; bedeutet &#8222;das Gebiet hinter den D\u00fcnen&#8220;. Le Parage grenzt direkt an das Naturschutzgebiet &#8218;Hollands Duin&#8216;. Ein kurzer Spaziergang durch dieses Gebiet bringt Sie schnell zu einem der ruhigsten Str\u00e4nde an der niederl\u00e4ndischen K\u00fcste. Ein einzigartiger Ort f\u00fcr einen wunderbaren Urlaub! [\/vc_column_text][\/vc_column][\/vc_row][vc_row full_width=&#8220;stretch_row&#8220; css=&#8220;.vc_custom_1666078148728{background-color: #f2f6f9 !important;}&#8220;][vc_column width=&#8220;1\/4&#8243;][vc_icon icon_fontawesome=&#8220;fas fa-dog&#8220; &#8230; <\/p>\n<p class=\"read-more-container\"><a title=\"Camping Le Parage\" class=\"read-more button\" href=\"https:\/\/sollasi.nl\/de\/camping-le-parage\/#more-1212\">Read More<span class=\"screen-reader-text\">Camping Le Parage<\/span><\/a><\/p>\n","protected":false},"author":1,"featured_media":0,"parent":0,"menu_order":0,"comment_status":"closed","ping_status":"closed","template":"page-camping-le-parage.php","meta":{"footnotes":""},"class_list":["post-1212","page","type-page","status-publish"],"_links":{"self":[{"href":"https:\/\/sollasi.nl\/de\/wp-json\/wp\/v2\/pages\/1212","targetHints":{"allow":["GET"]}}],"collection":[{"href":"https:\/\/sollasi.nl\/de\/wp-json\/wp\/v2\/pages"}],"about":[{"href":"https:\/\/sollasi.nl\/de\/wp-json\/wp\/v2\/types\/page"}],"author":[{"embeddable":true,"href":"https:\/\/sollasi.nl\/de\/wp-json\/wp\/v2\/users\/1"}],"replies":[{"embeddable":true,"href":"https:\/\/sollasi.nl\/de\/wp-json\/wp\/v2\/comments?post=1212"}],"version-history":[{"count":48,"href":"https:\/\/sollasi.nl\/de\/wp-json\/wp\/v2\/pages\/1212\/revisions"}],"predecessor-version":[{"id":13279,"href":"https:\/\/sollasi.nl\/de\/wp-json\/wp\/v2\/pages\/1212\/revisions\/13279"}],"wp:attachment":[{"href":"https:\/\/sollasi.nl\/de\/wp-json\/wp\/v2\/media?parent=1212"}],"curies":[{"name":"wp","href":"https:\/\/api.w.org\/{rel}","templated":true}]}}