{"id":12322,"date":"2025-04-25T13:28:04","date_gmt":"2025-04-25T13:28:04","guid":{"rendered":"https:\/\/sollasi.nl\/?page_id=12322"},"modified":"2025-04-25T13:32:50","modified_gmt":"2025-04-25T13:32:50","slug":"camping-leiden","status":"publish","type":"page","link":"https:\/\/sollasi.nl\/de\/camping-leiden\/","title":{"rendered":"Camping Leiden"},"content":{"rendered":"<p>[vc_row][vc_column][vc_column_text]<div id=\"metaslider-id-10511\" style=\"width: 100%;\" class=\"ml-slider-3-108-0 metaslider metaslider-nivo metaslider-10511 ml-slider ms-theme-default\" role=\"region\" aria-label=\"Camping mit Hund in Holland\" data-height=\"495\" data-width=\"1980\">\n    <div id=\"metaslider_container_10511\">\n        <div class='slider-wrapper theme-default'><div class='ribbon'><\/div><div id='metaslider_10511' class='nivoSlider'><img loading=\"lazy\" decoding=\"async\" src=\"https:\/\/sollasi.nl\/wp-content\/uploads\/2024\/05\/camping-mit-hund-in-holland.jpg\" height=\"495\" width=\"1980\" title=\"camping mit hund in holland\" alt=\"camping mit hund in holland am meer\" class=\"slider-10511 slide-10515 msDefaultImage\" \/><img loading=\"lazy\" decoding=\"async\" src=\"https:\/\/sollasi.nl\/wp-content\/uploads\/2023\/12\/camping-zandvoort-sollasi-von-oben-800x200.jpg\" height=\"495\" width=\"1980\" title=\"camping zandvoort sollasi von oben\" alt=\"Camping mit Hund in Holland Sollasi von oben\" class=\"slider-10511 slide-10517 msDefaultImage\" \/><\/div><\/div>\n        \n    <\/div>\n<\/div>[\/vc_column_text][\/vc_column][\/vc_row][vc_row][vc_column width=&#8220;1\/2&#8243;][vc_column_text]Sie m\u00f6chten in der N\u00e4he von Leiden campen und suchen einen ruhigen, gut ausgestatteten Campingplatz in naturnaher Lage? Dann sind Sie bei <strong data-start=\"439\" data-end=\"450\">Sollasi<\/strong> genau richtig. Unser Campingangebot liegt nur etwa 20 Minuten von Leiden entfernt \u2013 ideal f\u00fcr alle, die Natur, Strand und Stadt erleben m\u00f6chten. Ob mit dem Zelt, Wohnwagen oder Wohnmobil: Bei uns campen Sie komfortabel, hundefreundlich und ganz nah an Wald, D\u00fcnen und Meer.[\/vc_column_text][vc_btn title=&#8220;Direkt buchen&#8220; color=&#8220;blue&#8220; link=&#8220;url:https%3A%2F%2Fsollasi.nl%2Fde%2Fcamping-sollasi%2Freservieren%2F|title:Direkt%20buchen&#8220;][vc_single_image image=&#8220;12325&#8243; img_size=&#8220;large&#8220;][vc_column_text]<\/p>\n<h2 data-start=\"731\" data-end=\"779\"><strong data-start=\"735\" data-end=\"779\">Zwei Campingpl\u00e4tze \u2013 viele M\u00f6glichkeiten<\/strong><\/h2>\n<p class=\"\" data-start=\"781\" data-end=\"903\">In Noordwijkerhout, nur eine kurze Autofahrt von Leiden entfernt, erwarten Sie gleich zwei unterschiedliche Campingpl\u00e4tze:<\/p>\n<h3 data-start=\"905\" data-end=\"929\"><strong data-start=\"910\" data-end=\"929\">Camping Sollasi<\/strong><\/h3>\n<ul>\n<li data-start=\"932\" data-end=\"981\">Stellpl\u00e4tze f\u00fcr Zelte, Wohnmobile und Wohnwagen<\/li>\n<li data-start=\"984\" data-end=\"1024\">Auf Wunsch mit privaten Sanit\u00e4ranlagen<\/li>\n<li data-start=\"1027\" data-end=\"1071\">Gepflegtes Gel\u00e4nde mit viel Platz und Ruhe<\/li>\n<li data-start=\"1074\" data-end=\"1097\">Hunde sind willkommen<\/li>\n<li data-start=\"1100\" data-end=\"1116\">WLAN inklusive<\/li>\n<\/ul>\n<h3 data-start=\"1118\" data-end=\"1144\"><strong data-start=\"1123\" data-end=\"1144\">Camping Le Parage<\/strong><\/h3>\n<ul>\n<li data-start=\"1147\" data-end=\"1168\">Direkt an den D\u00fcnen<\/li>\n<li data-start=\"1171\" data-end=\"1201\">Besonders ruhig und naturnah<\/li>\n<li data-start=\"1204\" data-end=\"1256\">Ideal f\u00fcr G\u00e4ste, die gerne wandern oder Rad fahren<\/li>\n<li data-start=\"1259\" data-end=\"1307\">Ger\u00e4umige Stellpl\u00e4tze mit nat\u00fcrlichem Schatten<\/li>\n<li data-start=\"1310\" data-end=\"1337\">Ebenfalls hundefreundlich<\/li>\n<\/ul>\n<p class=\"\" data-start=\"1339\" data-end=\"1519\">Egal, f\u00fcr welchen Platz Sie sich entscheiden \u2013 beides sind gute Ausgangspunkte f\u00fcr einen <strong data-start=\"1428\" data-end=\"1456\">Campingurlaub bei Leiden<\/strong>, bei dem Erholung und Entdeckungen gleicherma\u00dfen m\u00f6glich sind.<\/p>\n<p>[\/vc_column_text][\/vc_column][vc_column width=&#8220;1\/2&#8243;][vc_column_text]<\/p>\n<h2 data-start=\"1526\" data-end=\"1577\"><strong data-start=\"1530\" data-end=\"1577\">Warum Camping bei Leiden eine gute Wahl ist<\/strong><\/h2>\n<p class=\"\" data-start=\"1579\" data-end=\"1876\">Leiden ist eine charmante Stadt mit historischem Flair, gem\u00fctlichen Grachten und spannenden Museen \u2013 darunter das Rijksmuseum van Oudheden oder das Naturalis Biodiversity Center. F\u00fcr Urlauber, die Kultur und Natur verbinden m\u00f6chten, ist <strong data-start=\"1816\" data-end=\"1838\">Camping bei Leiden<\/strong> eine praktische und reizvolle Option.<\/p>\n<p class=\"\" data-start=\"1878\" data-end=\"2071\">Von Sollasi aus erreichen Sie Leiden schnell mit dem Auto oder sogar mit dem Rad \u2013 unterwegs entdecken Sie die typisch holl\u00e4ndische Landschaft mit Tulpenfeldern, Windm\u00fchlen und kleinen D\u00f6rfern.<\/p>\n<p>[\/vc_column_text][vc_column_text]<\/p>\n<h2 data-start=\"2078\" data-end=\"2124\"><strong data-start=\"2082\" data-end=\"2124\">Zwischen Strand, See und Blumenfeldern<\/strong><\/h2>\n<p class=\"\" data-start=\"2126\" data-end=\"2457\">Unser Campinggel\u00e4nde liegt nur wenige Minuten vom <strong data-start=\"2176\" data-end=\"2197\">Oosterduinse Meer<\/strong> entfernt \u2013 ein beliebter Ort zum Spazierengehen, Picknicken oder einfach die Ruhe genie\u00dfen. Auch der breite Sandstrand der Nordsee ist gut erreichbar, ebenso wie die farbenfrohen Blumenfelder des Bollenstreek, die besonders im Fr\u00fchjahr einen Besuch wert sind.<\/p>\n<p class=\"\" data-start=\"2459\" data-end=\"2605\">F\u00fcr Radfahrer gibt es zahlreiche gut ausgebaute Routen durch die D\u00fcnen und entlang der K\u00fcste. Gerne k\u00f6nnen Sie direkt bei uns Fahrr\u00e4der ausleihen.<\/p>\n<p>[\/vc_column_text][vc_column_text]<\/p>\n<h2 data-start=\"2612\" data-end=\"2667\"><strong data-start=\"2616\" data-end=\"2667\">Praktisch f\u00fcr Familien, Paare und Hundebesitzer<\/strong><\/h2>\n<p class=\"\" data-start=\"2669\" data-end=\"2920\">Unsere Campingpl\u00e4tze sind ideal f\u00fcr alle, die unkompliziert und entspannt Urlaub machen m\u00f6chten. Familien sch\u00e4tzen die naturnahe Umgebung, Paare genie\u00dfen die Ruhe und N\u00e4he zum Meer \u2013 und f\u00fcr <a href=\"https:\/\/sollasi.nl\/de\/camping-mit-hund-in-holland\/\">Camping mit Hund und Holland<\/a> finden Sie bei uns ebenfalls ideale Bedingungen.<\/p>\n<p>[\/vc_column_text][vc_column_text]<\/p>\n<h2 data-start=\"142\" data-end=\"199\"><strong data-start=\"146\" data-end=\"199\">Camping Leiden \u2013 Natur, Strand und Stadt ganz nah<\/strong><\/h2>\n<p class=\"\" data-start=\"201\" data-end=\"665\">Ob Sie morgens durch die D\u00fcnen joggen, nachmittags am Strand entspannen oder abends durch die Gassen von Leiden schlendern m\u00f6chten \u2013 bei uns ist all das in einem Urlaub m\u00f6glich. Unsere Campingpl\u00e4tze bieten Ihnen nicht nur gro\u00dfz\u00fcgige Stellpl\u00e4tze und moderne Sanit\u00e4ranlagen, sondern auch echte Ruhe, kurze Wege zum Meer und die N\u00e4he zu einer der sch\u00f6nsten St\u00e4dte S\u00fcdhollands. Hunde d\u00fcrfen mit, WLAN ist inklusive, und ein Fahrradverleih vor Ort macht Sie flexibel.<\/p>\n<p>[\/vc_column_text][vc_btn title=&#8220;Direkt buchen&#8220; color=&#8220;blue&#8220; link=&#8220;url:https%3A%2F%2Fsollasi.nl%2Fde%2Fcamping-sollasi%2Freservieren%2F|title:Direkt%20buchen&#8220;][\/vc_column][vc_column][\/vc_column][\/vc_row]<\/p>\n","protected":false},"excerpt":{"rendered":"<p>[vc_row][vc_column][vc_column_text][\/vc_column_text][\/vc_column][\/vc_row][vc_row][vc_column width=&#8220;1\/2&#8243;][vc_column_text]Sie m\u00f6chten in der N\u00e4he von Leiden campen und suchen einen ruhigen, gut ausgestatteten Campingplatz in naturnaher Lage? Dann sind Sie bei Sollasi genau richtig. Unser Campingangebot liegt nur etwa 20 Minuten von Leiden entfernt \u2013 ideal f\u00fcr alle, die Natur, Strand und Stadt erleben m\u00f6chten. Ob mit dem Zelt, Wohnwagen oder Wohnmobil: Bei uns campen Sie komfortabel, hundefreundlich und ganz nah an Wald, D\u00fcnen und Meer.[\/vc_column_text][vc_btn title=&#8220;Direkt buchen&#8220; color=&#8220;blue&#8220; link=&#8220;url:https%3A%2F%2Fsollasi.nl%2Fde%2Fcamping-sollasi%2Freservieren%2F|title:Direkt%20buchen&#8220;][vc_single_image image=&#8220;12325&#8243; img_size=&#8220;large&#8220;][vc_column_text] Zwei Campingpl\u00e4tze \u2013 viele M\u00f6glichkeiten In &#8230; <\/p>\n<p class=\"read-more-container\"><a title=\"Camping Leiden\" class=\"read-more button\" href=\"https:\/\/sollasi.nl\/de\/camping-leiden\/#more-12322\">Read More<span class=\"screen-reader-text\">Camping Leiden<\/span><\/a><\/p>\n","protected":false},"author":5,"featured_media":0,"parent":0,"menu_order":0,"comment_status":"closed","ping_status":"closed","template":"","meta":{"footnotes":""},"class_list":["post-12322","page","type-page","status-publish"],"_links":{"self":[{"href":"https:\/\/sollasi.nl\/de\/wp-json\/wp\/v2\/pages\/12322","targetHints":{"allow":["GET"]}}],"collection":[{"href":"https:\/\/sollasi.nl\/de\/wp-json\/wp\/v2\/pages"}],"about":[{"href":"https:\/\/sollasi.nl\/de\/wp-json\/wp\/v2\/types\/page"}],"author":[{"embeddable":true,"href":"https:\/\/sollasi.nl\/de\/wp-json\/wp\/v2\/users\/5"}],"replies":[{"embeddable":true,"href":"https:\/\/sollasi.nl\/de\/wp-json\/wp\/v2\/comments?post=12322"}],"version-history":[{"count":3,"href":"https:\/\/sollasi.nl\/de\/wp-json\/wp\/v2\/pages\/12322\/revisions"}],"predecessor-version":[{"id":12328,"href":"https:\/\/sollasi.nl\/de\/wp-json\/wp\/v2\/pages\/12322\/revisions\/12328"}],"wp:attachment":[{"href":"https:\/\/sollasi.nl\/de\/wp-json\/wp\/v2\/media?parent=12322"}],"curies":[{"name":"wp","href":"https:\/\/api.w.org\/{rel}","templated":true}]}}