{"id":12798,"date":"2025-10-29T08:08:08","date_gmt":"2025-10-29T08:08:08","guid":{"rendered":"https:\/\/sollasi.nl\/?page_id=12798"},"modified":"2026-01-05T13:17:17","modified_gmt":"2026-01-05T13:17:17","slug":"preise-camping-sollasi-2026","status":"publish","type":"page","link":"https:\/\/sollasi.nl\/de\/preise-camping-sollasi-2026\/","title":{"rendered":"Preise camping sollasi"},"content":{"rendered":"<h1>Preise camping Sollasi 2026<\/h1>\n<div class=\"vc_row wpb_row vc_row-fluid\">\n<div class=\"wpb_column vc_column_container vc_col-sm-12\">\n<div class=\"vc_column-inner\">\n<div class=\"wpb_wrapper\">\n<div class=\"wpb_text_column wpb_content_element \">\n<div class=\"wpb_wrapper\">\n<p>Die Preise verstehen sich pro \u00dcbernachtung f\u00fcr 2 Personen und mit Ausnahme der Arrangements.<br \/>\nBei einem verk\u00fcrzten Aufenthalt innerhalb eines Arrangements wird der volle Preis des Arrangements berechnet.<br \/>\nJugendliche unter 18 Jahren sind ohne Aufsicht nicht gestattet.<\/p>\n<p>&nbsp;<\/p>\n<h2>Komfortabler Stellplatz<\/h2>\n<p><em>Inklusive Strom, Wasser und WLAN auf dem Stellplatz.<\/em><\/p>\n<h6>In der Zeit vom 10. Juli bis zum 20. August ist es nur m\u00f6glich, ab einem Minimum von 3 N\u00e4chten zu buchen.<\/h6>\n<figure class=\"wp-block-table\">\n<table>\n<tbody>\n<tr>\n<td><strong>Saison<\/strong><\/td>\n<td class=\"has-text-align-center\" data-align=\"center\"><strong>Wochentage (So \u2013 Do)<\/strong><\/td>\n<td class=\"has-text-align-center\" data-align=\"center\"><strong>Wochenendtage (Fr \u2013 Sam)<\/strong><\/td>\n<\/tr>\n<tr>\n<td>1. M\u00e4rz bis 19. M\u00e4rz<\/td>\n<td class=\"has-text-align-center\" data-align=\"center\">\u20ac 24,-<\/td>\n<td class=\"has-text-align-center\" data-align=\"center\">\u20ac 24,-<\/td>\n<\/tr>\n<tr>\n<td>19. M\u00e4rz bis 3. April<\/td>\n<td class=\"has-text-align-center\" data-align=\"center\">\u20ac 26,50<\/td>\n<td class=\"has-text-align-center\" data-align=\"center\">\u20ac 34,-<\/td>\n<\/tr>\n<tr>\n<td>3. April bis 10. Mai<\/td>\n<td class=\"has-text-align-center\" data-align=\"center\">\u20ac 39,50<\/td>\n<td class=\"has-text-align-center\" data-align=\"center\">\u20ac 39,50<\/td>\n<\/tr>\n<tr>\n<td>10. mai bis 10. Juli<\/td>\n<td class=\"has-text-align-center\" data-align=\"center\">\u20ac 26,50<\/td>\n<td class=\"has-text-align-center\" data-align=\"center\">\u20ac 34,-<\/td>\n<\/tr>\n<tr>\n<td>10. Juli bis 21. August<\/td>\n<td class=\"has-text-align-center\" data-align=\"center\">\u20ac 39.50<\/td>\n<td class=\"has-text-align-center\" data-align=\"center\">\u20ac 39,50<\/td>\n<\/tr>\n<tr>\n<td>21. August bis 20. September<\/td>\n<td class=\"has-text-align-center\" data-align=\"center\">\u20ac 26,50<\/td>\n<td class=\"has-text-align-center\" data-align=\"center\">\u20ac 34,-<\/td>\n<\/tr>\n<tr>\n<td>20. September bis 31. October<\/td>\n<td class=\"has-text-align-center\" data-align=\"center\">\u20ac 24,-<\/td>\n<td class=\"has-text-align-center\" data-align=\"center\">\u20ac 24,-<\/td>\n<\/tr>\n<\/tbody>\n<\/table>\n<\/figure>\n<h2>Stellplatz mit privaten Sanit\u00e4ranlagen<\/h2>\n<p><em>Inklusive Strom, Wasser und kostenlosem WLAN auf dem Stellplatz. Buchbar ab 3 N\u00e4chten. Bitte beachten Sie: Bei einer Buchung des Stellplatzes mit Privatsanit\u00e4r erheben wir eine Kaution von \u20ac 25,-.<\/em><\/p>\n<h6>In der Zeit vom 10. Juli bis zum 20. August ist es nur m\u00f6glich, ab einem Minimum von 3 N\u00e4chten zu buchen.<\/h6>\n<figure class=\"wp-block-table\">\n<table>\n<tbody>\n<tr>\n<td><strong>Saison<\/strong><\/td>\n<td class=\"has-text-align-center\" data-align=\"center\"><strong>Wochentage (So \u2013 Do)<\/strong><\/td>\n<td class=\"has-text-align-center\" data-align=\"center\"><strong>Wochenendtage (Fr \u2013 Sam)<\/strong><\/td>\n<\/tr>\n<tr>\n<td>1. M\u00e4rz bis 19. M\u00e4rz<\/td>\n<td class=\"has-text-align-center\" data-align=\"center\">\u20ac 39.-<\/td>\n<td class=\"has-text-align-center\" data-align=\"center\">\u20ac 39,-<\/td>\n<\/tr>\n<tr>\n<td>19. M\u00e4rz bis 3. April<\/td>\n<td class=\"has-text-align-center\" data-align=\"center\">\u20ac 42,50<\/td>\n<td class=\"has-text-align-center\" data-align=\"center\">\u20ac 50,-<\/td>\n<\/tr>\n<tr>\n<td>3. April bis 10. Mai<\/td>\n<td class=\"has-text-align-center\" data-align=\"center\">\u20ac 56,-<\/td>\n<td class=\"has-text-align-center\" data-align=\"center\">\u20ac 56,-<\/td>\n<\/tr>\n<tr>\n<td>10. mai bis 10. Juli<\/td>\n<td class=\"has-text-align-center\" data-align=\"center\">\u20ac 42,50<\/td>\n<td class=\"has-text-align-center\" data-align=\"center\">\u20ac 50,-<\/td>\n<\/tr>\n<tr>\n<td>10. Juli bis 21. August<\/td>\n<td class=\"has-text-align-center\" data-align=\"center\">\u20ac 56,-<\/td>\n<td class=\"has-text-align-center\" data-align=\"center\">\u20ac 56,-<\/td>\n<\/tr>\n<tr>\n<td>21. August bis 20. September<\/td>\n<td class=\"has-text-align-center\" data-align=\"center\">\u20ac 42,50<\/td>\n<td class=\"has-text-align-center\" data-align=\"center\">\u20ac 50,-<\/td>\n<\/tr>\n<tr>\n<td>20. September bis 31. October<\/td>\n<td class=\"has-text-align-center\" data-align=\"center\">\u20ac 39,-<\/td>\n<td class=\"has-text-align-center\" data-align=\"center\">\u20ac 39,-<\/td>\n<\/tr>\n<\/tbody>\n<\/table>\n<\/figure>\n<h2>Zeltplatz<\/h2>\n<p>F\u00fcr ein Zelt (max. 2 Personen) ohne Strom und Wasserstelle am Platz. Mit kostenfreiem WLAN auf dem Stellplatz.<\/p>\n<figure class=\"wp-block-table\">\n<table>\n<tbody>\n<tr>\n<td><strong>Saison<\/strong><\/td>\n<td class=\"has-text-align-center\" data-align=\"center\"><strong>Wochentage (So \u2013 Do)<\/strong><\/td>\n<td class=\"has-text-align-center\" data-align=\"center\"><strong>Wochenendtage (Fr \u2013 Sam)<\/strong><\/td>\n<\/tr>\n<tr>\n<td>1. M\u00e4rz bis 19. M\u00e4rz<\/td>\n<td class=\"has-text-align-center\" data-align=\"center\">\u20ac 20,-<\/td>\n<td class=\"has-text-align-center\" data-align=\"center\">\u20ac 20,-<\/td>\n<\/tr>\n<tr>\n<td>19. M\u00e4rz bis 3. April<\/td>\n<td class=\"has-text-align-center\" data-align=\"center\">\u20ac 20,-<\/td>\n<td class=\"has-text-align-center\" data-align=\"center\">\u20ac 20,-<\/td>\n<\/tr>\n<tr>\n<td>3. April bis 10. Mai<\/td>\n<td class=\"has-text-align-center\" data-align=\"center\">\u20ac 22,50<\/td>\n<td class=\"has-text-align-center\" data-align=\"center\">\u20ac 22,50<\/td>\n<\/tr>\n<tr>\n<td>10. mai bis 10. Juli<\/td>\n<td class=\"has-text-align-center\" data-align=\"center\">\u20ac 22,50<\/td>\n<td class=\"has-text-align-center\" data-align=\"center\">\u20ac 22,50<\/td>\n<\/tr>\n<tr>\n<td>10. Juli bis 21. August<\/td>\n<td class=\"has-text-align-center\" data-align=\"center\">\u20ac 25,-<\/td>\n<td class=\"has-text-align-center\" data-align=\"center\">\u20ac 25,-<\/td>\n<\/tr>\n<tr>\n<td>21. August bis 20. September<\/td>\n<td class=\"has-text-align-center\" data-align=\"center\">\u20ac 22,50<\/td>\n<td class=\"has-text-align-center\" data-align=\"center\">\u20ac 22,50<\/td>\n<\/tr>\n<tr>\n<td>20. September bis 31. October<\/td>\n<td class=\"has-text-align-center\" data-align=\"center\">\u20ac 20,-<\/td>\n<td class=\"has-text-align-center\" data-align=\"center\">\u20ac 20,-<\/td>\n<\/tr>\n<\/tbody>\n<\/table>\n<\/figure>\n<p>&nbsp;<\/p>\n<table>\n<tbody>\n<tr>\n<td>Kurtaxe (verpflichtet)<\/td>\n<td class=\"has-text-align-center\" data-align=\"center\">\u20ac 1,80<\/td>\n<td class=\"has-text-align-center\" data-align=\"center\">pro Person (zu bestimmen)<\/td>\n<\/tr>\n<tr>\n<td>Extra Personen (ab 3 Personen)<\/td>\n<td class=\"has-text-align-center\" data-align=\"center\">\u20ac 5,00<\/td>\n<td class=\"has-text-align-center\" data-align=\"center\">pro Person<\/td>\n<\/tr>\n<tr>\n<td>Hund (an der Leine, max. 2)<\/td>\n<td class=\"has-text-align-center\" data-align=\"center\">\u20ac 3,50<\/td>\n<td class=\"has-text-align-center\" data-align=\"center\">pro Hunde<\/td>\n<\/tr>\n<tr>\n<td>Extra Zelt auf dem Platz<\/td>\n<td class=\"has-text-align-center\" data-align=\"center\">\u20ac 5,00<\/td>\n<td class=\"has-text-align-center\" data-align=\"center\">pro Zelt<\/td>\n<\/tr>\n<tr>\n<td><a title=\"Stornogeb\u00fchr\" href=\"https:\/\/sollasi.nl\/wp-content\/uploads\/2024\/10\/annulering-duits.pdf\" data-schema-attribute=\"about\">Stornogeb\u00fchr \u21d2<\/a><\/td>\n<td class=\"has-text-align-center\" data-align=\"center\">5%<\/td>\n<td class=\"has-text-align-center\" data-align=\"center\">der Unterkunft Kosten<\/td>\n<\/tr>\n<\/tbody>\n<\/table>\n<h2>Arrangements<\/h2>\n<figure class=\"wp-block-table\">\n<table>\n<tbody>\n<tr>\n<td><\/td>\n<td><\/td>\n<td>Komfortabler Stellplatz<\/td>\n<td>Stellplatz mit Privatsanit\u00e4r<\/td>\n<td>Zeltplatz<\/td>\n<\/tr>\n<tr>\n<td>Ostern<\/td>\n<td>04-04 bis 06-04<\/td>\n<td>\u20ac 150,-<\/td>\n<td>\u20ac 210,-<\/td>\n<td>\u20ac 75,-<\/td>\n<\/tr>\n<tr>\n<td>Blumenkorso<\/td>\n<td>17-04 bis 20-04<\/td>\n<td>\u20ac 150,-<\/td>\n<td>\u20ac 210,-<\/td>\n<td>\u20ac 75,-<\/td>\n<\/tr>\n<tr>\n<td>Himmelfahrt<\/td>\n<td>13-05 bis 17-05<\/td>\n<td>\u20ac 190,-<\/td>\n<td>\u20ac 260,-<\/td>\n<td>\u20ac 100,-<\/td>\n<\/tr>\n<tr>\n<td>Pfingsten<\/td>\n<td>22-05 bis 25-05<\/td>\n<td>\u20ac150,-<\/td>\n<td>\u20ac 210,-<\/td>\n<td>\u20ac 75,-<\/td>\n<\/tr>\n<tr>\n<td>Formel 1 ab der 3. Person \u20ac 35,00 pro Person<\/td>\n<td>21-08 bis 24-08<\/td>\n<td>\u20ac 375,-<\/td>\n<td>\u20ac 460,-<\/td>\n<td>\u20ac 250,-<\/td>\n<\/tr>\n<\/tbody>\n<\/table>\n<p>F\u00fcr k\u00fcrzere Buchungen innerhalb eines Pakets zahlen Sie den vollen Paketpreis<\/figure>\n<h2>Saisonplatz \u2013 vom 1. M\u00e4rz bis 1. November 2026<\/h2>\n<p>Auf dem Campingplatz Sollasi sind im Jahr 2025 keine Saisonpl\u00e4tze mehr verf\u00fcgbar.<\/p>\n<p><em>\u00c4nderungen vorbehalten.<\/em><\/p>\n<p>&nbsp;<\/p>\n<\/div>\n<\/div>\n<\/div>\n<\/div>\n<\/div>\n<\/div>\n","protected":false},"excerpt":{"rendered":"<p>Preise camping Sollasi 2026 Die Preise verstehen sich pro \u00dcbernachtung f\u00fcr 2 Personen und mit Ausnahme der Arrangements. Bei einem verk\u00fcrzten Aufenthalt innerhalb eines Arrangements wird der volle Preis des Arrangements berechnet. Jugendliche unter 18 Jahren sind ohne Aufsicht nicht gestattet. &nbsp; Komfortabler Stellplatz Inklusive Strom, Wasser und WLAN auf dem Stellplatz. In der Zeit vom 10. Juli bis zum 20. August ist es nur m\u00f6glich, ab einem Minimum von 3 N\u00e4chten zu buchen. Saison Wochentage (So \u2013 Do) Wochenendtage &#8230; <\/p>\n<p class=\"read-more-container\"><a title=\"Preise camping sollasi\" class=\"read-more button\" href=\"https:\/\/sollasi.nl\/de\/preise-camping-sollasi-2026\/#more-12798\">Read More<span class=\"screen-reader-text\">Preise camping sollasi<\/span><\/a><\/p>\n","protected":false},"author":1,"featured_media":10821,"parent":0,"menu_order":0,"comment_status":"closed","ping_status":"closed","template":"","meta":{"footnotes":""},"class_list":["post-12798","page","type-page","status-publish","has-post-thumbnail"],"_links":{"self":[{"href":"https:\/\/sollasi.nl\/de\/wp-json\/wp\/v2\/pages\/12798","targetHints":{"allow":["GET"]}}],"collection":[{"href":"https:\/\/sollasi.nl\/de\/wp-json\/wp\/v2\/pages"}],"about":[{"href":"https:\/\/sollasi.nl\/de\/wp-json\/wp\/v2\/types\/page"}],"author":[{"embeddable":true,"href":"https:\/\/sollasi.nl\/de\/wp-json\/wp\/v2\/users\/1"}],"replies":[{"embeddable":true,"href":"https:\/\/sollasi.nl\/de\/wp-json\/wp\/v2\/comments?post=12798"}],"version-history":[{"count":16,"href":"https:\/\/sollasi.nl\/de\/wp-json\/wp\/v2\/pages\/12798\/revisions"}],"predecessor-version":[{"id":13432,"href":"https:\/\/sollasi.nl\/de\/wp-json\/wp\/v2\/pages\/12798\/revisions\/13432"}],"wp:featuredmedia":[{"embeddable":true,"href":"https:\/\/sollasi.nl\/de\/wp-json\/wp\/v2\/media\/10821"}],"wp:attachment":[{"href":"https:\/\/sollasi.nl\/de\/wp-json\/wp\/v2\/media?parent=12798"}],"curies":[{"name":"wp","href":"https:\/\/api.w.org\/{rel}","templated":true}]}}