{"id":12916,"date":"2025-10-28T12:15:02","date_gmt":"2025-10-28T12:15:02","guid":{"rendered":"https:\/\/sollasi.nl\/?page_id=12916"},"modified":"2026-02-16T10:53:38","modified_gmt":"2026-02-16T10:53:38","slug":"unsere-ferienhaeuser-studios","status":"publish","type":"page","link":"https:\/\/sollasi.nl\/de\/unsere-ferienhaeuser-studios\/","title":{"rendered":"Unsere Ferienh\u00e4user &#038; Studios"},"content":{"rendered":"<p>[vc_row][vc_column][vc_column_text]<\/p>\r\n<h2>Unsere Ferienh\u00e4user &amp; Studios<\/h2>\r\n<p>Unser Bungalowpark ist gro\u00dfz\u00fcgig angelegt und bietet verschiedene Arten von Ferienh\u00e4usern und Studios. Alle Ferienh\u00e4user bieten ein hohes Ma\u00df an Privatsph\u00e4re und sind von Gr\u00fcnfl\u00e4chen umgeben. Der Bungalowpark liegt zwischen Blumenfeldern und neben dem Oosterduinse Meer. Der Wald, die D\u00fcnen und der Strand sind zu Fu\u00df oder mit dem Fahrrad erreichbar.[\/vc_column_text][\/vc_column][\/vc_row][vc_row][vc_column width=&#8220;1\/2&#8243;][vc_column_text]<\/p>\r\n<h2>Komfortbungalow f\u00fcr 4 Personen<\/h2>\r\n<p>[\/vc_column_text][vc_column_text]<\/p>\r\n<div id=\"metaslider-id-13376\" style=\"width: 100%;\" class=\"ml-slider-3-107-0 metaslider metaslider-flex metaslider-13376 ml-slider ms-theme-default-base nav-hidden\" role=\"region\" aria-label=\"comfort\" data-height=\"450\" data-width=\"700\">\n    <div id=\"metaslider_container_13376\">\n        <div id=\"metaslider_13376\">\n            <ul aria-live='off' class='slides'>\n                <li style=\"display: block; width: 100%;\" class=\"slide-13377 ms-image \" aria-roledescription=\"slide\" data-date=\"2025-11-26 14:08:33\" data-filename=\"Bungalowpark-Sollasi-Comfort-bungalow-1-scaled-1-700x450.jpg\" data-slide-type=\"image\"><img loading=\"lazy\" decoding=\"async\" src=\"https:\/\/sollasi.nl\/wp-content\/uploads\/2025\/11\/Bungalowpark-Sollasi-Comfort-bungalow-1-scaled-1-700x450.jpg\" height=\"450\" width=\"700\" alt=\"Huur bungalow Noordwijk\" class=\"slider-13376 slide-13377 msDefaultImage\" title=\"Bungalowpark-Sollasi-Comfort-bungalow-1-scaled (1)\" \/><\/li>\n                <li style=\"display: none; width: 100%;\" class=\"slide-13378 ms-image \" aria-roledescription=\"slide\" data-date=\"2025-11-26 14:08:41\" data-filename=\"tuin-1-scaled-700x450.jpg\" data-slide-type=\"image\"><img loading=\"lazy\" decoding=\"async\" src=\"https:\/\/sollasi.nl\/wp-content\/uploads\/tuin-1-scaled-700x450.jpg\" height=\"450\" width=\"700\" alt=\"Huur bungalow Noordwijk\" class=\"slider-13376 slide-13378 msDefaultImage\" title=\"bungalow comfort tuin\" \/><\/li>\n                <li style=\"display: none; width: 100%;\" class=\"slide-13379 ms-image \" aria-roledescription=\"slide\" data-date=\"2025-11-26 14:08:51\" data-filename=\"Bungalowpark-Sollasi-Comfort-bungalow-slaapkamer-700x450.jpg\" data-slide-type=\"image\"><img loading=\"lazy\" decoding=\"async\" src=\"https:\/\/sollasi.nl\/wp-content\/uploads\/Bungalowpark-Sollasi-Comfort-bungalow-slaapkamer-700x450.jpg\" height=\"450\" width=\"700\" alt=\"Vakantie Noordwijk\" class=\"slider-13376 slide-13379 msDefaultImage\" title=\"slaapkamer 2 comfort\" \/><\/li>\n                <li style=\"display: none; width: 100%;\" class=\"slide-13380 ms-image \" aria-roledescription=\"slide\" data-date=\"2025-11-26 14:10:48\" data-filename=\"Bungalowpark-Sollasi-Comfort-bungalow-keuken-700x450.jpg\" data-slide-type=\"image\"><img loading=\"lazy\" decoding=\"async\" src=\"https:\/\/sollasi.nl\/wp-content\/uploads\/Bungalowpark-Sollasi-Comfort-bungalow-keuken-700x450.jpg\" height=\"450\" width=\"700\" alt=\"Verblijf bungalow Noordwijk\" class=\"slider-13376 slide-13380 msDefaultImage\" title=\"keuken comfort\" \/><\/li>\n                <li style=\"display: none; width: 100%;\" class=\"slide-13381 ms-image \" aria-roledescription=\"slide\" data-date=\"2025-11-26 14:10:51\" data-filename=\"Bungalowpark-Sollasi-Comfort-bungalow-badkamer-scaled-700x450.jpg\" data-slide-type=\"image\"><img loading=\"lazy\" decoding=\"async\" src=\"https:\/\/sollasi.nl\/wp-content\/uploads\/Bungalowpark-Sollasi-Comfort-bungalow-badkamer-scaled-700x450.jpg\" height=\"450\" width=\"700\" alt=\"bungalow vakantie Noordwijk\" class=\"slider-13376 slide-13381 msDefaultImage\" title=\"badkamer comfort\" \/><\/li>\n            <\/ul>\n        <\/div>\n        \n    <\/div>\n<\/div>\r\n<p>[\/vc_column_text][vc_column_text]<\/p>\r\n<h4><span style=\"color: #000080;\"><strong>Comfort bungalow<\/strong><\/span><\/h4>\r\n<h5>Max. 4 Personen | kostenloses WLAN | Hunde erlaubt<\/h5>\r\n<ul>\r\n<li>Luxuri\u00f6ses freistehendes Ferienhaus mit Garten und Schuppen<\/li>\r\n<li>K\u00fcche mit Geschirrsp\u00fcler und nespresso kaffeemaschine<\/li>\r\n<li>2 Schlafzimmer mit Klimaanlage<\/li>\r\n<li>Luxuri\u00f6ses Badezimmer mit Regendusche und Toilette<\/li>\r\n<\/ul>\r\n<div class=\"wp-block-column\" style=\"flex-basis: 65%;\">\r\n<div class=\"wp-block-button alignright\" style=\"text-align: left;\"><a class=\"wp-block-button__link has-text-color has-background\" style=\"background-color: #003056; color: #ffffff;\" href=\"https:\/\/sollasi.nl\/de\/bungalowpark-sollasi\/unterkunfte\/komfort-bungalow-fuer-4-personen\/\">Weitere Informationen<\/a><\/div>\r\n<\/div>\r\n<p>[\/vc_column_text][\/vc_column][vc_column width=&#8220;1\/2&#8243;][vc_column_text]<\/p>\r\n<h2>Studio f\u00fcr 2 Personen<\/h2>\r\n<p>[\/vc_column_text][vc_column_text]<\/p>\r\n<div id=\"metaslider-id-13382\" style=\"width: 100%;\" class=\"ml-slider-3-107-0 metaslider metaslider-flex metaslider-13382 ml-slider ms-theme-default-base nav-hidden nav-hidden\" role=\"region\" aria-label=\"Studio\" data-height=\"450\" data-width=\"700\">\n    <div id=\"metaslider_container_13382\">\n        <div id=\"metaslider_13382\">\n            <ul aria-live='off' class='slides'>\n                <li style=\"display: block; width: 100%;\" class=\"slide-13383 ms-image \" aria-roledescription=\"slide\" data-date=\"2025-11-26 14:20:17\" data-filename=\"sollasi-parc-studios-woonkamer-384x255-2-700x450.jpg\" data-slide-type=\"image\"><img loading=\"lazy\" decoding=\"async\" src=\"https:\/\/sollasi.nl\/wp-content\/uploads\/sollasi-parc-studios-woonkamer-384x255-2-700x450.jpg\" height=\"450\" width=\"700\" alt=\"studio huur Noordwijk\" class=\"slider-13382 slide-13383 msDefaultImage\" title=\"woonkamer studio\" \/><\/li>\n                <li style=\"display: none; width: 100%;\" class=\"slide-13384 ms-image \" aria-roledescription=\"slide\" data-date=\"2025-11-26 14:20:31\" data-filename=\"Parc-Studio-6-woonkamer-384x255-2-700x450.jpg\" data-slide-type=\"image\"><img loading=\"lazy\" decoding=\"async\" src=\"https:\/\/sollasi.nl\/wp-content\/uploads\/Parc-Studio-6-woonkamer-384x255-2-700x450.jpg\" height=\"450\" width=\"700\" alt=\"studio huur Noordwijk\" class=\"slider-13382 slide-13384 msDefaultImage\" title=\"Studio woonkamer\" \/><\/li>\n                <li style=\"display: none; width: 100%;\" class=\"slide-13385 ms-image \" aria-roledescription=\"slide\" data-date=\"2025-11-26 14:20:39\" data-filename=\"Parc-Studio-2-keuken-384x255-2-700x450.jpg\" data-slide-type=\"image\"><img loading=\"lazy\" decoding=\"async\" src=\"https:\/\/sollasi.nl\/wp-content\/uploads\/Parc-Studio-2-keuken-384x255-2-700x450.jpg\" height=\"450\" width=\"700\" alt=\"Huur bungalow Noordwijk\" class=\"slider-13382 slide-13385 msDefaultImage\" title=\"studio keuken\" \/><\/li>\n                <li style=\"display: none; width: 100%;\" class=\"slide-13386 ms-image \" aria-roledescription=\"slide\" data-date=\"2025-11-26 14:20:58\" data-filename=\"Parc-Studio-1-badkamer-384x255-1-700x450.jpg\" data-slide-type=\"image\"><img loading=\"lazy\" decoding=\"async\" src=\"https:\/\/sollasi.nl\/wp-content\/uploads\/Parc-Studio-1-badkamer-384x255-1-700x450.jpg\" height=\"450\" width=\"700\" alt=\"studio huur Noordwijk\" class=\"slider-13382 slide-13386 msDefaultImage\" title=\"Badkamer parc studio\" \/><\/li>\n                <li style=\"display: none; width: 100%;\" class=\"slide-13387 ms-image \" aria-roledescription=\"slide\" data-date=\"2025-11-26 14:21:12\" data-filename=\"IMG_5011-1-scaled-700x450.jpg\" data-slide-type=\"image\"><img loading=\"lazy\" decoding=\"async\" src=\"https:\/\/sollasi.nl\/wp-content\/uploads\/IMG_5011-1-scaled-700x450.jpg\" height=\"450\" width=\"700\" alt=\"Tuin studio vakantie noordwijk\" class=\"slider-13382 slide-13387 msDefaultImage\" title=\"Tuin studio Noordwijk\" \/><\/li>\n            <\/ul>\n        <\/div>\n        \n    <\/div>\n<\/div>\r\n<p>[\/vc_column_text][vc_column_text]<\/p>\r\n<h4><span style=\"color: #000080;\"><strong>Studio appartement<\/strong><\/span><\/h4>\r\n<h5>Max. 2 Personen | kostenloses WLAN | Haustiere nicht erlaubt<\/h5>\r\n<ul>\r\n<li>Studio mit Terrasse oder Balkon<\/li>\r\n<li>K\u00fcche mit Mikrowelle und Nespresso-Kaffeemaschine<\/li>\r\n<li>1 Schlafzimmer<\/li>\r\n<li>Luxuri\u00f6ses Badezimmer mit Regendusche und Toilette<\/li>\r\n<\/ul>\r\n<div class=\"wp-block-column\" style=\"flex-basis: 35%;\">\r\n<div class=\"wp-block-button alignright\"><a class=\"wp-block-button__link has-text-color has-background\" style=\"background-color: #003056; color: #ffffff;\" href=\"https:\/\/sollasi.nl\/de\/bungalowpark-sollasi\/unterkunfte\/studio-fuer-2-personen\/\">Weitere Informationen<\/a><\/div>\r\n<p><!-- \/wp:post-content --><br \/><!-- wp:paragraph \/--><\/p>\r\n<\/div>\r\n<p>[\/vc_column_text][\/vc_column][\/vc_row][vc_row][vc_column width=&#8220;1\/2&#8243;][\/vc_column][vc_column width=&#8220;1\/2&#8243;][vc_column_text]<\/p>\r\n<div class=\"wp-block-column\">\r\n<div class=\"wp-block-column\">\r\n<div class=\"wp-block-column is-vertically-aligned-top\" style=\"flex-basis: 35%;\">\r\n<div class=\"wp-block-button alignright\"><a class=\"wp-block-button__link has-text-color has-background\" style=\"background-color: #a32200; color: #ffffff;\" href=\"https:\/\/sollasi.nl\/de\/bungalowpark-sollasi\/reserveren-bij-bungalowpark-sollasi\/\">Jetzt reservieren<\/a><\/div>\r\n<p><!-- \/wp:button --><br \/><!-- wp:paragraph --><!-- \/wp:paragraph --><\/p>\r\n<\/div>\r\n<!-- \/wp:column --><\/div>\r\n<p><!-- \/wp:columns --><br \/><!-- wp:paragraph --><!-- \/wp:paragraph --><!-- \/wp:column --><br \/><!-- wp:column --><\/p>\r\n<div class=\"wp-block-column\"><!-- wp:heading {\"level\":3} -->\r\n<h3>\u00a0<\/h3>\r\n<\/div>\r\n<\/div>\r\n<p>[\/vc_column_text][\/vc_column][\/vc_row][vc_row][vc_column][vc_column_text]<strong>Wichtige Mitteilung:<\/strong><br \/>Ab 2026 werden die <strong>Standardbungalows f\u00fcr 4 Personen<\/strong> und die Bungalows f\u00fcr <strong>6 Personen<\/strong> nicht mehr vermietet.<br \/>Als Alternative k\u00f6nnen Sie einen Komfortbungalow f\u00fcr 4 Personen oder ein Studio f\u00fcr 2 Personen w\u00e4hlen.[\/vc_column_text][\/vc_column][\/vc_row]<\/p>","protected":false},"excerpt":{"rendered":"<p>[vc_row][vc_column][vc_column_text] Unsere Ferienh\u00e4user &amp; Studios Unser Bungalowpark ist gro\u00dfz\u00fcgig angelegt und bietet verschiedene Arten von Ferienh\u00e4usern und Studios. Alle Ferienh\u00e4user bieten ein hohes Ma\u00df an Privatsph\u00e4re und sind von Gr\u00fcnfl\u00e4chen umgeben. Der Bungalowpark liegt zwischen Blumenfeldern und neben dem Oosterduinse Meer. Der Wald, die D\u00fcnen und der Strand sind zu Fu\u00df oder mit dem Fahrrad erreichbar.[\/vc_column_text][\/vc_column][\/vc_row][vc_row][vc_column width=&#8220;1\/2&#8243;][vc_column_text] Komfortbungalow f\u00fcr 4 Personen [\/vc_column_text][vc_column_text] [\/vc_column_text][vc_column_text] Comfort bungalow Max. 4 Personen | kostenloses WLAN | Hunde erlaubt Luxuri\u00f6ses freistehendes Ferienhaus mit Garten und &#8230; <\/p>\n<p class=\"read-more-container\"><a title=\"Unsere Ferienh\u00e4user &#038; Studios\" class=\"read-more button\" href=\"https:\/\/sollasi.nl\/de\/unsere-ferienhaeuser-studios\/#more-12916\">Read More<span class=\"screen-reader-text\">Unsere Ferienh\u00e4user &#038; Studios<\/span><\/a><\/p>\n","protected":false},"author":1,"featured_media":9115,"parent":0,"menu_order":0,"comment_status":"closed","ping_status":"closed","template":"","meta":{"footnotes":""},"class_list":["post-12916","page","type-page","status-publish","has-post-thumbnail"],"_links":{"self":[{"href":"https:\/\/sollasi.nl\/de\/wp-json\/wp\/v2\/pages\/12916","targetHints":{"allow":["GET"]}}],"collection":[{"href":"https:\/\/sollasi.nl\/de\/wp-json\/wp\/v2\/pages"}],"about":[{"href":"https:\/\/sollasi.nl\/de\/wp-json\/wp\/v2\/types\/page"}],"author":[{"embeddable":true,"href":"https:\/\/sollasi.nl\/de\/wp-json\/wp\/v2\/users\/1"}],"replies":[{"embeddable":true,"href":"https:\/\/sollasi.nl\/de\/wp-json\/wp\/v2\/comments?post=12916"}],"version-history":[{"count":12,"href":"https:\/\/sollasi.nl\/de\/wp-json\/wp\/v2\/pages\/12916\/revisions"}],"predecessor-version":[{"id":13732,"href":"https:\/\/sollasi.nl\/de\/wp-json\/wp\/v2\/pages\/12916\/revisions\/13732"}],"wp:featuredmedia":[{"embeddable":true,"href":"https:\/\/sollasi.nl\/de\/wp-json\/wp\/v2\/media\/9115"}],"wp:attachment":[{"href":"https:\/\/sollasi.nl\/de\/wp-json\/wp\/v2\/media?parent=12916"}],"curies":[{"name":"wp","href":"https:\/\/api.w.org\/{rel}","templated":true}]}}