{"id":1298,"date":"2020-02-26T12:41:19","date_gmt":"2020-02-26T12:41:19","guid":{"rendered":"https:\/\/sollasi.nl\/?page_id=1298"},"modified":"2026-01-05T14:30:23","modified_gmt":"2026-01-05T14:30:23","slug":"preise-2024","status":"publish","type":"page","link":"https:\/\/sollasi.nl\/de\/camping-le-parage\/preise-2024\/","title":{"rendered":"Preise lp"},"content":{"rendered":"<p>[vc_row][vc_column][vc_column_text]<\/p>\r\n<p><\/p>\r\n<p>\r\n\r\n<\/p>\r\n<h1 class=\"wp-block-heading\">Preise f\u00fcr den Campingplatz Le Parage 2026<\/h1>\r\n<p>\r\n\r\n<\/p>\r\n<div class=\"wp-block-columns is-layout-flex wp-container-core-columns-is-layout-9d6595d7 wp-block-columns-is-layout-flex\">\r\n<div class=\"wp-block-column is-layout-flow wp-block-column-is-layout-flow\" style=\"flex-basis: 63%;\">Die Preise verstehen sich pro \u00dcbernachtung f\u00fcr 2 Personen und mit Ausnahme der Arrangements. Bei einem k\u00fcrzeren Aufenthalt innerhalb eines Arrangements wird der volle Arrangementpreis berechnet. Jugendliche unter 18 Jahren sind ohne Aufsicht nicht gestattet. <\/div>\r\n\r\n\r\n\r\n<div class=\"wp-block-column is-layout-flow wp-block-column-is-layout-flow\" style=\"flex-basis: 37%;\"><\/div>\r\n<\/div>\r\n<p><!-- \/wp:post-content -->\r\n\r\n<!-- wp:heading --><\/p>\r\n<h2>Stellplatz<\/h2>\r\n<h2><!-- \/wp:heading --><\/h2>\r\n<p><!-- wp:paragraph --><\/p>\r\n<p><em>Inklusive Strom, Wasser und kostenlosem WLAN auf dem Stellplatz.<\/em><\/p>\r\n<h2><!-- \/wp:paragraph --><\/h2>\r\n<h2><!-- wp:table --><\/h2>\r\n<figure class=\"wp-block-table\">\r\n<table>\r\n<tbody>\r\n<tr>\r\n<td><strong>Saison<\/strong><\/td>\r\n<td class=\"has-text-align-center\" data-align=\"center\"><strong>Wochentage (So &#8211; Do)<\/strong><\/td>\r\n<td class=\"has-text-align-center\" data-align=\"center\"><strong>Wochenendtage (Fr &#8211; Sam)<\/strong><\/td>\r\n<\/tr>\r\n<tr>\r\n<td>1. M\u00e4rz bis 18. M\u00e4rz<\/td>\r\n<td class=\"has-text-align-center\" data-align=\"center\">\u20ac 24,-<\/td>\r\n<td class=\"has-text-align-center\" data-align=\"center\">\u20ac 24,-<\/td>\r\n<\/tr>\r\n<tr>\r\n<td>19. M\u00e4rz bis 2. April<\/td>\r\n<td class=\"has-text-align-center\" data-align=\"center\">\u20ac 26,50<\/td>\r\n<td class=\"has-text-align-center\" data-align=\"center\">\u20ac 34,-<\/td>\r\n<\/tr>\r\n<tr>\r\n<td>3. April bis 9. Mai<\/td>\r\n<td class=\"has-text-align-center\" data-align=\"center\">\u20ac 39,50<\/td>\r\n<td class=\"has-text-align-center\" data-align=\"center\">\u20ac 39,50<\/td>\r\n<\/tr>\r\n<tr>\r\n<td>10. mai bis 9. Juli<\/td>\r\n<td class=\"has-text-align-center\" data-align=\"center\">\u20ac 26,50<\/td>\r\n<td class=\"has-text-align-center\" data-align=\"center\">\u20ac 34,-<\/td>\r\n<\/tr>\r\n<tr>\r\n<td>10. Juli bis 20. August<\/td>\r\n<td class=\"has-text-align-center\" data-align=\"center\">\u20ac 39,50<\/td>\r\n<td class=\"has-text-align-center\" data-align=\"center\">\u20ac 39,50<\/td>\r\n<\/tr>\r\n<tr>\r\n<td>21. August bis 19. September<\/td>\r\n<td class=\"has-text-align-center\" data-align=\"center\">\u20ac 26,50<\/td>\r\n<td class=\"has-text-align-center\" data-align=\"center\">\u20ac 34,-<\/td>\r\n<\/tr>\r\n<tr>\r\n<td>20. September bis 1. October<\/td>\r\n<td class=\"has-text-align-center\" data-align=\"center\">\u20ac 24,-<\/td>\r\n<td class=\"has-text-align-center\" data-align=\"center\">\u20ac 34,-<\/td>\r\n<\/tr>\r\n<\/tbody>\r\n<\/table>\r\n<\/figure>\r\n<p><!-- \/wp:table -->\r\n\r\n<!-- wp:heading --><\/p>\r\n<h2>Zeltplatz<\/h2>\r\n<p><!-- \/wp:heading --><\/p>\r\n<p>F\u00fcr ein kleines Zelt (max. 2 Personen) ohne Strom- und Wasseranschluss auf dem Stellplatz haben wir eventuell einen Zeltplatztarif verf\u00fcgbar. Bitte beachten Sie: Diese Kategorie kann nur last-minute \u00fcber die Rezeption gebucht werden (nicht \u00fcber das Internet buchbar), wenn gen\u00fcgend Platz vorhanden ist.<\/p>\r\n<p><!-- \/wp:paragraph -->\r\n\r\n<!-- wp:heading --><\/p>\r\n<h2>Zusatzkosten pro Nacht:<\/h2>\r\n<p><!-- \/wp:heading -->\r\n\r\n<!-- wp:table --><\/p>\r\n<figure class=\"wp-block-table\">\r\n<table>\r\n<tbody>\r\n<tr>\r\n<td>Kurtaxe (obligatorisch)<\/td>\r\n<td>\u20ac 1,80<\/td>\r\n<td>pro Person<\/td>\r\n<\/tr>\r\n<tr>\r\n<td>Extra Personen (ab 3 Personen)<\/td>\r\n<td>\u20ac 5,00<\/td>\r\n<td>pro Person<\/td>\r\n<\/tr>\r\n<tr>\r\n<td>Hunde (an der Leine, max. 2)<\/td>\r\n<td>\u20ac 3,50<\/td>\r\n<td>pro Hund\u00a0<\/td>\r\n<\/tr>\r\n<tr>\r\n<td>Extra Zelt auf dem Platz<\/td>\r\n<td>\u20ac 5,00<\/td>\r\n<td>pro Zelt<\/td>\r\n<\/tr>\r\n<tr>\r\n<td>Stornogeb\u00fchr<\/td>\r\n<td>5%<\/td>\r\n<td>der Buchungskosten<\/td>\r\n<\/tr>\r\n<\/tbody>\r\n<\/table>\r\n<\/figure>\r\n<p><!-- \/wp:table -->\r\n\r\n<!-- wp:heading --><\/p>\r\n<h2>Arrangements<\/h2>\r\n<p><!-- \/wp:heading -->\r\n\r\n<!-- wp:table --><\/p>\r\n<figure class=\"wp-block-table\">\r\n<table>\r\n<tbody>\r\n<tr>\r\n<td>\u00a0<\/td>\r\n<td>\u00a0<\/td>\r\n<td>Touristenplatz<\/td>\r\n<\/tr>\r\n<tr>\r\n<td>Ostern<\/td>\r\n<td>03-04 bis 06-04<\/td>\r\n<td>\u20ac 150,-<\/td>\r\n<\/tr>\r\n<tr>\r\n<td>Blumenkorso<\/td>\r\n<td>17-04 bis 20-04<\/td>\r\n<td>\u20ac 150,-<\/td>\r\n<\/tr>\r\n<tr>\r\n<td>Himmelfahrt<\/td>\r\n<td>13-05 bis 17-05<\/td>\r\n<td>\u20ac 190,-<\/td>\r\n<\/tr>\r\n<tr>\r\n<td>Pfingsten<\/td>\r\n<td>22-05 bis 25-05<\/td>\r\n<td>\u20ac 150,-<\/td>\r\n<\/tr>\r\n<tr>\r\n<td>Formel 1 ab der 3. Person \u20ac 35,00 pro Person<\/td>\r\n<td>21-08 bis 24-08<\/td>\r\n<td>\u20ac 375,-<\/td>\r\n<\/tr>\r\n<\/tbody>\r\n<\/table>\r\n<p><strong>F\u00fcr k\u00fcrzere Buchungen innerhalb eines Pakets zahlen Sie den vollen Paketpreis<\/strong><\/p>\r\n<\/figure>\r\n<p><!-- \/wp:table -->\r\n\r\n<!-- wp:paragraph --><\/p>\r\n<h2>Monatliche Tarife<\/h2>\r\n<p>M\u00f6chten Sie mit Ihrem eigenen Wohnwagen, Zelt oder Wohnmobil einen besonders langen Urlaub auf dem Campingplatz verbringen? Sie k\u00f6nnen bei uns im M\u00e4rz und September einen Stellplatz f\u00fcr einen ganzen Monat zu einem Sonderpreis buchen. Informationen und Preise k\u00f6nnen telefonisch oder per E-Mail angefordert werden.<\/p>\r\n<h2>Saisonplatz &#8211; vom 1. M\u00e4rz bis 1. October 2026<\/h2>\r\n<p>F\u00fcr weitere Informationen und Preise kontaktieren Sie uns bitte per E-Mail oder Telefon.<\/p>\r\n<p><em>\u00c4nderungen vorbehalten.<\/em><\/p>\r\n<p><!-- \/wp:paragraph --><\/p>\r\n<p>\u00a0 [\/vc_column_text][\/vc_column][\/vc_row]<\/p>","protected":false},"excerpt":{"rendered":"<p>[vc_row][vc_column][vc_column_text] Preise f\u00fcr den Campingplatz Le Parage 2026 Die Preise verstehen sich pro \u00dcbernachtung f\u00fcr 2 Personen und mit Ausnahme der Arrangements. Bei einem k\u00fcrzeren Aufenthalt innerhalb eines Arrangements wird der volle Arrangementpreis berechnet. Jugendliche unter 18 Jahren sind ohne Aufsicht nicht gestattet. Stellplatz Inklusive Strom, Wasser und kostenlosem WLAN auf dem Stellplatz. Saison Wochentage (So &#8211; Do) Wochenendtage (Fr &#8211; Sam) 1. M\u00e4rz bis 18. M\u00e4rz \u20ac 24,- \u20ac 24,- 19. M\u00e4rz bis 2. April \u20ac 26,50 \u20ac 34,- &#8230; <\/p>\n<p class=\"read-more-container\"><a title=\"Preise lp\" class=\"read-more button\" href=\"https:\/\/sollasi.nl\/de\/camping-le-parage\/preise-2024\/#more-1298\">Read More<span class=\"screen-reader-text\">Preise lp<\/span><\/a><\/p>\n","protected":false},"author":1,"featured_media":1394,"parent":1212,"menu_order":0,"comment_status":"closed","ping_status":"closed","template":"page-camping-le-parage.php","meta":{"footnotes":""},"class_list":["post-1298","page","type-page","status-publish","has-post-thumbnail"],"_links":{"self":[{"href":"https:\/\/sollasi.nl\/de\/wp-json\/wp\/v2\/pages\/1298","targetHints":{"allow":["GET"]}}],"collection":[{"href":"https:\/\/sollasi.nl\/de\/wp-json\/wp\/v2\/pages"}],"about":[{"href":"https:\/\/sollasi.nl\/de\/wp-json\/wp\/v2\/types\/page"}],"author":[{"embeddable":true,"href":"https:\/\/sollasi.nl\/de\/wp-json\/wp\/v2\/users\/1"}],"replies":[{"embeddable":true,"href":"https:\/\/sollasi.nl\/de\/wp-json\/wp\/v2\/comments?post=1298"}],"version-history":[{"count":50,"href":"https:\/\/sollasi.nl\/de\/wp-json\/wp\/v2\/pages\/1298\/revisions"}],"predecessor-version":[{"id":13431,"href":"https:\/\/sollasi.nl\/de\/wp-json\/wp\/v2\/pages\/1298\/revisions\/13431"}],"up":[{"embeddable":true,"href":"https:\/\/sollasi.nl\/de\/wp-json\/wp\/v2\/pages\/1212"}],"wp:featuredmedia":[{"embeddable":true,"href":"https:\/\/sollasi.nl\/de\/wp-json\/wp\/v2\/media\/1394"}],"wp:attachment":[{"href":"https:\/\/sollasi.nl\/de\/wp-json\/wp\/v2\/media?parent=1298"}],"curies":[{"name":"wp","href":"https:\/\/api.w.org\/{rel}","templated":true}]}}