{"id":1382,"date":"2018-02-16T19:48:32","date_gmt":"2018-02-17T00:48:32","guid":{"rendered":"https:\/\/sollasi.nl\/?page_id=1382"},"modified":"2026-02-03T14:51:18","modified_gmt":"2026-02-03T14:51:18","slug":"home","status":"publish","type":"page","link":"https:\/\/sollasi.nl\/de\/","title":{"rendered":"Home"},"content":{"rendered":"<p>[vc_row][vc_column width=&#8220;1\/2&#8243; css=&#8220;.vc_custom_1659447463018{padding-top: 25px !important;}&#8220;][vc_custom_heading text=&#8220;CAMPINGPL\u00c4TZE &amp; FERIENH\u00c4USER ZWISCHEN MEER UND BLUMENFELDERN!&#8220; font_container=&#8220;tag:h1|text_align:left&#8220; use_theme_fonts=&#8220;yes&#8220;][vc_column_text]Suchen Sie nach einem idyllischen Ferienhaus in Strandn\u00e4he, umgeben von Wald und D\u00fcnen? In nur wenigen Minuten k\u00f6nnen Sie die farbenfrohen Blumenfelder des &#8222;Bollenstreek&#8220; erkunden. Bei uns finden Sie charmante Ferienh\u00e4user und gem\u00fctliche Campingpl\u00e4tze direkt am Oosterduinse Meer oder in den D\u00fcnen von Noordwijkerhout. Hunde sind bei uns herzlich willkommen![\/vc_column_text][\/vc_column][vc_column width=&#8220;1\/2&#8243;]    <div class=\"locations-map-wrapper\">\n        <div class=\"locations-map\">\n            <img decoding=\"async\" src=\"\/wp-content\/uploads\/2022\/08\/kaart.png\" width=\"565px\" alt=\"\">\n            <a class=\"location\" id=\"camping-sollasi-pointer\" href=\"https:\/\/sollasi.nl\/camping-sollasi\/\">\n                <span class=\"dot\"><\/span>\n                <span class=\"text\">Camping Sollasi<\/span>\n            <\/a>\n            <a class=\"location\" id=\"bungalow-sollasi-pointer\" href=\"https:\/\/sollasi.nl\/bungalowpark-sollasi\/\">\n                <span class=\"dot\"><\/span>\n                <span class=\"text\">Bungalowpark Sollasi<\/span>\n            <\/a>\n            <a class=\"location\" id=\"camping-parage-pointer\" href=\"https:\/\/sollasi.nl\/camping-le-parage\/\">\n                <span class=\"dot\"><\/span>\n                <span class=\"text\">Camping Le Parage<\/span>\n            <\/a>\n        <\/div>\n    <\/div>\n\t[\/vc_column][\/vc_row][vc_row][vc_column][vc_empty_space height=&#8220;16px&#8220;][\/vc_column][\/vc_row][vc_row][vc_column width=&#8220;1\/3&#8243;][vc_single_image image=&#8220;6959&#8243; img_size=&#8220;homepage_blokken&#8220; style=&#8220;vc_box_rounded&#8220; onclick=&#8220;custom_link&#8220; alt=&#8220;Lage der Sollasi Parks in Holland&#8220; link=&#8220;\/de\/bungalowpark-sollasi\/&#8220;][vc_column_text]<\/p>\n<h2>Bungalowpark Sollasi<\/h2>\n<ul>\n<li>Ferienh\u00e4user f\u00fcr 2 und\u00a0 4 Personen<\/li>\n<li>Ferienpark am Meer<\/li>\n<li>Fahrradverleih &amp; kostenloses WLAN<\/li>\n<\/ul>\n<p>[\/vc_column_text][vc_btn title=&#8220;Jetzt buchen&#8220; color=&#8220;sky&#8220; align=&#8220;left&#8220; link=&#8220;url:https%3A%2F%2Fsollasi.nl%2Fde%2Fbungalowpark-sollasi%2Freserveren-bij-bungalowpark-sollasi%2F|title:Jetzt%20buchen&#8220;][\/vc_column][vc_column width=&#8220;1\/3&#8243;][vc_single_image image=&#8220;6967&#8243; img_size=&#8220;homepage_blokken&#8220; style=&#8220;vc_box_rounded&#8220; onclick=&#8220;custom_link&#8220; link=&#8220;\/de\/camping-sollasi\/&#8220;][vc_column_text]<\/p>\n<h2>Camping Sollasi<\/h2>\n<ul>\n<li>Hervorragende Camping-Stellpl\u00e4tze<\/li>\n<li>F\u00fcr Zelt, Wohnmobil und Wohnwagen<\/li>\n<li>Mit privaten sanit\u00e4ren Einrichtungen<\/li>\n<\/ul>\n<p>[\/vc_column_text][vc_btn title=&#8220;Hier buchen&#8220; color=&#8220;sky&#8220; align=&#8220;left&#8220; link=&#8220;url:%2Fde%2Fcamping-sollasi%2Freservieren%2F|title:Hier%20buchen&#8220;][\/vc_column][vc_column width=&#8220;1\/3&#8243;][vc_single_image image=&#8220;6971&#8243; img_size=&#8220;homepage_blokken&#8220; style=&#8220;vc_box_rounded&#8220; onclick=&#8220;custom_link&#8220; link=&#8220;\/de\/camping-le-parage\/&#8220;][vc_column_text]<\/p>\n<h2>Camping Le Parage<\/h2>\n<ul>\n<li>Ger\u00e4umige und ruhige Stellpl\u00e4tze<\/li>\n<li>Direkt an den D\u00fcnen<\/li>\n<li>Hunde willkommen<\/li>\n<\/ul>\n<p>[\/vc_column_text][vc_btn title=&#8220;Hier buchen&#8220; color=&#8220;sky&#8220; align=&#8220;left&#8220; link=&#8220;url:%2Fde%2Fcamping-le-parage%2Freservieren%2F|title:Buchen%20Sie%20einen%20Stellplatz&#8220;][\/vc_column][\/vc_row][vc_row full_width=&#8220;stretch_row&#8220; css=&#8220;.vc_custom_1666076141634{padding-top: 30px !important;padding-bottom: 30px !important;background-color: #f2f6f9 !important;}&#8220;][vc_column][vc_custom_heading text=&#8220;Was kann man in der Region unternehmen?&#8220; font_container=&#8220;tag:h2|text_align:center&#8220; use_theme_fonts=&#8220;yes&#8220;][\/vc_column][\/vc_row][vc_row][vc_column][vc_empty_space height=&#8220;16px&#8220;][vc_row_inner][vc_column_inner width=&#8220;1\/3&#8243;][vc_single_image image=&#8220;6975&#8243; img_size=&#8220;homepage_blokken&#8220; style=&#8220;vc_box_rounded&#8220; onclick=&#8220;custom_link&#8220; link=&#8220;\/de\/unternehmungen-in-der-umgebung\/schmucke-doerfer-in-der-region\/&#8220;][vc_custom_heading text=&#8220;D\u00f6rfer in der Region&#8220; font_container=&#8220;tag:h3|text_align:center&#8220; use_theme_fonts=&#8220;yes&#8220; link=&#8220;url:%2Fde%2Funternehmungen-in-der-umgebung%2Fschmucke-doerfer-in-der-region%2F|title:D%C3%B6rfer%20in%20der%20Region&#8220;][vc_column_text][\/vc_column_text][\/vc_column_inner][vc_column_inner width=&#8220;1\/3&#8243;][vc_single_image image=&#8220;6979&#8243; img_size=&#8220;homepage_blokken&#8220; style=&#8220;vc_box_rounded&#8220; onclick=&#8220;custom_link&#8220; link=&#8220;\/de\/unternehmungen-in-der-umgebung\/urlaubsaktivitaeten-im-freien\/&#8220;][vc_custom_heading text=&#8220;Aktivit\u00e4ten im Freien&#8220; font_container=&#8220;tag:h3|text_align:center&#8220; use_theme_fonts=&#8220;yes&#8220; link=&#8220;url:%2Fde%2Funternehmungen-in-der-umgebung%2Furlaubsaktivitaeten-im-freien%2F|title:Aktivit%C3%A4ten%20im%20Freien&#8220;][vc_column_text][\/vc_column_text][\/vc_column_inner][vc_column_inner width=&#8220;1\/3&#8243;][vc_single_image image=&#8220;6982&#8243; img_size=&#8220;homepage_blokken&#8220; style=&#8220;vc_box_rounded&#8220; onclick=&#8220;custom_link&#8220; link=&#8220;\/de\/unternehmungen-in-der-umgebung\/kultur\/&#8220;][vc_custom_heading text=&#8220;Kultur&#8220; font_container=&#8220;tag:h3|text_align:center&#8220; use_theme_fonts=&#8220;yes&#8220; link=&#8220;url:%2Fde%2Funternehmungen-in-der-umgebung%2Fkultur%2F|title:Kultur&#8220;][vc_column_text][\/vc_column_text][\/vc_column_inner][\/vc_row_inner][vc_empty_space height=&#8220;16px&#8220;][\/vc_column][\/vc_row][vc_row][vc_column width=&#8220;1\/2&#8243;][vc_row_inner][vc_column_inner][vc_custom_heading text=&#8220;Formel 1 Zandvoort&#8220; use_theme_fonts=&#8220;yes&#8220;][\/vc_column_inner][\/vc_row_inner][vc_row_inner][vc_column_inner width=&#8220;1\/2&#8243;][vc_single_image image=&#8220;13405&#8243; img_size=&#8220;268&#215;178&#8243; style=&#8220;vc_box_rounded&#8220; onclick=&#8220;custom_link&#8220; link=&#8220;https:\/\/sollasi.nl\/de\/bungalowpark-sollasi\/reservieren\/&#8220;][\/vc_column_inner][vc_column_inner width=&#8220;1\/2&#8243;][vc_column_text]Fahren Sie zum Grand Prix von Zandvoort? Unsere Parks liegen ganz in der N\u00e4he. Buchen Sie Ihren Aufenthalt einfach online.<\/p>\n<p>[\/vc_column_text][\/vc_column_inner][\/vc_row_inner][\/vc_column][vc_column width=&#8220;1\/2&#8243;][vc_row_inner][vc_column_inner][vc_custom_heading text=&#8220;Urlaub mit Hund am Meer&#8220; use_theme_fonts=&#8220;yes&#8220;][\/vc_column_inner][\/vc_row_inner][vc_row_inner][vc_column_inner width=&#8220;1\/2&#8243;][vc_single_image image=&#8220;13400&#8243; img_size=&#8220;268&#215;178&#8243; style=&#8220;vc_box_rounded&#8220; onclick=&#8220;custom_link&#8220; link=&#8220;\/de\/ihr-hund-ist-willkommen\/&#8220;][\/vc_column_inner][vc_column_inner width=&#8220;1\/2&#8243;][vc_column_text]Ihr Hund ist auf den Campingpl\u00e4tzen und in einigen Ferienh\u00e4usern willkommen. Die Umgebung ist perfekt f\u00fcr sch\u00f6ne Spazierg\u00e4nge.<\/p>\n<div class=\"wp-block-button\"><a class=\"wp-block-button__link\" title=\"Urlaub mit Hund\" href=\"https:\/\/sollasi.nl\/de\/ihr-hund-ist-willkommen\/\">Urlaub mit Hund<\/a><\/div>\n<p>[\/vc_column_text][\/vc_column_inner][\/vc_row_inner][\/vc_column][\/vc_row][vc_row full_width=&#8220;stretch_row&#8220; css=&#8220;.vc_custom_1659452283009{padding-top: 35px !important;padding-bottom: 70px !important;background-color: #f2f6f9 !important;}&#8220;][vc_column][vc_row_inner css=&#8220;.vc_custom_1659452158344{padding-top: 15px !important;padding-bottom: 15px !important;background-color: #ffffff !important;}&#8220; el_class=&#8220;logos-row&#8220;][vc_column_inner][vc_single_image image=&#8220;786&#8243; img_size=&#8220;homepage_logo&#8220; onclick=&#8220;custom_link&#8220; link=&#8220;\/de\/bungalowpark-sollasi\/&#8220;][vc_single_image image=&#8220;787&#8243; img_size=&#8220;homepage_logo&#8220; onclick=&#8220;custom_link&#8220; link=&#8220;\/de\/camping-sollasi\/&#8220;][vc_single_image image=&#8220;794&#8243; img_size=&#8220;homepage_logo&#8220; onclick=&#8220;custom_link&#8220; link=&#8220;\/de\/camping-le-parage\/&#8220;][\/vc_column_inner][\/vc_row_inner][\/vc_column][\/vc_row]<\/p>\n","protected":false},"excerpt":{"rendered":"<p>[vc_row][vc_column width=&#8220;1\/2&#8243; css=&#8220;.vc_custom_1659447463018{padding-top: 25px !important;}&#8220;][vc_custom_heading text=&#8220;CAMPINGPL\u00c4TZE &amp; FERIENH\u00c4USER ZWISCHEN MEER UND BLUMENFELDERN!&#8220; font_container=&#8220;tag:h1|text_align:left&#8220; use_theme_fonts=&#8220;yes&#8220;][vc_column_text]Suchen Sie nach einem idyllischen Ferienhaus in Strandn\u00e4he, umgeben von Wald und D\u00fcnen? In nur wenigen Minuten k\u00f6nnen Sie die farbenfrohen Blumenfelder des &#8222;Bollenstreek&#8220; erkunden. Bei uns finden Sie charmante Ferienh\u00e4user und gem\u00fctliche Campingpl\u00e4tze direkt am Oosterduinse Meer oder in den D\u00fcnen von Noordwijkerhout. Hunde sind bei uns herzlich willkommen![\/vc_column_text][\/vc_column][vc_column width=&#8220;1\/2&#8243;][\/vc_column][\/vc_row][vc_row][vc_column][vc_empty_space height=&#8220;16px&#8220;][\/vc_column][\/vc_row][vc_row][vc_column width=&#8220;1\/3&#8243;][vc_single_image image=&#8220;6959&#8243; img_size=&#8220;homepage_blokken&#8220; style=&#8220;vc_box_rounded&#8220; onclick=&#8220;custom_link&#8220; alt=&#8220;Lage der Sollasi Parks in Holland&#8220; link=&#8220;\/de\/bungalowpark-sollasi\/&#8220;][vc_column_text] Bungalowpark Sollasi Ferienh\u00e4user &#8230; <\/p>\n<p class=\"read-more-container\"><a title=\"Home\" class=\"read-more button\" href=\"https:\/\/sollasi.nl\/de\/#more-1382\">Read More<span class=\"screen-reader-text\">Home<\/span><\/a><\/p>\n","protected":false},"author":1,"featured_media":0,"parent":0,"menu_order":0,"comment_status":"closed","ping_status":"closed","template":"","meta":{"footnotes":""},"class_list":["post-1382","page","type-page","status-publish"],"_links":{"self":[{"href":"https:\/\/sollasi.nl\/de\/wp-json\/wp\/v2\/pages\/1382","targetHints":{"allow":["GET"]}}],"collection":[{"href":"https:\/\/sollasi.nl\/de\/wp-json\/wp\/v2\/pages"}],"about":[{"href":"https:\/\/sollasi.nl\/de\/wp-json\/wp\/v2\/types\/page"}],"author":[{"embeddable":true,"href":"https:\/\/sollasi.nl\/de\/wp-json\/wp\/v2\/users\/1"}],"replies":[{"embeddable":true,"href":"https:\/\/sollasi.nl\/de\/wp-json\/wp\/v2\/comments?post=1382"}],"version-history":[{"count":74,"href":"https:\/\/sollasi.nl\/de\/wp-json\/wp\/v2\/pages\/1382\/revisions"}],"predecessor-version":[{"id":13720,"href":"https:\/\/sollasi.nl\/de\/wp-json\/wp\/v2\/pages\/1382\/revisions\/13720"}],"wp:attachment":[{"href":"https:\/\/sollasi.nl\/de\/wp-json\/wp\/v2\/media?parent=1382"}],"curies":[{"name":"wp","href":"https:\/\/api.w.org\/{rel}","templated":true}]}}