{"id":1602,"date":"2020-03-09T12:33:53","date_gmt":"2020-03-09T12:33:53","guid":{"rendered":"https:\/\/sollasi.nl\/?page_id=1602"},"modified":"2025-09-09T13:51:37","modified_gmt":"2025-09-09T13:51:37","slug":"ferienhaus-oder-campingplatz-zandvoort-f1","status":"publish","type":"page","link":"https:\/\/sollasi.nl\/de\/camping-sollasi\/ferienhaus-oder-campingplatz-zandvoort-f1\/","title":{"rendered":"Ferienhaus oder Campingplatz Zandvoort F1"},"content":{"rendered":"\r\n<h2><strong>Ferienhaus f\u00fcr 4 Personen<\/strong><\/h2>\r\n<p>Genie\u00dfen Sie das Formel-1-Wochenende und entspannen Sie anschlie\u00dfend in einem komfortablen Ferienhaus bei Sollasi. Alle H\u00e4user bieten einen gro\u00dfz\u00fcgigen Garten, einen separaten Abstellraum f\u00fcr Fahrr\u00e4der und eine moderne Ausstattung. Nach einem spannenden Tag am Circuit k\u00f6nnen Sie ein entspannendes Bad nehmen oder den Abend gem\u00fctlich am Kamin ausklingen lassen.<\/p>\r\n<p>[\/vc_column_text][vc_single_image image=&#8220;9060&#8243; img_size=&#8220;large&#8220;][vc_column_text]<\/p>\r\n<h2 class=\"wp-block-heading\"><strong>Ferienstudio f\u00fcr 2 Personen<\/strong><\/h2>\r\n<p>F\u00fcr Paare, die ein luxuri\u00f6ses Formel-1-Wochenende erleben m\u00f6chten, bieten unsere k\u00fcrzlich renovierten <a href=\"https:\/\/sollasi.nl\/de\/bungalowpark-sollasi\/unterkunfte\/studio-fuer-2-personen\/#tommy-matrix-row\">Studios<\/a> die perfekte Unterkunft. Mit Regendusche, LED-LCD-Fernseher und Nespresso-Maschine genie\u00dfen Sie h\u00f6chsten Komfort.<\/p>\r\n<p>[\/vc_column_text][vc_btn title=&#8220;Alle Mietunterk\u00fcnfte ansehen&#8220; color=&#8220;blue&#8220; align=&#8220;center&#8220; link=&#8220;url:https%3A%2F%2Fsollasi.nl%2Fde%2Fbungalowpark-sollasi%2Freserveren-bij-bungalowpark-sollasi%2F|title:Mietunterk%C3%BCnfte%20Sollasi&#8220;][\/vc_column][\/vc_row][vc_row][vc_column][vc_column_text]<\/p>\r\n<h2><strong>Buchen Sie jetzt Ihr Formel-1-Wochenende bei Sollasi<\/strong><\/h2>\r\n<p>Ob Camping, Ferienhaus oder Studio \u2013 Sollasi bietet Ihnen die ideale Unterkunft f\u00fcr ein spannendes und erholsames Wochenende. Kombinieren Sie die einzigartige Atmosph\u00e4re des Dutch Grand Prix in Zandvoort mit einem entspannten Aufenthalt inmitten von Wald und D\u00fcnen.<\/p>\r\n<p><strong>Sichern Sie sich jetzt Ihre Unterkunft und erleben Sie ein unvergessliches Formel-1-Wochenende!<\/strong><\/p>\r\n<p>[\/vc_column_text][vc_btn title=&#8220;Jetzt buchen&#8220; color=&#8220;blue&#8220; align=&#8220;center&#8220; link=&#8220;url:https%3A%2F%2Fsollasi.nl%2Fde%2F|title:Campingplatz%20Sollasi&#8220;][\/vc_column][\/vc_row]<\/p><!-- \/wp:heading --><strong>Sind Sie Formel-1-Fan und suchen noch ein Last-Minute-Ferienhaus oder einen Campingplatz in der N\u00e4he des Formel-1-Rennens in Zandvoort?<\/strong><\/p>\r\n<p>Bei Sollasi finden Sie genau das Richtige! W\u00e4hrend des F1-Wochenendes bieten wir Ihnen komfortable Ferienstudios, gem\u00fctliche Bungalows und gro\u00dfz\u00fcgige Stellpl\u00e4tze auf unserem Campingplatz. Eingebettet in Wald und D\u00fcnen, erleben Sie hier ein unvergessliches Wochenende w\u00e4hrend des Dutch Grand Prix.<\/p>\r\n<p>[\/vc_column_text][vc_btn title=&#8220;Campingplatz bei Zandvoort buchen&#8220; color=&#8220;blue&#8220; align=&#8220;center&#8220; link=&#8220;url:https%3A%2F%2Fsollasi.nl%2Fde%2F|title:Campingplatz%20Sollasi&#8220;][vc_row_inner][vc_column_inner width=&#8220;2\/3&#8243;][vc_column_text]<\/p>\r\n<h2><strong>Wie weit ist Sollasi von Zandvoort entfernt?<\/strong><\/h2>\r\n<p>Der Campingplatz und die Bungalows von Sollasi liegen ideal in der Gemeinde Noordwijk. Von hier aus erreichen Sie Zandvoort w\u00e4hrend des Grand Prix schnell und bequem. Die Gemeinde hat einen Mobilit\u00e4ts- und Sicherheitsplan erstellt, damit Sie stressfrei anreisen k\u00f6nnen.<\/p>\r\n<p>[\/vc_column_text][\/vc_column_inner][vc_column_inner width=&#8220;1\/3&#8243;][vc_single_image image=&#8220;7038&#8243; img_size=&#8220;large&#8220;][\/vc_column_inner][\/vc_row_inner][vc_row_inner][vc_column_inner width=&#8220;1\/3&#8243;][vc_column_text]<\/p>\r\n<h3><strong>Mit dem Auto<\/strong><\/h3>\r\n<p>Vom Campingplatz oder den Ferienwohnungen erreichen Sie den Circuit in Zandvoort in nur 20 Minuten. Nutzen Sie die ausgewiesenen P+R-Gel\u00e4nde und Shuttlebusse oder bringen Sie Ihr Fahrrad mit, um das letzte St\u00fcck flexibel zur\u00fcckzulegen.<\/p>\r\n<p>[\/vc_column_text][\/vc_column_inner][vc_column_inner width=&#8220;1\/3&#8243;][vc_column_text]<\/p>\r\n<h3><strong>Mit dem Fahrrad<\/strong><\/h3>\r\n<p>Ein malerischer Radweg f\u00fchrt durch die D\u00fcnen direkt von Sollasi zur Rennstrecke in Zandvoort. Die Fahrt dauert ca. 40 Minuten und erspart Ihnen die Parkplatzsuche. Fahrr\u00e4der k\u00f6nnen Sie bequem vor Ort leihen.<\/p>\r\n<p>[\/vc_column_text][\/vc_column_inner][vc_column_inner width=&#8220;1\/3&#8243;][vc_column_text]<\/p>\r\n<h3><strong>Mit dem Zug<\/strong><\/h3>\r\n<p>Ab dem Bahnhof Haarlem fahren Z\u00fcge nach einem speziellen Formel-1-Fahrplan. Den Bahnhof erreichen Sie von Noordwijkerhout aus mit dem Auto oder Fahrrad. Alternativ k\u00f6nnen Sie am Bahnhof Hillegom kostenlos parken und von dort mit dem Zug weiterreisen.<\/p>\r\n<p>[\/vc_column_text][\/vc_column_inner][\/vc_row_inner][\/vc_column][\/vc_row][vc_row][vc_column width=&#8220;1\/2&#8243;][vc_column_text]<!-- wp:heading {\"level\":1} --><\/p>\r\n<h2><strong>Campingplatz w\u00e4hrend des Formel-1-Wochenendes<\/strong><\/h2>\r\n<p>Der Campingplatz Sollasi ist der perfekte Ausgangspunkt f\u00fcr Ihren Grand Prix in Zandvoort. In ruhiger Lage am Waldrand und direkt an einem sch\u00f6nen See bieten unsere gro\u00dfz\u00fcgigen Stellpl\u00e4tze (9 x 9 m mit 10-Ampere-Stromanschluss) ausreichend Privatsph\u00e4re und Komfort. Moderne Sanit\u00e4ranlagen, eine Chemie-Toilettenstation sowie ein Bistro sorgen f\u00fcr einen angenehmen Aufenthalt. In der Umgebung finden Sie zahlreiche Restaurants und Superm\u00e4rkte.<\/p>\r\n<p>[\/vc_column_text][vc_btn title=&#8220;Zum Campingplatz Sollasi&#8220; color=&#8220;blue&#8220; align=&#8220;center&#8220; link=&#8220;url:https%3A%2F%2Fsollasi.nl%2Fde%2Fcamping-sollasi%2Freservieren%2F|title:Campingplatz%20Sollasi&#8220;][vc_column_text]<!-- wp:heading {\"level\":1} --><\/p>\r\n<h2><strong>Alternativer Campingplatz: Le Parage<\/strong><\/h2>\r\n<p>Wenn Sie einen kleineren und ruhigeren Campingplatz bevorzugen, ist unser Campingplatz Le Parage die ideale Wahl. Nur 1,5 km von Sollasi entfernt bietet Le Parage rund 20 Stellpl\u00e4tze mit allem Komfort und einer ausgezeichneten Lage f\u00fcr das Grand Prix-Wochenende. Der Circuit in Zandvoort ist von hier aus ebenso gut erreichbar wie von Sollasi.<\/p>\r\n<p><!-- \/wp:heading -->[\/vc_column_text][vc_btn title=&#8220;Zum Campingplatz Le Parage&#8220; color=&#8220;blue&#8220; align=&#8220;center&#8220; link=&#8220;url:https%3A%2F%2Fwww.sollasi.nl%2Fde%2Fcamping-le-parage%2F|title:Le%20Parage&#8220;][vc_single_image image=&#8220;10062&#8243; img_size=&#8220;large&#8220;][\/vc_column][vc_column width=&#8220;1\/2&#8243;][vc_column_text]<\/p>\r\n<!-- wp:heading {\"level\":1} -->\r\n<h2><strong>Ferienhaus f\u00fcr 4 Personen<\/strong><\/h2>\r\n<p>Genie\u00dfen Sie das Formel-1-Wochenende und entspannen Sie anschlie\u00dfend in einem komfortablen Ferienhaus bei Sollasi. Alle H\u00e4user bieten einen gro\u00dfz\u00fcgigen Garten, einen separaten Abstellraum f\u00fcr Fahrr\u00e4der und eine moderne Ausstattung. Nach einem spannenden Tag am Circuit k\u00f6nnen Sie ein entspannendes Bad nehmen oder den Abend gem\u00fctlich am Kamin ausklingen lassen.<\/p>\r\n<p>[\/vc_column_text][vc_single_image image=&#8220;9060&#8243; img_size=&#8220;large&#8220;][vc_column_text]<!-- wp:heading {\"level\":1} --><\/p>\r\n<h2><strong>Ferienstudio f\u00fcr 2 Personen<\/strong><\/h2>\r\n<p>F\u00fcr Paare, die ein luxuri\u00f6ses Formel-1-Wochenende erleben m\u00f6chten, bieten unsere k\u00fcrzlich renovierten <a href=\"https:\/\/sollasi.nl\/de\/bungalowpark-sollasi\/unterkunfte\/studio-fuer-2-personen\/#tommy-matrix-row\">Studios<\/a> die perfekte Unterkunft. Mit Regendusche, LED-LCD-Fernseher und Nespresso-Maschine genie\u00dfen Sie h\u00f6chsten Komfort.<\/p>\r\n<p>[\/vc_column_text][vc_btn title=&#8220;Alle Mietunterk\u00fcnfte ansehen&#8220; color=&#8220;blue&#8220; align=&#8220;center&#8220; link=&#8220;url:https%3A%2F%2Fsollasi.nl%2Fde%2Fbungalowpark-sollasi%2Freserveren-bij-bungalowpark-sollasi%2F|title:Mietunterk%C3%BCnfte%20Sollasi&#8220;][\/vc_column][\/vc_row][vc_row][vc_column][vc_column_text]<\/p>\r\n<h2><strong>Buchen Sie jetzt Ihr Formel-1-Wochenende bei Sollasi<\/strong><\/h2>\r\n<p>Ob Camping, Ferienhaus oder Studio \u2013 Sollasi bietet Ihnen die ideale Unterkunft f\u00fcr ein spannendes und erholsames Wochenende. Kombinieren Sie die einzigartige Atmosph\u00e4re des Dutch Grand Prix in Zandvoort mit einem entspannten Aufenthalt inmitten von Wald und D\u00fcnen.<\/p>\r\n<p><strong>Sichern Sie sich jetzt Ihre Unterkunft und erleben Sie ein unvergessliches Formel-1-Wochenende!<\/strong><\/p>\r\n<p>[\/vc_column_text][vc_btn title=&#8220;Jetzt buchen&#8220; color=&#8220;blue&#8220; align=&#8220;center&#8220; link=&#8220;url:https%3A%2F%2Fsollasi.nl%2Fde%2F|title:Campingplatz%20Sollasi&#8220;][\/vc_column][\/vc_row]<\/p><!-- \/wp:post-content --><!-- \/wp:heading --><!-- wp:post-content --><p>[vc_row][vc_column][vc_column_text]<!-- wp:heading {\"level\":1} --><\/p>\r\n<h1>Ferienhaus oder Campingplatz Zandvoort F1<\/h1>\r\n<p><!-- \/wp:heading --><strong>Sind Sie Formel-1-Fan und suchen noch ein Last-Minute-Ferienhaus oder einen Campingplatz in der N\u00e4he des Formel-1-Rennens in Zandvoort?<\/strong><\/p>\r\n<p>Bei Sollasi finden Sie genau das Richtige! W\u00e4hrend des F1-Wochenendes bieten wir Ihnen komfortable Ferienstudios, gem\u00fctliche Bungalows und gro\u00dfz\u00fcgige Stellpl\u00e4tze auf unserem Campingplatz. Eingebettet in Wald und D\u00fcnen, erleben Sie hier ein unvergessliches Wochenende w\u00e4hrend des Dutch Grand Prix.<\/p>\r\n<p>[\/vc_column_text][vc_btn title=&#8220;Campingplatz bei Zandvoort buchen&#8220; color=&#8220;blue&#8220; align=&#8220;center&#8220; link=&#8220;url:https%3A%2F%2Fsollasi.nl%2Fde%2F|title:Campingplatz%20Sollasi&#8220;][vc_row_inner][vc_column_inner width=&#8220;2\/3&#8243;][vc_column_text]<\/p>\r\n<h2><strong>Wie weit ist Sollasi von Zandvoort entfernt?<\/strong><\/h2>\r\n<p>Der Campingplatz und die Bungalows von Sollasi liegen ideal in der Gemeinde Noordwijk. Von hier aus erreichen Sie Zandvoort w\u00e4hrend des Grand Prix schnell und bequem. Die Gemeinde hat einen Mobilit\u00e4ts- und Sicherheitsplan erstellt, damit Sie stressfrei anreisen k\u00f6nnen.<\/p>\r\n<p>[\/vc_column_text][\/vc_column_inner][vc_column_inner width=&#8220;1\/3&#8243;][vc_single_image image=&#8220;7038&#8243; img_size=&#8220;large&#8220;][\/vc_column_inner][\/vc_row_inner][vc_row_inner][vc_column_inner width=&#8220;1\/3&#8243;][vc_column_text]<\/p>\r\n<h3><strong>Mit dem Auto<\/strong><\/h3>\r\n<p>Vom Campingplatz oder den Ferienwohnungen erreichen Sie den Circuit in Zandvoort in nur 20 Minuten. Nutzen Sie die ausgewiesenen P+R-Gel\u00e4nde und Shuttlebusse oder bringen Sie Ihr Fahrrad mit, um das letzte St\u00fcck flexibel zur\u00fcckzulegen.<\/p>\r\n<p>[\/vc_column_text][\/vc_column_inner][vc_column_inner width=&#8220;1\/3&#8243;][vc_column_text]<\/p>\r\n<h3><strong>Mit dem Fahrrad<\/strong><\/h3>\r\n<p>Ein malerischer Radweg f\u00fchrt durch die D\u00fcnen direkt von Sollasi zur Rennstrecke in Zandvoort. Die Fahrt dauert ca. 40 Minuten und erspart Ihnen die Parkplatzsuche. Fahrr\u00e4der k\u00f6nnen Sie bequem vor Ort leihen.<\/p>\r\n<p>[\/vc_column_text][\/vc_column_inner][vc_column_inner width=&#8220;1\/3&#8243;][vc_column_text]<\/p>\r\n<h3><strong>Mit dem Zug<\/strong><\/h3>\r\n<p>Ab dem Bahnhof Haarlem fahren Z\u00fcge nach einem speziellen Formel-1-Fahrplan. Den Bahnhof erreichen Sie von Noordwijkerhout aus mit dem Auto oder Fahrrad. Alternativ k\u00f6nnen Sie am Bahnhof Hillegom kostenlos parken und von dort mit dem Zug weiterreisen.<\/p>\r\n<p>[\/vc_column_text][\/vc_column_inner][\/vc_row_inner][\/vc_column][\/vc_row][vc_row][vc_column width=&#8220;1\/2&#8243;][vc_column_text]<!-- wp:heading {\"level\":1} --><\/p>\r\n<h2><strong>Campingplatz w\u00e4hrend des Formel-1-Wochenendes<\/strong><\/h2>\r\n<p>Der Campingplatz Sollasi ist der perfekte Ausgangspunkt f\u00fcr Ihren Grand Prix in Zandvoort. In ruhiger Lage am Waldrand und direkt an einem sch\u00f6nen See bieten unsere gro\u00dfz\u00fcgigen Stellpl\u00e4tze (9 x 9 m mit 10-Ampere-Stromanschluss) ausreichend Privatsph\u00e4re und Komfort. Moderne Sanit\u00e4ranlagen, eine Chemie-Toilettenstation sowie ein Bistro sorgen f\u00fcr einen angenehmen Aufenthalt. In der Umgebung finden Sie zahlreiche Restaurants und Superm\u00e4rkte.<\/p>\r\n<p>[\/vc_column_text][vc_btn title=&#8220;Zum Campingplatz Sollasi&#8220; color=&#8220;blue&#8220; align=&#8220;center&#8220; link=&#8220;url:https%3A%2F%2Fsollasi.nl%2Fde%2Fcamping-sollasi%2Freservieren%2F|title:Campingplatz%20Sollasi&#8220;][vc_column_text]<!-- wp:heading {\"level\":1} --><\/p>\r\n<h2><strong>Alternativer Campingplatz: Le Parage<\/strong><\/h2>\r\n<p>Wenn Sie einen kleineren und ruhigeren Campingplatz bevorzugen, ist unser Campingplatz Le Parage die ideale Wahl. Nur 1,5 km von Sollasi entfernt bietet Le Parage rund 20 Stellpl\u00e4tze mit allem Komfort und einer ausgezeichneten Lage f\u00fcr das Grand Prix-Wochenende. Der Circuit in Zandvoort ist von hier aus ebenso gut erreichbar wie von Sollasi.<\/p>\r\n<p><!-- \/wp:paragraph -->[\/vc_column_text][vc_btn title=&#8220;Zum Campingplatz Le Parage&#8220; color=&#8220;blue&#8220; align=&#8220;center&#8220; link=&#8220;url:https%3A%2F%2Fwww.sollasi.nl%2Fde%2Fcamping-le-parage%2F|title:Le%20Parage&#8220;][vc_single_image image=&#8220;10062&#8243; img_size=&#8220;large&#8220;][\/vc_column][vc_column width=&#8220;1\/2&#8243;][vc_column_text]<\/p>\r\n<!-- wp:heading {\"level\":1} -->\r\n<h2><strong>Ferienhaus f\u00fcr 4 Personen<\/strong><\/h2>\r\n<p>Genie\u00dfen Sie das Formel-1-Wochenende und entspannen Sie anschlie\u00dfend in einem komfortablen Ferienhaus bei Sollasi. Alle H\u00e4user bieten einen gro\u00dfz\u00fcgigen Garten, einen separaten Abstellraum f\u00fcr Fahrr\u00e4der und eine moderne Ausstattung. Nach einem spannenden Tag am Circuit k\u00f6nnen Sie ein entspannendes Bad nehmen oder den Abend gem\u00fctlich am Kamin ausklingen lassen.<\/p>\r\n<p>[\/vc_column_text][vc_single_image image=&#8220;9060&#8243; img_size=&#8220;large&#8220;][vc_column_text]<!-- wp:heading {\"level\":1} --><\/p>\r\n<h2><strong>Ferienstudio f\u00fcr 2 Personen<\/strong><\/h2>\r\n<p>F\u00fcr Paare, die ein luxuri\u00f6ses Formel-1-Wochenende erleben m\u00f6chten, bieten unsere k\u00fcrzlich renovierten <a href=\"https:\/\/sollasi.nl\/de\/bungalowpark-sollasi\/unterkunfte\/studio-fuer-2-personen\/#tommy-matrix-row\">Studios<\/a> die perfekte Unterkunft. Mit Regendusche, LED-LCD-Fernseher und Nespresso-Maschine genie\u00dfen Sie h\u00f6chsten Komfort.<\/p>\r\n<p>[\/vc_column_text][vc_btn title=&#8220;Alle Mietunterk\u00fcnfte ansehen&#8220; color=&#8220;blue&#8220; align=&#8220;center&#8220; link=&#8220;url:https%3A%2F%2Fsollasi.nl%2Fde%2Fbungalowpark-sollasi%2Freserveren-bij-bungalowpark-sollasi%2F|title:Mietunterk%C3%BCnfte%20Sollasi&#8220;][\/vc_column][\/vc_row][vc_row][vc_column][vc_column_text]<\/p>\r\n<h2><strong>Buchen Sie jetzt Ihr Formel-1-Wochenende bei Sollasi<\/strong><\/h2>\r\n<p>Ob Camping, Ferienhaus oder Studio \u2013 Sollasi bietet Ihnen die ideale Unterkunft f\u00fcr ein spannendes und erholsames Wochenende. Kombinieren Sie die einzigartige Atmosph\u00e4re des Dutch Grand Prix in Zandvoort mit einem entspannten Aufenthalt inmitten von Wald und D\u00fcnen.<\/p>\r\n<p><strong>Sichern Sie sich jetzt Ihre Unterkunft und erleben Sie ein unvergessliches Formel-1-Wochenende!<\/strong><\/p>\r\n<p>[\/vc_column_text][vc_btn title=&#8220;Jetzt buchen&#8220; color=&#8220;blue&#8220; align=&#8220;center&#8220; link=&#8220;url:https%3A%2F%2Fsollasi.nl%2Fde%2F|title:Campingplatz%20Sollasi&#8220;][\/vc_column][\/vc_row]<\/p><!-- \/wp:post-content -->","protected":false},"excerpt":{"rendered":"<p>Ferienhaus f\u00fcr 4 Personen Genie\u00dfen Sie das Formel-1-Wochenende und entspannen Sie anschlie\u00dfend in einem komfortablen Ferienhaus bei Sollasi. Alle H\u00e4user bieten einen gro\u00dfz\u00fcgigen Garten, einen separaten Abstellraum f\u00fcr Fahrr\u00e4der und eine moderne Ausstattung. Nach einem spannenden Tag am Circuit k\u00f6nnen Sie ein entspannendes Bad nehmen oder den Abend gem\u00fctlich am Kamin ausklingen lassen. [\/vc_column_text][vc_single_image image=&#8220;9060&#8243; img_size=&#8220;large&#8220;][vc_column_text] Ferienstudio f\u00fcr 2 Personen F\u00fcr Paare, die ein luxuri\u00f6ses Formel-1-Wochenende erleben m\u00f6chten, bieten unsere k\u00fcrzlich renovierten Studios die perfekte Unterkunft. Mit Regendusche, LED-LCD-Fernseher und &#8230; <\/p>\n<p class=\"read-more-container\"><a title=\"Ferienhaus oder Campingplatz Zandvoort F1\" class=\"read-more button\" href=\"https:\/\/sollasi.nl\/de\/camping-sollasi\/ferienhaus-oder-campingplatz-zandvoort-f1\/#more-1602\">Read More<span class=\"screen-reader-text\">Ferienhaus oder Campingplatz Zandvoort F1<\/span><\/a><\/p>\n","protected":false},"author":1,"featured_media":1391,"parent":1210,"menu_order":0,"comment_status":"closed","ping_status":"closed","template":"page-camping-sollasi.php","meta":{"footnotes":""},"class_list":["post-1602","page","type-page","status-publish","has-post-thumbnail"],"_links":{"self":[{"href":"https:\/\/sollasi.nl\/de\/wp-json\/wp\/v2\/pages\/1602","targetHints":{"allow":["GET"]}}],"collection":[{"href":"https:\/\/sollasi.nl\/de\/wp-json\/wp\/v2\/pages"}],"about":[{"href":"https:\/\/sollasi.nl\/de\/wp-json\/wp\/v2\/types\/page"}],"author":[{"embeddable":true,"href":"https:\/\/sollasi.nl\/de\/wp-json\/wp\/v2\/users\/1"}],"replies":[{"embeddable":true,"href":"https:\/\/sollasi.nl\/de\/wp-json\/wp\/v2\/comments?post=1602"}],"version-history":[{"count":21,"href":"https:\/\/sollasi.nl\/de\/wp-json\/wp\/v2\/pages\/1602\/revisions"}],"predecessor-version":[{"id":12624,"href":"https:\/\/sollasi.nl\/de\/wp-json\/wp\/v2\/pages\/1602\/revisions\/12624"}],"up":[{"embeddable":true,"href":"https:\/\/sollasi.nl\/de\/wp-json\/wp\/v2\/pages\/1210"}],"wp:featuredmedia":[{"embeddable":true,"href":"https:\/\/sollasi.nl\/de\/wp-json\/wp\/v2\/media\/1391"}],"wp:attachment":[{"href":"https:\/\/sollasi.nl\/de\/wp-json\/wp\/v2\/media?parent=1602"}],"curies":[{"name":"wp","href":"https:\/\/api.w.org\/{rel}","templated":true}]}}