{"id":1717,"date":"2020-03-10T14:32:57","date_gmt":"2020-03-10T14:32:57","guid":{"rendered":"https:\/\/sollasi.nl\/?page_id=1717"},"modified":"2026-02-12T15:44:50","modified_gmt":"2026-02-12T15:44:50","slug":"kontakt","status":"publish","type":"page","link":"https:\/\/sollasi.nl\/de\/camping-le-parage\/kontakt\/","title":{"rendered":"Kontakt"},"content":{"rendered":"\r\n<div class=\"wp-block-columns is-layout-flex wp-container-core-columns-is-layout-9d6595d7 wp-block-columns-is-layout-flex\">\r\n<div class=\"wp-block-column is-layout-flow wp-block-column-is-layout-flow\">\r\n<h1 class=\"wp-block-heading\">Kontakt<\/h1>\r\n\r\n\r\n\r\n<h2 class=\"wp-block-heading\">Campingplatz Le Parage<\/h2>\r\n\r\n\r\n\r\n<div class=\"wp-block-columns is-layout-flex wp-container-core-columns-is-layout-9d6595d7 wp-block-columns-is-layout-flex\">\r\n<div class=\"wp-block-column is-layout-flow wp-block-column-is-layout-flow\">\r\n<p><strong>Adresse<\/strong><br \/>Langevelderlaan 43<br \/>2204 BC Noordwijk<br \/>Niederlanden<\/p>\r\n<p>Telefon +31 (0) 252 37 56 71<br \/>Email: <a href=\"mailto:LeParage@sollasi.nl\">info@leparage.nl<\/a><\/p>\r\n<\/div>\r\n\r\n\r\n\r\n<div class=\"wp-block-column is-layout-flow wp-block-column-is-layout-flow\">\r\n<p><strong>\u00d6ffnungszeiten der Rezeption<br \/><\/strong> &#8211; Montag bis Freitag<br \/>09:00 bis 12:00<br \/>14:00 bis 17:30<br \/>&#8211; Samstag bis Sonntag<br \/>08:00 bis 12:00<br \/>14:00 bis 17:30<\/p>\r\n\r\n\r\n\r\n<p><strong>Telefonischer Empfang<br \/><\/strong>&#8211; Montag bis Sonntag<br \/>08:00 bis 22:00<\/p>\r\n\r\n\r\n\r\n<p><strong>\u00d6ffnungszeiten Schranke<br \/><\/strong>&#8211; Montag bis Sonntag<br \/>08:00 bis 23:00<\/p>\r\n<\/div>\r\n<\/div>\r\n\r\n\r\n\r\n<p><strong>Wenn Sie voraussichtlich au\u00dferhalb der \u00d6ffnungszeiten der Rezeption anreisen, kontaktieren Sie uns bitte im Voraus unter Tel. +31 (0)252- 375671 oder per E-Mail an info@leparage.nl.<\/strong><\/p>\r\n\r\n\r\n\r\n<p>Zahlungen an<\/p>\r\n<p>Camping Le Parage B.V. te Noordwijkerhout | Rabobank Noordwijkerhout rekening nr. 03.88.54.99.47. | IBANNL27RABO 0388549947 | BIC RABONL2U<\/p>\r\n<p>Camping\u00a0 Le Parage te Noordwijkerhout<br \/>kvk.nr. 95757449<\/p>\r\n\r\n\r\n\r\n<div class=\"wp-block-spacer\" style=\"height: 20px;\" aria-hidden=\"true\">\u00a0<\/div>\r\n\r\n\r\n <iframe loading=\"lazy\" style=\"border: 0;\" src=\"https:\/\/www.google.com\/maps\/embed?pb=!1m18!1m12!1m3!1d1738.5997744254714!2d4.484657935466758!3d52.281974429637266!2m3!1f0!2f0!3f0!3m2!1i1024!2i768!4f13.1!3m3!1m2!1s0x47c5ea7ddc41c92b%3A0x4238db1698207a2a!2sLangevelderlaan%2043%2C%202204%20BC%20Noordwijk!5e1!3m2!1snl!2snl!4v1583854360192!5m2!1snl!2snl\" width=\"1900\" height=\"300\" frameborder=\"0\" allowfullscreen=\"allowfullscreen\"><\/iframe> <\/div>\r\n\r\n\r\n\r\n<div class=\"wp-block-column is-layout-flow wp-block-column-is-layout-flow\">\r\n\r\n\r\n<p class=\"has-text-align-center\">Das sind wir: Ihr Gastgeberpaar Jasper und Maddie<\/p>\r\n<\/div>\r\n<\/div>\r\n<!-- \/wp:post-content -->","protected":false},"excerpt":{"rendered":"<p>Kontakt Campingplatz Le Parage AdresseLangevelderlaan 432204 BC NoordwijkNiederlanden Telefon +31 (0) 252 37 56 71Email: info@leparage.nl \u00d6ffnungszeiten der Rezeption &#8211; Montag bis Freitag09:00 bis 12:0014:00 bis 17:30&#8211; Samstag bis Sonntag08:00 bis 12:0014:00 bis 17:30 Telefonischer Empfang&#8211; Montag bis Sonntag08:00 bis 22:00 \u00d6ffnungszeiten Schranke&#8211; Montag bis Sonntag08:00 bis 23:00 Wenn Sie voraussichtlich au\u00dferhalb der \u00d6ffnungszeiten der Rezeption anreisen, kontaktieren Sie uns bitte im Voraus unter Tel. +31 (0)252- 375671 oder per E-Mail an info@leparage.nl. Zahlungen an Camping Le Parage B.V. te &#8230; <\/p>\n<p class=\"read-more-container\"><a title=\"Kontakt\" class=\"read-more button\" href=\"https:\/\/sollasi.nl\/de\/camping-le-parage\/kontakt\/#more-1717\">Read More<span class=\"screen-reader-text\">Kontakt<\/span><\/a><\/p>\n","protected":false},"author":1,"featured_media":1949,"parent":1212,"menu_order":0,"comment_status":"closed","ping_status":"closed","template":"page-camping-le-parage.php","meta":{"footnotes":""},"class_list":["post-1717","page","type-page","status-publish","has-post-thumbnail"],"_links":{"self":[{"href":"https:\/\/sollasi.nl\/de\/wp-json\/wp\/v2\/pages\/1717","targetHints":{"allow":["GET"]}}],"collection":[{"href":"https:\/\/sollasi.nl\/de\/wp-json\/wp\/v2\/pages"}],"about":[{"href":"https:\/\/sollasi.nl\/de\/wp-json\/wp\/v2\/types\/page"}],"author":[{"embeddable":true,"href":"https:\/\/sollasi.nl\/de\/wp-json\/wp\/v2\/users\/1"}],"replies":[{"embeddable":true,"href":"https:\/\/sollasi.nl\/de\/wp-json\/wp\/v2\/comments?post=1717"}],"version-history":[{"count":37,"href":"https:\/\/sollasi.nl\/de\/wp-json\/wp\/v2\/pages\/1717\/revisions"}],"predecessor-version":[{"id":13724,"href":"https:\/\/sollasi.nl\/de\/wp-json\/wp\/v2\/pages\/1717\/revisions\/13724"}],"up":[{"embeddable":true,"href":"https:\/\/sollasi.nl\/de\/wp-json\/wp\/v2\/pages\/1212"}],"wp:featuredmedia":[{"embeddable":true,"href":"https:\/\/sollasi.nl\/de\/wp-json\/wp\/v2\/media\/1949"}],"wp:attachment":[{"href":"https:\/\/sollasi.nl\/de\/wp-json\/wp\/v2\/media?parent=1717"}],"curies":[{"name":"wp","href":"https:\/\/api.w.org\/{rel}","templated":true}]}}