{"id":1844,"date":"2020-03-17T12:07:48","date_gmt":"2020-03-17T12:07:48","guid":{"rendered":"https:\/\/sollasi.nl\/?page_id=1844"},"modified":"2026-01-30T14:30:54","modified_gmt":"2026-01-30T14:30:54","slug":"ausstattung","status":"publish","type":"page","link":"https:\/\/sollasi.nl\/de\/bungalowpark-sollasi\/ausstattung\/","title":{"rendered":"BUNGALOWPARK MIT KOMFORTABLER AUSSTATTUNG"},"content":{"rendered":"<p>[vc_row][vc_column][vc_column_text]<\/p>\r\n<div class=\"wp-block-columns\">\r\n<div class=\"wp-block-column\" style=\"flex-basis: 74%;\">\r\n<h2 class=\"wp-block-heading\">Restaurants<\/h2>\r\n<p>Lust auf Mittagessen, Abendessen oder einen Drink? In unserem Park finden Sie das neue <a href=\"https:\/\/devoliere.nl\/\" target=\"_blank\" rel=\"noopener\">Restaurant Voli\u00e9re<\/a> und das weithin bekannte <a href=\"https:\/\/como-co.nl\/de\/\" target=\"_blank\" rel=\"noopener\">Como &amp; Co<\/a>. Beide Restaurants haben eine sch\u00f6ne Terrasse mit Blick auf den See und sind auch ideal f\u00fcr einen Zwischenstopp bei einem Spaziergang oder einer Radtour.<\/p>\r\n<\/div>\r\n<\/div>\r\n<p>[\/vc_column_text][\/vc_column][\/vc_row][vc_row][vc_column width=&#8220;1\/2&#8243;][vc_single_image image=&#8220;10963&#8243; img_size=&#8220;600&#215;450&#8243; title=&#8220;Como &amp; Co&#8220;][\/vc_column][vc_column width=&#8220;1\/2&#8243;][vc_single_image image=&#8220;10966&#8243; img_size=&#8220;600&#215;450&#8243; title=&#8220;Restaurant Voli\u00e9re&#8220;][\/vc_column][\/vc_row][vc_row][vc_column][vc_column_text]<\/p>\r\n<h2>Waschsalon<\/h2>\r\n<p>F\u00fcr Studiomieter steht in der Anlage ein Waschsalon zur allgemeinen Nutzung zur Verf\u00fcgung. Um ihn zu benutzen, k\u00f6nnen Sie an der Rezeption M\u00fcnzen kaufen.<\/p>\r\n<p>Bungalow-Mieter k\u00f6nnen den Waschsalon auf dem angrenzenden Campingplatz mit gro\u00dfen Waschmaschinen und Trockner nutzen (Bezahlung mit EC-Karte).[\/vc_column_text][\/vc_column][\/vc_row][vc_row][vc_column width=&#8220;1\/2&#8243;][vc_column_text]<\/p>\r\n<h2>Fahrradverleih<\/h2>\r\n<p>An der Rezeption h\u00e4lt die Firma van Dam aus Noordwijkerhout eine Reihe von Stadtfahrr\u00e4dern zum Verleih bereit. Sie k\u00f6nnen diese einfach \u00fcber die scan&amp;ride-App stunden- oder tageweise mieten. Laden Sie dazu die App &#8218;Rent-a-bike van Dam&#8216; auf Ihr Apple- oder Android-Handy. <a href=\"https:\/\/rentabikevandam.nl\/de\/scan-ride-app\/\" target=\"_blank\" rel=\"noopener\">Siehe den ausf\u00fchrlichen Text und die Erkl\u00e4rung auf der Website<\/a>.<\/p>\r\n<p>F\u00fcr den Verleih von anderen Fahrr\u00e4dern wie Elektrofahrr\u00e4dern, Mountainbikes, Kinderfahrr\u00e4dern und anderen Artikeln wie Kindersitzen, Fahrradanh\u00e4ngern, Fahrradhelmen usw. verweisen wir Sie auf die <a href=\"https:\/\/rentabikevandam.nl\/de\/\" target=\"_blank\" rel=\"noopener\">Website von &#8218;Rent-a-bike van Dam&#8216;<\/a>. Auf dieser Website finden Sie alles, was van Dam in Sachen Fahrradverleih zu bieten hat. Sie bieten zum Beispiel auch einen Lieferservice an und k\u00f6nnen Fahrr\u00e4der und Zubeh\u00f6r an unseren Standort liefern lassen.[\/vc_column_text][\/vc_column][vc_column width=&#8220;1\/2&#8243;][vc_column_text]\u00a0[\/vc_column_text][vc_single_image image=&#8220;12424&#8243; img_size=&#8220;full&#8220;][\/vc_column][\/vc_row][vc_row][vc_column width=&#8220;1\/2&#8243;][vc_single_image image=&#8220;12500&#8243; img_size=&#8220;500&#215;300&#8243;][\/vc_column][vc_column width=&#8220;1\/2&#8243;][vc_column_text]<\/p>\r\n<h2>Radfahren in der Umgebung<\/h2>\r\n<p>Der Bungalowpark Sollasi befindet sich im Bollenstreek. In der unmittelbaren Umgebung finden Sie herrliche Fahrradrouten entlang kleiner D\u00f6rfer und sch\u00f6ner Tulpenfelder. Auch die W\u00e4lder, D\u00fcnen und der Strand sind in wenigen Minuten mit dem Fahrrad zu erreichen. <a href=\"https:\/\/bollenstreek.nl\/aktivitaeten\/radfahren\/radwege\/?lang=de\" target=\"_blank\" rel=\"noopener\">Auf der Website bollenstreek.nl<\/a> finden Sie mehrere sch\u00f6ne Fahrradrouten zwischen 5 und 52 Kilometern. Und wussten Sie, dass der Bungalowpark Sollasi an einer mehr als 60 Kilometern langen Mountainbike-Strecke liegt?[\/vc_column_text][\/vc_column][\/vc_row][vc_row][vc_column width=&#8220;1\/2&#8243;][vc_column_text]<\/p>\r\n<h2>Elektrische Ladestationen<\/h2>\r\n<p>Am Eingang zu unserem Bungalowpark befinden sich vier Elektroladestationen. Hier k\u00f6nnen Sie Ihr Auto aufladen, maximal 12 Stunden am St\u00fcck.<\/p>\r\n<h2>Aktivit\u00e4ten im Freien<\/h2>\r\n<p>Auf dem Bungalowpark und in seiner Umgebung gibt es f\u00fcr Jung und Alt viele M\u00f6glichkeiten der Unterhaltung. Spielen Sie eine Partie Petanque auf der Boulebahn. F\u00fcr die Kleinsten gibt es mehrere Spielpl\u00e4tze und Ballspielpl\u00e4tze. Entlang des angrenzenden Sees gibt es kleine Str\u00e4nde und Rasenfl\u00e4chen, auf denen Sie sich sonnen oder spielen k\u00f6nnen. Hier kann man auch gut angeln oder mit dem Hund spazieren gehen. Bei Como &amp; Co k\u00f6nnen Sie Kajaks oder Ruderboote mieten.[\/vc_column_text][\/vc_column][vc_column width=&#8220;1\/2&#8243;][vc_single_image image=&#8220;12430&#8243; img_size=&#8220;600&#215;400&#8243;][\/vc_column][\/vc_row][vc_row][vc_column][vc_column_text][\/vc_column_text][\/vc_column][\/vc_row][vc_row][vc_column][vc_column_text]<\/p>\r\n<h1 style=\"text-align: left;\">Aktivit\u00e4ten und Veranstaltungen in der Region.<\/h1>\r\n<p>[\/vc_column_text][\/vc_column][\/vc_row][vc_row][vc_column][vc_column_text][\/vc_column_text][\/vc_column][\/vc_row][vc_row][vc_column][vc_column_text]Es gibt eine Menge von organisiert. <a href=\"https:\/\/sollasi.nl\/events\/\">Hier finden Sie unseren Veranstaltungskalender<\/a> mit Aktivit\u00e4ten in der Umgebung und in unseren Parks.[\/vc_column_text][\/vc_column][\/vc_row][vc_row][vc_column][vc_column_text]<\/p>\r\n<h2>W\u00f6chentliche Aktivit\u00e4ten<\/h2>\r\n<p>Jeden Mittwoch 10:00 bis 18:00 &#8211; Wochenmarkt Noordwijk Adresse: Zentrum Noordwijk aan zee<br \/>Jeden Montag 11:00 bis 16:00 Uhr &#8211; Wochenmarkt Noordwijkerhout Adresse: Centrum Noordwijkerhout<\/p>\r\n<p>[\/vc_column_text][\/vc_column][\/vc_row]<\/p>","protected":false},"excerpt":{"rendered":"<p>[vc_row][vc_column][vc_column_text] Restaurants Lust auf Mittagessen, Abendessen oder einen Drink? In unserem Park finden Sie das neue Restaurant Voli\u00e9re und das weithin bekannte Como &amp; Co. Beide Restaurants haben eine sch\u00f6ne Terrasse mit Blick auf den See und sind auch ideal f\u00fcr einen Zwischenstopp bei einem Spaziergang oder einer Radtour. [\/vc_column_text][\/vc_column][\/vc_row][vc_row][vc_column width=&#8220;1\/2&#8243;][vc_single_image image=&#8220;10963&#8243; img_size=&#8220;600&#215;450&#8243; title=&#8220;Como &amp; Co&#8220;][\/vc_column][vc_column width=&#8220;1\/2&#8243;][vc_single_image image=&#8220;10966&#8243; img_size=&#8220;600&#215;450&#8243; title=&#8220;Restaurant Voli\u00e9re&#8220;][\/vc_column][\/vc_row][vc_row][vc_column][vc_column_text] Waschsalon F\u00fcr Studiomieter steht in der Anlage ein Waschsalon zur allgemeinen Nutzung zur Verf\u00fcgung. Um ihn zu benutzen, k\u00f6nnen &#8230; <\/p>\n<p class=\"read-more-container\"><a title=\"BUNGALOWPARK MIT KOMFORTABLER AUSSTATTUNG\" class=\"read-more button\" href=\"https:\/\/sollasi.nl\/de\/bungalowpark-sollasi\/ausstattung\/#more-1844\">Read More<span class=\"screen-reader-text\">BUNGALOWPARK MIT KOMFORTABLER AUSSTATTUNG<\/span><\/a><\/p>\n","protected":false},"author":1,"featured_media":10927,"parent":1192,"menu_order":0,"comment_status":"closed","ping_status":"closed","template":"page-bungalowpark-sollasi.php","meta":{"footnotes":""},"class_list":["post-1844","page","type-page","status-publish","has-post-thumbnail"],"_links":{"self":[{"href":"https:\/\/sollasi.nl\/de\/wp-json\/wp\/v2\/pages\/1844","targetHints":{"allow":["GET"]}}],"collection":[{"href":"https:\/\/sollasi.nl\/de\/wp-json\/wp\/v2\/pages"}],"about":[{"href":"https:\/\/sollasi.nl\/de\/wp-json\/wp\/v2\/types\/page"}],"author":[{"embeddable":true,"href":"https:\/\/sollasi.nl\/de\/wp-json\/wp\/v2\/users\/1"}],"replies":[{"embeddable":true,"href":"https:\/\/sollasi.nl\/de\/wp-json\/wp\/v2\/comments?post=1844"}],"version-history":[{"count":60,"href":"https:\/\/sollasi.nl\/de\/wp-json\/wp\/v2\/pages\/1844\/revisions"}],"predecessor-version":[{"id":13705,"href":"https:\/\/sollasi.nl\/de\/wp-json\/wp\/v2\/pages\/1844\/revisions\/13705"}],"up":[{"embeddable":true,"href":"https:\/\/sollasi.nl\/de\/wp-json\/wp\/v2\/pages\/1192"}],"wp:featuredmedia":[{"embeddable":true,"href":"https:\/\/sollasi.nl\/de\/wp-json\/wp\/v2\/media\/10927"}],"wp:attachment":[{"href":"https:\/\/sollasi.nl\/de\/wp-json\/wp\/v2\/media?parent=1844"}],"curies":[{"name":"wp","href":"https:\/\/api.w.org\/{rel}","templated":true}]}}