{"id":1860,"date":"2020-03-18T14:11:47","date_gmt":"2020-03-18T14:11:47","guid":{"rendered":"https:\/\/sollasi.nl\/?page_id=1860"},"modified":"2025-11-20T14:28:24","modified_gmt":"2025-11-20T14:28:24","slug":"ausstattung-campingplatz-le-parage","status":"publish","type":"page","link":"https:\/\/sollasi.nl\/de\/camping-le-parage\/ausstattung-campingplatz-le-parage\/","title":{"rendered":"Ausstattung"},"content":{"rendered":"<p>[vc_row][vc_column][vc_column_text]<\/p>\r\n<h1 class=\"wp-block-heading\">Ausstattung Campingplatz Le Parage<\/h1>\r\n\r\n<p>Der Campingplatz Le Parage ist ein ruhiger Campingplatz mit 34 Stellpl\u00e4tzen und 27 Wohnmobilstellpl\u00e4tzen (f\u00fcr Touristen). Der Campingplatz ist wundersch\u00f6n gelegen und mit jeglichem Komfort ausgestattet. Entspannen Sie sich auf unserem Campingplatz und genie\u00dfen Sie einen Traumurlaub in der N\u00e4he von Wald, D\u00fcnen, Strand und leuchtenden Blumenfeldern!<\/p>\r\n\r\n\r\n\r\n<h2 class=\"wp-block-heading\">Camping-Stellpl\u00e4tze<\/h2>\r\n\r\n\r\n\r\n<div class=\"wp-block-columns is-layout-flex wp-container-core-columns-is-layout-9d6595d7 wp-block-columns-is-layout-flex\">\r\n<div class=\"wp-block-column is-layout-flow wp-block-column-is-layout-flow\">\r\n<p>Ausstattung des Campingplatzes:<\/p>\r\n\r\n\r\n\r\n<ul class=\"wp-block-list\">\r\n<li>Flache, gro\u00dfz\u00fcgige Stellpl\u00e4tze auf der Wiese (9 x 9 m)<\/li>\r\n<li>Elektrische Anschl\u00fcsse auf dem Stellplatz (6 Ampere)<\/li>\r\n<li>Wasserh\u00e4hne auf den Campingfeldern<\/li>\r\n<li>Gro\u00dfz\u00fcgige Stellfl\u00e4che auf dem Parkplatz<\/li>\r\n<li>Kostenloses WLAN-Internetzugang<\/li>\r\n<li>Hunde sind willkommen (geb\u00fchrenpflichtig)<\/li>\r\n<\/ul>\r\n<p><\/p>\r\n<\/div>\r\n\r\n\r\n\r\n<div class=\"wp-block-column is-layout-flow wp-block-column-is-layout-flow\">\r\n<p>Ausstattung des Wohnmobilstellpl\u00e4tzes:<\/p>\r\n\r\n\r\n\r\n<ul class=\"wp-block-list\">\r\n<li>Flache, gro\u00dfz\u00fcgige Stellpl\u00e4tze auf der Wiese (9 x 8 m)<\/li>\r\n<li>Elektrische Anschl\u00fcsse auf dem Stellplatz (10 Ampere)<\/li>\r\n<li>Wasseranschluss auf dem Stellplatz<\/li>\r\n<li>Abwasseranschluss auf dem Stellplatz<\/li>\r\n<li>Kostenloser WLAN-Internetzugang<\/li>\r\n<li>Hunde sind willkommen (gegen Aufpreis)<\/li>\r\n<\/ul>\r\n<p><\/p>\r\n<\/div>\r\n<p><\/p>\r\n<\/div>\r\n\r\n\r\n\r\n<h2 class=\"wp-block-heading\">Sanit\u00e4ranlagen<\/h2>\r\n\r\n<p>Auf dem Campingplatz Le Parage gibt es drei moderne Sanit\u00e4ranlagen mit:<img loading=\"lazy\" decoding=\"async\" class=\"alignright wp-image-8380 size-full\" src=\"https:\/\/sollasi.nl\/wp-content\/uploads\/2023\/03\/Camping-in-den-Dunen-in-Holland-500.jpg\" alt=\"\" width=\"500\" height=\"333\" srcset=\"https:\/\/sollasi.nl\/wp-content\/uploads\/2023\/03\/Camping-in-den-Dunen-in-Holland-500.jpg 500w, https:\/\/sollasi.nl\/wp-content\/uploads\/2023\/03\/Camping-in-den-Dunen-in-Holland-500-300x200.jpg 300w, https:\/\/sollasi.nl\/wp-content\/uploads\/2023\/03\/Camping-in-den-Dunen-in-Holland-500-290x193.jpg 290w, https:\/\/sollasi.nl\/wp-content\/uploads\/2023\/03\/Camping-in-den-Dunen-in-Holland-500-158x105.jpg 158w\" sizes=\"auto, (max-width: 500px) 100vw, 500px\" \/><\/p>\r\n\r\n\r\n\r\n<ul class=\"wp-block-list\">\r\n<li>Warmen Duschen (kostenlos)<\/li>\r\n<li>Wickelraum<\/li>\r\n<li>Waschsalon<\/li>\r\n<li>Schmutzwassertank entleeren &amp; Frischwassertank auff\u00fcllen<\/li>\r\n<li>Entsorgungsstation f\u00fcr Chemie-Toiletten<\/li>\r\n<\/ul>\r\n\r\n\r\n\r\n<h2 class=\"wp-block-heading\">Aktivit\u00e4ten im Freien<\/h2>\r\n\r\n<p>Auf dem Campingplatz gibt es viele Freizeitm\u00f6glichkeiten. In der Kantine k\u00f6nnen Sie Live-Sportarten verfolgen oder Darts spielen. Dar\u00fcber hinaus gibt es auf dem Campingplatzgel\u00e4nde einen gro\u00dfen Sportplatz mit einem Fu\u00dfball- und Basketballfeld und einer Tischtennisplatte. Der sch\u00f6ne Spielplatz und unser abwechslungsreiches Freizeitprogramm sorgen f\u00fcr Spa\u00df und gute Unterhaltung der Kinder.<\/p>\r\n\r\n\r\n\r\n<h2 class=\"wp-block-heading\">Keukenhof und Blumenparade<\/h2>\r\n\r\n<p>Der Campingplatz Le Parage befindet sich in der N\u00e4he des wundersch\u00f6nen Keukenhofs. Der Blumenpark ist mit dem Fahrrad oder Auto schnell erreichbar. Der Keukenhof ist von Mitte M\u00e4rz bis Ende Mai ge\u00f6ffnet. Im April zieht der Bloemencorso (Blumenkorso) durch die Blumenzwiebelregion. Der Blumenkorso mit seinen vielen mit Blumen geschm\u00fcckten Prunkwagen beginnt in Noordwijk und f\u00fchrt weiter nach Haarlem. Im nahegelegenen Noordwijkerhout findet au\u00dferdem auch ein n\u00e4chtlicher Blumenkorso statt, bei dem Sie die Blumenwagen in ganz neuem Licht bewundern k\u00f6nnen.<\/p>\r\n\r\n\r\n\r\n<h2 class=\"wp-block-heading\">Restaurants<\/h2>\r\n\r\n<p>Der Campingplatz verf\u00fcgt \u00fcber eine <strong>Kantine (geschlossen im Jahr 2026)<\/strong>. Hier k\u00f6nnen Sie Snacks und kleine Mahlzeiten zu sich nehmen. In der Kantine gibt es auch eine Bar, an der Sie Getr\u00e4nke bestellen k\u00f6nnen.<br \/>Im benachbarten Bungalowpark Sollasi finden Sie das neue Restaurant Voli\u00e9re und das bekannte Como &amp; Co. Beide Restaurants haben eine sch\u00f6ne Terrasse mit Blick auf den See und sind auch ideal f\u00fcr einen Zwischenstopp bei einem Spaziergang oder einer Radtour.<\/p>\r\n<h2>Fahrradverleih<\/h2>\r\n<p><img loading=\"lazy\" decoding=\"async\" class=\"size-medium wp-image-8465 alignright\" src=\"https:\/\/sollasi.nl\/wp-content\/uploads\/2023\/03\/rent-a-bikevandam-app-instructions.1920x0-1840x1840-1-300x300.jpg\" alt=\"\" width=\"300\" height=\"300\" srcset=\"https:\/\/sollasi.nl\/wp-content\/uploads\/2023\/03\/rent-a-bikevandam-app-instructions.1920x0-1840x1840-1-300x300.jpg 300w, https:\/\/sollasi.nl\/wp-content\/uploads\/2023\/03\/rent-a-bikevandam-app-instructions.1920x0-1840x1840-1-1024x1024.jpg 1024w, https:\/\/sollasi.nl\/wp-content\/uploads\/2023\/03\/rent-a-bikevandam-app-instructions.1920x0-1840x1840-1-150x150.jpg 150w, https:\/\/sollasi.nl\/wp-content\/uploads\/2023\/03\/rent-a-bikevandam-app-instructions.1920x0-1840x1840-1-768x768.jpg 768w, https:\/\/sollasi.nl\/wp-content\/uploads\/2023\/03\/rent-a-bikevandam-app-instructions.1920x0-1840x1840-1-1536x1536.jpg 1536w, https:\/\/sollasi.nl\/wp-content\/uploads\/2023\/03\/rent-a-bikevandam-app-instructions.1920x0-1840x1840-1-193x193.jpg 193w, https:\/\/sollasi.nl\/wp-content\/uploads\/2023\/03\/rent-a-bikevandam-app-instructions.1920x0-1840x1840-1-105x105.jpg 105w, https:\/\/sollasi.nl\/wp-content\/uploads\/2023\/03\/rent-a-bikevandam-app-instructions.1920x0-1840x1840-1.jpg 1840w\" sizes=\"auto, (max-width: 300px) 100vw, 300px\" \/><\/p>\r\n<p>An der Rezeption h\u00e4lt die Firma van Dam aus Noordwijkerhout eine Reihe von Stadtfahrr\u00e4dern zum Verleih be<\/p>\r\n<p>reit. Sie k\u00f6nnen diese einfach \u00fcber die scan&amp;ride-App stunden- oder tageweise mieten. Laden Sie dazu die App \u201aRent-a-bike van Dam\u2018 auf Ihr Apple- oder Android-Handy.\u00a0<a href=\"https:\/\/rentabikevandam.nl\/de\/scan-ride-app\/\" target=\"_blank\" rel=\"noopener\">Hier finden Sie mehr Informationen zu unserem Fahrradverleih.<\/a><\/p>\r\n<p>F\u00fcr den Verleih von anderen Fahrr\u00e4dern wie Elektrofahrr\u00e4dern, Mountainbikes, Kinderfahrr\u00e4dern und Zubeh\u00f6r wie Kindersitzen, Fahrradanh\u00e4ngern, Fahrradhelmen usw. verweisen wir Sie auf\u00a0die\u00a0<a href=\"https:\/\/rentabikevandam.nl\/de\/\" target=\"_blank\" rel=\"noopener\">Website von \u201aRent-a-bike van Dam\u2018.<\/a>\u00a0Auf dieser Website finden Sie alles, was Van Dam in Sachen Fahrradverleih zu bieten hat. Sie haben zum Beispiel auch einen Lieferservice und k\u00f6nnen Fahrr\u00e4der und Zubeh\u00f6r an unseren Standort liefern.<\/p>\r\n<!-- \/wp:post-content -->\r\n\r\n<!-- wp:heading \/--><!-- \/wp:paragraph -->\r\n<p>&nbsp;<\/p>\r\n<p>[\/vc_column_text][\/vc_column][\/vc_row][vc_row][vc_column][vc_column_text]<\/p>\r\n<p>&nbsp;<\/p>","protected":false},"excerpt":{"rendered":"<p>[vc_row][vc_column][vc_column_text] Ausstattung Campingplatz Le Parage Der Campingplatz Le Parage ist ein ruhiger Campingplatz mit 34 Stellpl\u00e4tzen und 27 Wohnmobilstellpl\u00e4tzen (f\u00fcr Touristen). Der Campingplatz ist wundersch\u00f6n gelegen und mit jeglichem Komfort ausgestattet. Entspannen Sie sich auf unserem Campingplatz und genie\u00dfen Sie einen Traumurlaub in der N\u00e4he von Wald, D\u00fcnen, Strand und leuchtenden Blumenfeldern! Camping-Stellpl\u00e4tze Ausstattung des Campingplatzes: Flache, gro\u00dfz\u00fcgige Stellpl\u00e4tze auf der Wiese (9 x 9 m) Elektrische Anschl\u00fcsse auf dem Stellplatz (6 Ampere) Wasserh\u00e4hne auf den Campingfeldern Gro\u00dfz\u00fcgige Stellfl\u00e4che auf &#8230; <\/p>\n<p class=\"read-more-container\"><a title=\"Ausstattung\" class=\"read-more button\" href=\"https:\/\/sollasi.nl\/de\/camping-le-parage\/ausstattung-campingplatz-le-parage\/#more-1860\">Read More<span class=\"screen-reader-text\">Ausstattung<\/span><\/a><\/p>\n","protected":false},"author":1,"featured_media":1388,"parent":1212,"menu_order":0,"comment_status":"closed","ping_status":"closed","template":"page-camping-le-parage.php","meta":{"footnotes":""},"class_list":["post-1860","page","type-page","status-publish","has-post-thumbnail"],"_links":{"self":[{"href":"https:\/\/sollasi.nl\/de\/wp-json\/wp\/v2\/pages\/1860","targetHints":{"allow":["GET"]}}],"collection":[{"href":"https:\/\/sollasi.nl\/de\/wp-json\/wp\/v2\/pages"}],"about":[{"href":"https:\/\/sollasi.nl\/de\/wp-json\/wp\/v2\/types\/page"}],"author":[{"embeddable":true,"href":"https:\/\/sollasi.nl\/de\/wp-json\/wp\/v2\/users\/1"}],"replies":[{"embeddable":true,"href":"https:\/\/sollasi.nl\/de\/wp-json\/wp\/v2\/comments?post=1860"}],"version-history":[{"count":27,"href":"https:\/\/sollasi.nl\/de\/wp-json\/wp\/v2\/pages\/1860\/revisions"}],"predecessor-version":[{"id":13275,"href":"https:\/\/sollasi.nl\/de\/wp-json\/wp\/v2\/pages\/1860\/revisions\/13275"}],"up":[{"embeddable":true,"href":"https:\/\/sollasi.nl\/de\/wp-json\/wp\/v2\/pages\/1212"}],"wp:featuredmedia":[{"embeddable":true,"href":"https:\/\/sollasi.nl\/de\/wp-json\/wp\/v2\/media\/1388"}],"wp:attachment":[{"href":"https:\/\/sollasi.nl\/de\/wp-json\/wp\/v2\/media?parent=1860"}],"curies":[{"name":"wp","href":"https:\/\/api.w.org\/{rel}","templated":true}]}}