{"id":1863,"date":"2020-03-18T14:26:44","date_gmt":"2020-03-18T14:26:44","guid":{"rendered":"https:\/\/sollasi.nl\/?page_id=1863"},"modified":"2026-01-30T15:14:15","modified_gmt":"2026-01-30T15:14:15","slug":"ausstattung-campingplatz-sollasi","status":"publish","type":"page","link":"https:\/\/sollasi.nl\/de\/camping-sollasi\/ausstattung-campingplatz-sollasi\/","title":{"rendered":"Ausstattung"},"content":{"rendered":"<p>[vc_row][vc_column][vc_column_text]<\/p>\r\n<h1>AUSSTATTUNG CAMPINGPLATZ SOLLASI<\/h1>\r\n<p>Die ger\u00e4umigen Stellpl\u00e4tze auf einer gr\u00fcnen Wiese sind f\u00fcr Zelte, Wohnmobile und Wohnwagen geeignet. Der Campingplatz Sollasi ist ideal f\u00fcr Familien. Genie\u00dfen Sie hier Ihren wohlverdienten Urlaub!<\/p>\r\n<h2>Camping-Stellpl\u00e4tze<\/h2>\r\n<p>Umgeben von Vegetation, k\u00f6nnen Sie die Privatsph\u00e4re Ihres Stellplatzes genie\u00dfen. Der Campingplatz ist ausgestattet mit:[\/vc_column_text][\/vc_column][\/vc_row][vc_row][vc_column width=&#8220;1\/2&#8243;][vc_column_text]<\/p>\r\n<ul>\r\n<li>Flache, gro\u00dfz\u00fcgige Stellpl\u00e4tze auf Rasenfl\u00e4che (10 x 8 m)<\/li>\r\n<li>Elektrische Anschl\u00fcsse auf dem Stellplatz 10 Ampere<\/li>\r\n<li>Wasseranschluss auf dem Stellplatz<\/li>\r\n<li>Gro\u00dfz\u00fcgige Stellfl\u00e4che auf dem Parkplatz<\/li>\r\n<li>WLAN-Internetzugang (kostenlos)<\/li>\r\n<li>Hunde willkommen (gegen Aufpreis)<\/li>\r\n<\/ul>\r\n<p>Der Campingplatz Sollasi verf\u00fcgt \u00fcber eine gro\u00dfe und eine kleine moderne Sanit\u00e4ranlage, die ausgestattet ist mit:<\/p>\r\n<ul>\r\n<li>Toilette<\/li>\r\n<li>Warmen Duschen (kostenlos)<\/li>\r\n<li>Wickelraum<\/li>\r\n<li>Waschsalon<\/li>\r\n<li>Schmutzwassertank entleeren &amp; Frischwassertank auff\u00fcllen<\/li>\r\n<li>Entsorgungsstation f\u00fcr Chemie-Toiletten<\/li>\r\n<\/ul>\r\n<p>[\/vc_column_text][\/vc_column][vc_column width=&#8220;1\/2&#8243;][vc_single_image image=&#8220;9805&#8243; img_size=&#8220;400&#215;300&#8243;][vc_single_image image=&#8220;9798&#8243; img_size=&#8220;400&#215;300&#8243;][\/vc_column][\/vc_row][vc_row][vc_column][vc_column_text]<\/p>\r\n<h2>Aktivit\u00e4ten im Freien<\/h2>\r\n<p>Das Freizeitangebot auf dem Campingplatz ist sehr vielseitig. Kinder k\u00f6nnen sich auf dem Spielplatz austoben. Hier befinden sich auch Tischtennisplatten und ein Panna-Feld. Unser Freizeitprogramm bietet ein abwechslungsreiches Angebot f\u00fcr Jung und Alt.[\/vc_column_text][\/vc_column][\/vc_row][vc_row][vc_column width=&#8220;1\/2&#8243;][vc_column_text]<\/p>\r\n<h2>Fahrradverleih<\/h2>\r\n<p>An der Rezeption h\u00e4lt die Firma van Dam aus Noordwijkerhout eine Reihe von Stadtfahrr\u00e4dern zum Verleih bereit. Sie k\u00f6nnen diese einfach \u00fcber die scan&amp;ride-App stunden- oder tageweise mieten. Laden Sie dazu die App &#8218;Rent-a-bike van Dam&#8216; auf Ihr Apple- oder Android-Handy. <a href=\"https:\/\/rentabikevandam.nl\/de\/scan-ride-app\/\" target=\"_blank\" rel=\"noopener\">Hier finden Sie mehr Informationen zu unserem Fahrradverleih.<\/a><\/p>\r\n<p>F\u00fcr den Verleih von anderen Fahrr\u00e4dern wie Elektrofahrr\u00e4dern, Mountainbikes, Kinderfahrr\u00e4dern und Zubeh\u00f6r wie Kindersitzen, Fahrradanh\u00e4ngern, Fahrradhelmen usw. verweisen wir Sie auf die <a href=\"https:\/\/rentabikevandam.nl\/de\/\" target=\"_blank\" rel=\"noopener\">Website von &#8218;Rent-a-bike van Dam&#8216;.<\/a> Auf dieser Website finden Sie alles, was Van Dam in Sachen Fahrradverleih zu bieten hat. Sie haben zum Beispiel auch einen Lieferservice und k\u00f6nnen Fahrr\u00e4der und Zubeh\u00f6r an unseren Standort liefern.<\/p>\r\n<p>[\/vc_column_text][\/vc_column][vc_column width=&#8220;1\/2&#8243;][vc_single_image image=&#8220;8463&#8243; img_size=&#8220;450&#215;450&#8243;][\/vc_column][\/vc_row][vc_row][vc_column][vc_column_text]<\/p>\r\n<h2>Restaurants<\/h2>\r\n<p>Auf dem Campingplatz gibt es eine Cafeteria. Hier sind Snacks und kleine Mahlzeiten erh\u00e4ltlich. Und es gibt dort auch eine Bar, wo Sie Getr\u00e4nke bestellen k\u00f6nnen. Im benachbarten Bungalowpark Sollasi finden Sie das neue Restaurant Voli\u00e9re und das bekannte Como &amp; Co. Beide Restaurants haben eine sch\u00f6ne Terrasse mit Blick auf den See und sind auch ideal f\u00fcr einen Zwischenstopp bei einem Spaziergang oder einer Radtour.<\/p>\r\n<p>&nbsp;<\/p>\r\n\r\n<p>\u00a0<\/p>\r\n<p>[\/vc_column_text][\/vc_column][\/vc_row][vc_column][vc_column_text]<\/p>\r\n<h6 style=\"text-align: center;\">\u00a0<\/h6>\r\n<p>[\/vc_column_text][\/vc_column][vc_row][vc_column][vc_column_text]<\/p>\r\n<h2>Aktivit\u00e4ten und Veranstaltungen in der Umgebung.<\/h2>\r\n<p>In der Umgebung von Noordwijkerhout wird viel organisiert. <a href=\"https:\/\/sollasi.nl\/de\/events\/\">Hier finden Sie unseren Veranstaltungskalender<\/a> mit Aktivit\u00e4ten in der Umgebung und in unseren Parks.<\/p>\r\n<p>[\/vc_column_text][\/vc_column][\/vc_row]<\/p>","protected":false},"excerpt":{"rendered":"<p>[vc_row][vc_column][vc_column_text] AUSSTATTUNG CAMPINGPLATZ SOLLASI Die ger\u00e4umigen Stellpl\u00e4tze auf einer gr\u00fcnen Wiese sind f\u00fcr Zelte, Wohnmobile und Wohnwagen geeignet. Der Campingplatz Sollasi ist ideal f\u00fcr Familien. Genie\u00dfen Sie hier Ihren wohlverdienten Urlaub! Camping-Stellpl\u00e4tze Umgeben von Vegetation, k\u00f6nnen Sie die Privatsph\u00e4re Ihres Stellplatzes genie\u00dfen. Der Campingplatz ist ausgestattet mit:[\/vc_column_text][\/vc_column][\/vc_row][vc_row][vc_column width=&#8220;1\/2&#8243;][vc_column_text] Flache, gro\u00dfz\u00fcgige Stellpl\u00e4tze auf Rasenfl\u00e4che (10 x 8 m) Elektrische Anschl\u00fcsse auf dem Stellplatz 10 Ampere Wasseranschluss auf dem Stellplatz Gro\u00dfz\u00fcgige Stellfl\u00e4che auf dem Parkplatz WLAN-Internetzugang (kostenlos) Hunde willkommen (gegen Aufpreis) Der &#8230; <\/p>\n<p class=\"read-more-container\"><a title=\"Ausstattung\" class=\"read-more button\" href=\"https:\/\/sollasi.nl\/de\/camping-sollasi\/ausstattung-campingplatz-sollasi\/#more-1863\">Read More<span class=\"screen-reader-text\">Ausstattung<\/span><\/a><\/p>\n","protected":false},"author":1,"featured_media":1399,"parent":1210,"menu_order":0,"comment_status":"closed","ping_status":"closed","template":"page-camping-sollasi.php","meta":{"footnotes":""},"class_list":["post-1863","page","type-page","status-publish","has-post-thumbnail"],"_links":{"self":[{"href":"https:\/\/sollasi.nl\/de\/wp-json\/wp\/v2\/pages\/1863","targetHints":{"allow":["GET"]}}],"collection":[{"href":"https:\/\/sollasi.nl\/de\/wp-json\/wp\/v2\/pages"}],"about":[{"href":"https:\/\/sollasi.nl\/de\/wp-json\/wp\/v2\/types\/page"}],"author":[{"embeddable":true,"href":"https:\/\/sollasi.nl\/de\/wp-json\/wp\/v2\/users\/1"}],"replies":[{"embeddable":true,"href":"https:\/\/sollasi.nl\/de\/wp-json\/wp\/v2\/comments?post=1863"}],"version-history":[{"count":39,"href":"https:\/\/sollasi.nl\/de\/wp-json\/wp\/v2\/pages\/1863\/revisions"}],"predecessor-version":[{"id":13716,"href":"https:\/\/sollasi.nl\/de\/wp-json\/wp\/v2\/pages\/1863\/revisions\/13716"}],"up":[{"embeddable":true,"href":"https:\/\/sollasi.nl\/de\/wp-json\/wp\/v2\/pages\/1210"}],"wp:featuredmedia":[{"embeddable":true,"href":"https:\/\/sollasi.nl\/de\/wp-json\/wp\/v2\/media\/1399"}],"wp:attachment":[{"href":"https:\/\/sollasi.nl\/de\/wp-json\/wp\/v2\/media?parent=1863"}],"curies":[{"name":"wp","href":"https:\/\/api.w.org\/{rel}","templated":true}]}}