{"id":2036,"date":"2020-03-30T14:03:20","date_gmt":"2020-03-30T14:03:20","guid":{"rendered":"https:\/\/sollasi.nl\/?page_id=2036"},"modified":"2024-12-19T12:59:47","modified_gmt":"2024-12-19T12:59:47","slug":"unternehmungen-in-der-umgebung","status":"publish","type":"page","link":"https:\/\/sollasi.nl\/de\/unternehmungen-in-der-umgebung\/","title":{"rendered":"Unternehmungen in der Umgebung"},"content":{"rendered":"<p>[vc_row][vc_column][vc_column_text]<\/p>\r\n<h1 class=\"wp-block-heading\">Unternehmungen in der Umgebung<\/h1>\r\n\r\n<p>In der wundersch\u00f6nen Umgebung des Bungalowparks &amp; Campingplatzes gibt es f\u00fcr Alt und Jung viel zu entdecken. Machen Sie ausgedehnte Spazierg\u00e4nge durch die W\u00e4lder, das D\u00fcnengebiet oder am Strand. Oder machen Sie einen Tagesausflug zu einem Museum, Vergn\u00fcgungspark oder Schwimmbad!<\/p>\r\n<p>\u00a0<\/p>\r\n\r\n<div class=\"wp-block-columns is-layout-flex wp-container-core-columns-is-layout-9d6595d7 wp-block-columns-is-layout-flex\">\r\n<div class=\"wp-block-column is-layout-flow wp-block-column-is-layout-flow\">\r\n<figure class=\"wp-block-image size-large\"><img loading=\"lazy\" decoding=\"async\" class=\"alignnone wp-image-1972\" src=\"https:\/\/sollasi.nl\/wp-content\/uploads\/Omgeving-Wandeltochten-1024x576.jpg\" alt=\"Herrliche Wanderwege in der Umgebung\" width=\"1024\" height=\"576\" srcset=\"https:\/\/sollasi.nl\/wp-content\/uploads\/Omgeving-Wandeltochten-1024x576.jpg 1024w, https:\/\/sollasi.nl\/wp-content\/uploads\/Omgeving-Wandeltochten-300x169.jpg 300w, https:\/\/sollasi.nl\/wp-content\/uploads\/Omgeving-Wandeltochten-768x432.jpg 768w, https:\/\/sollasi.nl\/wp-content\/uploads\/Omgeving-Wandeltochten-1536x864.jpg 1536w, https:\/\/sollasi.nl\/wp-content\/uploads\/Omgeving-Wandeltochten-2048x1152.jpg 2048w\" sizes=\"auto, (max-width: 1024px) 100vw, 1024px\" \/><\/figure>\r\n\r\n\r\n\r\n<h2 class=\"wp-block-heading\">Urlaubsaktivit\u00e4ten im Freien<\/h2>\r\n\r\n\r\n\r\n<p class=\"Omgeving-Blok\">M\u00f6chten Sie aktive Tage im Freien verbringen? In der N\u00e4he des Ferienparks und der Campingpl\u00e4tze gibt es viele M\u00f6glichkeiten f\u00fcr Outdoor-Aktivit\u00e4ten. Entdecken Sie die sch\u00f6ne Natur mit dem Rad oder zu Fu\u00df! Spielen Sie eine Runde Golf oder machen Sie sich mit Ihrem Surfbrett auf in die Nordsee!<\/p>\r\n\r\n\r\n\r\n<div class=\"wp-block-button alignright is-style-fill\"><a class=\"wp-block-button__link\" href=\"https:\/\/sollasi.nl\/de\/unternehmungen-in-der-umgebung\/urlaubsaktivitaeten-im-freien\/\"> Lesen Sie mehr <\/a><\/div>\r\n<\/div>\r\n\r\n\r\n\r\n<div class=\"wp-block-column is-layout-flow wp-block-column-is-layout-flow\">\r\n<figure class=\"wp-block-image size-large\"><img loading=\"lazy\" decoding=\"async\" class=\"alignnone wp-image-1813\" src=\"https:\/\/sollasi.nl\/wp-content\/uploads\/Omgeving-Noordwijk-1024x576.jpg\" alt=\"Der wei\u00dfe Leuchtturm in Noordwijk\" width=\"1024\" height=\"576\" srcset=\"https:\/\/sollasi.nl\/wp-content\/uploads\/Omgeving-Noordwijk-1024x576.jpg 1024w, https:\/\/sollasi.nl\/wp-content\/uploads\/Omgeving-Noordwijk-300x169.jpg 300w, https:\/\/sollasi.nl\/wp-content\/uploads\/Omgeving-Noordwijk-768x432.jpg 768w, https:\/\/sollasi.nl\/wp-content\/uploads\/Omgeving-Noordwijk-1536x864.jpg 1536w, https:\/\/sollasi.nl\/wp-content\/uploads\/Omgeving-Noordwijk-2048x1152.jpg 2048w\" sizes=\"auto, (max-width: 1024px) 100vw, 1024px\" \/><\/figure>\r\n\r\n\r\n\r\n<h2 class=\"wp-block-heading\">D\u00f6rfer in der Region<\/h2>\r\n\r\n<p>Der Campingplatz und die Ferienh\u00e4user liegen ganz in der N\u00e4he von malerischen D\u00f6rfern. So ist etwa Noordwijkerhout ein idyllischer Ort im Herzen der Blumenregion \u201eBollenstreek\u201c. Im historischen Ortskern gibt es dort zahlreiche Gesch\u00e4fte und Superm\u00e4rkte. Und Noordwijk ist bekannt f\u00fcr seine sch\u00f6ne Lage direkt am Meer.<\/p>\r\n\r\n\r\n\r\n<div class=\"wp-block-button alignright\"><a class=\"wp-block-button__link\" href=\"https:\/\/sollasi.nl\/de\/unternehmungen-in-der-umgebung\/schmucke-doerfer-in-der-region\/\"> Lesen Sie mehr <\/a><\/div>\r\n<\/div>\r\n\r\n\r\n\r\n<div class=\"wp-block-column is-layout-flow wp-block-column-is-layout-flow\">\r\n<figure class=\"wp-block-image size-large\"><img loading=\"lazy\" decoding=\"async\" class=\"alignnone wp-image-2450\" src=\"https:\/\/sollasi.nl\/wp-content\/uploads\/KidsZoo-1536x864-1-1024x576.jpg\" alt=\"KidsZoo\" width=\"1024\" height=\"576\" srcset=\"https:\/\/sollasi.nl\/wp-content\/uploads\/KidsZoo-1536x864-1-1024x576.jpg 1024w, https:\/\/sollasi.nl\/wp-content\/uploads\/KidsZoo-1536x864-1-300x169.jpg 300w, https:\/\/sollasi.nl\/wp-content\/uploads\/KidsZoo-1536x864-1-768x432.jpg 768w, https:\/\/sollasi.nl\/wp-content\/uploads\/KidsZoo-1536x864-1.jpg 1536w\" sizes=\"auto, (max-width: 1024px) 100vw, 1024px\" \/><\/figure>\r\n\r\n\r\n\r\n<h2 class=\"wp-block-heading\">Kinder<\/h2>\r\n\r\n\r\n\r\n<p class=\"Omgeving-Blok\">Auf den Campingpl\u00e4tzen und im Bungalowpark sowie in der nahen Umgebung gibt es ein vielseitiges Freizeitangebot f\u00fcr Kinder. Lassen Sie sich im Erlebnispark Duinrell durch die Luft schleudern, bewundern Sie die Unterwasserwelt im Sealife oder lassen Sie Ihre Kinder auf dem gr\u00f6\u00dften Spielplatz Europas toben. Das Freizeitangebot f\u00fcr die ganze Familie ist riesig!<\/p>\r\n\r\n\r\n\r\n<div class=\"wp-block-button alignright\"><a class=\"wp-block-button__link\" href=\"https:\/\/sollasi.nl\/de\/unternehmungen-in-der-umgebung\/kinder\/\"> Lesen Sie mehr <\/a><\/div>\r\n<\/div>\r\n<\/div>\r\n<p>\u00a0<\/p>\r\n<p>\u00a0<\/p>\r\n\r\n<div class=\"wp-block-columns is-layout-flex wp-container-core-columns-is-layout-9d6595d7 wp-block-columns-is-layout-flex\">\r\n<div class=\"wp-block-column is-layout-flow wp-block-column-is-layout-flow\">\r\n<figure class=\"wp-block-image size-large\"><img loading=\"lazy\" decoding=\"async\" class=\"alignnone wp-image-1981\" src=\"https:\/\/sollasi.nl\/wp-content\/uploads\/Omgeving-Den-Haag-1024x576.jpg\" alt=\"Ausfl\u00fcge in die umliegenden St\u00e4dte\" width=\"1024\" height=\"576\" srcset=\"https:\/\/sollasi.nl\/wp-content\/uploads\/Omgeving-Den-Haag-1024x576.jpg 1024w, https:\/\/sollasi.nl\/wp-content\/uploads\/Omgeving-Den-Haag-300x169.jpg 300w, https:\/\/sollasi.nl\/wp-content\/uploads\/Omgeving-Den-Haag-768x432.jpg 768w, https:\/\/sollasi.nl\/wp-content\/uploads\/Omgeving-Den-Haag-1536x864.jpg 1536w, https:\/\/sollasi.nl\/wp-content\/uploads\/Omgeving-Den-Haag-2048x1152.jpg 2048w\" sizes=\"auto, (max-width: 1024px) 100vw, 1024px\" \/><\/figure>\r\n\r\n\r\n\r\n<h2 class=\"wp-block-heading\">St\u00e4dtetouren<\/h2>\r\n\r\n\r\n\r\n<p class=\"Omgeving-Blok\">Haben Sie Lust auf einen Tag in der Stadt? Verschiedene gro\u00dfe St\u00e4dte sind schnell erreichbar. Ab ins Auto oder in den Zug (Bahnhof Hillegom) und auf zu sch\u00f6nen Entdeckungstouren! Besuchen Sie zum Beispiel Madame Tussauds Wachsfigurenkabinett in Amsterdam oder werfen Sie einen Blick auf die Formel 1-Rennstrecke in Zandvoort!<\/p>\r\n\r\n\r\n\r\n<div class=\"wp-block-button alignright\"><a class=\"wp-block-button__link\" href=\"https:\/\/sollasi.nl\/de\/unternehmungen-in-der-umgebung\/staedtetouren\/\"> Lesen Sie mehr <\/a><\/div>\r\n<\/div>\r\n\r\n\r\n\r\n<div class=\"wp-block-column is-layout-flow wp-block-column-is-layout-flow\">\r\n<figure class=\"wp-block-image size-large\"><img loading=\"lazy\" decoding=\"async\" class=\"alignnone wp-image-1685\" src=\"https:\/\/sollasi.nl\/wp-content\/uploads\/keukenhof-tulpen-1024x576.jpg\" alt=\"Tulpen im Keukenhof\" width=\"1024\" height=\"576\" srcset=\"https:\/\/sollasi.nl\/wp-content\/uploads\/keukenhof-tulpen-1024x576.jpg 1024w, https:\/\/sollasi.nl\/wp-content\/uploads\/keukenhof-tulpen-300x169.jpg 300w, https:\/\/sollasi.nl\/wp-content\/uploads\/keukenhof-tulpen-768x432.jpg 768w, https:\/\/sollasi.nl\/wp-content\/uploads\/keukenhof-tulpen-1536x864.jpg 1536w, https:\/\/sollasi.nl\/wp-content\/uploads\/keukenhof-tulpen-2048x1152.jpg 2048w\" sizes=\"auto, (max-width: 1024px) 100vw, 1024px\" \/><\/figure>\r\n\r\n\r\n\r\n<h2 class=\"wp-block-heading\">Tulpenfelder und Blumenpark Keukenhof<\/h2>\r\n\r\n\r\n\r\n<p class=\"Omgeving-Blok\">Der Ferienpark und die Campingpl\u00e4tze liegen inmitten der Blumenfelder. Schwingen Sie sich aufs Rad oder fahren Sie mit dem Auto an der bl\u00fchenden Blumenpracht vorbei und lassen Sie sich von dem bet\u00f6renden Duft und den wundersch\u00f6nen Farben verzaubern. Auch den weltber\u00fchmten Blumenpark Keukenhof in Lisse sollten Sie unbedingt gesehen haben!<\/p>\r\n\r\n\r\n\r\n<div class=\"wp-block-button alignright\"><a class=\"wp-block-button__link\" href=\"https:\/\/sollasi.nl\/de\/unternehmungen-in-der-umgebung\/blumenpark-keukenhof\/\"> Lesen Sie mehr<\/a><\/div>\r\n<\/div>\r\n\r\n\r\n\r\n<div class=\"wp-block-column is-layout-flow wp-block-column-is-layout-flow\">\r\n<figure class=\"wp-block-image size-large\"><img loading=\"lazy\" decoding=\"async\" class=\"alignnone wp-image-1986\" src=\"https:\/\/sollasi.nl\/wp-content\/uploads\/Omgeving-Archeon-1024x576.jpg\" alt=\"Geschichte erleben im Archeon\" width=\"1024\" height=\"576\" srcset=\"https:\/\/sollasi.nl\/wp-content\/uploads\/Omgeving-Archeon-1024x576.jpg 1024w, https:\/\/sollasi.nl\/wp-content\/uploads\/Omgeving-Archeon-300x169.jpg 300w, https:\/\/sollasi.nl\/wp-content\/uploads\/Omgeving-Archeon-768x432.jpg 768w, https:\/\/sollasi.nl\/wp-content\/uploads\/Omgeving-Archeon-1536x864.jpg 1536w, https:\/\/sollasi.nl\/wp-content\/uploads\/Omgeving-Archeon-2048x1152.jpg 2048w\" sizes=\"auto, (max-width: 1024px) 100vw, 1024px\" \/><\/figure>\r\n\r\n\r\n\r\n<h2 class=\"wp-block-heading\">Kultur<\/h2>\r\n\r\n\r\n\r\n<p class=\"Omgeving-Blok\">Lust auf Kultur? Reisen Sie im Archeon oder Naturalis zur\u00fcck in die Urzeit oder erfahren Sie bei Space Expo alles \u00fcber Sterne und Planeten. Gehen Sie im Corpus auf Entdeckungsreise durch den menschlichen K\u00f6rper, entdecken Sie im Naturalis die h\u00fcbschesten und farbenpr\u00e4chtigsten V\u00f6gel oder schlendern Sie im Madurodam durch die Niederlande im Miniaturformat. Es ist f\u00fcr jeden Geschmack und jedes Alter etwas Interessantes dabei!<\/p>\r\n\r\n\r\n\r\n<div class=\"wp-block-button alignright\"><a class=\"wp-block-button__link\" href=\"https:\/\/sollasi.nl\/de\/unternehmungen-in-der-umgebung\/kultur\/\"> Lesen Sie mehr <\/a><\/div>\r\n<\/div>\r\n<\/div>\r\n\r\n\r\n\r\n<p>[\/vc_column_text][\/vc_column][\/vc_row][vc_row][vc_column][vc_column_text]<\/p>\r\n<h2>Aktivit\u00e4ten und Veranstaltungen in der Umgebung.<\/h2>\r\n<p>In der Umgebung von Noordwijkerhout wird viel organisiert. <a href=\"https:\/\/sollasi.nl\/de\/events\/\">Hier finden Sie unseren Veranstaltungskalender<\/a> mit Aktivit\u00e4ten in der Umgebung und in unseren Parks.<\/p>\r\n<p>[\/vc_column_text][\/vc_column][\/vc_row]<\/p>","protected":false},"excerpt":{"rendered":"<p>[vc_row][vc_column][vc_column_text] Unternehmungen in der Umgebung In der wundersch\u00f6nen Umgebung des Bungalowparks &amp; Campingplatzes gibt es f\u00fcr Alt und Jung viel zu entdecken. Machen Sie ausgedehnte Spazierg\u00e4nge durch die W\u00e4lder, das D\u00fcnengebiet oder am Strand. Oder machen Sie einen Tagesausflug zu einem Museum, Vergn\u00fcgungspark oder Schwimmbad! \u00a0 Urlaubsaktivit\u00e4ten im Freien M\u00f6chten Sie aktive Tage im Freien verbringen? In der N\u00e4he des Ferienparks und der Campingpl\u00e4tze gibt es viele M\u00f6glichkeiten f\u00fcr Outdoor-Aktivit\u00e4ten. Entdecken Sie die sch\u00f6ne Natur mit dem Rad oder zu &#8230; <\/p>\n<p class=\"read-more-container\"><a title=\"Unternehmungen in der Umgebung\" class=\"read-more button\" href=\"https:\/\/sollasi.nl\/de\/unternehmungen-in-der-umgebung\/#more-2036\">Read More<span class=\"screen-reader-text\">Unternehmungen in der Umgebung<\/span><\/a><\/p>\n","protected":false},"author":1,"featured_media":7116,"parent":0,"menu_order":0,"comment_status":"closed","ping_status":"closed","template":"","meta":{"footnotes":""},"class_list":["post-2036","page","type-page","status-publish","has-post-thumbnail"],"_links":{"self":[{"href":"https:\/\/sollasi.nl\/de\/wp-json\/wp\/v2\/pages\/2036","targetHints":{"allow":["GET"]}}],"collection":[{"href":"https:\/\/sollasi.nl\/de\/wp-json\/wp\/v2\/pages"}],"about":[{"href":"https:\/\/sollasi.nl\/de\/wp-json\/wp\/v2\/types\/page"}],"author":[{"embeddable":true,"href":"https:\/\/sollasi.nl\/de\/wp-json\/wp\/v2\/users\/1"}],"replies":[{"embeddable":true,"href":"https:\/\/sollasi.nl\/de\/wp-json\/wp\/v2\/comments?post=2036"}],"version-history":[{"count":28,"href":"https:\/\/sollasi.nl\/de\/wp-json\/wp\/v2\/pages\/2036\/revisions"}],"predecessor-version":[{"id":9752,"href":"https:\/\/sollasi.nl\/de\/wp-json\/wp\/v2\/pages\/2036\/revisions\/9752"}],"wp:featuredmedia":[{"embeddable":true,"href":"https:\/\/sollasi.nl\/de\/wp-json\/wp\/v2\/media\/7116"}],"wp:attachment":[{"href":"https:\/\/sollasi.nl\/de\/wp-json\/wp\/v2\/media?parent=2036"}],"curies":[{"name":"wp","href":"https:\/\/api.w.org\/{rel}","templated":true}]}}