{"id":2047,"date":"2020-03-30T11:40:45","date_gmt":"2020-03-30T11:40:45","guid":{"rendered":"https:\/\/sollasi.nl\/?page_id=2047"},"modified":"2021-03-02T09:21:31","modified_gmt":"2021-03-02T09:21:31","slug":"kinder","status":"publish","type":"page","link":"https:\/\/sollasi.nl\/de\/unternehmungen-in-der-umgebung\/kinder\/","title":{"rendered":"Kinder"},"content":{"rendered":"\n<h1 class=\"wp-block-heading\">Kinder<\/h1>\n\n\n\n<div class=\"wp-block-columns is-layout-flex wp-container-core-columns-is-layout-9d6595d7 wp-block-columns-is-layout-flex\">\n<div class=\"wp-block-column is-layout-flow wp-block-column-is-layout-flow\">\n<figure class=\"wp-block-image size-large\"><img loading=\"lazy\" decoding=\"async\" width=\"360\" height=\"202\" src=\"https:\/\/sollasi.nl\/wp-content\/uploads\/Omgeving-Duinrell.jpg\" alt=\"\" class=\"wp-image-2396\" srcset=\"https:\/\/sollasi.nl\/wp-content\/uploads\/Omgeving-Duinrell.jpg 360w, https:\/\/sollasi.nl\/wp-content\/uploads\/Omgeving-Duinrell-300x168.jpg 300w\" sizes=\"auto, (max-width: 360px) 100vw, 360px\" \/><\/figure>\n\n\n\n<h2 class=\"wp-block-heading\">Duinrell<\/h2>\n\n\n\n<p>Entdecken Sie mit der ganzen Familie die vielen spektakul\u00e4ren Attraktionen dieses Freizeitparks! In der Wasserspinne erleben Sie atemberaubende Drehungen in luftiger H\u00f6he, beim Splash brettern Sie in hohem Tempo durch eine Wasserwand, und beim Aqua Swing fliegen Sie im Kettenkarussel durch die L\u00fcfte. Aber auch unsere kleinsten G\u00e4ste erleben hier spannende Abenteuer, etwa im Wonderland oder in der Locomotion. Haben Sie starke Nerven? Dann sollten Sie unbedingt die Mad Mill ausprobieren und sich in dieser schwindelerregenden \u201eWindm\u00fchle\u201c durch die Luft schleudern lassen! <\/p>\n<\/div>\n\n\n\n<div class=\"wp-block-column is-layout-flow wp-block-column-is-layout-flow\">\n<figure class=\"wp-block-image size-large\"><img loading=\"lazy\" decoding=\"async\" width=\"1000\" height=\"563\" src=\"https:\/\/sollasi.nl\/wp-content\/uploads\/omgeving-sea-life.jpg\" alt=\"\" class=\"wp-image-2484\" srcset=\"https:\/\/sollasi.nl\/wp-content\/uploads\/omgeving-sea-life.jpg 1000w, https:\/\/sollasi.nl\/wp-content\/uploads\/omgeving-sea-life-300x169.jpg 300w, https:\/\/sollasi.nl\/wp-content\/uploads\/omgeving-sea-life-768x432.jpg 768w\" sizes=\"auto, (max-width: 1000px) 100vw, 1000px\" \/><\/figure>\n\n\n\n<h2 class=\"wp-block-heading\">SEA LIFE<\/h2>\n\n\n\n<p>Begeben Sie sich auf eine faszinierende Reise in die Unterwasserwelt im gr\u00f6\u00dften Nordsee-Aquarium der Niederlande! Hier gibt es \u00fcber 40 Wasserbecken, wo Sie mit den Meerestieren in deren nat\u00fcrlicher Umgebung in die Tiefen des Meeres abtauchen. Ein Besuch im SEA LIFE in Scheveningen ist beeindruckend und lehrreich zugleich. Erleben Sie spannende Begegnungen mit Haien und Rochen aus der Nordsee! <\/p>\n<\/div>\n\n\n\n<div class=\"wp-block-column is-layout-flow wp-block-column-is-layout-flow\">\n<figure class=\"wp-block-image size-large\"><img loading=\"lazy\" decoding=\"async\" width=\"1024\" height=\"576\" src=\"https:\/\/sollasi.nl\/wp-content\/uploads\/Omgeving-Linnaeushof-1536x864-1-1024x576.jpg\" alt=\"Linnaeushof\" class=\"wp-image-2724\" srcset=\"https:\/\/sollasi.nl\/wp-content\/uploads\/Omgeving-Linnaeushof-1536x864-1-1024x576.jpg 1024w, https:\/\/sollasi.nl\/wp-content\/uploads\/Omgeving-Linnaeushof-1536x864-1-300x169.jpg 300w, https:\/\/sollasi.nl\/wp-content\/uploads\/Omgeving-Linnaeushof-1536x864-1-768x432.jpg 768w, https:\/\/sollasi.nl\/wp-content\/uploads\/Omgeving-Linnaeushof-1536x864-1.jpg 1536w\" sizes=\"auto, (max-width: 1024px) 100vw, 1024px\" \/><\/figure>\n\n\n\n<h2 class=\"wp-block-heading\">Linnaeushof <\/h2>\n\n\n\n<p>Der gr\u00f6\u00dfte Spielplatz Europas ist ein echter Riesen-Familienspielplatz mit \u00fcber 350 Spielger\u00e4ten und Attraktionen. Das Dorf f\u00fcr Kleinkinder, die Skate Rail, die Kletterwand, aber auch die \u201eHolperr\u00e4der\u201c mit ihren verformten R\u00e4dern, die Trampoline, das Piratennest und das Kettenkarussell sind bei kleinen Besuchern sehr beliebt. Der Speeltuin Linnaeushof liegt in Bennebroek und ist in 15 Minuten mit dem Auto erreichbar.   <\/p>\n<\/div>\n<\/div>\n\n\n\n<div class=\"wp-block-columns is-layout-flex wp-container-core-columns-is-layout-9d6595d7 wp-block-columns-is-layout-flex\">\n<div class=\"wp-block-column is-layout-flow wp-block-column-is-layout-flow\">\n<figure class=\"wp-block-image size-large\"><img loading=\"lazy\" decoding=\"async\" width=\"1024\" height=\"576\" src=\"https:\/\/sollasi.nl\/wp-content\/uploads\/omgeving-drievliet-1024x576.jpg\" alt=\"\" class=\"wp-image-2494\" srcset=\"https:\/\/sollasi.nl\/wp-content\/uploads\/omgeving-drievliet-1024x576.jpg 1024w, https:\/\/sollasi.nl\/wp-content\/uploads\/omgeving-drievliet-300x169.jpg 300w, https:\/\/sollasi.nl\/wp-content\/uploads\/omgeving-drievliet-768x432.jpg 768w, https:\/\/sollasi.nl\/wp-content\/uploads\/omgeving-drievliet.jpg 1536w\" sizes=\"auto, (max-width: 1024px) 100vw, 1024px\" \/><\/figure>\n\n\n\n<h2 class=\"wp-block-heading\">Drievliet<\/h2>\n\n\n\n<p>Ein Besuch im Familienpark Drievliet ist ein Riesenspa\u00df f\u00fcr Jung und Alt. Besuchen Sie das 5D-Theater oder sausen Sie von der Riesenrutsche. Beweisen Sie Ihren Mut bei einer Fahrt in einer der drei Achterbahnen oder im gruseligen Geistermuseum! Bei einem Besuch im Freizeitpark Drievliet in den Haag ist Spa\u00df f\u00fcr die ganze Familie garantiert! <\/p>\n<\/div>\n\n\n\n<div class=\"wp-block-column is-layout-flow wp-block-column-is-layout-flow\">\n<figure class=\"wp-block-image size-large\"><img loading=\"lazy\" decoding=\"async\" width=\"1024\" height=\"576\" src=\"https:\/\/sollasi.nl\/wp-content\/uploads\/KidsZoo-1536x864-1-1024x576.jpg\" alt=\"KidsZoo\" class=\"wp-image-2450\" srcset=\"https:\/\/sollasi.nl\/wp-content\/uploads\/KidsZoo-1536x864-1-1024x576.jpg 1024w, https:\/\/sollasi.nl\/wp-content\/uploads\/KidsZoo-1536x864-1-300x169.jpg 300w, https:\/\/sollasi.nl\/wp-content\/uploads\/KidsZoo-1536x864-1-768x432.jpg 768w, https:\/\/sollasi.nl\/wp-content\/uploads\/KidsZoo-1536x864-1.jpg 1536w\" sizes=\"auto, (max-width: 1024px) 100vw, 1024px\" \/><\/figure>\n\n\n\n<h2 class=\"wp-block-heading\">Kidszoo<\/h2>\n\n\n\n<p>Der Indoor-Spielplatz KidsZoo ist ein Paradies f\u00fcr Kinder von 1 bis 12 Jahre. Auf 2.000 m<sup>2<\/sup> gibt es hier jede Menge Platz zum Herumrennen, Rutschen, Klettern, Kraxeln und um sich nach Herzenslust auszutoben. F\u00fcr die Kleinsten bis 4 Jahre gibt es einen separaten Bereich. W\u00e4hrend Ihre Kinder spielen, k\u00f6nnen Sie es sich auf den Lounge-Sofas oder an den gro\u00dfen Tischen mit Speisen und Getr\u00e4nken gem\u00fctlich machen. Der Spielplatz ist sehr \u00fcbersichtlich, und Sie haben Ihre Kinder immer gut im Blick.<\/p>\n<\/div>\n\n\n\n<div class=\"wp-block-column is-layout-flow wp-block-column-is-layout-flow\">\n<figure class=\"wp-block-image size-large\"><img loading=\"lazy\" decoding=\"async\" width=\"1024\" height=\"576\" src=\"https:\/\/sollasi.nl\/wp-content\/uploads\/Omgeving-Rollygolf-Noordwijk-1024x576.jpg\" alt=\"Rollygolf-Noordwijk\" class=\"wp-image-2718\" srcset=\"https:\/\/sollasi.nl\/wp-content\/uploads\/Omgeving-Rollygolf-Noordwijk-1024x576.jpg 1024w, https:\/\/sollasi.nl\/wp-content\/uploads\/Omgeving-Rollygolf-Noordwijk-300x169.jpg 300w, https:\/\/sollasi.nl\/wp-content\/uploads\/Omgeving-Rollygolf-Noordwijk-768x432.jpg 768w, https:\/\/sollasi.nl\/wp-content\/uploads\/Omgeving-Rollygolf-Noordwijk.jpg 1536w\" sizes=\"auto, (max-width: 1024px) 100vw, 1024px\" \/><\/figure>\n\n\n\n<h2 class=\"wp-block-heading\">Rollygolf Noordwijk<\/h2>\n\n\n\n<p>Spiel und Spa\u00df mit der ganzen Familie im Abenteuerpark Rollygolf in Noordwijk! Hier gibt es einen Minigolfplatz mit 18 L\u00f6chern, der sehr abwechslungsreich ist und spannende Herausforderungen f\u00fcr Jung und Alt bietet. Au\u00dferdem stehen gro\u00dfe und kleine Trampoline zum H\u00fcpfen bereit, und es gibt eine coole Rennbahn f\u00fcr Miniautos. Von der gro\u00dfen sonnigen Terrasse hat man einen sch\u00f6nen Blick auf den Minigolfplatz. <\/p>\n<\/div>\n<\/div>\n\n\n\n<figure class=\"wp-block-image size-large is-resized\"><img loading=\"lazy\" decoding=\"async\" src=\"https:\/\/sollasi.nl\/wp-content\/uploads\/Kinderen-2-1024x762.jpg\" alt=\"\" class=\"wp-image-4182\" width=\"366\" height=\"272\" srcset=\"https:\/\/sollasi.nl\/wp-content\/uploads\/Kinderen-2-1024x762.jpg 1024w, https:\/\/sollasi.nl\/wp-content\/uploads\/Kinderen-2-300x223.jpg 300w, https:\/\/sollasi.nl\/wp-content\/uploads\/Kinderen-2-768x571.jpg 768w, https:\/\/sollasi.nl\/wp-content\/uploads\/Kinderen-2-1536x1143.jpg 1536w, https:\/\/sollasi.nl\/wp-content\/uploads\/Kinderen-2-2048x1523.jpg 2048w\" sizes=\"auto, (max-width: 366px) 100vw, 366px\" \/><\/figure>\n\n\n\n<h2 class=\"wp-block-heading\">Familienpaket GPS Kindertour<\/h2>\n\n\n\n<p>Erkunden Sie mit den Kindern die wundersch\u00f6nen <br>Tulpen- und Blumenfelder, authentische<br>Windm\u00fchlen und lange Sandstr\u00e4nde mit den <br>abenteuerlichen GPS-Audiotouren von Renzy!<br>In einem robusten elektrischen Renault Twizy,<br>mit fester GPS-Route und Audioguide, fahren<br>Sie selbst entlang der Hotspots der D\u00fcnen- und<br>Blumenzwiebelregion mit viel Zeit f\u00fcr lustige<br>Stopps am Weg. F\u00fcr die Kinder (im Alter von 4<br>bis 18 Jahren) gibt es eine herausfordernde &#8220; <strong>Knacke<br>den code des safes <\/strong>&#8222;-Fotojagd w\u00e4hrend der Route <br>mit der Chance auf einen tollen Preis. Einsteigen<br>und genie\u00dfen!<\/p>\n\n\n\n<div class=\"wp-block-button alignright\"><a class=\"wp-block-button__link\" href=\"https:\/\/sollasi.nl\/de\/unternehmungen-in-der-umgebung\/\">Zur\u00fcck zur Aktivit\u00e4ts\u00fcbersicht<\/a><\/div>\n\n\n\n<p><\/p>\n","protected":false},"excerpt":{"rendered":"<p>Kinder Duinrell Entdecken Sie mit der ganzen Familie die vielen spektakul\u00e4ren Attraktionen dieses Freizeitparks! In der Wasserspinne erleben Sie atemberaubende Drehungen in luftiger H\u00f6he, beim Splash brettern Sie in hohem Tempo durch eine Wasserwand, und beim Aqua Swing fliegen Sie im Kettenkarussel durch die L\u00fcfte. Aber auch unsere kleinsten G\u00e4ste erleben hier spannende Abenteuer, etwa im Wonderland oder in der Locomotion. Haben Sie starke Nerven? Dann sollten Sie unbedingt die Mad Mill ausprobieren und sich in dieser schwindelerregenden \u201eWindm\u00fchle\u201c durch &#8230; <\/p>\n<p class=\"read-more-container\"><a title=\"Kinder\" class=\"read-more button\" href=\"https:\/\/sollasi.nl\/de\/unternehmungen-in-der-umgebung\/kinder\/#more-2047\">Read More<span class=\"screen-reader-text\">Kinder<\/span><\/a><\/p>\n","protected":false},"author":1,"featured_media":2502,"parent":2036,"menu_order":0,"comment_status":"closed","ping_status":"closed","template":"","meta":{"footnotes":""},"class_list":["post-2047","page","type-page","status-publish","has-post-thumbnail"],"_links":{"self":[{"href":"https:\/\/sollasi.nl\/de\/wp-json\/wp\/v2\/pages\/2047","targetHints":{"allow":["GET"]}}],"collection":[{"href":"https:\/\/sollasi.nl\/de\/wp-json\/wp\/v2\/pages"}],"about":[{"href":"https:\/\/sollasi.nl\/de\/wp-json\/wp\/v2\/types\/page"}],"author":[{"embeddable":true,"href":"https:\/\/sollasi.nl\/de\/wp-json\/wp\/v2\/users\/1"}],"replies":[{"embeddable":true,"href":"https:\/\/sollasi.nl\/de\/wp-json\/wp\/v2\/comments?post=2047"}],"version-history":[{"count":16,"href":"https:\/\/sollasi.nl\/de\/wp-json\/wp\/v2\/pages\/2047\/revisions"}],"predecessor-version":[{"id":4188,"href":"https:\/\/sollasi.nl\/de\/wp-json\/wp\/v2\/pages\/2047\/revisions\/4188"}],"up":[{"embeddable":true,"href":"https:\/\/sollasi.nl\/de\/wp-json\/wp\/v2\/pages\/2036"}],"wp:featuredmedia":[{"embeddable":true,"href":"https:\/\/sollasi.nl\/de\/wp-json\/wp\/v2\/media\/2502"}],"wp:attachment":[{"href":"https:\/\/sollasi.nl\/de\/wp-json\/wp\/v2\/media?parent=2047"}],"curies":[{"name":"wp","href":"https:\/\/api.w.org\/{rel}","templated":true}]}}