{"id":2069,"date":"2020-03-30T15:01:00","date_gmt":"2020-03-30T15:01:00","guid":{"rendered":"https:\/\/sollasi.nl\/?page_id=2069"},"modified":"2024-06-18T12:58:36","modified_gmt":"2024-06-18T12:58:36","slug":"urlaubsaktivitaeten-im-freien","status":"publish","type":"page","link":"https:\/\/sollasi.nl\/de\/unternehmungen-in-der-umgebung\/urlaubsaktivitaeten-im-freien\/","title":{"rendered":"Urlaubsaktivit\u00e4ten im Freien"},"content":{"rendered":"\r\n<h1 class=\"wp-block-heading\">Urlaubsaktivit\u00e4ten im Freien<\/h1>\r\n\r\n\r\n\r\n<div class=\"wp-block-columns is-layout-flex wp-container-core-columns-is-layout-9d6595d7 wp-block-columns-is-layout-flex\">\r\n<div class=\"wp-block-column is-layout-flow wp-block-column-is-layout-flow\">\r\n<figure class=\"wp-block-image size-large\"><img loading=\"lazy\" decoding=\"async\" width=\"1024\" height=\"576\" class=\"wp-image-2017\" src=\"https:\/\/sollasi.nl\/wp-content\/uploads\/Oosterduinse-meer_1536x864-1024x576.jpg\" alt=\"Oosterduinse meer\" srcset=\"https:\/\/sollasi.nl\/wp-content\/uploads\/Oosterduinse-meer_1536x864-1024x576.jpg 1024w, https:\/\/sollasi.nl\/wp-content\/uploads\/Oosterduinse-meer_1536x864-300x169.jpg 300w, https:\/\/sollasi.nl\/wp-content\/uploads\/Oosterduinse-meer_1536x864-768x432.jpg 768w, https:\/\/sollasi.nl\/wp-content\/uploads\/Oosterduinse-meer_1536x864.jpg 1536w\" sizes=\"auto, (max-width: 1024px) 100vw, 1024px\" \/><\/figure>\r\n\r\n\r\n\r\n<h2 class=\"wp-block-heading\">Oosterduinse See<\/h2>\r\n\r\n\r\n\r\n<p>Unsere Ferienh\u00e4user und der Campingplatz liegen in unmittelbarer N\u00e4he des Oosterduinse Sees. Hier haben Sie reichlich Gelegenheit zum Schwimmen, Angeln oder Surfen. Au\u00dferdem finden Sie ausreichend Schatten, wenn Sie sich zwischendurch vor der Sonne sch\u00fctzen m\u00f6chten. Am Ufer des Sees gibt es Str\u00e4nde und Liegewiesen, die zum Sonnenbaden einladen. Auch Kinder k\u00f6nnen sich hier nach Herzenslust vergn\u00fcgen! Und nat\u00fcrlich darf auch das leibliche Wohl nicht zu kurz kommen: Bei The Voli\u00e8re und Como &amp; Co k\u00f6nnen Sie in angenehmer Atmosph\u00e4re Kaffee trinken oder essen.<\/p>\r\n<\/div>\r\n\r\n\r\n\r\n<div class=\"wp-block-column is-layout-flow wp-block-column-is-layout-flow\">\r\n<figure class=\"wp-block-image size-large\"><img loading=\"lazy\" decoding=\"async\" width=\"1024\" height=\"576\" class=\"wp-image-2422\" src=\"https:\/\/sollasi.nl\/wp-content\/uploads\/Noordzee-en-strand-1536x864-1-1024x576.jpg\" alt=\"Noordzee en strand\" srcset=\"https:\/\/sollasi.nl\/wp-content\/uploads\/Noordzee-en-strand-1536x864-1-1024x576.jpg 1024w, https:\/\/sollasi.nl\/wp-content\/uploads\/Noordzee-en-strand-1536x864-1-300x169.jpg 300w, https:\/\/sollasi.nl\/wp-content\/uploads\/Noordzee-en-strand-1536x864-1-768x432.jpg 768w, https:\/\/sollasi.nl\/wp-content\/uploads\/Noordzee-en-strand-1536x864-1.jpg 1536w\" sizes=\"auto, (max-width: 1024px) 100vw, 1024px\" \/><\/figure>\r\n\r\n\r\n\r\n<h2 class=\"wp-block-heading\">Nordsee + Strand Langevelderslag<\/h2>\r\n\r\n\r\n\r\n<p>Der breite Strand von Langevelderslag ist nur f\u00fcnf Minuten mit dem Fahrrad entfernt. Hier k\u00f6nnen Sie sch\u00f6ne Spazierg\u00e4nge unternehmen oder im Sommer Zeit an Strand und Meer verbringen. Am Strand gibt es verschiedene Lokale und ausreichend Parkpl\u00e4tze f\u00fcr Autos und Fahrr\u00e4der. Vom Campingplatz aus ist der Strand \u00fcbrigens auch gut zu Fu\u00df erreichbar.<\/p>\r\n<\/div>\r\n\r\n\r\n\r\n<div class=\"wp-block-column is-layout-flow wp-block-column-is-layout-flow\">\r\n<figure class=\"wp-block-image size-large\"><img loading=\"lazy\" decoding=\"async\" width=\"1024\" height=\"576\" class=\"wp-image-2430\" src=\"https:\/\/sollasi.nl\/wp-content\/uploads\/Sportief-buitenactiviteiten-1536x864-1-1024x576.jpg\" alt=\"Buitenactiviteiten Sportief\" srcset=\"https:\/\/sollasi.nl\/wp-content\/uploads\/Sportief-buitenactiviteiten-1536x864-1-1024x576.jpg 1024w, https:\/\/sollasi.nl\/wp-content\/uploads\/Sportief-buitenactiviteiten-1536x864-1-300x169.jpg 300w, https:\/\/sollasi.nl\/wp-content\/uploads\/Sportief-buitenactiviteiten-1536x864-1-768x432.jpg 768w, https:\/\/sollasi.nl\/wp-content\/uploads\/Sportief-buitenactiviteiten-1536x864-1.jpg 1536w\" sizes=\"auto, (max-width: 1024px) 100vw, 1024px\" \/><\/figure>\r\n\r\n\r\n\r\n<h2 class=\"wp-block-heading\">Sportlich<\/h2>\r\n\r\n\r\n\r\n<p>F\u00fcr sportlich Aktive haben Noordwijk und Umgebung wirklich viel zu bieten. In unmittelbarer N\u00e4he liegt ein wundersch\u00f6ner Golfplatz, und f\u00fcr Wassersportarten wie Surfen oder Kitesurfen haben Sie in Noordwijk am Strand drei verschiedene Stellen zur Auswahl. (Kite-)Surfeinsteiger haben zudem viele M\u00f6glichkeiten f\u00fcr Unterricht. Auch f\u00fcr Wassersportarten wie Kajakfahren, Rafting und Mega-Suppen bietet sich Noordwijk an. Oder wie w\u00e4rs mit Drachenfliegen, Powerkiten oder einer spannenden Beach Challenge? Am Strand gibt es unz\u00e4hlige M\u00f6glichkeiten f\u00fcr Aktivit\u00e4ten, die so richtig viel Spa\u00df machen!<\/p>\r\n<\/div>\r\n<\/div>\r\n\r\n\r\n\r\n<div class=\"wp-block-columns is-layout-flex wp-container-core-columns-is-layout-9d6595d7 wp-block-columns-is-layout-flex\">\r\n<div class=\"wp-block-column is-layout-flow wp-block-column-is-layout-flow\">\r\n<figure class=\"wp-block-image size-large\"><img loading=\"lazy\" decoding=\"async\" width=\"1024\" height=\"576\" class=\"wp-image-1997\" src=\"https:\/\/sollasi.nl\/wp-content\/uploads\/Omgeving-Rondvaart-Leiden-1024x576.jpg\" alt=\"\" srcset=\"https:\/\/sollasi.nl\/wp-content\/uploads\/Omgeving-Rondvaart-Leiden-1024x576.jpg 1024w, https:\/\/sollasi.nl\/wp-content\/uploads\/Omgeving-Rondvaart-Leiden-300x169.jpg 300w, https:\/\/sollasi.nl\/wp-content\/uploads\/Omgeving-Rondvaart-Leiden-768x432.jpg 768w, https:\/\/sollasi.nl\/wp-content\/uploads\/Omgeving-Rondvaart-Leiden-1536x864.jpg 1536w, https:\/\/sollasi.nl\/wp-content\/uploads\/Omgeving-Rondvaart-Leiden-2048x1152.jpg 2048w\" sizes=\"auto, (max-width: 1024px) 100vw, 1024px\" \/><\/figure>\r\n\r\n\r\n\r\n<h2 class=\"wp-block-heading\">Auf zu einer Entdeckungstour in der Umgebung!<\/h2>\r\n\r\n\r\n\r\n<p>Besuchen Sie das gr\u00fcne Herz S\u00fcdhollands, den Vogelpark Avifauna oder unternehmen Sie eine sch\u00f6ne Windm\u00fchlen- und Seen-Tour. Die M\u00f6glichkeiten sind sehr zahlreich und vielseitig! Tolle Ausfl\u00fcge f\u00fcr Jung und Alt!<\/p>\r\n<\/div>\r\n\r\n\r\n\r\n<div class=\"wp-block-column is-layout-flow wp-block-column-is-layout-flow\">\r\n<figure class=\"wp-block-image size-large\"><img loading=\"lazy\" decoding=\"async\" width=\"1024\" height=\"576\" class=\"wp-image-1972\" src=\"https:\/\/sollasi.nl\/wp-content\/uploads\/Omgeving-Wandeltochten-1024x576.jpg\" alt=\"\" srcset=\"https:\/\/sollasi.nl\/wp-content\/uploads\/Omgeving-Wandeltochten-1024x576.jpg 1024w, https:\/\/sollasi.nl\/wp-content\/uploads\/Omgeving-Wandeltochten-300x169.jpg 300w, https:\/\/sollasi.nl\/wp-content\/uploads\/Omgeving-Wandeltochten-768x432.jpg 768w, https:\/\/sollasi.nl\/wp-content\/uploads\/Omgeving-Wandeltochten-1536x864.jpg 1536w, https:\/\/sollasi.nl\/wp-content\/uploads\/Omgeving-Wandeltochten-2048x1152.jpg 2048w\" sizes=\"auto, (max-width: 1024px) 100vw, 1024px\" \/><\/figure>\r\n\r\n\r\n\r\n<h2 class=\"wp-block-heading\">Wanderungen<\/h2>\r\n\r\n\r\n\r\n<p>In der Umgebung von Noordwijk k\u00f6nnen Sie wundersch\u00f6ne Wanderungen unternehmen. Von kurzen Spazierg\u00e4ngen bis zu langen Wanderungen gibt es passende Wanderrouten f\u00fcr jedes Wanderbed\u00fcrfnis. Laufen Sie durch die bl\u00fchenden Blumenfelder, durch die D\u00fcnengebiete Hollands Duin oder Amsterdamer Waterleidingduinen oder machen Sie bei Langevelderslag ausgedehnte Strandspazierg\u00e4nge. Auf der \u201eDennenroute\u201c (Tannenroute) oder der \u201eZandhagedisroute\u201c (Zauneidechsen-Route) k\u00f6nnen Sie verschiedenste Tiere beobachten, und auf der \u201ePaddestoelenroute\u201c (Pilz-Route) auf dem Landgut Leeuwenhorst lernen Sie Interessantes \u00fcber zahlreiche Pilzarten. Auch Kunst- und Geschichtsliebhaber kommen auf entsprechenden Wanderrouten ganz auf Ihre Kosten.<\/p>\r\n<\/div>\r\n\r\n\r\n\r\n<div class=\"wp-block-column is-layout-flow wp-block-column-is-layout-flow\">\r\n<figure class=\"wp-block-image size-large\"><img loading=\"lazy\" decoding=\"async\" width=\"1024\" height=\"576\" class=\"wp-image-2712\" src=\"https:\/\/sollasi.nl\/wp-content\/uploads\/Omgeving-fietstocht-1536x864-1-1024x576.jpg\" alt=\"fietstocht\" srcset=\"https:\/\/sollasi.nl\/wp-content\/uploads\/Omgeving-fietstocht-1536x864-1-1024x576.jpg 1024w, https:\/\/sollasi.nl\/wp-content\/uploads\/Omgeving-fietstocht-1536x864-1-300x169.jpg 300w, https:\/\/sollasi.nl\/wp-content\/uploads\/Omgeving-fietstocht-1536x864-1-768x432.jpg 768w, https:\/\/sollasi.nl\/wp-content\/uploads\/Omgeving-fietstocht-1536x864-1.jpg 1536w\" sizes=\"auto, (max-width: 1024px) 100vw, 1024px\" \/><\/figure>\r\n\r\n\r\n\r\n<h2 class=\"wp-block-heading\">Rad fahren und Mountainbiken<\/h2>\r\n\r\n\r\n\r\n<p>&nbsp;<\/p>\r\n\r\n\r\n\r\n<p>Von Noordwijk aus k\u00f6nnen Sie viele verschiedene Touren mit Ihrem Fahrrad oder Mountainbike unternehmen. Die Fahrradrouten f\u00fchren Sie \u00fcber sch\u00f6ne Radwege und sind alle gut ausgeschildert. Sie kommen an verschiedenen Gew\u00e4ssern vorbei, durchqueren D\u00fcnenlandschaften und Blumenfelder und k\u00f6nnen sich zwischendurch auf sch\u00f6nen Caf\u00e9-Terrassen st\u00e4rken. <br \/>Besonders spannend sind Mountainbike-Touren durch die D\u00fcnen und W\u00e4lder und am Strand. Dabei durchqueren Sie das Naturgebiet Hollands Duin. Begeben Sie sich auf eigene Faust mit Ihrem Mountainbike auf Entdeckungstour oder legen Sie eine 11 km lange Strecke unter der Leitung eines MTB-Guides zur\u00fcck.<\/p>\r\n<\/div>\r\n<\/div>\r\n\r\n\r\n\r\n<div class=\"wp-block-columns is-layout-flex wp-container-core-columns-is-layout-9d6595d7 wp-block-columns-is-layout-flex\">\r\n<div class=\"wp-block-column is-layout-flow wp-block-column-is-layout-flow\">\r\n<figure class=\"wp-block-image size-large\"><img loading=\"lazy\" decoding=\"async\" width=\"1024\" height=\"576\" class=\"wp-image-1694\" src=\"https:\/\/sollasi.nl\/wp-content\/uploads\/waterleidingduinen-1024x576.jpg\" alt=\"\" srcset=\"https:\/\/sollasi.nl\/wp-content\/uploads\/waterleidingduinen-1024x576.jpg 1024w, https:\/\/sollasi.nl\/wp-content\/uploads\/waterleidingduinen-300x169.jpg 300w, https:\/\/sollasi.nl\/wp-content\/uploads\/waterleidingduinen-768x432.jpg 768w, https:\/\/sollasi.nl\/wp-content\/uploads\/waterleidingduinen-1536x864.jpg 1536w, https:\/\/sollasi.nl\/wp-content\/uploads\/waterleidingduinen-2048x1152.jpg 2048w\" sizes=\"auto, (max-width: 1024px) 100vw, 1024px\" \/><\/figure>\r\n\r\n\r\n\r\n<h2 class=\"wp-block-heading\">Amsterdamer Wasserversorgungsd\u00fcnen und Hollands Duin<\/h2>\r\n\r\n\r\n\r\n<p>Zwischen Wassenaar und Noordwijk liegt das D\u00fcnengebiet Hollands Duin. Ein wundersch\u00f6nes Naturgebiet mit W\u00e4ldern, Weiten und D\u00fcnent\u00e4lern. Auch raue Treibsandfl\u00e4chen findet man hier. Im Sommer kann es in dieser \u201eHoll\u00e4ndischen W\u00fcste\u201c angenehm warm werden.<\/p>\r\n<\/div>\r\n\r\n\r\n\r\n<div class=\"wp-block-column is-layout-flow wp-block-column-is-layout-flow\">\r\n<figure class=\"wp-block-image size-large\"><img loading=\"lazy\" decoding=\"async\" width=\"1024\" height=\"576\" class=\"wp-image-4136\" src=\"https:\/\/sollasi.nl\/wp-content\/uploads\/Buitenactiviteit-3-1024x576.jpg\" alt=\"\" srcset=\"https:\/\/sollasi.nl\/wp-content\/uploads\/Buitenactiviteit-3-1024x576.jpg 1024w, https:\/\/sollasi.nl\/wp-content\/uploads\/Buitenactiviteit-3-300x169.jpg 300w, https:\/\/sollasi.nl\/wp-content\/uploads\/Buitenactiviteit-3-768x432.jpg 768w, https:\/\/sollasi.nl\/wp-content\/uploads\/Buitenactiviteit-3-1536x864.jpg 1536w, https:\/\/sollasi.nl\/wp-content\/uploads\/Buitenactiviteit-3.jpg 1920w\" sizes=\"auto, (max-width: 1024px) 100vw, 1024px\" \/><\/figure>\r\n\r\n\r\n\r\n<h2 class=\"wp-block-heading\">Renzy GPS tours<br \/>Einsteigen und genie\u00dfen!<\/h2>\r\n\r\n\r\n\r\n<p>Erleben Sie die wundersch\u00f6nen Tulpen- und Blumenfelder, authentische Windm\u00fchlen und lange Sandstr\u00e4nde mit den abenteuerlichen GPS-Audiotouren von Renzy! In einem robusten elektrischen Renault Twizy, mit fester GPS-Route und Audioguide, fahren Sie selbst entlang der Hotspots der D\u00fcnen- und Blumenzwiebelregion mit viel Zeit f\u00fcr lustige Stopps am Weg.<\/p>\r\n<\/div>\r\n\r\n\r\n\r\n<div class=\"wp-block-column is-layout-flow wp-block-column-is-layout-flow\">\r\n<p>&nbsp;<\/p>\r\n<\/div>\r\n<\/div>\r\n\r\n\r\n\r\n<div class=\"wp-block-button alignright\"><a class=\"wp-block-button__link\" href=\"https:\/\/sollasi.nl\/de\/unternehmungen-in-der-umgebung\/\">Zur\u00fcck zur Aktivit\u00e4ts\u00fcbersicht<\/a><\/div>\r\n\r\n\r\n\r\n<p>&nbsp;<\/p>\r\n","protected":false},"excerpt":{"rendered":"<p>Urlaubsaktivit\u00e4ten im Freien Oosterduinse See Unsere Ferienh\u00e4user und der Campingplatz liegen in unmittelbarer N\u00e4he des Oosterduinse Sees. Hier haben Sie reichlich Gelegenheit zum Schwimmen, Angeln oder Surfen. Au\u00dferdem finden Sie ausreichend Schatten, wenn Sie sich zwischendurch vor der Sonne sch\u00fctzen m\u00f6chten. Am Ufer des Sees gibt es Str\u00e4nde und Liegewiesen, die zum Sonnenbaden einladen. Auch Kinder k\u00f6nnen sich hier nach Herzenslust vergn\u00fcgen! Und nat\u00fcrlich darf auch das leibliche Wohl nicht zu kurz kommen: Bei The Voli\u00e8re und Como &amp; Co &#8230; <\/p>\n<p class=\"read-more-container\"><a title=\"Urlaubsaktivit\u00e4ten im Freien\" class=\"read-more button\" href=\"https:\/\/sollasi.nl\/de\/unternehmungen-in-der-umgebung\/urlaubsaktivitaeten-im-freien\/#more-2069\">Read More<span class=\"screen-reader-text\">Urlaubsaktivit\u00e4ten im Freien<\/span><\/a><\/p>\n","protected":false},"author":1,"featured_media":1700,"parent":2036,"menu_order":0,"comment_status":"closed","ping_status":"closed","template":"","meta":{"footnotes":""},"class_list":["post-2069","page","type-page","status-publish","has-post-thumbnail"],"_links":{"self":[{"href":"https:\/\/sollasi.nl\/de\/wp-json\/wp\/v2\/pages\/2069","targetHints":{"allow":["GET"]}}],"collection":[{"href":"https:\/\/sollasi.nl\/de\/wp-json\/wp\/v2\/pages"}],"about":[{"href":"https:\/\/sollasi.nl\/de\/wp-json\/wp\/v2\/types\/page"}],"author":[{"embeddable":true,"href":"https:\/\/sollasi.nl\/de\/wp-json\/wp\/v2\/users\/1"}],"replies":[{"embeddable":true,"href":"https:\/\/sollasi.nl\/de\/wp-json\/wp\/v2\/comments?post=2069"}],"version-history":[{"count":12,"href":"https:\/\/sollasi.nl\/de\/wp-json\/wp\/v2\/pages\/2069\/revisions"}],"predecessor-version":[{"id":10729,"href":"https:\/\/sollasi.nl\/de\/wp-json\/wp\/v2\/pages\/2069\/revisions\/10729"}],"up":[{"embeddable":true,"href":"https:\/\/sollasi.nl\/de\/wp-json\/wp\/v2\/pages\/2036"}],"wp:featuredmedia":[{"embeddable":true,"href":"https:\/\/sollasi.nl\/de\/wp-json\/wp\/v2\/media\/1700"}],"wp:attachment":[{"href":"https:\/\/sollasi.nl\/de\/wp-json\/wp\/v2\/media?parent=2069"}],"curies":[{"name":"wp","href":"https:\/\/api.w.org\/{rel}","templated":true}]}}