{"id":2074,"date":"2020-03-30T15:14:33","date_gmt":"2020-03-30T15:14:33","guid":{"rendered":"https:\/\/sollasi.nl\/?page_id=2074"},"modified":"2023-09-01T14:48:41","modified_gmt":"2023-09-01T14:48:41","slug":"kultur","status":"publish","type":"page","link":"https:\/\/sollasi.nl\/de\/unternehmungen-in-der-umgebung\/kultur\/","title":{"rendered":"Kultur"},"content":{"rendered":"<p>[vc_row][vc_column][vc_column_text]<\/p>\r\n<h1 class=\"wp-block-heading\">Kultur<\/h1>\r\n\r\n<p>&nbsp;<\/p>\r\n\r\n<div class=\"wp-block-columns is-layout-flex wp-container-core-columns-is-layout-9d6595d7 wp-block-columns-is-layout-flex\">\r\n<div class=\"wp-block-column is-layout-flow wp-block-column-is-layout-flow\">\r\n<figure class=\"wp-block-image size-large\"><img loading=\"lazy\" decoding=\"async\" class=\"alignnone wp-image-1673\" src=\"https:\/\/sollasi.nl\/wp-content\/uploads\/naturalis-1024x576.jpg\" alt=\"Naturalis Museum\" width=\"1024\" height=\"576\" srcset=\"https:\/\/sollasi.nl\/wp-content\/uploads\/naturalis-1024x576.jpg 1024w, https:\/\/sollasi.nl\/wp-content\/uploads\/naturalis-300x169.jpg 300w, https:\/\/sollasi.nl\/wp-content\/uploads\/naturalis-768x432.jpg 768w, https:\/\/sollasi.nl\/wp-content\/uploads\/naturalis-1536x864.jpg 1536w, https:\/\/sollasi.nl\/wp-content\/uploads\/naturalis-2048x1152.jpg 2048w\" sizes=\"auto, (max-width: 1024px) 100vw, 1024px\" \/><\/figure>\r\n<br \/>\r\n<h2 class=\"wp-block-heading\">Naturalis<\/h2>\r\n<p><br \/>Ein Besuch im nationalen naturgeschichtlichen Museum Naturalis in Leiden bringt Ihnen die Natur n\u00e4her. Hier k\u00f6nnen Sie zum Beispiel mehr \u00fcber verschiedene Vogelarten erfahren und au\u00dfergew\u00f6hnliche pr\u00e4historische Skelette sehen. Und im Tierrestaurant k\u00f6nnen Kinder ein echtes Schwein f\u00fcttern. Sehen, erleben, machen! Spielerisch lernen, wie die Natur funktioniert. Vom Camarasaurus bis zur Riesenasseln und vom Waldpilz bis zum Edelstein: Im Naturalis erz\u00e4hlt die Natur von ihren Geheimnissen!<\/p>\r\n<\/div>\r\n<br \/>\r\n<div class=\"wp-block-column is-layout-flow wp-block-column-is-layout-flow\">\r\n<figure class=\"wp-block-image size-large\"><img loading=\"lazy\" decoding=\"async\" class=\"alignnone wp-image-1986\" src=\"https:\/\/sollasi.nl\/wp-content\/uploads\/Omgeving-Archeon-1024x576.jpg\" alt=\"Archeon Freilichtmuseum\" width=\"1024\" height=\"576\" srcset=\"https:\/\/sollasi.nl\/wp-content\/uploads\/Omgeving-Archeon-1024x576.jpg 1024w, https:\/\/sollasi.nl\/wp-content\/uploads\/Omgeving-Archeon-300x169.jpg 300w, https:\/\/sollasi.nl\/wp-content\/uploads\/Omgeving-Archeon-768x432.jpg 768w, https:\/\/sollasi.nl\/wp-content\/uploads\/Omgeving-Archeon-1536x864.jpg 1536w, https:\/\/sollasi.nl\/wp-content\/uploads\/Omgeving-Archeon-2048x1152.jpg 2048w\" sizes=\"auto, (max-width: 1024px) 100vw, 1024px\" \/><\/figure>\r\n<br \/>\r\n<h2 class=\"wp-block-heading\">Archeon<\/h2>\r\n<p><br \/>Ein Tagesausflug in die Urgeschichte, ins r\u00f6mische Reich und ins Mittelalter. Im Freilichtmuseum Archeon in Alphen aan den Rijn erleben Sie gro\u00dfe zeitgeschichtliche Abenteuer. Reisen Sie zur\u00fcck bis in die Vorgeschichte (8000 Jahre v. Chr. bis 12 Jahre n. Chr.), erleben Sie die R\u00f6merzeit hautnah (12 Jahre n. Chr. bis 400 Jahre n. Chr.) und tauchen Sie ein in die Welt des Mittelalters (400 Jahre n. Chr. bis 1500 Jahre n. Chr.).<\/p>\r\n<\/div>\r\n<br \/>\r\n<div class=\"wp-block-column is-layout-flow wp-block-column-is-layout-flow\">\r\n<figure class=\"wp-block-image size-large\"><img loading=\"lazy\" decoding=\"async\" class=\"alignnone wp-image-2706\" src=\"https:\/\/sollasi.nl\/wp-content\/uploads\/Omgeving-Space-Expo-1536x864-1-1024x576.jpg\" alt=\"Space Expo\" width=\"1024\" height=\"576\" srcset=\"https:\/\/sollasi.nl\/wp-content\/uploads\/Omgeving-Space-Expo-1536x864-1-1024x576.jpg 1024w, https:\/\/sollasi.nl\/wp-content\/uploads\/Omgeving-Space-Expo-1536x864-1-300x169.jpg 300w, https:\/\/sollasi.nl\/wp-content\/uploads\/Omgeving-Space-Expo-1536x864-1-768x432.jpg 768w, https:\/\/sollasi.nl\/wp-content\/uploads\/Omgeving-Space-Expo-1536x864-1.jpg 1536w\" sizes=\"auto, (max-width: 1024px) 100vw, 1024px\" \/><\/figure>\r\n<br \/>\r\n<h2 class=\"wp-block-heading\">Space Expo<\/h2>\r\n<p><br \/>Reisen Sie zu den Sternen und Planeten! Diese faszinierende Ausstellung nimmt Sie mit auf eine Entdeckungsreise durch die Geschichte des Weltraums und zeigt Ihnen den aktuellen Stand der europ\u00e4ischen Weltraumforschung. Es werden F\u00fchrungen von Experten angeboten.<\/p>\r\n<\/div>\r\n<\/div>\r\n\r\n<div class=\"wp-block-columns is-layout-flex wp-container-core-columns-is-layout-9d6595d7 wp-block-columns-is-layout-flex\">\r\n<div class=\"wp-block-column is-layout-flow wp-block-column-is-layout-flow\">\r\n<figure class=\"wp-block-image size-large\"><img loading=\"lazy\" decoding=\"async\" class=\"alignnone wp-image-1676\" src=\"https:\/\/sollasi.nl\/wp-content\/uploads\/avifauna-1024x576.jpg\" alt=\"Vogelpark Avifauna\" width=\"1024\" height=\"576\" srcset=\"https:\/\/sollasi.nl\/wp-content\/uploads\/avifauna-1024x576.jpg 1024w, https:\/\/sollasi.nl\/wp-content\/uploads\/avifauna-300x169.jpg 300w, https:\/\/sollasi.nl\/wp-content\/uploads\/avifauna-768x432.jpg 768w, https:\/\/sollasi.nl\/wp-content\/uploads\/avifauna-1536x864.jpg 1536w, https:\/\/sollasi.nl\/wp-content\/uploads\/avifauna-2048x1152.jpg 2048w\" sizes=\"auto, (max-width: 1024px) 100vw, 1024px\" \/><\/figure>\r\n<br \/>\r\n<h2 class=\"wp-block-heading\">Vogelpark Avifauna<\/h2>\r\n<p><br \/>Ein unvergesslicher Tagesausflug in die Welt der V\u00f6gel! Hier lernen Sie Vogelarten aus der ganzen Welt kennen: anmutige Kraniche aus Asien, imposante Seeadler aus Amerika, seltene Pinguine aus Afrika, bunt gefiederte Papageien aus Australien und gro\u00dfe St\u00f6rche aus Europa. In diesem faszinierenden Vogelpark begegnen Ihnen \u00fcber 300 Vogelarten, und es finden interessante Vorf\u00fchrungen statt. Sie k\u00f6nnen auch bei der F\u00fctterung der V\u00f6gel zusehen und diese sogar selbst f\u00fcttern.<\/p>\r\n<\/div>\r\n<br \/>\r\n<div class=\"wp-block-column is-layout-flow wp-block-column-is-layout-flow\">\r\n<figure class=\"wp-block-image size-large\"><img loading=\"lazy\" decoding=\"async\" class=\"alignnone wp-image-2742\" src=\"https:\/\/sollasi.nl\/wp-content\/uploads\/omgeving-madurodam.jpg\" alt=\"Miniaturwelt Madurodam\" width=\"1024\" height=\"576\" \/><\/figure>\r\n<br \/>\r\n<h2 class=\"wp-block-heading\">Madurodam<\/h2>\r\n<p><br \/>In diesem ber\u00fchmten Miniaturenpark erleben Sie die Niederlande im Kleinformat! Hier sieht man alles, wof\u00fcr die Niederlande ber\u00fchmt sind, in einem Ma\u00dfstab von 1:25. \u201eDie Niederlande im Kleinformat\u201c stehen Besuchern das ganze Jahr \u00fcber offen. Grachten, kunstvoll verzierte Fassaden und vieles mehr, was so typisch ist f\u00fcr Holland, finden Sie hier im Kleinformat!<\/p>\r\n<\/div>\r\n<br \/>\r\n<div class=\"wp-block-column is-layout-flow wp-block-column-is-layout-flow\">\r\n<figure class=\"wp-block-image size-large\"><img loading=\"lazy\" decoding=\"async\" class=\"alignnone wp-image-9118\" src=\"https:\/\/sollasi.nl\/wp-content\/uploads\/2023\/09\/omgeving-corpus.webp\" alt=\"Corpus\" width=\"1024\" height=\"575\" srcset=\"https:\/\/sollasi.nl\/wp-content\/uploads\/2023\/09\/omgeving-corpus.webp 1137w, https:\/\/sollasi.nl\/wp-content\/uploads\/2023\/09\/omgeving-corpus-300x169.webp 300w, https:\/\/sollasi.nl\/wp-content\/uploads\/2023\/09\/omgeving-corpus-1024x575.webp 1024w, https:\/\/sollasi.nl\/wp-content\/uploads\/2023\/09\/omgeving-corpus-768x432.webp 768w, https:\/\/sollasi.nl\/wp-content\/uploads\/2023\/09\/omgeving-corpus-344x193.webp 344w, https:\/\/sollasi.nl\/wp-content\/uploads\/2023\/09\/omgeving-corpus-169x95.webp 169w\" sizes=\"auto, (max-width: 1024px) 100vw, 1024px\" \/><\/figure>\r\n<br \/>\r\n<h2 class=\"wp-block-heading\">Corpus<\/h2>\r\n<p><br \/>Im Corpus lernen Sie auf einer Reise durch den menschlichen K\u00f6rper diesen von innen kennen &#8211; von den Knien bis zum Gehirn. Diese Reise f\u00fchrt Sie durch verschiedene Organe wie den Darm, das Herz, die Lunge und die Ohren. Bei einer Audiof\u00fchrung h\u00f6ren Sie interessante Erl\u00e4uterungen, und mit Licht, D\u00fcften und Filmen wird alles noch lebendiger. Der Rundgang durch den menschlichen K\u00f6rper dauert 55 Minuten. Im interaktiven Teil des Corpus lernen Sie alles \u00fcber den menschlichen K\u00f6rper anhand von Active Games und unterhaltsamen Tests, die Sie an sich selbst durchf\u00fchren k\u00f6nnen.<\/p>\r\n<\/div>\r\n<\/div>\r\n<div class=\"wp-block-button alignright\"><a class=\"wp-block-button__link\" href=\"https:\/\/sollasi.nl\/de\/unternehmungen-in-der-umgebung\/\"> Zur\u00fcck zur Aktivit\u00e4ts\u00fcbersicht <\/a><\/div>\r\n<p>\u00a0<\/p>\r\n<p>[\/vc_column_text][\/vc_column][\/vc_row]<\/p>","protected":false},"excerpt":{"rendered":"<p>[vc_row][vc_column][vc_column_text] Kultur &nbsp; Naturalis Ein Besuch im nationalen naturgeschichtlichen Museum Naturalis in Leiden bringt Ihnen die Natur n\u00e4her. Hier k\u00f6nnen Sie zum Beispiel mehr \u00fcber verschiedene Vogelarten erfahren und au\u00dfergew\u00f6hnliche pr\u00e4historische Skelette sehen. Und im Tierrestaurant k\u00f6nnen Kinder ein echtes Schwein f\u00fcttern. Sehen, erleben, machen! Spielerisch lernen, wie die Natur funktioniert. Vom Camarasaurus bis zur Riesenasseln und vom Waldpilz bis zum Edelstein: Im Naturalis erz\u00e4hlt die Natur von ihren Geheimnissen! Archeon Ein Tagesausflug in die Urgeschichte, ins r\u00f6mische Reich und &#8230; <\/p>\n<p class=\"read-more-container\"><a title=\"Kultur\" class=\"read-more button\" href=\"https:\/\/sollasi.nl\/de\/unternehmungen-in-der-umgebung\/kultur\/#more-2074\">Read More<span class=\"screen-reader-text\">Kultur<\/span><\/a><\/p>\n","protected":false},"author":1,"featured_media":1682,"parent":2036,"menu_order":0,"comment_status":"closed","ping_status":"closed","template":"","meta":{"footnotes":""},"class_list":["post-2074","page","type-page","status-publish","has-post-thumbnail"],"_links":{"self":[{"href":"https:\/\/sollasi.nl\/de\/wp-json\/wp\/v2\/pages\/2074","targetHints":{"allow":["GET"]}}],"collection":[{"href":"https:\/\/sollasi.nl\/de\/wp-json\/wp\/v2\/pages"}],"about":[{"href":"https:\/\/sollasi.nl\/de\/wp-json\/wp\/v2\/types\/page"}],"author":[{"embeddable":true,"href":"https:\/\/sollasi.nl\/de\/wp-json\/wp\/v2\/users\/1"}],"replies":[{"embeddable":true,"href":"https:\/\/sollasi.nl\/de\/wp-json\/wp\/v2\/comments?post=2074"}],"version-history":[{"count":18,"href":"https:\/\/sollasi.nl\/de\/wp-json\/wp\/v2\/pages\/2074\/revisions"}],"predecessor-version":[{"id":9175,"href":"https:\/\/sollasi.nl\/de\/wp-json\/wp\/v2\/pages\/2074\/revisions\/9175"}],"up":[{"embeddable":true,"href":"https:\/\/sollasi.nl\/de\/wp-json\/wp\/v2\/pages\/2036"}],"wp:featuredmedia":[{"embeddable":true,"href":"https:\/\/sollasi.nl\/de\/wp-json\/wp\/v2\/media\/1682"}],"wp:attachment":[{"href":"https:\/\/sollasi.nl\/de\/wp-json\/wp\/v2\/media?parent=2074"}],"curies":[{"name":"wp","href":"https:\/\/api.w.org\/{rel}","templated":true}]}}