{"id":2129,"date":"2020-04-01T09:18:54","date_gmt":"2020-04-01T09:18:54","guid":{"rendered":"https:\/\/sollasi.nl\/?page_id=2129"},"modified":"2022-10-28T08:18:07","modified_gmt":"2022-10-28T08:18:07","slug":"schmucke-doerfer-in-der-region","status":"publish","type":"page","link":"https:\/\/sollasi.nl\/de\/unternehmungen-in-der-umgebung\/schmucke-doerfer-in-der-region\/","title":{"rendered":"D\u00f6rfer in der Region"},"content":{"rendered":"\r\n<h1 class=\"wp-block-heading\">D\u00f6rfer in der Region<\/h1>\r\n\r\n\r\n\r\n<div class=\"wp-block-columns is-layout-flex wp-container-core-columns-is-layout-9d6595d7 wp-block-columns-is-layout-flex\">\r\n<div class=\"wp-block-column is-layout-flow wp-block-column-is-layout-flow\">\r\n<figure class=\"wp-block-image size-large\"><img loading=\"lazy\" decoding=\"async\" width=\"1024\" height=\"576\" class=\"wp-image-1813\" src=\"https:\/\/sollasi.nl\/wp-content\/uploads\/Omgeving-Noordwijk-1024x576.jpg\" alt=\"\" srcset=\"https:\/\/sollasi.nl\/wp-content\/uploads\/Omgeving-Noordwijk-1024x576.jpg 1024w, https:\/\/sollasi.nl\/wp-content\/uploads\/Omgeving-Noordwijk-300x169.jpg 300w, https:\/\/sollasi.nl\/wp-content\/uploads\/Omgeving-Noordwijk-768x432.jpg 768w, https:\/\/sollasi.nl\/wp-content\/uploads\/Omgeving-Noordwijk-1536x864.jpg 1536w, https:\/\/sollasi.nl\/wp-content\/uploads\/Omgeving-Noordwijk-2048x1152.jpg 2048w\" sizes=\"auto, (max-width: 1024px) 100vw, 1024px\" \/><\/figure>\r\n\r\n\r\n\r\n<h2 class=\"wp-block-heading\">Noordwijk<\/h2>\r\n\r\n\r\n\r\n<p>Genie\u00dfen Sie den Strand, laufen Sie am Meer entlang oder entspannen Sie sich auf einer Strandliege. An den beiden Promenaden in Noordwijk gibt es nette Restaurants, und es werden regelm\u00e4\u00dfig Veranstaltungen angeboten. In Noordwijk gibt es zwei Einkaufsstra\u00dfen, in denen Sie shoppen oder etwas essen k\u00f6nnen. Die Hoofdstraat grenzt an den Strand, und die Kerkstraat liegt in Noordwijk Binnen. In diesen beiden Einkaufsstra\u00dfen haben die Gesch\u00e4fte auch sonntags ge\u00f6ffnet. Neben vielen Restaurants und Caf\u00e9s finden Sie in Noordwijk auch eine lebendige Ausgehmeile mit Diskotheken und Clubs, die am Wochenende bis 4 Uhr ge\u00f6ffnet sind.<\/p>\r\n<\/div>\r\n\r\n\r\n\r\n<div class=\"wp-block-column is-layout-flow wp-block-column-is-layout-flow\">\r\n<figure class=\"wp-block-image size-large\"><img loading=\"lazy\" decoding=\"async\" width=\"1024\" height=\"576\" class=\"wp-image-2416\" src=\"https:\/\/sollasi.nl\/wp-content\/uploads\/Noordwijkerhout-1536x864-1-1024x576.jpg\" alt=\"Noordwijkerhout\" srcset=\"https:\/\/sollasi.nl\/wp-content\/uploads\/Noordwijkerhout-1536x864-1-1024x576.jpg 1024w, https:\/\/sollasi.nl\/wp-content\/uploads\/Noordwijkerhout-1536x864-1-300x169.jpg 300w, https:\/\/sollasi.nl\/wp-content\/uploads\/Noordwijkerhout-1536x864-1-768x432.jpg 768w, https:\/\/sollasi.nl\/wp-content\/uploads\/Noordwijkerhout-1536x864-1.jpg 1536w\" sizes=\"auto, (max-width: 1024px) 100vw, 1024px\" \/><\/figure>\r\n\r\n\r\n\r\n<h2 class=\"wp-block-heading\">Noordwijkerhout<\/h2>\r\n\r\n\r\n\r\n<p>Noordwijkerhout wird als \u201eHerz der Blumenregion\u201c bezeichnet. Im gem\u00fctlichen Ortszentrum erwarten Sie Restaurants und Caf\u00e9s mit sch\u00f6nen Terrassen sowie verschiedene Gesch\u00e4fte und Superm\u00e4rkte. Au\u00dferdem k\u00f6nnen Sie hier ins Schwimmbad gehen oder eine Runde Golf auf dem Golfplatz spielen. In dem immer gut besuchten Partyzentrum in Noordwijkerhout gibt es ein Restaurant, eine Bowlingbahn, eine Spielhalle und ein Casino. Dar\u00fcber hinaus hat Noordwijkerhout zwei gro\u00dfe Spielpl\u00e4tze und einen Streichelzoo f\u00fcr Kinder. Im Fr\u00fchling k\u00f6nnen Sie sch\u00f6ne Touren mit dem Fahrrad oder dem Auto rund um die farbenfrohen Blumenfelder machen.\u00a0<\/p>\r\n<\/div>\r\n\r\n\r\n\r\n<div class=\"wp-block-column is-layout-flow wp-block-column-is-layout-flow\">\r\n<figure class=\"wp-block-image size-large\"><img decoding=\"async\" class=\"wp-image-2751\" src=\"https:\/\/sollasi.nl\/wp-content\/uploads\/omgeving-lisse.jpg\" alt=\"\"><\/figure>\r\n\r\n\r\n\r\n<h2 class=\"wp-block-heading\">Lisse<\/h2>\r\n\r\n\r\n\r\n<p>Der weltbekannte Fr\u00fchlingspark Keukenhof befindet sich in Lisse, dieser Ort wird daher auch als \u201eHauptstadt\u201c der Blumenregion bezeichnet. Besonders sch\u00f6n ist es hier im Fr\u00fchling, wenn die Tulpenfelder in voller Bl\u00fcte stehen und der Blumenkorso stattfindet. Im Ortszentrum k\u00f6nnen Sie bummeln gehen und etwas essen oder trinken. Lisse hat zwei Museen: das Lisser Art Museum und das Museum De Zwarte Tulp, im letztgenannten wird die Blumenzwiebelgeschichte der Niederlande geschildert. Und nat\u00fcrlich k\u00f6nnen Sie sich in Lisse mit einem Drink auf eine Terrasse oder in ein Caf\u00e9 setzen oder auch ins Kino gehen.<\/p>\r\n<\/div>\r\n<\/div>\r\n\r\n\r\n\r\n<div class=\"wp-block-columns is-layout-flex wp-container-core-columns-is-layout-9d6595d7 wp-block-columns-is-layout-flex\">\r\n<div class=\"wp-block-column is-layout-flow wp-block-column-is-layout-flow\">\r\n<figure class=\"wp-block-image size-large\"><img decoding=\"async\" class=\"wp-image-2754\" src=\"https:\/\/sollasi.nl\/wp-content\/uploads\/omgeving-hillegom.jpg\" alt=\"\"><\/figure>\r\n\r\n\r\n\r\n<h2 class=\"wp-block-heading\">Hillegom<\/h2>\r\n\r\n\r\n\r\n<p>Im gem\u00fctlichen Ortszentrum von Hillegom gibt es rund um die Kirche Restaurants und Caf\u00e9s mit sch\u00f6nen Terrassen. Sehr zu empfehlen ist im Sommer die Eisdiele von Chocolaterie Pierre \u2012 das hausgemachte Eis hier schmeckt einfach himmlisch! Auch in Hillegom k\u00f6nnen Sie im Fr\u00fchling die wundersch\u00f6nen Blumenfelder und die allgegenw\u00e4rtige Blumenpracht erleben. Dar\u00fcber hinaus gibt es in Hillegon auch einen Bahnhof, und von dort sind die sch\u00f6nen St\u00e4dte Haarlem und Leiden mit dem Zug schnell erreichbar.<\/p>\r\n<\/div>\r\n\r\n\r\n\r\n<div class=\"wp-block-column is-layout-flow wp-block-column-is-layout-flow\">\u00a0<\/div>\r\n\r\n\r\n\r\n<div class=\"wp-block-column is-layout-flow wp-block-column-is-layout-flow\">\u00a0<\/div>\r\n<\/div>\r\n\r\n\r\n\r\n<div class=\"wp-block-button alignright\"><a class=\"wp-block-button__link\" href=\"https:\/\/sollasi.nl\/de\/unternehmungen-in-der-umgebung\/\">Zur\u00fcck zur Aktivit\u00e4ts\u00fcbersicht<\/a><\/div>\r\n\r\n\r\n\r\n<p>&nbsp;<\/p>\r\n","protected":false},"excerpt":{"rendered":"<p>D\u00f6rfer in der Region Noordwijk Genie\u00dfen Sie den Strand, laufen Sie am Meer entlang oder entspannen Sie sich auf einer Strandliege. An den beiden Promenaden in Noordwijk gibt es nette Restaurants, und es werden regelm\u00e4\u00dfig Veranstaltungen angeboten. In Noordwijk gibt es zwei Einkaufsstra\u00dfen, in denen Sie shoppen oder etwas essen k\u00f6nnen. Die Hoofdstraat grenzt an den Strand, und die Kerkstraat liegt in Noordwijk Binnen. In diesen beiden Einkaufsstra\u00dfen haben die Gesch\u00e4fte auch sonntags ge\u00f6ffnet. Neben vielen Restaurants und Caf\u00e9s finden &#8230; <\/p>\n<p class=\"read-more-container\"><a title=\"D\u00f6rfer in der Region\" class=\"read-more button\" href=\"https:\/\/sollasi.nl\/de\/unternehmungen-in-der-umgebung\/schmucke-doerfer-in-der-region\/#more-2129\">Read More<span class=\"screen-reader-text\">D\u00f6rfer in der Region<\/span><\/a><\/p>\n","protected":false},"author":1,"featured_media":1764,"parent":2036,"menu_order":0,"comment_status":"closed","ping_status":"closed","template":"","meta":{"footnotes":""},"class_list":["post-2129","page","type-page","status-publish","has-post-thumbnail"],"_links":{"self":[{"href":"https:\/\/sollasi.nl\/de\/wp-json\/wp\/v2\/pages\/2129","targetHints":{"allow":["GET"]}}],"collection":[{"href":"https:\/\/sollasi.nl\/de\/wp-json\/wp\/v2\/pages"}],"about":[{"href":"https:\/\/sollasi.nl\/de\/wp-json\/wp\/v2\/types\/page"}],"author":[{"embeddable":true,"href":"https:\/\/sollasi.nl\/de\/wp-json\/wp\/v2\/users\/1"}],"replies":[{"embeddable":true,"href":"https:\/\/sollasi.nl\/de\/wp-json\/wp\/v2\/comments?post=2129"}],"version-history":[{"count":10,"href":"https:\/\/sollasi.nl\/de\/wp-json\/wp\/v2\/pages\/2129\/revisions"}],"predecessor-version":[{"id":7447,"href":"https:\/\/sollasi.nl\/de\/wp-json\/wp\/v2\/pages\/2129\/revisions\/7447"}],"up":[{"embeddable":true,"href":"https:\/\/sollasi.nl\/de\/wp-json\/wp\/v2\/pages\/2036"}],"wp:featuredmedia":[{"embeddable":true,"href":"https:\/\/sollasi.nl\/de\/wp-json\/wp\/v2\/media\/1764"}],"wp:attachment":[{"href":"https:\/\/sollasi.nl\/de\/wp-json\/wp\/v2\/media?parent=2129"}],"curies":[{"name":"wp","href":"https:\/\/api.w.org\/{rel}","templated":true}]}}