{"id":2133,"date":"2020-04-01T09:24:19","date_gmt":"2020-04-01T09:24:19","guid":{"rendered":"https:\/\/sollasi.nl\/?page_id=2133"},"modified":"2020-04-15T11:00:45","modified_gmt":"2020-04-15T11:00:45","slug":"staedtetouren","status":"publish","type":"page","link":"https:\/\/sollasi.nl\/de\/unternehmungen-in-der-umgebung\/staedtetouren\/","title":{"rendered":"St\u00e4dtetouren"},"content":{"rendered":"\n<h1 class=\"wp-block-heading\">St\u00e4dtetouren <\/h1>\n\n\n\n<div class=\"wp-block-columns is-layout-flex wp-container-core-columns-is-layout-9d6595d7 wp-block-columns-is-layout-flex\">\n<div class=\"wp-block-column is-layout-flow wp-block-column-is-layout-flow\">\n<figure class=\"wp-block-image size-large\"><img loading=\"lazy\" decoding=\"async\" width=\"1024\" height=\"576\" src=\"https:\/\/sollasi.nl\/wp-content\/uploads\/Amsterdamse-gracht2-1536x864-1-1024x576.jpg\" alt=\"Amsterdam\" class=\"wp-image-2456\" srcset=\"https:\/\/sollasi.nl\/wp-content\/uploads\/Amsterdamse-gracht2-1536x864-1-1024x576.jpg 1024w, https:\/\/sollasi.nl\/wp-content\/uploads\/Amsterdamse-gracht2-1536x864-1-300x169.jpg 300w, https:\/\/sollasi.nl\/wp-content\/uploads\/Amsterdamse-gracht2-1536x864-1-768x432.jpg 768w, https:\/\/sollasi.nl\/wp-content\/uploads\/Amsterdamse-gracht2-1536x864-1.jpg 1536w\" sizes=\"auto, (max-width: 1024px) 100vw, 1024px\" \/><\/figure>\n\n\n\n<h2 class=\"wp-block-heading\">Amsterdam<\/h2>\n\n\n\n<p>Amsterdam ist die Hauptstadt der Niederlande und ein beliebter Besuchermagnet \u2012 und das zu Recht! Es gibt hier zahlreiche bekannte Museen, zum Beispiel das Rijksmuseum, das Anne-Frank-Haus und das Van-Gogh-Museum. Spazieren Sie an den idyllischen Grachten entlang, ges\u00e4umt von stattlichen Kaufmannsh\u00e4usern, oder machen Sie eine unvergessliche Grachtenrundfahrt.<\/p>\n<\/div>\n\n\n\n<div class=\"wp-block-column is-layout-flow wp-block-column-is-layout-flow\">\n<figure class=\"wp-block-image size-large\"><img loading=\"lazy\" decoding=\"async\" width=\"1024\" height=\"576\" src=\"https:\/\/sollasi.nl\/wp-content\/uploads\/Leiden-1-1024x576.jpg\" alt=\"\" class=\"wp-image-1666\" srcset=\"https:\/\/sollasi.nl\/wp-content\/uploads\/Leiden-1-1024x576.jpg 1024w, https:\/\/sollasi.nl\/wp-content\/uploads\/Leiden-1-300x169.jpg 300w, https:\/\/sollasi.nl\/wp-content\/uploads\/Leiden-1-768x432.jpg 768w, https:\/\/sollasi.nl\/wp-content\/uploads\/Leiden-1-1536x864.jpg 1536w, https:\/\/sollasi.nl\/wp-content\/uploads\/Leiden-1-2048x1152.jpg 2048w\" sizes=\"auto, (max-width: 1024px) 100vw, 1024px\" \/><\/figure>\n\n\n\n<h2 class=\"wp-block-heading\">Leiden<\/h2>\n\n\n\n<p>Entdecken Sie die historische Stadt Leiden. Hier k\u00f6nnen Sie zahlreiche Museen besuchen, so etwa das Rijksmuseum van Oudheden (nationales Arch\u00e4ologiemuseum), das Museum Volkenkunde (Reichsmuseum f\u00fcr V\u00f6lkerkunde), den botanischen Garten oder Naturalis (nationales Museum f\u00fcr Naturgeschichte). Die beiden Kirchen Pieterskerk und die Hooglandse Kerk sind ebenfalls sehr sehenswert. Erkunden Sie auch die vielen netten kleinen Gesch\u00e4fte in den historischen Stra\u00dfen und G\u00e4sschen, die so typisch f\u00fcr Leiden sind. Machen Sie einen Rundgang und erkunden Sie die historischen Innenh\u00f6fe (Hofjes) oder machen Sie eine Rundfahrt auf den Kan\u00e4len.<\/p>\n<\/div>\n\n\n\n<div class=\"wp-block-column is-layout-flow wp-block-column-is-layout-flow\">\n<figure class=\"wp-block-image size-large\"><img loading=\"lazy\" decoding=\"async\" width=\"1024\" height=\"576\" src=\"https:\/\/sollasi.nl\/wp-content\/uploads\/Omgeving-Haarlem-1024x576.jpg\" alt=\"\" class=\"wp-image-1978\" srcset=\"https:\/\/sollasi.nl\/wp-content\/uploads\/Omgeving-Haarlem-1024x576.jpg 1024w, https:\/\/sollasi.nl\/wp-content\/uploads\/Omgeving-Haarlem-300x169.jpg 300w, https:\/\/sollasi.nl\/wp-content\/uploads\/Omgeving-Haarlem-768x432.jpg 768w, https:\/\/sollasi.nl\/wp-content\/uploads\/Omgeving-Haarlem-1536x864.jpg 1536w, https:\/\/sollasi.nl\/wp-content\/uploads\/Omgeving-Haarlem-2048x1152.jpg 2048w\" sizes=\"auto, (max-width: 1024px) 100vw, 1024px\" \/><\/figure>\n\n\n\n<h2 class=\"wp-block-heading\">Haarlem<\/h2>\n\n\n\n<p>In der sch\u00f6nen historischen Innenstadt gibt es unz\u00e4hlige Baudenkm\u00e4ler. Schlendern Sie durch die historischen Stra\u00dfen mit ihrem vielseitigen Ladenangebot und den Museen, die alle gut bei einem Rundgang erreichbar sind. Aber auch das leibliche Wohl kommt in dieser Stadt mit ihren vielen Restaurants und Caf\u00e9s nie zu kurz! Haarlem hat f\u00fcr jeden Geschmack etwas zu bieten, ganz gleich, ob Sie zum Einkaufen kommen, die imposante Kathedrale besichtigen oder eine Grachtenrundfahrt machen m\u00f6chten.<\/p>\n<\/div>\n<\/div>\n\n\n\n<div class=\"wp-block-columns is-layout-flex wp-container-core-columns-is-layout-9d6595d7 wp-block-columns-is-layout-flex\">\n<div class=\"wp-block-column is-layout-flow wp-block-column-is-layout-flow\">\n<figure class=\"wp-block-image size-large\"><img loading=\"lazy\" decoding=\"async\" width=\"1024\" height=\"576\" src=\"https:\/\/sollasi.nl\/wp-content\/uploads\/Omgeving-Den-Haag-1024x576.jpg\" alt=\"\" class=\"wp-image-1981\" srcset=\"https:\/\/sollasi.nl\/wp-content\/uploads\/Omgeving-Den-Haag-1024x576.jpg 1024w, https:\/\/sollasi.nl\/wp-content\/uploads\/Omgeving-Den-Haag-300x169.jpg 300w, https:\/\/sollasi.nl\/wp-content\/uploads\/Omgeving-Den-Haag-768x432.jpg 768w, https:\/\/sollasi.nl\/wp-content\/uploads\/Omgeving-Den-Haag-1536x864.jpg 1536w, https:\/\/sollasi.nl\/wp-content\/uploads\/Omgeving-Den-Haag-2048x1152.jpg 2048w\" sizes=\"auto, (max-width: 1024px) 100vw, 1024px\" \/><\/figure>\n\n\n\n<h2 class=\"wp-block-heading\">Den Haag<\/h2>\n\n\n\n<p>Den Haag liegt mit seinen beiden ber\u00fchmten Badeorten Scheveningen und Kijkduin direkt an der Nordsee. Besichtigen Sie den historischen Binnenhof, den Arbeitspalast des K\u00f6nigs in Noordeinde und andere historische Geb\u00e4ude. Die Stadt bietet auch eine gro\u00dfe Auswahl an Museen, wie etwa das Haags Historisch Museum, die Gevangenpoort (ehemaliges Tor in der Befestigungsanlage), das Kunstmuseum Mauritshuis und das Loosduins Museum. Shopping-Freunde kommen in Den Haag ebenfalls auf ihre Kosten, und auch aus kulinarischer Sicht lohnt sich ein Besuch in Den Haag sehr!<\/p>\n<\/div>\n\n\n\n<div class=\"wp-block-column is-layout-flow wp-block-column-is-layout-flow\"><\/div>\n\n\n\n<div class=\"wp-block-column is-layout-flow wp-block-column-is-layout-flow\"><\/div>\n<\/div>\n\n\n\n<div class=\"wp-block-button alignright\"><a class=\"wp-block-button__link\" href=\"https:\/\/sollasi.nl\/de\/unternehmungen-in-der-umgebung\/\">Zur\u00fcck zur Aktivit\u00e4ts\u00fcbersicht<\/a><\/div>\n\n\n\n<p><\/p>\n","protected":false},"excerpt":{"rendered":"<p>St\u00e4dtetouren Amsterdam Amsterdam ist die Hauptstadt der Niederlande und ein beliebter Besuchermagnet \u2012 und das zu Recht! Es gibt hier zahlreiche bekannte Museen, zum Beispiel das Rijksmuseum, das Anne-Frank-Haus und das Van-Gogh-Museum. Spazieren Sie an den idyllischen Grachten entlang, ges\u00e4umt von stattlichen Kaufmannsh\u00e4usern, oder machen Sie eine unvergessliche Grachtenrundfahrt. Leiden Entdecken Sie die historische Stadt Leiden. Hier k\u00f6nnen Sie zahlreiche Museen besuchen, so etwa das Rijksmuseum van Oudheden (nationales Arch\u00e4ologiemuseum), das Museum Volkenkunde (Reichsmuseum f\u00fcr V\u00f6lkerkunde), den botanischen Garten oder &#8230; <\/p>\n<p class=\"read-more-container\"><a title=\"St\u00e4dtetouren\" class=\"read-more button\" href=\"https:\/\/sollasi.nl\/de\/unternehmungen-in-der-umgebung\/staedtetouren\/#more-2133\">Read More<span class=\"screen-reader-text\">St\u00e4dtetouren<\/span><\/a><\/p>\n","protected":false},"author":1,"featured_media":1672,"parent":2036,"menu_order":0,"comment_status":"closed","ping_status":"closed","template":"","meta":{"footnotes":""},"class_list":["post-2133","page","type-page","status-publish","has-post-thumbnail"],"_links":{"self":[{"href":"https:\/\/sollasi.nl\/de\/wp-json\/wp\/v2\/pages\/2133","targetHints":{"allow":["GET"]}}],"collection":[{"href":"https:\/\/sollasi.nl\/de\/wp-json\/wp\/v2\/pages"}],"about":[{"href":"https:\/\/sollasi.nl\/de\/wp-json\/wp\/v2\/types\/page"}],"author":[{"embeddable":true,"href":"https:\/\/sollasi.nl\/de\/wp-json\/wp\/v2\/users\/1"}],"replies":[{"embeddable":true,"href":"https:\/\/sollasi.nl\/de\/wp-json\/wp\/v2\/comments?post=2133"}],"version-history":[{"count":6,"href":"https:\/\/sollasi.nl\/de\/wp-json\/wp\/v2\/pages\/2133\/revisions"}],"predecessor-version":[{"id":2509,"href":"https:\/\/sollasi.nl\/de\/wp-json\/wp\/v2\/pages\/2133\/revisions\/2509"}],"up":[{"embeddable":true,"href":"https:\/\/sollasi.nl\/de\/wp-json\/wp\/v2\/pages\/2036"}],"wp:featuredmedia":[{"embeddable":true,"href":"https:\/\/sollasi.nl\/de\/wp-json\/wp\/v2\/media\/1672"}],"wp:attachment":[{"href":"https:\/\/sollasi.nl\/de\/wp-json\/wp\/v2\/media?parent=2133"}],"curies":[{"name":"wp","href":"https:\/\/api.w.org\/{rel}","templated":true}]}}