{"id":2136,"date":"2020-04-01T09:27:37","date_gmt":"2020-04-01T09:27:37","guid":{"rendered":"https:\/\/sollasi.nl\/?page_id=2136"},"modified":"2023-01-03T10:42:38","modified_gmt":"2023-01-03T10:42:38","slug":"blumenpark-keukenhof","status":"publish","type":"page","link":"https:\/\/sollasi.nl\/de\/unternehmungen-in-der-umgebung\/blumenpark-keukenhof\/","title":{"rendered":"Blumenpark Keukenhof"},"content":{"rendered":"\r\n<h1 class=\"wp-block-heading\">Tulpenfelder und Blumenpark Keukenhof<\/h1>\r\n\r\n\r\n\r\n<p>In Lisse befindet sich der ber\u00fchmte Blumenpark Keukenhof. \u00dcber 7 Millionen Blumen stehen hier von M\u00e4rz bis Mai in Bl\u00fcte. In diesem gr\u00f6\u00dften Fr\u00fchlingsgarten der Welt k\u00f6nnen Sie den Anblick der bl\u00fchenden Tulpen, Krokusse, Narzissen, Hyazinthen, Rosen, Lilien, Orchideen und vieler anderer Blumen genie\u00dfen. Schlendern Sie durch die wundersch\u00f6n angelegte Gartenanlage mit ihren Teichen und Pavillons. Der Keukenhof gilt zu Recht als eine der beliebtesten Attraktionen der Niederlande!<\/p>\r\n\r\n\r\n\r\n<div class=\"wp-block-columns is-layout-flex wp-container-core-columns-is-layout-9d6595d7 wp-block-columns-is-layout-flex\">\r\n<div class=\"wp-block-column is-layout-flow wp-block-column-is-layout-flow\">\r\n<figure class=\"wp-block-image size-large\"><img loading=\"lazy\" decoding=\"async\" width=\"1024\" height=\"683\" class=\"wp-image-1990\" src=\"https:\/\/sollasi.nl\/wp-content\/uploads\/Omgeving-Keukenhof-1024x683.jpg\" alt=\"\" srcset=\"https:\/\/sollasi.nl\/wp-content\/uploads\/Omgeving-Keukenhof-1024x683.jpg 1024w, https:\/\/sollasi.nl\/wp-content\/uploads\/Omgeving-Keukenhof-300x200.jpg 300w, https:\/\/sollasi.nl\/wp-content\/uploads\/Omgeving-Keukenhof-768x512.jpg 768w, https:\/\/sollasi.nl\/wp-content\/uploads\/Omgeving-Keukenhof-1536x1024.jpg 1536w, https:\/\/sollasi.nl\/wp-content\/uploads\/Omgeving-Keukenhof-2048x1365.jpg 2048w\" sizes=\"auto, (max-width: 1024px) 100vw, 1024px\" \/><\/figure>\r\n<\/div>\r\n\r\n\r\n\r\n<div class=\"wp-block-column is-layout-flow wp-block-column-is-layout-flow\">\r\n<figure class=\"wp-block-image size-large\"><img loading=\"lazy\" decoding=\"async\" width=\"1024\" height=\"683\" class=\"wp-image-1993\" src=\"https:\/\/sollasi.nl\/wp-content\/uploads\/Omgeving-Keukenhof-2-1024x683.jpg\" alt=\"\" srcset=\"https:\/\/sollasi.nl\/wp-content\/uploads\/Omgeving-Keukenhof-2-1024x683.jpg 1024w, https:\/\/sollasi.nl\/wp-content\/uploads\/Omgeving-Keukenhof-2-300x200.jpg 300w, https:\/\/sollasi.nl\/wp-content\/uploads\/Omgeving-Keukenhof-2-768x512.jpg 768w, https:\/\/sollasi.nl\/wp-content\/uploads\/Omgeving-Keukenhof-2-1536x1024.jpg 1536w, https:\/\/sollasi.nl\/wp-content\/uploads\/Omgeving-Keukenhof-2-2048x1365.jpg 2048w\" sizes=\"auto, (max-width: 1024px) 100vw, 1024px\" \/><\/figure>\r\n<\/div>\r\n<\/div>\r\n\r\n\r\n\r\n<div class=\"wp-block-button alignright\"><a class=\"wp-block-button__link\" href=\"https:\/\/sollasi.nl\/de\/unternehmungen-in-der-umgebung\/\">Zur\u00fcck zur Aktivit\u00e4ts\u00fcbersicht<\/a><\/div>\r\n","protected":false},"excerpt":{"rendered":"<p>Tulpenfelder und Blumenpark Keukenhof In Lisse befindet sich der ber\u00fchmte Blumenpark Keukenhof. \u00dcber 7 Millionen Blumen stehen hier von M\u00e4rz bis Mai in Bl\u00fcte. In diesem gr\u00f6\u00dften Fr\u00fchlingsgarten der Welt k\u00f6nnen Sie den Anblick der bl\u00fchenden Tulpen, Krokusse, Narzissen, Hyazinthen, Rosen, Lilien, Orchideen und vieler anderer Blumen genie\u00dfen. Schlendern Sie durch die wundersch\u00f6n angelegte Gartenanlage mit ihren Teichen und Pavillons. Der Keukenhof gilt zu Recht als eine der beliebtesten Attraktionen der Niederlande!<\/p>\n","protected":false},"author":1,"featured_media":1709,"parent":2036,"menu_order":0,"comment_status":"closed","ping_status":"closed","template":"","meta":{"footnotes":""},"class_list":["post-2136","page","type-page","status-publish","has-post-thumbnail"],"_links":{"self":[{"href":"https:\/\/sollasi.nl\/de\/wp-json\/wp\/v2\/pages\/2136","targetHints":{"allow":["GET"]}}],"collection":[{"href":"https:\/\/sollasi.nl\/de\/wp-json\/wp\/v2\/pages"}],"about":[{"href":"https:\/\/sollasi.nl\/de\/wp-json\/wp\/v2\/types\/page"}],"author":[{"embeddable":true,"href":"https:\/\/sollasi.nl\/de\/wp-json\/wp\/v2\/users\/1"}],"replies":[{"embeddable":true,"href":"https:\/\/sollasi.nl\/de\/wp-json\/wp\/v2\/comments?post=2136"}],"version-history":[{"count":9,"href":"https:\/\/sollasi.nl\/de\/wp-json\/wp\/v2\/pages\/2136\/revisions"}],"predecessor-version":[{"id":7819,"href":"https:\/\/sollasi.nl\/de\/wp-json\/wp\/v2\/pages\/2136\/revisions\/7819"}],"up":[{"embeddable":true,"href":"https:\/\/sollasi.nl\/de\/wp-json\/wp\/v2\/pages\/2036"}],"wp:featuredmedia":[{"embeddable":true,"href":"https:\/\/sollasi.nl\/de\/wp-json\/wp\/v2\/media\/1709"}],"wp:attachment":[{"href":"https:\/\/sollasi.nl\/de\/wp-json\/wp\/v2\/media?parent=2136"}],"curies":[{"name":"wp","href":"https:\/\/api.w.org\/{rel}","templated":true}]}}