{"id":2514,"date":"2020-04-15T11:18:55","date_gmt":"2020-04-15T11:18:55","guid":{"rendered":"https:\/\/sollasi.nl\/?page_id=2514"},"modified":"2025-11-06T14:01:56","modified_gmt":"2025-11-06T14:01:56","slug":"ihr-hund-ist-willkommen","status":"publish","type":"page","link":"https:\/\/sollasi.nl\/de\/ihr-hund-ist-willkommen\/","title":{"rendered":"Ihr Hund ist willkommen"},"content":{"rendered":"\r\n<h1 class=\"wp-block-heading\">Ihr Hund ist willkommen<\/h1>\r\n\r\n\r\n\r\n<p>Verbringen Sie Ihren Urlaub mit Hund in der Region Noordwijk! Auf dem Campingplatz Le Parage und Campingplatz Sollasi ist Ihr Hund willkommen. Oder planen Sie einen Traumurlaub mit Hund in den Bungalows f\u00fcr 4 Personen auf dem Bungalowpark Sollasi.<\/p>\r\n<p><a href=\"https:\/\/sollasi.nl\/de\/camping-mit-hund-in-holland\/\">Mehr lesen \u00fcber Camping mit Hund in Holland<\/a><\/p>\r\n\r\n\r\n\r\n<h2 class=\"wp-block-heading\">Sch\u00f6ne Spazierg\u00e4nge durch die D\u00fcnen mit Ihrem Vierbeiner<\/h2>\r\n\r\n\r\n\r\n<p>In der Umgebung der Campingpl\u00e4tze und des Bungalowparks gibt es unz\u00e4hlige M\u00f6glichkeiten f\u00fcr ausgedehnte Spazierg\u00e4nge mit Ihrem Hund. Spazieren Sie mit Ihrem Vierbeiner um den Oosterduinse See ganz in der N\u00e4he. Von dort hat man auch einen sch\u00f6nen Blick auf die Blumenfelder in der Umgebung. An der S\u00fcdseite des Forstgebiets befindet sich ein Hundepark. Hier d\u00fcrfen Hunde das ganze Jahr \u00fcber frei laufen, sofern sie unter Kontrolle sind.<\/p>\r\n\r\n\r\n\r\n<p><img loading=\"lazy\" decoding=\"async\" class=\"alignnone wp-image-8800 size-full\" src=\"https:\/\/sollasi.nl\/wp-content\/uploads\/2023\/04\/Urlaub-mit-Hund-in-Holland-Dunen.jpg\" alt=\"Urlaub mit Hund in den D\u00fcnen in Holland bei Sollasi\" width=\"640\" height=\"360\" srcset=\"https:\/\/sollasi.nl\/wp-content\/uploads\/2023\/04\/Urlaub-mit-Hund-in-Holland-Dunen.jpg 640w, https:\/\/sollasi.nl\/wp-content\/uploads\/2023\/04\/Urlaub-mit-Hund-in-Holland-Dunen-300x169.jpg 300w, https:\/\/sollasi.nl\/wp-content\/uploads\/2023\/04\/Urlaub-mit-Hund-in-Holland-Dunen-344x193.jpg 344w, https:\/\/sollasi.nl\/wp-content\/uploads\/2023\/04\/Urlaub-mit-Hund-in-Holland-Dunen-169x95.jpg 169w\" sizes=\"auto, (max-width: 640px) 100vw, 640px\" \/><\/p>\r\n<h2 class=\"wp-block-heading\">Strand f\u00fcr Hunde ohne Leinenzwang<\/h2>\r\n\r\n\r\n\r\n<p>Am nahe gelegenen Strand Langevelderslag ist Ihr Hund das ganze Jahr \u00fcber willkommen. In der Hochsaison vom 1. Juni bis 31. August muss Ihr Hund jedoch an der Leine gef\u00fchrt werden. Am s\u00fcdlichsten Strand von Noordwijk (beim Strandaufgang 1) gibt es einen Hundestrand, wo Hunde das ganze Jahr \u00fcber frei laufen d\u00fcrfen! Am Strand unterhalb der Promenade k\u00f6nnen Sie vom 1. September bis 31. Mai mit Ihrem Hund spazieren gehen, vorausgesetzt, Sie f\u00fchren Ihren Vierbeiner an der Leine. Die aktuellen Bestimmungen f\u00fcr Hundehalter finden Sie auf der <a href=\"https:\/\/www.noordwijk.nl\/Pagina_s_in_andere_taal\/Duitse_pagina_s\/Hunde\/Regeln_Hunde_am_Strand\" target=\"_blank\" rel=\"noopener\" aria-label=\"Website der Gemeinde Noordwijk (opent in een nieuwe tab)\">Website der Gemeinde Noordwijk<\/a>.<\/p>\r\n\r\n\r\n\r\n<h2 class=\"wp-block-heading\">Allgemeine Informationen<\/h2>\r\n\r\n\r\n\r\n<p>Im Bungalowpark und auf dem Campingplatz Sollasi gibt es Freiflauffl\u00e4chen f\u00fcr Ihren Hund. Auf dem Campingplatz Le Parage k\u00f6nnen Sie kurze Spazierg\u00e4nge auf der Freiflauffl\u00e4che neben dem Fu\u00dfweg machen. Auf dem Bungalowpark und auch auf den Campingpl\u00e4tzen m\u00fcssen Hunde jedoch an der Leine gef\u00fchrt werden. F\u00fcr Ihren Hund fallen in einem Bungalow 5,- \u20ac pro Tag und auf den Campingpl\u00e4tzen 3,50 \u20ac pro Tag an.<\/p>\r\n<p><a href=\"https:\/\/sollasi.nl\/de\/\">Hier Urlaub mit Hund buchen<\/a><\/p>\r\n<p>&nbsp;<\/p>\r\n","protected":false},"excerpt":{"rendered":"<p>Ihr Hund ist willkommen Verbringen Sie Ihren Urlaub mit Hund in der Region Noordwijk! Auf dem Campingplatz Le Parage und Campingplatz Sollasi ist Ihr Hund willkommen. Oder planen Sie einen Traumurlaub mit Hund in den Bungalows f\u00fcr 4 Personen auf dem Bungalowpark Sollasi. Mehr lesen \u00fcber Camping mit Hund in Holland Sch\u00f6ne Spazierg\u00e4nge durch die D\u00fcnen mit Ihrem Vierbeiner In der Umgebung der Campingpl\u00e4tze und des Bungalowparks gibt es unz\u00e4hlige M\u00f6glichkeiten f\u00fcr ausgedehnte Spazierg\u00e4nge mit Ihrem Hund. Spazieren Sie mit &#8230; <\/p>\n<p class=\"read-more-container\"><a title=\"Ihr Hund ist willkommen\" class=\"read-more button\" href=\"https:\/\/sollasi.nl\/de\/ihr-hund-ist-willkommen\/#more-2514\">Read More<span class=\"screen-reader-text\">Ihr Hund ist willkommen<\/span><\/a><\/p>\n","protected":false},"author":1,"featured_media":2440,"parent":0,"menu_order":0,"comment_status":"closed","ping_status":"closed","template":"","meta":{"footnotes":""},"class_list":["post-2514","page","type-page","status-publish","has-post-thumbnail"],"_links":{"self":[{"href":"https:\/\/sollasi.nl\/de\/wp-json\/wp\/v2\/pages\/2514","targetHints":{"allow":["GET"]}}],"collection":[{"href":"https:\/\/sollasi.nl\/de\/wp-json\/wp\/v2\/pages"}],"about":[{"href":"https:\/\/sollasi.nl\/de\/wp-json\/wp\/v2\/types\/page"}],"author":[{"embeddable":true,"href":"https:\/\/sollasi.nl\/de\/wp-json\/wp\/v2\/users\/1"}],"replies":[{"embeddable":true,"href":"https:\/\/sollasi.nl\/de\/wp-json\/wp\/v2\/comments?post=2514"}],"version-history":[{"count":6,"href":"https:\/\/sollasi.nl\/de\/wp-json\/wp\/v2\/pages\/2514\/revisions"}],"predecessor-version":[{"id":13053,"href":"https:\/\/sollasi.nl\/de\/wp-json\/wp\/v2\/pages\/2514\/revisions\/13053"}],"wp:featuredmedia":[{"embeddable":true,"href":"https:\/\/sollasi.nl\/de\/wp-json\/wp\/v2\/media\/2440"}],"wp:attachment":[{"href":"https:\/\/sollasi.nl\/de\/wp-json\/wp\/v2\/media?parent=2514"}],"curies":[{"name":"wp","href":"https:\/\/api.w.org\/{rel}","templated":true}]}}