{"id":2549,"date":"2020-04-19T07:35:31","date_gmt":"2020-04-19T07:35:31","guid":{"rendered":"https:\/\/sollasi.nl\/?page_id=2549"},"modified":"2023-10-17T14:26:07","modified_gmt":"2023-10-17T14:26:07","slug":"datenschutzerklaerung","status":"publish","type":"page","link":"https:\/\/sollasi.nl\/de\/datenschutzerklaerung\/","title":{"rendered":"Datenschutzerkl\u00e4rung"},"content":{"rendered":"\r\n<h1 class=\"wp-block-heading\">Datenschutzerkl\u00e4rung Mijbupark B.V.<\/h1>\r\n\r\n\r\n\r\n<p>Wenn Sie die Dienstleistungen von Mijbupark B.V. in Anspruch nehmen, m\u00fcssen wir verschiedene personenbezogene Daten von Ihnen erfassen. Diese personenbezogenen Daten behandeln wir mit gr\u00f6\u00dfter Sorgfalt. Mit Hilfe dieser Datenschutzerkl\u00e4rung m\u00f6chten wir Ihnen erl\u00e4utern, zu welchen Zwecken und auf welche Weise wir Ihre personenbezogenen Daten verarbeiten. Diese Datenschutzerkl\u00e4rung gilt f\u00fcr alle personenbezogenen Daten, die wir verarbeiten, wenn Sie bei uns buchen, unsere Dienstleistungen in Anspruch nehmen oder unsere Website besuchen oder wir mit Ihnen Kontakt haben.<\/p>\r\n\r\n\r\n\r\n<h2 class=\"wp-block-heading\">Wer sind wir?<\/h2>\r\n\r\n\r\n\r\n<p>Zu Mijbupark B.V. geh\u00f6ren 3 Freizeitunternehmen:<\/p>\r\n\r\n\r\n\r\n<ul class=\"wp-block-list\">\r\n<li>Bungalowpark Sollasi<\/li>\r\n<li>Camping Sollasi<\/li>\r\n<li>Camping Le Parage<\/li>\r\n<\/ul>\r\n\r\n\r\n\r\n<h2 class=\"wp-block-heading\">Welche personenbezogenen Daten erfassen wir?<\/h2>\r\n\r\n\r\n\r\n<p><strong>Buchungsdaten:<\/strong><\/p>\r\n\r\n\r\n\r\n<p>Buchungsdaten sind Daten \u00fcber Ihren Urlaub, beispielsweise die Art der Unterkunft, das Anreisedatum, das Abreisedatum und die Gruppe, mit der Sie anreisen.<\/p>\r\n\r\n\r\n\r\n<p><strong>Daten zu Name und Anschrift:<\/strong><\/p>\r\n\r\n\r\n\r\n<p>Ihren Namen und Ihre Anschrift ben\u00f6tigen wir, um Ihre Reservierung in unser Reservierungssystem einzugeben. Wir verwenden Ihre Anschrift oder Ihre E-Mail-Adresse, um Ihnen Ihre Reservierungsbest\u00e4tigung zu schicken. Auch wenn Sie bei uns eine Preisliste anfordern, schicken wir diese an Ihre Anschrift.<\/p>\r\n\r\n\r\n\r\n<p><strong>Telefonnummer und E-Mail-Adresse:<\/strong><\/p>\r\n\r\n\r\n\r\n<p>Wir verwenden Ihre Anschrift oder Ihre E-Mail-Adresse, um Ihnen Ihre Reservierungsbest\u00e4tigung zu schicken. Wenn wir Fragen haben oder etwas mit Ihnen besprechen m\u00f6chten, kontaktieren wir Sie per Telefon oder per E-Mail.<\/p>\r\n\r\n\r\n\r\n<p><strong>Geburtsdatum:<\/strong><\/p>\r\n\r\n\r\n\r\n<p>Buchungen k\u00f6nnen nur von Personen vorgenommen werden, die \u00e4lter als 18 Jahre sind. Nur wenn Sie Ihr Geburtsdatum angeben, k\u00f6nnen wir kontrollieren, ob Sie bei uns buchen d\u00fcrfen.<\/p>\r\n\r\n\r\n\r\n<p><strong>Bankkonto:<\/strong><\/p>\r\n\r\n\r\n\r\n<p>Ihre Buchung k\u00f6nnen Sie per \u00dcberweisung bezahlen. F\u00fcr einige Unterk\u00fcnfte stellen wir Ihnen eine Kaution in Rechnung. Ihre Bankverbindung speichern wir ausschlie\u00dflich, um Ihnen die Kaution zur\u00fcckzahlen zu k\u00f6nnen. Wir werden niemals einen Betrag von Ihrem Konto abbuchen. Sie k\u00f6nnen bei uns auch per Kreditkarte bezahlen. Dann erhalten Sie von uns ein Formular, auf dem Sie angeben k\u00f6nnen, wann wir den Zahlungsbetrag von Ihrer Kreditkarte abbuchen d\u00fcrfen. Wir werden niemals Geld von Ihrer Kreditkarte abbuchen, ohne dass Sie hierzu Ihre Zustimmung gegeben haben.<\/p>\r\n\r\n\r\n\r\n<h2 class=\"wp-block-heading\">Warum erfassen wir diese Daten?<\/h2>\r\n\r\n\r\n\r\n<p>Ihre pers\u00f6nlichen Daten verarbeiten wir in erster Linie zu dem Zweck, dass Sie einen perfekten Urlaub genie\u00dfen k\u00f6nnen. Wir verwenden Ihre Daten f\u00fcr die folgenden Aktionen:<\/p>\r\n\r\n\r\n\r\n<ul class=\"wp-block-list\">\r\n<li>um Ihre Reservierung vornehmen zu k\u00f6nnen<\/li>\r\n<li>um Ihre Zahlung verbuchen zu k\u00f6nnen<\/li>\r\n<li>um Sie telefonisch oder per E-Mail erreichen zu k\u00f6nnen, wenn dies f\u00fcr unsere Dienstleistung n\u00f6tig sein sollte<\/li>\r\n<li>um Sie \u00fcber \u00c4nderungen unserer Dienstleistungen und Produkte zu informieren<\/li>\r\n<li>um Betrug zu verhindern<\/li>\r\n<li>f\u00fcr den Kundenservice<\/li>\r\n<li>f\u00fcr Korrespondenz per E-Mail<\/li>\r\n<\/ul>\r\n\r\n\r\n\r\n<h2 class=\"wp-block-heading\">Weitergabe von personenbezogenen Daten:<\/h2>\r\n\r\n\r\n\r\n<p>Mijbupark B.V. gibt Ihre personenbezogenen Daten an verschiedene Dritten weiter, wenn dies erforderlich ist, um unseren Vertrag auszuf\u00fchren und um eventuelle gesetzliche Vorschriften einzuhalten.<\/p>\r\n\r\n\r\n\r\n<p>Wir sind dazu verpflichtet, Ihre Daten in unserem \u00dcbernachtungsregister zu erfassen. Die Gemeinde kann von uns verlangen, ihr diese Daten zur Verf\u00fcgung zu stellen. Zur Verwaltung unserer Systeme und zur Erbringung unserer Dienstleistungen nehmen wir die Dienstleistungen von Dritten in Anspruch, beispielsweise von IT-Dienstleistern. Wir achten darauf, dass diese Dritten mit unseren Daten korrekt umgehen.<\/p>\r\n\r\n\r\n\r\n<p>In dem Fall, dass Sie Ihre Rechnungen nicht fristgerecht bezahlen, sehen wir uns gezwungen, die Forderungen einem Inkassob\u00fcro oder einem Gerichtsvollzieher zu \u00fcbergeben. Die Daten, die erforderlich sind, um die Forderung bei Ihnen einzutreiben, werden an das Inkassob\u00fcro oder den Gerichtsvollzieher weitergegeben.<\/p>\r\n\r\n\r\n\r\n<p>Daten, die \u00fcber Cookies erfasst werden k\u00f6nnen, werden an die Partner weitergegeben, die diese Cookies setzen.<\/p>\r\n\r\n\r\n\r\n<h2 class=\"wp-block-heading\">Nutzung unserer Website:<\/h2>\r\n\r\n\r\n\r\n<p>Wenn Sie unsere Website nutzen, speichern wir automatisch bestimmte Informationen. Dabei kann es sich um folgende Informationen handeln: die URL, von der Sie gekommen sind oder zu der Sie anschlie\u00dfend wechseln, den von Ihnen verwendeten Browser, Ihre IP-Adresse und Datum und Uhrzeit Ihres Zugriffs auf unsere Website. Zudem erfassen wir Daten \u00fcber Hard- und Software. Wir verwenden diese Informationen im Rahmen der \u00fcblichen Nutzung und Websiteverwaltung und d\u00fcrfen diese Informationen gruppiert freigeben. Durch das Gruppieren k\u00f6nnen die Daten unm\u00f6glich auf einen bestimmten Nutzer zur\u00fcckverfolgt werden. Wir interessieren uns nicht f\u00fcr Daten, die etwas \u00fcber Ihre Identit\u00e4t aussagen. Wir interessieren uns jedoch f\u00fcr Informationen, die etwas \u00fcber die Nutzung unserer Website aussagen.<\/p>\r\n\r\n\r\n\r\n<p>Mijbupark B.V. setzt auf der Website Cookies und andere Technologien ein. Gerne verweisen wir Sie hierzu auf unsere Cookie-Richtlinie.<\/p>\r\n\r\n\r\n\r\n<h2 class=\"wp-block-heading\">Welche Grundlagen bestehen f\u00fcr die Datenerfassung?<\/h2>\r\n\r\n\r\n\r\n<p>Bei der Verarbeitung Ihrer personenbezogenen Daten halten wir uns an die Bestimmungen der Datenschutz-Grundverordnung. Daher beruht die Verarbeitung Ihrer personenbezogenen Daten immer auf einer Rechtsgrundlage. Ihre Daten werden in erster Linie zur Abwicklung einer Buchung oder zu einem der oben genannten Zwecke verarbeitet.<\/p>\r\n\r\n\r\n\r\n<h2 class=\"wp-block-heading\">Wie lange speichern wir Ihre personenbezogenen Daten?<\/h2>\r\n\r\n\r\n\r\n<p>Unser Reservierungssystem l\u00f6scht Ihre Daten nicht automatisch. Diese bleiben im Prinzip gespeichert, bis wir ein neues Reservierungssystem einsetzen. Wir nutzen Ihre Daten dabei nicht, au\u00dfer dass wir sie wieder aufrufen k\u00f6nnen, wenn Sie erneut eine Reservierung vornehmen; Angaben zu Ihrer Person, die Sie eingeben oder uns telefonisch oder per E-Mail \u00fcbermitteln, speichern wir 7 Jahre lang, um die gesetzlichen Verpflichtungen erf\u00fcllen zu k\u00f6nnen. Nach Ablauf dieser Frist werden Ihre Daten gel\u00f6scht.<\/p>\r\n\r\n\r\n\r\n<h2 class=\"wp-block-heading\">Welche Rechte haben Sie?<\/h2>\r\n\r\n\r\n\r\n<p>Sie haben das Recht auf Einsichtnahme in Ihre eigenen personenbezogenen Daten. Dabei kann es um Namen, Telefonnummer, E-Mail-Adresse, Postanschrift, PLZ, Land, Staatsangeh\u00f6rigkeit, Geschlecht, Geburtsdatum, Pass- oder Ausweisnummer gehen. Zudem verarbeitet Mijbupark B.V. beim Einsatz einiger Cookies Ihre IP-Adresse. Wenn diese Daten fehlerhaft sind, k\u00f6nnen Sie diese korrigieren lassen. Auch haben Sie das Recht auf Daten\u00fcbertragung. Das bedeutet, dass Sie die Daten, die Mijbupark B.V. verarbeitet, an eine andere Stelle \u00fcbertragen lassen k\u00f6nnen. Wenn Sie Daten l\u00f6schen lassen m\u00f6chten, dann ist dies m\u00f6glich, sobald Sie keine (finanziellen) Verpflichtungen mehr gegen\u00fcber Mijbupark B.V. haben.<\/p>\r\n\r\n\r\n\r\n<h2 class=\"wp-block-heading\">Wie sichern wir personenbezogene Daten?<\/h2>\r\n\r\n\r\n\r\n<p>Mijbupark B.V. nimmt den Datenschutz sehr ernst und ergreift entsprechende Ma\u00dfnahmen, um Missbrauch, Verlust, unbefugten Zugang, unerw\u00fcnschte Ver\u00f6ffentlichung und unerlaubte \u00c4nderung zu verhindern. Sollten Sie den Eindruck haben, dass Ihre Daten nicht gut gesch\u00fctzt sind oder dass Missbrauch im Spiel ist, kontaktieren Sie bitte umgehend unsere Rezeption. Sie erreichen unsere Rezeption unter der Telefonnummer <em>+31 (0)<\/em>252 374 460 oder per E-Mail unter <a href=\"mailto:info@sollasi.nl\">info@sollasi.nl<\/a>.<\/p>\r\n\r\n\r\n\r\n<h2 class=\"wp-block-heading\">Cookie-Richtlinie:<\/h2>\r\n\r\n\r\n\r\n<p><strong>Von uns verwendete Cookies oder \u00e4hnliche Techniken:<\/strong><\/p>\r\n\r\n\r\n\r\n<p>Mijbupark B.V. setzt funktionelle und analytische Cookies sowie Tracking Cookies ein. Ein Cookie ist eine kleine Textdatei, die beim ersten Besuch dieser Website im Browser auf Ihrem Computer, Tablet oder Smartphone gespeichert wird. Mijbupark B.V. verwendet Cookies mit rein technischen Funktionen. Diese sorgen daf\u00fcr, dass die Website ordnungsgem\u00e4\u00df funktioniert und dass beispielsweise Ihre bevorzugten Einstellungen gespeichert werden. Diese Cookies werden auch eingesetzt, um eine gute Funktionalit\u00e4t der Website zu gew\u00e4hrleisten und die Website optimieren zu k\u00f6nnen. Zudem setzen wir Cookies, die Ihr Surfverhalten speichern, damit wir Ihnen ma\u00dfgeschneiderten Content und passende Anzeigen pr\u00e4sentieren k\u00f6nnen. Bei Ihrem ersten Besuch auf unserer Website wurden Sie bereits \u00fcber diese Cookies informiert und um Einwilligung gebeten, damit diese gesetzt werden d\u00fcrfen. Sie k\u00f6nnen Ihren Internetbrowser auch so einstellen, dass dieser keine Cookies mehr speichert. Dar\u00fcber hinaus k\u00f6nnen Sie auch alle Informationen, die zu fr\u00fcheren Zeitpunkten gespeichert wurden, \u00fcber die Einstellungen Ihres Browsers l\u00f6schen.<\/p>\r\n\r\n\r\n\r\n<p><strong>Wir verwenden die folgenden Cookies:<\/strong><\/p>\r\n\r\n\r\n\r\n<p><strong><em>__utma<\/em><\/strong><\/p>\r\n\r\n\r\n\r\n<p><em>speichert die Anzahl der Besuche des Nutzers und bleibt 2 Jahre lang g\u00fcltig.<\/em><\/p>\r\n\r\n\r\n\r\n<p><strong><em>__utmb &amp; __utmc<\/em><\/strong><\/p>\r\n\r\n\r\n\r\n<p><em>speichert, wie lange sich der Nutzer auf der Website aufh\u00e4lt, und bleibt eine halbe Stunde lang g\u00fcltig.<\/em><\/p>\r\n\r\n\r\n\r\n<p><strong><em>__utmz<\/em><\/strong><\/p>\r\n\r\n\r\n\r\n<p><em>Dieser Cookie speichert, woher der Nutzer kommt: von einer normalen Website oder von einer Suchmaschine. Eventuelle Suchbegriffe werden an Analytics weitergegeben. Dieser Cookie bleibt ein halbes Jahr lang g\u00fcltig.<\/em><\/p>\r\n\r\n\r\n\r\n<p><em>Wir verwenden Cookies keinesfalls, um die Identit\u00e4t von spezifischen Personen festzustellen. Wir verwenden keine pers\u00f6nlich identifizierbaren Informationen, die wir \u00fcber Cookies erhalten haben, f\u00fcr Werbe- oder Marketingzwecke, und diese Informationen werden auch nicht an Dritte weitergegeben.<\/em><\/p>\r\n\r\n\r\n\r\n<p><strong><em>Sollten Sie noch Fragen haben und\/oder weitere Informationen ben\u00f6tigen, wenden Sie sich bitte an:<\/em><\/strong><\/p>\r\n\r\n\r\n\r\n<p><strong>Duinschooten 12<\/strong><br \/><strong>2211 ZC Noordwijkerhout, Niederlande<\/strong><br \/><strong>+31 (0)252 374 460<\/strong><br \/><strong>info@sollasi.nl<\/strong><\/p>\r\n","protected":false},"excerpt":{"rendered":"<p>Datenschutzerkl\u00e4rung Mijbupark B.V. Wenn Sie die Dienstleistungen von Mijbupark B.V. in Anspruch nehmen, m\u00fcssen wir verschiedene personenbezogene Daten von Ihnen erfassen. Diese personenbezogenen Daten behandeln wir mit gr\u00f6\u00dfter Sorgfalt. Mit Hilfe dieser Datenschutzerkl\u00e4rung m\u00f6chten wir Ihnen erl\u00e4utern, zu welchen Zwecken und auf welche Weise wir Ihre personenbezogenen Daten verarbeiten. Diese Datenschutzerkl\u00e4rung gilt f\u00fcr alle personenbezogenen Daten, die wir verarbeiten, wenn Sie bei uns buchen, unsere Dienstleistungen in Anspruch nehmen oder unsere Website besuchen oder wir mit Ihnen Kontakt haben. Wer &#8230; <\/p>\n<p class=\"read-more-container\"><a title=\"Datenschutzerkl\u00e4rung\" class=\"read-more button\" href=\"https:\/\/sollasi.nl\/de\/datenschutzerklaerung\/#more-2549\">Read More<span class=\"screen-reader-text\">Datenschutzerkl\u00e4rung<\/span><\/a><\/p>\n","protected":false},"author":1,"featured_media":1917,"parent":0,"menu_order":0,"comment_status":"closed","ping_status":"closed","template":"","meta":{"footnotes":""},"class_list":["post-2549","page","type-page","status-publish","has-post-thumbnail"],"_links":{"self":[{"href":"https:\/\/sollasi.nl\/de\/wp-json\/wp\/v2\/pages\/2549","targetHints":{"allow":["GET"]}}],"collection":[{"href":"https:\/\/sollasi.nl\/de\/wp-json\/wp\/v2\/pages"}],"about":[{"href":"https:\/\/sollasi.nl\/de\/wp-json\/wp\/v2\/types\/page"}],"author":[{"embeddable":true,"href":"https:\/\/sollasi.nl\/de\/wp-json\/wp\/v2\/users\/1"}],"replies":[{"embeddable":true,"href":"https:\/\/sollasi.nl\/de\/wp-json\/wp\/v2\/comments?post=2549"}],"version-history":[{"count":3,"href":"https:\/\/sollasi.nl\/de\/wp-json\/wp\/v2\/pages\/2549\/revisions"}],"predecessor-version":[{"id":9771,"href":"https:\/\/sollasi.nl\/de\/wp-json\/wp\/v2\/pages\/2549\/revisions\/9771"}],"wp:featuredmedia":[{"embeddable":true,"href":"https:\/\/sollasi.nl\/de\/wp-json\/wp\/v2\/media\/1917"}],"wp:attachment":[{"href":"https:\/\/sollasi.nl\/de\/wp-json\/wp\/v2\/media?parent=2549"}],"curies":[{"name":"wp","href":"https:\/\/api.w.org\/{rel}","templated":true}]}}