{"id":2738,"date":"2020-04-23T14:27:44","date_gmt":"2020-04-23T14:27:44","guid":{"rendered":"https:\/\/sollasi.nl\/?page_id=2738"},"modified":"2026-02-20T15:18:35","modified_gmt":"2026-02-20T15:18:35","slug":"komfort-bungalow-fuer-4-personen","status":"publish","type":"page","link":"https:\/\/sollasi.nl\/de\/komfort-bungalow-fuer-4-personen\/","title":{"rendered":"Unsere Komfort-Bungalows f\u00fcr 4 Personen"},"content":{"rendered":"<p>[vc_row][vc_column][vc_column_text]<\/p>\r\n<h1 class=\"wp-block-heading\">Unsere Komfort-Bungalows f\u00fcr 4 Personen<\/h1>\r\n\r\n<p>Unsere frisch renovierten \u201eKomfort-Bungalows\u201c bieten zus\u00e4tzlichen Komfort und sind genauso sch\u00f6n wie unsere Sollasi-Ferienh\u00e4user. Die Schlafzimmer sind mit Klimaanlage ausgestattet, damit Sie auch an warmen Tagen in einem angenehm k\u00fchlen Raum schlafen k\u00f6nnen. Die renovierte K\u00fcche der Bungalows enth\u00e4lt einen Geschirrsp\u00fcler und in den modernen Badezimmern gibt es eine ger\u00e4umige Regendusche und eine Toilette. Der Boden ist ganzheitlich mit Laminat belegt. Zu diesen Ferienh\u00e4usern geh\u00f6rt auch ein sch\u00f6n begr\u00fcnter und umz\u00e4unter Garten und ein Schuppen, wo Sie Ihr Fahrrad unterstellen k\u00f6nnen. Auch in den Komfort-Ferienh\u00e4usern ist Ihr Haustier willkommen und Sie k\u00f6nnen auf Wunsch ein Kinderbett und einen Hochstuhl reservieren. In allen Ferienh\u00e4usern haben Sie kostenlosen Zugriff aufs WLAN. In den Bungalows darf nicht geraucht werden.<\/p>\r\n<p style=\"text-align: right;\"><a class=\"wp-block-button__link has-text-color has-background\" style=\"background-color: #a32200; color: #ffffff;\" href=\"#tommy-matrix-row\">Reservieren<\/a><\/p>\r\n\r\n<p>Merkmale:<\/p>\r\n<!-- \/wp:post-content -->\r\n<p>&nbsp;<\/p>\r\n<!-- wp:columns -->\r\n<div class=\"wp-block-columns\"><!-- wp:column {\"width\":66.66} -->\r\n<div class=\"wp-block-column\" style=\"flex-basis: 66.66%;\"><!-- wp:list -->\r\n<ul>\r\n<li>Ger\u00e4umiges Wohnzimmer, ausgestattet mit bequemer Sitzecke und Fernseher<\/li>\r\n<li>Sch\u00f6ner Esstisch, der gen\u00fcgend Platz bietet<\/li>\r\n<li>Halboffene moderne K\u00fcche mit 4 Gasherdplatten, einem K\u00fchlschrank und einem Geschirrsp\u00fcler.<\/li>\r\n<li>Alle Komfortk\u00fcchen sind mit einer Nespresso-Kaffeemaschine und einem Backofen\/Hei\u00dfluftfritteuse ausgestattet.<\/li>\r\n<li>Beide Schlafzimmer sind mit zwei Boxspringbetten und Klimaanlage ausgestattet<\/li>\r\n<li>Die Einzelbetten (200 x 90 cm) k\u00f6nnen getrennt oder zusammengeschoben werden<\/li>\r\n<li>Im Badezimmer gibt es eine gro\u00dfe Regendusche und eine Toilette<\/li>\r\n<li>Der Garten mit Sitzplatz und Gartenm\u00f6beln ist sch\u00f6n begr\u00fcnt und eingez\u00e4unt<\/li>\r\n<li>Gro\u00dfz\u00fcgiger Schuppen, der Platz f\u00fcr Fahrr\u00e4der bietet<\/li>\r\n<li>Freistehendes Komfort-Ferienhaus mit Garten<\/li>\r\n<\/ul>\r\n<p><!-- \/wp:list --><\/p>\r\n<\/div>\r\n<!-- \/wp:column -->\r\n\r\n<!-- wp:column {\"width\":33.33} -->\r\n<div class=\"wp-block-column\" style=\"flex-basis: 33.33%;\">\u00a0<\/div>\r\n<p><!-- \/wp:column --><\/p>\r\n<\/div>\r\n<!-- \/wp:columns --><!-- \/wp:column --><!-- \/wp:columns -->\r\n<p>&nbsp;<\/p>\r\n<!-- wp:gallery {\"ids\":[2804,2801,2792,2795,2798,2789]} -->\r\n<figure class=\"wp-block-gallery columns-3 is-cropped\">\r\n<ul class=\"blocks-gallery-grid\">\r\n<li class=\"blocks-gallery-item\">\r\n<figure><img loading=\"lazy\" decoding=\"async\" class=\"alignnone wp-image-2804\" src=\"https:\/\/sollasi.nl\/wp-content\/uploads\/Bungalowpark-Sollasi-Comfort-bungalow-zithoek-1024x768.jpg\" alt=\"Komfortbungalow 4 Personen - Sofa\" width=\"1024\" height=\"768\" data-id=\"2804\" data-full-url=\"https:\/\/sollasi.nl\/wp-content\/uploads\/Bungalowpark-Sollasi-Comfort-bungalow-zithoek.jpg\" data-link=\"https:\/\/sollasi.nl\/de\/bungalowpark-sollasi-comfort-bungalow-zithoek-2\/\" srcset=\"https:\/\/sollasi.nl\/wp-content\/uploads\/Bungalowpark-Sollasi-Comfort-bungalow-zithoek-1024x768.jpg 1024w, https:\/\/sollasi.nl\/wp-content\/uploads\/Bungalowpark-Sollasi-Comfort-bungalow-zithoek-300x225.jpg 300w, https:\/\/sollasi.nl\/wp-content\/uploads\/Bungalowpark-Sollasi-Comfort-bungalow-zithoek-768x576.jpg 768w, https:\/\/sollasi.nl\/wp-content\/uploads\/Bungalowpark-Sollasi-Comfort-bungalow-zithoek-1536x1152.jpg 1536w, https:\/\/sollasi.nl\/wp-content\/uploads\/Bungalowpark-Sollasi-Comfort-bungalow-zithoek.jpg 2048w\" sizes=\"auto, (max-width: 1024px) 100vw, 1024px\" \/>\r\n<figcaption class=\"blocks-gallery-item__caption\"><strong>Wohnzimmer<\/strong><\/figcaption>\r\n<\/figure>\r\n<\/li>\r\n<li class=\"blocks-gallery-item\">\r\n<figure><img loading=\"lazy\" decoding=\"async\" class=\"alignnone wp-image-2801\" src=\"https:\/\/sollasi.nl\/wp-content\/uploads\/Bungalowpark-Sollasi-Comfort-bungalow-woonkamer-1024x768.jpg\" alt=\"Komfortbungalow 4 Personen - Wohnzimmer\" width=\"1024\" height=\"768\" data-id=\"2801\" data-full-url=\"https:\/\/sollasi.nl\/wp-content\/uploads\/Bungalowpark-Sollasi-Comfort-bungalow-woonkamer.jpg\" data-link=\"https:\/\/sollasi.nl\/de\/bungalowpark-sollasi-comfort-bungalow-woonkamer-2\/\" srcset=\"https:\/\/sollasi.nl\/wp-content\/uploads\/Bungalowpark-Sollasi-Comfort-bungalow-woonkamer-1024x768.jpg 1024w, https:\/\/sollasi.nl\/wp-content\/uploads\/Bungalowpark-Sollasi-Comfort-bungalow-woonkamer-300x225.jpg 300w, https:\/\/sollasi.nl\/wp-content\/uploads\/Bungalowpark-Sollasi-Comfort-bungalow-woonkamer-768x576.jpg 768w, https:\/\/sollasi.nl\/wp-content\/uploads\/Bungalowpark-Sollasi-Comfort-bungalow-woonkamer-1536x1152.jpg 1536w, https:\/\/sollasi.nl\/wp-content\/uploads\/Bungalowpark-Sollasi-Comfort-bungalow-woonkamer-2048x1536.jpg 2048w\" sizes=\"auto, (max-width: 1024px) 100vw, 1024px\" \/>\r\n<figcaption class=\"blocks-gallery-item__caption\"><strong>Esszimmer<\/strong><\/figcaption>\r\n<\/figure>\r\n<\/li>\r\n<li class=\"blocks-gallery-item\">\r\n<figure><img loading=\"lazy\" decoding=\"async\" class=\"alignnone wp-image-2792\" src=\"https:\/\/sollasi.nl\/wp-content\/uploads\/Bungalowpark-Sollasi-Comfort-bungalow-keuken-1024x768.jpg\" alt=\"Komfortbungalow 4 Personen - K\u00fcche\" width=\"1024\" height=\"768\" data-id=\"2792\" data-full-url=\"https:\/\/sollasi.nl\/wp-content\/uploads\/Bungalowpark-Sollasi-Comfort-bungalow-keuken.jpg\" data-link=\"https:\/\/sollasi.nl\/de\/bungalowpark-sollasi-comfort-bungalow-keuken-2\/\" \/>\r\n<figcaption class=\"blocks-gallery-item__caption\"><strong>K\u00fcche<\/strong><\/figcaption>\r\n<\/figure>\r\n<\/li>\r\n<li class=\"blocks-gallery-item\">\r\n<figure><img loading=\"lazy\" decoding=\"async\" class=\"alignnone wp-image-2795\" src=\"https:\/\/sollasi.nl\/wp-content\/uploads\/Bungalowpark-Sollasi-Comfort-bungalow-ouderslaapkamer-1024x768.jpg\" alt=\"Komfortbungalow 4 Personen - Schlafen\" width=\"1024\" height=\"768\" data-id=\"2795\" data-full-url=\"https:\/\/sollasi.nl\/wp-content\/uploads\/Bungalowpark-Sollasi-Comfort-bungalow-ouderslaapkamer.jpg\" data-link=\"https:\/\/sollasi.nl\/de\/bungalowpark-sollasi-comfort-bungalow-ouderslaapkamer-2\/\" \/>\r\n<figcaption class=\"blocks-gallery-item__caption\"><strong>Hauptschlafzimmer<\/strong><\/figcaption>\r\n<\/figure>\r\n<\/li>\r\n<li class=\"blocks-gallery-item\">\r\n<figure><img loading=\"lazy\" decoding=\"async\" class=\"alignnone wp-image-2798\" src=\"https:\/\/sollasi.nl\/wp-content\/uploads\/Bungalowpark-Sollasi-Comfort-bungalow-slaapkamer-1024x768.jpg\" alt=\"Komfortbungalow 4 Personen - Schlafzimmer\" width=\"1024\" height=\"768\" data-id=\"2798\" data-full-url=\"https:\/\/sollasi.nl\/wp-content\/uploads\/Bungalowpark-Sollasi-Comfort-bungalow-slaapkamer.jpg\" data-link=\"https:\/\/sollasi.nl\/de\/bungalowpark-sollasi-comfort-bungalow-slaapkamer-2\/\" srcset=\"https:\/\/sollasi.nl\/wp-content\/uploads\/Bungalowpark-Sollasi-Comfort-bungalow-slaapkamer-1024x768.jpg 1024w, https:\/\/sollasi.nl\/wp-content\/uploads\/Bungalowpark-Sollasi-Comfort-bungalow-slaapkamer-300x225.jpg 300w, https:\/\/sollasi.nl\/wp-content\/uploads\/Bungalowpark-Sollasi-Comfort-bungalow-slaapkamer-768x576.jpg 768w, https:\/\/sollasi.nl\/wp-content\/uploads\/Bungalowpark-Sollasi-Comfort-bungalow-slaapkamer-1536x1152.jpg 1536w, https:\/\/sollasi.nl\/wp-content\/uploads\/Bungalowpark-Sollasi-Comfort-bungalow-slaapkamer.jpg 2048w\" sizes=\"auto, (max-width: 1024px) 100vw, 1024px\" \/>\r\n<figcaption class=\"blocks-gallery-item__caption\"><strong>Zweites Schlafzimmer<\/strong><\/figcaption>\r\n<\/figure>\r\n<\/li>\r\n<li class=\"blocks-gallery-item\">\r\n<figure><img loading=\"lazy\" decoding=\"async\" class=\"alignnone wp-image-2789\" src=\"https:\/\/sollasi.nl\/wp-content\/uploads\/Bungalowpark-Sollasi-Comfort-bungalow-badkamer-1024x768.jpg\" alt=\"Komfortbungalow 4 Personen - Badezimmer\" width=\"1024\" height=\"768\" data-id=\"2789\" data-full-url=\"https:\/\/sollasi.nl\/wp-content\/uploads\/Bungalowpark-Sollasi-Comfort-bungalow-badkamer.jpg\" data-link=\"https:\/\/sollasi.nl\/de\/bungalowpark-sollasi-comfort-bungalow-badkamer-2\/\" \/>\r\n<figcaption class=\"blocks-gallery-item__caption\"><strong>Badezimmer mit Dusche und WC<\/strong><\/figcaption>\r\n<\/figure>\r\n<\/li>\r\n<\/ul>\r\n<\/figure>\r\n<!-- \/wp:gallery -->\r\n<p>&nbsp;<\/p>\r\n<!-- wp:heading -->\r\n<h2>Grundriss<\/h2>\r\n<!-- \/wp:heading -->\r\n<p>&nbsp;<\/p>\r\n<!-- wp:columns -->\r\n<div class=\"wp-block-columns\"><!-- wp:column -->\r\n<div class=\"wp-block-column\"><!-- wp:image {\"id\":2811,\"sizeSlug\":\"large\"} -->\r\n<figure class=\"wp-block-image size-large\"><img loading=\"lazy\" decoding=\"async\" class=\"alignnone wp-image-2811\" src=\"https:\/\/sollasi.nl\/wp-content\/uploads\/Bungalowpark-Sollasi-Comfort-bungalow-plattegrond-3d.png\" alt=\"Komfortbungalow 4 Personen - Grundriss 3d\" width=\"897\" height=\"731\" srcset=\"https:\/\/sollasi.nl\/wp-content\/uploads\/Bungalowpark-Sollasi-Comfort-bungalow-plattegrond-3d.png 897w, https:\/\/sollasi.nl\/wp-content\/uploads\/Bungalowpark-Sollasi-Comfort-bungalow-plattegrond-3d-300x244.png 300w, https:\/\/sollasi.nl\/wp-content\/uploads\/Bungalowpark-Sollasi-Comfort-bungalow-plattegrond-3d-768x626.png 768w\" sizes=\"auto, (max-width: 897px) 100vw, 897px\" \/><\/figure>\r\n<!-- \/wp:image --><\/div>\r\n<!-- \/wp:column -->\r\n\r\n<!-- wp:column -->\r\n<div class=\"wp-block-column\"><!-- wp:image {\"id\":2808,\"sizeSlug\":\"large\"} -->\r\n<figure class=\"wp-block-image size-large\"><img loading=\"lazy\" decoding=\"async\" class=\"alignnone wp-image-2808\" src=\"https:\/\/sollasi.nl\/wp-content\/uploads\/Bungalowpark-Sollasi-Comfort-bungalow-plattegrond.png\" alt=\"Komfortbungalow 4 Personen - Grundriss\" width=\"590\" height=\"559\" srcset=\"https:\/\/sollasi.nl\/wp-content\/uploads\/Bungalowpark-Sollasi-Comfort-bungalow-plattegrond.png 590w, https:\/\/sollasi.nl\/wp-content\/uploads\/Bungalowpark-Sollasi-Comfort-bungalow-plattegrond-300x284.png 300w\" sizes=\"auto, (max-width: 590px) 100vw, 590px\" \/><\/figure>\r\n<\/div>\r\n<\/div>\r\n<p><!-- \/wp:heading -->\u00a0<\/p>\r\n<p><!-- wp:html --><!-- \/wp:html -->\u00a0<\/p>\r\n<p><!-- wp:paragraph --><!-- \/wp:paragraph -->\u00a0<\/p>\r\n<p>[\/vc_column_text][vc_column_text]<!-- wp:heading {\"level\":1} --><\/p>\r\n<h1>Unsere Komfort-Bungalows f\u00fcr 4 Personen<\/h1>\r\n<!-- \/wp:heading -->\r\n<p><!-- wp:paragraph -->Unsere frisch renovierten \u201eKomfort-Bungalows\u201c bieten zus\u00e4tzlichen Komfort und sind genauso sch\u00f6n wie unsere Sollasi-Ferienh\u00e4user. Die Schlafzimmer sind mit Klimaanlage ausgestattet, damit Sie auch an warmen Tagen in einem angenehm k\u00fchlen Raum schlafen k\u00f6nnen. Die renovierte K\u00fcche der Bungalows enth\u00e4lt einen Geschirrsp\u00fcler und in den modernen Badezimmern gibt es eine ger\u00e4umige Regendusche und eine Toilette. Der Boden ist ganzheitlich mit Laminat belegt. Zu diesen Ferienh\u00e4usern geh\u00f6rt auch ein sch\u00f6n begr\u00fcnter und umz\u00e4unter Garten und ein Schuppen, wo Sie Ihr Fahrrad unterstellen k\u00f6nnen. Auch in den Komfort-Ferienh\u00e4usern ist Ihr Haustier willkommen und Sie k\u00f6nnen auf Wunsch ein Kinderbett und einen Hochstuhl reservieren. In allen Ferienh\u00e4usern haben Sie kostenlosen Zugriff aufs WLAN. In den Bungalows darf nicht geraucht werden.<\/p>\r\n<p style=\"text-align: right;\"><a class=\"wp-block-button__link has-text-color has-background\" style=\"background-color: #a32200; color: #ffffff;\" href=\"#tommy-matrix-row\">Reservieren<\/a><\/p>\r\n<!-- \/wp:paragraph -->\r\n<p><!-- wp:paragraph -->Merkmale:<\/p>\r\n<!-- \/wp:list --><!-- \/wp:paragraph -->\r\n<p>&nbsp;<\/p>\r\n<!-- wp:columns -->\r\n<div class=\"wp-block-columns\"><!-- wp:column {\"width\":66.66} -->\r\n<div class=\"wp-block-column\" style=\"flex-basis: 66.66%;\"><!-- wp:list -->\r\n<ul>\r\n<li>Ger\u00e4umiges Wohnzimmer, ausgestattet mit bequemer Sitzecke und Fernseher<\/li>\r\n<li>Sch\u00f6ner Esstisch, der gen\u00fcgend Platz bietet<\/li>\r\n<li>Halboffene moderne K\u00fcche mit 4 Gasbrennern, einem K\u00fchlschrank, nespresso kaffeemachine und Geschirrsp\u00fcler<\/li>\r\n<li>Beide Schlafzimmer sind mit zwei Boxspringbetten und Klimaanlage ausgestattet<\/li>\r\n<li>Die Einzelbetten (200 x 90 cm) k\u00f6nnen getrennt oder zusammengeschoben werden<\/li>\r\n<li>Im Badezimmer gibt es eine gro\u00dfe Regendusche und eine Toilette<\/li>\r\n<li>Der Garten mit Sitzplatz und Gartenm\u00f6beln ist sch\u00f6n begr\u00fcnt und eingez\u00e4unt<\/li>\r\n<li>Gro\u00dfz\u00fcgiger Schuppen, der Platz f\u00fcr Fahrr\u00e4der bietet<\/li>\r\n<li>Freistehendes Komfort-Ferienhaus mit Garten<\/li>\r\n<\/ul>\r\n<p><!-- \/wp:list --><\/p>\r\n<\/div>\r\n<!-- \/wp:column -->\r\n\r\n<!-- wp:column {\"width\":33.33} -->\r\n<div class=\"wp-block-column\" style=\"flex-basis: 33.33%;\">\u00a0<\/div>\r\n<p><!-- \/wp:column --><\/p>\r\n<\/div>\r\n<!-- \/wp:columns --><!-- \/wp:column --><!-- \/wp:columns -->\r\n<p>&nbsp;<\/p>\r\n<!-- wp:gallery {\"ids\":[2804,2801,2792,2795,2798,2789]} -->\r\n<figure class=\"wp-block-gallery columns-3 is-cropped\">\r\n<ul class=\"blocks-gallery-grid\">\r\n<li class=\"blocks-gallery-item\">\r\n<figure><img loading=\"lazy\" decoding=\"async\" class=\"alignnone wp-image-2804\" src=\"https:\/\/sollasi.nl\/wp-content\/uploads\/Bungalowpark-Sollasi-Comfort-bungalow-zithoek-1024x768.jpg\" alt=\"Komfortbungalow 4 Personen - Sofa\" width=\"1024\" height=\"768\" data-id=\"2804\" data-full-url=\"https:\/\/sollasi.nl\/wp-content\/uploads\/Bungalowpark-Sollasi-Comfort-bungalow-zithoek.jpg\" data-link=\"https:\/\/sollasi.nl\/de\/bungalowpark-sollasi-comfort-bungalow-zithoek-2\/\" srcset=\"https:\/\/sollasi.nl\/wp-content\/uploads\/Bungalowpark-Sollasi-Comfort-bungalow-zithoek-1024x768.jpg 1024w, https:\/\/sollasi.nl\/wp-content\/uploads\/Bungalowpark-Sollasi-Comfort-bungalow-zithoek-300x225.jpg 300w, https:\/\/sollasi.nl\/wp-content\/uploads\/Bungalowpark-Sollasi-Comfort-bungalow-zithoek-768x576.jpg 768w, https:\/\/sollasi.nl\/wp-content\/uploads\/Bungalowpark-Sollasi-Comfort-bungalow-zithoek-1536x1152.jpg 1536w, https:\/\/sollasi.nl\/wp-content\/uploads\/Bungalowpark-Sollasi-Comfort-bungalow-zithoek.jpg 2048w\" sizes=\"auto, (max-width: 1024px) 100vw, 1024px\" \/>\r\n<figcaption class=\"blocks-gallery-item__caption\"><strong>Wohnzimmer<\/strong><\/figcaption>\r\n<\/figure>\r\n<\/li>\r\n<li class=\"blocks-gallery-item\">\r\n<figure><img loading=\"lazy\" decoding=\"async\" class=\"alignnone wp-image-2801\" src=\"https:\/\/sollasi.nl\/wp-content\/uploads\/Bungalowpark-Sollasi-Comfort-bungalow-woonkamer-1024x768.jpg\" alt=\"Komfortbungalow 4 Personen - Wohnzimmer\" width=\"1024\" height=\"768\" data-id=\"2801\" data-full-url=\"https:\/\/sollasi.nl\/wp-content\/uploads\/Bungalowpark-Sollasi-Comfort-bungalow-woonkamer.jpg\" data-link=\"https:\/\/sollasi.nl\/de\/bungalowpark-sollasi-comfort-bungalow-woonkamer-2\/\" srcset=\"https:\/\/sollasi.nl\/wp-content\/uploads\/Bungalowpark-Sollasi-Comfort-bungalow-woonkamer-1024x768.jpg 1024w, https:\/\/sollasi.nl\/wp-content\/uploads\/Bungalowpark-Sollasi-Comfort-bungalow-woonkamer-300x225.jpg 300w, https:\/\/sollasi.nl\/wp-content\/uploads\/Bungalowpark-Sollasi-Comfort-bungalow-woonkamer-768x576.jpg 768w, https:\/\/sollasi.nl\/wp-content\/uploads\/Bungalowpark-Sollasi-Comfort-bungalow-woonkamer-1536x1152.jpg 1536w, https:\/\/sollasi.nl\/wp-content\/uploads\/Bungalowpark-Sollasi-Comfort-bungalow-woonkamer-2048x1536.jpg 2048w\" sizes=\"auto, (max-width: 1024px) 100vw, 1024px\" \/>\r\n<figcaption class=\"blocks-gallery-item__caption\"><strong>Esszimmer<\/strong><\/figcaption>\r\n<\/figure>\r\n<\/li>\r\n<li class=\"blocks-gallery-item\">\r\n<figure><img loading=\"lazy\" decoding=\"async\" class=\"alignnone wp-image-2792\" src=\"https:\/\/sollasi.nl\/wp-content\/uploads\/Bungalowpark-Sollasi-Comfort-bungalow-keuken-1024x768.jpg\" alt=\"Komfortbungalow 4 Personen - K\u00fcche\" width=\"1024\" height=\"768\" data-id=\"2792\" data-full-url=\"https:\/\/sollasi.nl\/wp-content\/uploads\/Bungalowpark-Sollasi-Comfort-bungalow-keuken.jpg\" data-link=\"https:\/\/sollasi.nl\/de\/bungalowpark-sollasi-comfort-bungalow-keuken-2\/\" \/>\r\n<figcaption class=\"blocks-gallery-item__caption\"><strong>K\u00fcche<\/strong><\/figcaption>\r\n<\/figure>\r\n<\/li>\r\n<li class=\"blocks-gallery-item\">\r\n<figure><img loading=\"lazy\" decoding=\"async\" class=\"alignnone wp-image-2795\" src=\"https:\/\/sollasi.nl\/wp-content\/uploads\/Bungalowpark-Sollasi-Comfort-bungalow-ouderslaapkamer-1024x768.jpg\" alt=\"Komfortbungalow 4 Personen - Schlafen\" width=\"1024\" height=\"768\" data-id=\"2795\" data-full-url=\"https:\/\/sollasi.nl\/wp-content\/uploads\/Bungalowpark-Sollasi-Comfort-bungalow-ouderslaapkamer.jpg\" data-link=\"https:\/\/sollasi.nl\/de\/bungalowpark-sollasi-comfort-bungalow-ouderslaapkamer-2\/\" \/>\r\n<figcaption class=\"blocks-gallery-item__caption\"><strong>Hauptschlafzimmer<\/strong><\/figcaption>\r\n<\/figure>\r\n<\/li>\r\n<li class=\"blocks-gallery-item\">\r\n<figure><img loading=\"lazy\" decoding=\"async\" class=\"alignnone wp-image-2798\" src=\"https:\/\/sollasi.nl\/wp-content\/uploads\/Bungalowpark-Sollasi-Comfort-bungalow-slaapkamer-1024x768.jpg\" alt=\"Komfortbungalow 4 Personen - Schlafzimmer\" width=\"1024\" height=\"768\" data-id=\"2798\" data-full-url=\"https:\/\/sollasi.nl\/wp-content\/uploads\/Bungalowpark-Sollasi-Comfort-bungalow-slaapkamer.jpg\" data-link=\"https:\/\/sollasi.nl\/de\/bungalowpark-sollasi-comfort-bungalow-slaapkamer-2\/\" srcset=\"https:\/\/sollasi.nl\/wp-content\/uploads\/Bungalowpark-Sollasi-Comfort-bungalow-slaapkamer-1024x768.jpg 1024w, https:\/\/sollasi.nl\/wp-content\/uploads\/Bungalowpark-Sollasi-Comfort-bungalow-slaapkamer-300x225.jpg 300w, https:\/\/sollasi.nl\/wp-content\/uploads\/Bungalowpark-Sollasi-Comfort-bungalow-slaapkamer-768x576.jpg 768w, https:\/\/sollasi.nl\/wp-content\/uploads\/Bungalowpark-Sollasi-Comfort-bungalow-slaapkamer-1536x1152.jpg 1536w, https:\/\/sollasi.nl\/wp-content\/uploads\/Bungalowpark-Sollasi-Comfort-bungalow-slaapkamer.jpg 2048w\" sizes=\"auto, (max-width: 1024px) 100vw, 1024px\" \/>\r\n<figcaption class=\"blocks-gallery-item__caption\"><strong>Zweites Schlafzimmer<\/strong><\/figcaption>\r\n<\/figure>\r\n<\/li>\r\n<li class=\"blocks-gallery-item\">\r\n<figure><img loading=\"lazy\" decoding=\"async\" class=\"alignnone wp-image-2789\" src=\"https:\/\/sollasi.nl\/wp-content\/uploads\/Bungalowpark-Sollasi-Comfort-bungalow-badkamer-1024x768.jpg\" alt=\"Komfortbungalow 4 Personen - Badezimmer\" width=\"1024\" height=\"768\" data-id=\"2789\" data-full-url=\"https:\/\/sollasi.nl\/wp-content\/uploads\/Bungalowpark-Sollasi-Comfort-bungalow-badkamer.jpg\" data-link=\"https:\/\/sollasi.nl\/de\/bungalowpark-sollasi-comfort-bungalow-badkamer-2\/\" \/>\r\n<figcaption class=\"blocks-gallery-item__caption\"><strong>Badezimmer mit Dusche und WC<\/strong><\/figcaption>\r\n<\/figure>\r\n<\/li>\r\n<\/ul>\r\n<\/figure>\r\n<!-- \/wp:gallery -->\r\n<p>&nbsp;<\/p>\r\n<!-- wp:heading -->\r\n<h2>Grundriss<\/h2>\r\n<!-- \/wp:heading -->\r\n<p>&nbsp;<\/p>\r\n<!-- wp:columns -->\r\n<div class=\"wp-block-columns\"><!-- wp:column -->\r\n<div class=\"wp-block-column\"><!-- wp:image {\"id\":2811,\"sizeSlug\":\"large\"} -->\r\n<figure class=\"wp-block-image size-large\"><img loading=\"lazy\" decoding=\"async\" class=\"alignnone wp-image-2811\" src=\"https:\/\/sollasi.nl\/wp-content\/uploads\/Bungalowpark-Sollasi-Comfort-bungalow-plattegrond-3d.png\" alt=\"Komfortbungalow 4 Personen - Grundriss 3d\" width=\"897\" height=\"731\" srcset=\"https:\/\/sollasi.nl\/wp-content\/uploads\/Bungalowpark-Sollasi-Comfort-bungalow-plattegrond-3d.png 897w, https:\/\/sollasi.nl\/wp-content\/uploads\/Bungalowpark-Sollasi-Comfort-bungalow-plattegrond-3d-300x244.png 300w, https:\/\/sollasi.nl\/wp-content\/uploads\/Bungalowpark-Sollasi-Comfort-bungalow-plattegrond-3d-768x626.png 768w\" sizes=\"auto, (max-width: 897px) 100vw, 897px\" \/><\/figure>\r\n<!-- \/wp:image --><\/div>\r\n<!-- \/wp:column -->\r\n\r\n<!-- wp:column -->\r\n<div class=\"wp-block-column\"><!-- wp:image {\"id\":2808,\"sizeSlug\":\"large\"} -->\r\n<figure class=\"wp-block-image size-large\"><img loading=\"lazy\" decoding=\"async\" class=\"alignnone wp-image-2808\" src=\"https:\/\/sollasi.nl\/wp-content\/uploads\/Bungalowpark-Sollasi-Comfort-bungalow-plattegrond.png\" alt=\"Komfortbungalow 4 Personen - Grundriss\" width=\"590\" height=\"559\" srcset=\"https:\/\/sollasi.nl\/wp-content\/uploads\/Bungalowpark-Sollasi-Comfort-bungalow-plattegrond.png 590w, https:\/\/sollasi.nl\/wp-content\/uploads\/Bungalowpark-Sollasi-Comfort-bungalow-plattegrond-300x284.png 300w\" sizes=\"auto, (max-width: 590px) 100vw, 590px\" \/><\/figure>\r\n<\/div>\r\n<\/div>\r\n<p><!-- \/wp:heading -->\u00a0<\/p>\r\n<p><!-- wp:html --><!-- \/wp:html -->\u00a0<\/p>\r\n<p><!-- wp:paragraph --><!-- \/wp:paragraph -->[\/vc_column_text][\/vc_column][\/vc_row][vc_row el_id=&#8220;tommy-matrix-row&#8220;][vc_column][vc_column_text]<\/p>\r\n<div class=\"tommy-matrix\" data-api-key=\"SollasiBP:d0a8a882c042eea09d56cc66ca6e04d988078f17506c0c5182224613390a1ad0\" data-language=\"de\" data-accommodation=\"28968\" data-booking-url=\"https:\/\/sollasi.nl\/de\/bungalowpark-sollasi\/buchen\/\" data-duration-type=\"periods\">\u00a0<\/div>\r\n<p><script src=\"https:\/\/www.tommybookingsupport.com\/widget\/js\/tommy.matrix.js\" type=\"application\/javascript\" language=\"javascript\"><\/script>[\/vc_column_text][\/vc_column][\/vc_row]<\/p>","protected":false},"excerpt":{"rendered":"<p>[vc_row][vc_column][vc_column_text] Unsere Komfort-Bungalows f\u00fcr 4 Personen Unsere frisch renovierten \u201eKomfort-Bungalows\u201c bieten zus\u00e4tzlichen Komfort und sind genauso sch\u00f6n wie unsere Sollasi-Ferienh\u00e4user. Die Schlafzimmer sind mit Klimaanlage ausgestattet, damit Sie auch an warmen Tagen in einem angenehm k\u00fchlen Raum schlafen k\u00f6nnen. Die renovierte K\u00fcche der Bungalows enth\u00e4lt einen Geschirrsp\u00fcler und in den modernen Badezimmern gibt es eine ger\u00e4umige Regendusche und eine Toilette. Der Boden ist ganzheitlich mit Laminat belegt. Zu diesen Ferienh\u00e4usern geh\u00f6rt auch ein sch\u00f6n begr\u00fcnter und umz\u00e4unter Garten und ein &#8230; <\/p>\n<p class=\"read-more-container\"><a title=\"Unsere Komfort-Bungalows f\u00fcr 4 Personen\" class=\"read-more button\" href=\"https:\/\/sollasi.nl\/de\/komfort-bungalow-fuer-4-personen\/#more-2738\">Read More<span class=\"screen-reader-text\">Unsere Komfort-Bungalows f\u00fcr 4 Personen<\/span><\/a><\/p>\n","protected":false},"author":1,"featured_media":1936,"parent":0,"menu_order":0,"comment_status":"closed","ping_status":"closed","template":"page-bungalowpark-sollasi.php","meta":{"footnotes":""},"class_list":["post-2738","page","type-page","status-publish","has-post-thumbnail"],"_links":{"self":[{"href":"https:\/\/sollasi.nl\/de\/wp-json\/wp\/v2\/pages\/2738","targetHints":{"allow":["GET"]}}],"collection":[{"href":"https:\/\/sollasi.nl\/de\/wp-json\/wp\/v2\/pages"}],"about":[{"href":"https:\/\/sollasi.nl\/de\/wp-json\/wp\/v2\/types\/page"}],"author":[{"embeddable":true,"href":"https:\/\/sollasi.nl\/de\/wp-json\/wp\/v2\/users\/1"}],"replies":[{"embeddable":true,"href":"https:\/\/sollasi.nl\/de\/wp-json\/wp\/v2\/comments?post=2738"}],"version-history":[{"count":27,"href":"https:\/\/sollasi.nl\/de\/wp-json\/wp\/v2\/pages\/2738\/revisions"}],"predecessor-version":[{"id":13738,"href":"https:\/\/sollasi.nl\/de\/wp-json\/wp\/v2\/pages\/2738\/revisions\/13738"}],"wp:featuredmedia":[{"embeddable":true,"href":"https:\/\/sollasi.nl\/de\/wp-json\/wp\/v2\/media\/1936"}],"wp:attachment":[{"href":"https:\/\/sollasi.nl\/de\/wp-json\/wp\/v2\/media?parent=2738"}],"curies":[{"name":"wp","href":"https:\/\/api.w.org\/{rel}","templated":true}]}}