{"id":5534,"date":"2021-06-03T14:16:15","date_gmt":"2021-06-03T14:16:15","guid":{"rendered":"https:\/\/sollasi.nl\/?page_id=5534"},"modified":"2023-07-27T12:39:15","modified_gmt":"2023-07-27T12:39:15","slug":"luxurioese-stellplaetze-fuer-touristen-mit-privaten-sanitaeranlagen","status":"publish","type":"page","link":"https:\/\/sollasi.nl\/de\/camping-sollasi\/luxurioese-stellplaetze-fuer-touristen-mit-privaten-sanitaeranlagen\/","title":{"rendered":"Luxuri\u00f6se Stellpl\u00e4tze mit privaten Sanit\u00e4ranlagen"},"content":{"rendered":"<p>[vc_row][vc_column][vc_column_text]<\/p>\r\n<p>Camping an der K\u00fcste mit mehr Luxus und Komfort? Dann ist der luxuri\u00f6se Stellplatz auf dem Sollasi Camp Site genau das Richtige f\u00fcr Sie! Auf dem ger\u00e4umigen Stellplatz k\u00f6nnen Sie mit einem Zelt, Wohnwagen, Faltanh\u00e4nger oder Wohnmobil \u00fcbernachten. Ein luxuri\u00f6ser Stellplatz verf\u00fcgt \u00fcber eine eigene Sanit\u00e4reinheit mit Dusche, Toilette und Waschbecken. Sie und Ihr Partner\/Ihre Familie werden w\u00e4hrend Ihres Urlaubs auf unserem Campingplatz an der K\u00fcste die einzigen Nutzer sein, so dass Sie z. B. nicht mitten in der Nacht zum Sanit\u00e4rgeb\u00e4ude gehen m\u00fcssen. Sehr angenehm!<\/p>\r\n\r\n<p>&nbsp;<\/p>\r\n\r\n<div class=\"wp-block-columns is-layout-flex wp-container-core-columns-is-layout-9d6595d7 wp-block-columns-is-layout-flex\">\r\n<div class=\"wp-block-column is-layout-flow wp-block-column-is-layout-flow\">\r\n<style type=\"text\/css\" scoped>.rbs_gallery_69e6667bd7aa3Spinner{\r\n\t\t\t\tmargin: 50px auto;\r\n\t\t\t\twidth: 50px;\r\n\t\t\t\theight: 40px;\r\n\t\t\t\ttext-align: center;\r\n\t\t\t\tfont-size: 10px;\r\n\t\t\t}\r\n\t\t\t.rbs_gallery_69e6667bd7aa3Spinner > div{\r\n\t\t\t  background-color: #333;\r\n\t\t\t  height: 100%;\r\n\t\t\t  width: 6px;\r\n\t\t\t  display: inline-block;\r\n\t\t\t  -webkit-animation: rbs_gallery_69e6667bd7aa3-stretchdelay 1.2s infinite ease-in-out;\r\n\t\t\t  animation: rbs_gallery_69e6667bd7aa3-stretchdelay 1.2s infinite ease-in-out;\r\n\t\t\t}\r\n\t\t\t.rbs_gallery_69e6667bd7aa3Spinner .rbs_gallery_69e6667bd7aa3Rect2 {\r\n\t\t\t  -webkit-animation-delay: -1.1s;\r\n\t\t\t  animation-delay: -1.1s;\r\n\t\t\t}\r\n\t\t\t.rbs_gallery_69e6667bd7aa3Spinner .rbs_gallery_69e6667bd7aa3Rect3 {\r\n\t\t\t  -webkit-animation-delay: -1.0s;\r\n\t\t\t  animation-delay: -1.0s;\r\n\t\t\t}\r\n\t\t\t.rbs_gallery_69e6667bd7aa3Spinner .rbs_gallery_69e6667bd7aa3Rect4 {\r\n\t\t\t  -webkit-animation-delay: -0.9s;\r\n\t\t\t  animation-delay: -0.9s;\r\n\t\t\t}\r\n\t\t\t.rbs_gallery_69e6667bd7aa3Spinner .rbs_gallery_69e6667bd7aa3Rect5 {\r\n\t\t\t  -webkit-animation-delay: -0.8s;\r\n\t\t\t  animation-delay: -0.8s;\r\n\t\t\t}\r\n\t\t\t@-webkit-keyframes rbs_gallery_69e6667bd7aa3-stretchdelay {\r\n\t\t\t  0%, 40%, 100% { -webkit-transform: scaleY(0.4) }  \r\n\t\t\t  20% { -webkit-transform: scaleY(1.0) }\r\n\t\t\t}\r\n\t\t\t@keyframes rbs_gallery_69e6667bd7aa3-stretchdelay {\r\n\t\t\t  0%, 40%, 100% { \r\n\t\t\t    transform: scaleY(0.4);\r\n\t\t\t    -webkit-transform: scaleY(0.4);\r\n\t\t\t  }  20% { \r\n\t\t\t    transform: scaleY(1.0);\r\n\t\t\t    -webkit-transform: scaleY(1.0);\r\n\t\t\t  }\r\n\t\t\t}\r\n\t\t<\/style><div id=\"robo-gallery-slider-wraprbs_gallery_69e6667bd7aa3\" class=\"robo-gallery-slider-wrap robo-gallery-slider-wrap-id5452 robo-gallery-slider\"><div id=\"rbs_gallery_69e6667bd7aa3-block-loader\" class=\"rbs_gallery_69e6667bd7aa3Spinner\"><div class=\"rbs_gallery_69e6667bd7aa3Rect1\"><\/div> <div class=\"rbs_gallery_69e6667bd7aa3Rect2\"><\/div> <div class=\"rbs_gallery_69e6667bd7aa3Rect3\"><\/div> <div class=\"rbs_gallery_69e6667bd7aa3Rect4\"><\/div> <div class=\"rbs_gallery_69e6667bd7aa3Rect5\"><\/div><\/div><div id=\"robo-gallery-slider-block-rbs_gallery_69e6667bd7aa3\"  data-options=\"rbs_gallery_69e6667bd7aa3\" \r\n\t\t\t\t\tclass=\"swiper-container robo-gallery-slider-container robo-gallery-slider-5452\" \r\n\t\t\t\t\tstyle=\"width:80%;height:50vh;  display: none;\"\r\n\t\t\t\t\t\r\n\t\t\t\t><div id=\"rbs_gallery_69e6667bd7aa3\" class=\"swiper-wrapper robo-slider-gallery  \"><div class=\"swiper-slide  \" \r\n \t\t\t\t\tstyle=\"background-image:url('https:\/\/sollasi.nl\/wp-content\/uploads\/20210505_121052-edited-1-scaled.jpg');\" ><\/div><div class=\"swiper-slide  \" \r\n \t\t\t\t\tstyle=\"background-image:url('https:\/\/sollasi.nl\/wp-content\/uploads\/20210505_120910-1-scaled.jpg');\" ><\/div><div class=\"swiper-slide  \" \r\n \t\t\t\t\tstyle=\"background-image:url('https:\/\/sollasi.nl\/wp-content\/uploads\/2022\/11\/Camping-in-Noordwijkerhout-bei-Sollasi-1.jpg');\" ><\/div><\/div><div class=\"swiper-pagination\"><\/div><\/div><\/div><script>var rbs_gallery_69e6667bd7aa3 = {\"version\":\"5.1.4\",\"id\":5452,\"class\":\"id5452\",\"roboGalleryDelay\":1000,\"mainContainer\":\"#robo_gallery_main_block_rbs_gallery_69e6667bd7aa3\",\"loadingContainer\":\"#rbs_gallery_69e6667bd7aa3-block-loader\",\"loadingContainerObj\":\"rbs_gallery_69e6667bd7aa3-block-loader\",\"loop\":true,\"centeredSlides\":true,\"autoplay\":{\"delay\":1500,\"disableOnInteraction\":false},\"preloadImages\":true,\"updateOnImagesReady\":true,\"effect\":\"slide\",\"direction\":\"horizontal\",\"pagination\":{\"el\":\".swiper-pagination\",\"type\":\"bullets\",\"clickable\":true,\"dynamicBullets\":true},\"wrapContainer\":\"#robo-gallery-wrap-rbs_gallery_69e6667bd7aa3\"};<\/script>\r\n\r\n<p><\/p>\r\n<\/div>\r\n<p><br \/><\/p>\r\n<div class=\"wp-block-column is-layout-flow wp-block-column-is-layout-flow\"><br \/>Vorteile eines Stellplatzes mit Privatsanit\u00e4r:<br \/>\u2022Eigenes Sanit\u00e4r auf dem Platz (Dusche, Toilette, Waschbecken und F\u00f6hn)<br \/>\u2022Ger\u00e4umiger Stellplatz auf der Wiese (10 x 8 m)<br \/>\u2022Keine Wartezeiten oder warten auf andere im Sanit\u00e4rgeb\u00e4ude<br \/>\u2022Eigener Strom- und Wasseranschluss<br \/>\u2022Hunde erlaubt (gegen kleine Geb\u00fchr)<br \/>\u2022Gratis WLAN auf dem Platz\r\n<div class=\"wp-block-buttons\">\r\n<div class=\"wp-block-button\"><a class=\"wp-block-button__link\" href=\"https:\/\/sollasi.nl\/de\/camping-sollasi\/reservieren\/\" target=\"_blank\" rel=\"noreferrer noopener\">Jetzt Buchen<\/a><\/div>\r\n<div class=\"wp-block-button\"><a class=\"wp-block-button__link has-background\" style=\"background-color: #c5d97e;\" href=\"https:\/\/sollasi.nl\/de\/camping-sollasi\/kontakt\/\" target=\"_blank\" rel=\"noreferrer noopener\">Kontakt<\/a><\/div>\r\n<\/div>\r\n<\/div>\r\n<\/div>\r\n<p>[\/vc_column_text][\/vc_column][\/vc_row][vc_row el_id=&#8220;tommy-matrix-row&#8220;][vc_column][vc_column_text]<\/p>\r\n<div class=\"tommy-matrix\" data-api-key=\"SollasiCP:2120ea176dd154dd53820460561c825d3b9a70d8d46b7da5605fb455adfcbb1d\" data-language=\"de\" data-accommodation=\"34455\" data-duration-type=\"periods\" data-booking-url=\"\/de\/camping-sollasi\/buchen\/\">\u00a0<\/div>\r\n<p><script src=\"https:\/\/www.tommybookingsupport.com\/widget\/js\/tommy.matrix.js\" type=\"application\/javascript\" language=\"javascript\"><\/script><\/p>\r\n<p>[\/vc_column_text][\/vc_column][\/vc_row][vc_row][vc_column][vc_column_text]<\/p>\r\n<div class=\"wp-block-columns\">\r\n<div class=\"wp-block-column\">\r\n<div class=\"wp-block-columns\">\r\n<div class=\"wp-block-column\">\r\n<figure class=\"wp-block-image size-full\"><img loading=\"lazy\" decoding=\"async\" class=\"alignnone wp-image-6251\" src=\"https:\/\/sollasi.nl\/wp-content\/uploads\/100x75.png\" alt=\"ANWB Camping logo\" width=\"100\" height=\"75\" \/><\/figure>\r\n<p><\/p>\r\n<\/div>\r\n\r\n\r\n\r\n<div class=\"wp-block-column is-layout-flow wp-block-column-is-layout-flow\">\r\n<figure class=\"wp-block-image size-full\"><img loading=\"lazy\" decoding=\"async\" class=\"alignnone wp-image-6245\" src=\"https:\/\/sollasi.nl\/wp-content\/uploads\/100x100-hond.png\" alt=\"Hundefreundlich\" width=\"100\" height=\"100\" \/><\/figure>\r\n<p><\/p>\r\n<\/div>\r\n<p><\/p>\r\n<\/div>\r\n<p><!-- \/wp:post-content --><\/p>\r\n<\/div>\r\n<!-- \/wp:column -->\r\n\r\n<!-- wp:column -->\r\n<div class=\"wp-block-column\"><!-- wp:columns -->\r\n<div class=\"wp-block-columns\"><!-- wp:column -->\r\n<div class=\"wp-block-column\"><!-- wp:image {\"id\":6255,\"sizeSlug\":\"full\",\"linkDestination\":\"none\"} -->\r\n<figure class=\"wp-block-image size-full\"><img loading=\"lazy\" decoding=\"async\" class=\"alignnone wp-image-6255\" src=\"https:\/\/sollasi.nl\/wp-content\/uploads\/100x75-wifi.png\" alt=\"WLAN verf\u00fcgbar\" width=\"100\" height=\"70\" \/><\/figure>\r\n<p><!-- \/wp:image --><\/p>\r\n<\/div>\r\n<!-- \/wp:column -->\r\n\r\n<!-- wp:column -->\r\n<div class=\"wp-block-column\"><!-- wp:image {\"id\":6242,\"sizeSlug\":\"full\",\"linkDestination\":\"custom\"} -->\r\n<figure class=\"wp-block-image size-full\"><img loading=\"lazy\" decoding=\"async\" class=\"alignnone wp-image-6242\" src=\"https:\/\/sollasi.nl\/wp-content\/uploads\/100x75-hiswa.png\" alt=\"Recron Mitglied\" width=\"100\" height=\"74\" \/><\/figure>\r\n<p><!-- \/wp:image --><\/p>\r\n<\/div>\r\n<p><!-- \/wp:column --><\/p>\r\n<\/div>\r\n<p><!-- \/wp:columns --><\/p>\r\n<\/div>\r\n<!-- \/wp:column -->\r\n\r\n<!-- wp:column -->\r\n<div class=\"wp-block-column\"><!-- wp:columns -->\r\n<div class=\"wp-block-columns\"><!-- wp:column -->\r\n<div class=\"wp-block-column\"><!-- wp:shortcode --><br \/><div class=\"wp-gr rpi wpac\" style=\"width:600px!important;width:600px!important;\" data-id=\"6278\" data-layout=\"slider\" data-exec=\"false\" data-options='{&quot;text_size&quot;:&quot;&quot;,&quot;trans&quot;:{&quot;read more&quot;:&quot;weiterlesen&quot;}}'><svg xmlns=\"http:\/\/www.w3.org\/2000\/svg\" style=\"display:none!important\"><symbol id=\"grw-tripadvisor\" viewBox=\"0 0 713.496 713.496\"><g><circle fill=\"#34E0A1\" cx=\"356.749\" cy=\"356.748\" r=\"356.748\"\/><path d=\"M577.095,287.152l43.049-46.836h-95.465c-47.792-32.646-105.51-51.659-167.931-51.659   c-62.342,0-119.899,19.054-167.612,51.659H93.432l43.049,46.836c-26.387,24.075-42.929,58.754-42.929,97.259   c0,72.665,58.914,131.578,131.579,131.578c34.519,0,65.968-13.313,89.446-35.077l42.172,45.919l42.172-45.879   c23.478,21.764,54.887,35.037,89.406,35.037c72.665,0,131.658-58.913,131.658-131.578   C620.024,345.866,603.483,311.188,577.095,287.152z M225.17,473.458c-49.188,0-89.047-39.859-89.047-89.047   s39.86-89.048,89.047-89.048c49.187,0,89.047,39.86,89.047,89.048S274.357,473.458,225.17,473.458z M356.788,381.82   c0-58.595-42.61-108.898-98.853-130.383c30.413-12.716,63.776-19.771,98.813-19.771s68.439,7.055,98.853,19.771   C399.399,272.962,356.788,323.226,356.788,381.82z M488.367,473.458c-49.188,0-89.048-39.859-89.048-89.047   s39.86-89.048,89.048-89.048s89.047,39.86,89.047,89.048S537.554,473.458,488.367,473.458z M488.367,337.694   c-25.79,0-46.677,20.887-46.677,46.677c0,25.789,20.887,46.676,46.677,46.676c25.789,0,46.676-20.887,46.676-46.676   C535.042,358.621,514.156,337.694,488.367,337.694z M271.846,384.411c0,25.789-20.887,46.676-46.676,46.676   s-46.676-20.887-46.676-46.676c0-25.79,20.887-46.677,46.676-46.677C250.959,337.694,271.846,358.621,271.846,384.411z\"\/><\/g><\/symbol><symbol id=\"grw-google\" viewBox=\"0 0 512 512\"><g fill=\"none\" fill-rule=\"evenodd\"><path d=\"M482.56 261.36c0-16.73-1.5-32.83-4.29-48.27H256v91.29h127.01c-5.47 29.5-22.1 54.49-47.09 71.23v59.21h76.27c44.63-41.09 70.37-101.59 70.37-173.46z\" fill=\"#4285f4\"\/><path d=\"M256 492c63.72 0 117.14-21.13 156.19-57.18l-76.27-59.21c-21.13 14.16-48.17 22.53-79.92 22.53-61.47 0-113.49-41.51-132.05-97.3H45.1v61.15c38.83 77.13 118.64 130.01 210.9 130.01z\" fill=\"#34a853\"\/><path d=\"M123.95 300.84c-4.72-14.16-7.4-29.29-7.4-44.84s2.68-30.68 7.4-44.84V150.01H45.1C29.12 181.87 20 217.92 20 256c0 38.08 9.12 74.13 25.1 105.99l78.85-61.15z\" fill=\"#fbbc05\"\/><path d=\"M256 113.86c34.65 0 65.76 11.91 90.22 35.29l67.69-67.69C373.03 43.39 319.61 20 256 20c-92.25 0-172.07 52.89-210.9 130.01l78.85 61.15c18.56-55.78 70.59-97.3 132.05-97.3z\" fill=\"#ea4335\"\/><path d=\"M20 20h472v472H20V20z\"\/><\/g><\/symbol><\/svg><div class=\"grw-row grw-row-m\" data-options='{\"speed\":3,\"autoplay\":true,\"mousestop\":true,\"breakpoints\":\"\"}'><div class=\"grw-header\"><div class=\"grw-header-inner rpi-flx rpi-row12\"><div class=\"grw-img-wrap\"><img decoding=\"async\" class=\"grw-img\" src=\"https:\/\/lh3.googleusercontent.com\/places\/AAcXr8re6MlB11PT1tNmxn9szd0cGlBTd79pUQW7fBcEXCZUVKrLTBFvc-Q5X4HhyIfixD6wWk66NSpqRNvad_QzW5ndghL85laDChM=s1600-w300-h300\" loading=\"lazy\" alt=\"Ortsbild von \u201eCamping Sollasi\u201c\" width=\"50\" height=\"50\" onerror=\"if(this.src!='data:image\/gif;base64,R0lGODlhAQABAIAAAAAAAP\/\/\/yH5BAEAAAAALAAAAAABAAEAAAIBRAA7')this.src='data:image\/gif;base64,R0lGODlhAQABAIAAAAAAAP\/\/\/yH5BAEAAAAALAAAAAABAAEAAAIBRAA7';\" ><\/div><div class=\"rpi-flx rpi-col8\"><div class=\"wp-google-name\"><a href=\"https:\/\/maps.google.com\/?cid=16837497346046142911\" target=\"_blank\" rel=\"nofollow noopener\">Camping Sollasi<\/a><\/div><span class=\"rpi-stars\" style=\"--rating:4.3\">4.3<\/span><div class=\"wp-google-based\">Basierend auf 612 Bewertungen<\/div><div class=\"wp-google-powered\">powered by <span><span style=\"color:#3c6df0!important\">G<\/span><span style=\"color:#d93025!important\">o<\/span><span style=\"color:#fb8e28!important\">o<\/span><span style=\"color:#3c6df0!important\">g<\/span><span style=\"color:#188038!important\">l<\/span><span style=\"color:#d93025!important\">e<\/span><\/span><\/div><div class=\"wp-google-wr\"><a href=\"https:\/\/search.google.com\/local\/writereview?placeid=ChIJedKhy3DqxUcRv6mpmaDOquk\" target=\"_blank\" rel=\"nofollow noopener\" onclick=\"return rplg_leave_review_window.call(this)\">bewerte uns auf<svg height=\"16\" width=\"16\" role=\"none\"><use href=\"#grw-google\"><\/use><\/svg><\/a><\/div><\/div><\/div><\/div><div class=\"rpi-slides-root grw-content\"><div class=\"grw-content-inner\"><button class=\"rpi-ltgt rpi-lt grw-prev\" tabindex=\"0\"><\/button><div class=\"rpi-slides grw-reviews rpi-slides-bite\" data-count=\"5\" data-offset=\"5\"><div class=\"rpi-slide grw-review\"><div class=\"rpi-flx rpi-col12 grw-review-inner grw-backgnd\"><div class=\"rpi-flx rpi-row12-center\"><div class=\"grw-img-wrap\"><img decoding=\"async\" class=\"grw-img\" src=\"https:\/\/lh3.googleusercontent.com\/a\/ACg8ocIK_ajMaY0InRnkbKc0iF00RA91EVm7UK8-SfUT84PSZHxxaQ=s128-c0x00000000-cc-rp-mo\" loading=\"lazy\" alt=\"Profilbild von \u201eDekwin Maxi\u201c\" width=\"50\" height=\"50\" onerror=\"if(this.src!='https:\/\/sollasi.nl\/wp-content\/plugins\/widget-google-reviews\/assets\/img\/guest.png')this.src='https:\/\/sollasi.nl\/wp-content\/plugins\/widget-google-reviews\/assets\/img\/guest.png';\" ><\/div><div class=\"rpi-flx rpi-col6\"><a href=\"https:\/\/www.google.com\/maps\/contrib\/102513258221920632209\/reviews\" class=\"wp-google-name\" target=\"_blank\" rel=\"nofollow noopener\">Dekwin Maxi<\/a><div class=\"wp-google-time\" data-time=\"1775392671\">12:37 05 Apr 26<\/div><\/div><\/div><span class=\"rpi-stars\" style=\"--rating:5\"><\/span><div class=\"rpi-flx rpi-col4\"><div class=\"wp-google-feedback grw-scroll\" ><\/div><\/div><svg height=\"16\" width=\"16\" role=\"none\"><use href=\"#grw-google\"\/><\/svg><\/div><\/div><div class=\"rpi-slide grw-review\"><div class=\"rpi-flx rpi-col12 grw-review-inner grw-backgnd\"><div class=\"rpi-flx rpi-row12-center\"><div class=\"grw-img-wrap\"><img decoding=\"async\" class=\"grw-img\" src=\"https:\/\/lh3.googleusercontent.com\/a\/ACg8ocK2R7-wExc75I9Yla0I1T54s5W6SCfnTPeJM9VrSVdJzMarpA=s128-c0x00000000-cc-rp-mo-ba3\" loading=\"lazy\" alt=\"Profilbild von \u201eHansjorg R\u00f6diger\u201c\" width=\"50\" height=\"50\" onerror=\"if(this.src!='https:\/\/sollasi.nl\/wp-content\/plugins\/widget-google-reviews\/assets\/img\/guest.png')this.src='https:\/\/sollasi.nl\/wp-content\/plugins\/widget-google-reviews\/assets\/img\/guest.png';\" ><\/div><div class=\"rpi-flx rpi-col6\"><a href=\"https:\/\/www.google.com\/maps\/contrib\/108422549905848587743\/reviews\" class=\"wp-google-name\" target=\"_blank\" rel=\"nofollow noopener\">Hansjorg R\u00f6diger<\/a><div class=\"wp-google-time\" data-time=\"1774364476\">15:01 24 Mar 26<\/div><\/div><\/div><span class=\"rpi-stars\" style=\"--rating:5\"><\/span><div class=\"rpi-flx rpi-col4\"><div class=\"wp-google-feedback grw-scroll\" ><\/div><\/div><svg height=\"16\" width=\"16\" role=\"none\"><use href=\"#grw-google\"\/><\/svg><\/div><\/div><div class=\"rpi-slide grw-review\"><div class=\"rpi-flx rpi-col12 grw-review-inner grw-backgnd\"><div class=\"rpi-flx rpi-row12-center\"><div class=\"grw-img-wrap\"><img decoding=\"async\" class=\"grw-img\" src=\"https:\/\/sollasi.nl\/wp-content\/uploads\/2025\/11\/ChIJedKhy3DqxUcRv6mpmaDOquk_b2d0e6057082fd88749f156eebc508f5.jpg\" loading=\"lazy\" alt=\"Profilbild von \u201eWinfried Dijker\u201c\" width=\"50\" height=\"50\" onerror=\"if(this.src!='https:\/\/sollasi.nl\/wp-content\/plugins\/widget-google-reviews\/assets\/img\/guest.png')this.src='https:\/\/sollasi.nl\/wp-content\/plugins\/widget-google-reviews\/assets\/img\/guest.png';\" ><\/div><div class=\"rpi-flx rpi-col6\"><a href=\"https:\/\/www.google.com\/maps\/contrib\/113647822002042436084\/reviews\" class=\"wp-google-name\" target=\"_blank\" rel=\"nofollow noopener\">Winfried Dijker<\/a><div class=\"wp-google-time\" data-time=\"1762622003\">17:13 08 Nov 25<\/div><\/div><\/div><span class=\"rpi-stars\" style=\"--rating:4\"><\/span><div class=\"rpi-flx rpi-col4\"><div class=\"wp-google-feedback grw-scroll\" ><\/div><\/div><svg height=\"16\" width=\"16\" role=\"none\"><use href=\"#grw-google\"\/><\/svg><\/div><\/div><div class=\"rpi-slide grw-review\"><div class=\"rpi-flx rpi-col12 grw-review-inner grw-backgnd\"><div class=\"rpi-flx rpi-row12-center\"><div class=\"grw-img-wrap\"><img decoding=\"async\" class=\"grw-img\" src=\"https:\/\/sollasi.nl\/wp-content\/uploads\/2025\/11\/ChIJedKhy3DqxUcRv6mpmaDOquk_14acafbe698721e4b9c5d22e2d4b3691.jpg\" loading=\"lazy\" alt=\"Profilbild von \u201eGeorg F\u00f6rch\u201c\" width=\"50\" height=\"50\" onerror=\"if(this.src!='https:\/\/sollasi.nl\/wp-content\/plugins\/widget-google-reviews\/assets\/img\/guest.png')this.src='https:\/\/sollasi.nl\/wp-content\/plugins\/widget-google-reviews\/assets\/img\/guest.png';\" ><\/div><div class=\"rpi-flx rpi-col6\"><a href=\"https:\/\/www.google.com\/maps\/contrib\/102975181325278061400\/reviews\" class=\"wp-google-name\" target=\"_blank\" rel=\"nofollow noopener\">Georg F\u00f6rch<\/a><div class=\"wp-google-time\" data-time=\"1760867981\">09:59 19 Oct 25<\/div><\/div><\/div><span class=\"rpi-stars\" style=\"--rating:5\"><\/span><div class=\"rpi-flx rpi-col4\"><div class=\"wp-google-feedback grw-scroll\" ><\/div><\/div><svg height=\"16\" width=\"16\" role=\"none\"><use href=\"#grw-google\"\/><\/svg><\/div><\/div><div class=\"rpi-slide grw-review\"><div class=\"rpi-flx rpi-col12 grw-review-inner grw-backgnd\"><div class=\"rpi-flx rpi-row12-center\"><div class=\"grw-img-wrap\"><img decoding=\"async\" class=\"grw-img\" src=\"https:\/\/sollasi.nl\/wp-content\/uploads\/2025\/11\/ChIJedKhy3DqxUcRv6mpmaDOquk_22ec1fd7cab513b4e27f47afeed03dc2.jpg\" loading=\"lazy\" alt=\"Profilbild von \u201eGeert Van De Leuvert\u201c\" width=\"50\" height=\"50\" onerror=\"if(this.src!='https:\/\/sollasi.nl\/wp-content\/plugins\/widget-google-reviews\/assets\/img\/guest.png')this.src='https:\/\/sollasi.nl\/wp-content\/plugins\/widget-google-reviews\/assets\/img\/guest.png';\" ><\/div><div class=\"rpi-flx rpi-col6\"><a href=\"https:\/\/www.google.com\/maps\/contrib\/118197059996927454975\/reviews\" class=\"wp-google-name\" target=\"_blank\" rel=\"nofollow noopener\">Geert Van De Leuvert<\/a><div class=\"wp-google-time\" data-time=\"1758128708\">17:05 17 Sep 25<\/div><\/div><\/div><span class=\"rpi-stars\" style=\"--rating:5\"><\/span><div class=\"rpi-flx rpi-col4\"><div class=\"wp-google-feedback grw-scroll\" ><\/div><\/div><svg height=\"16\" width=\"16\" role=\"none\"><use href=\"#grw-google\"\/><\/svg><\/div><\/div><\/div><button class=\"rpi-ltgt rpi-gt grw-next\" tabindex=\"0\"><\/button><div class=\"rpi-dots-wrap\"><div class=\"rpi-dots\"><\/div><\/div><\/div><\/div><\/div><script>(function(p){if(!p)return;let w=p.offsetWidth,m=function(a,b){return Math.min(a,b)===a};p.querySelector('.grw-row').classList.replace('grw-row-m','grw-row-'+(m(w,510)?'xs':m(w,750)?'x':m(w,1100)?'s':m(w,1450)?'m':m(w,1800)?'l':'xl'))})(document.currentScript?.parentElement)<\/script><\/div><br \/><!-- \/wp:shortcode --><\/div>\r\n<p><!-- \/wp:column --><\/p>\r\n<\/div>\r\n<p><!-- \/wp:columns --><\/p>\r\n<\/div>\r\n<p><!-- \/wp:column --><\/p>\r\n<\/div>\r\n<p>&nbsp;<\/p>\r\n<p>[\/vc_column_text][\/vc_column][\/vc_row][vc_row][vc_column][vc_column_text]<\/p>\r\n<p>[\/vc_column_text][\/vc_column][\/vc_row]<\/p>","protected":false},"excerpt":{"rendered":"<p>[vc_row][vc_column][vc_column_text] Camping an der K\u00fcste mit mehr Luxus und Komfort? Dann ist der luxuri\u00f6se Stellplatz auf dem Sollasi Camp Site genau das Richtige f\u00fcr Sie! Auf dem ger\u00e4umigen Stellplatz k\u00f6nnen Sie mit einem Zelt, Wohnwagen, Faltanh\u00e4nger oder Wohnmobil \u00fcbernachten. Ein luxuri\u00f6ser Stellplatz verf\u00fcgt \u00fcber eine eigene Sanit\u00e4reinheit mit Dusche, Toilette und Waschbecken. Sie und Ihr Partner\/Ihre Familie werden w\u00e4hrend Ihres Urlaubs auf unserem Campingplatz an der K\u00fcste die einzigen Nutzer sein, so dass Sie z. B. nicht mitten in der &#8230; <\/p>\n<p class=\"read-more-container\"><a title=\"Luxuri\u00f6se Stellpl\u00e4tze mit privaten Sanit\u00e4ranlagen\" class=\"read-more button\" href=\"https:\/\/sollasi.nl\/de\/camping-sollasi\/luxurioese-stellplaetze-fuer-touristen-mit-privaten-sanitaeranlagen\/#more-5534\">Read More<span class=\"screen-reader-text\">Luxuri\u00f6se Stellpl\u00e4tze mit privaten Sanit\u00e4ranlagen<\/span><\/a><\/p>\n","protected":false},"author":1,"featured_media":0,"parent":1210,"menu_order":0,"comment_status":"closed","ping_status":"closed","template":"page-camping-sollasi.php","meta":{"footnotes":""},"class_list":["post-5534","page","type-page","status-publish"],"_links":{"self":[{"href":"https:\/\/sollasi.nl\/de\/wp-json\/wp\/v2\/pages\/5534","targetHints":{"allow":["GET"]}}],"collection":[{"href":"https:\/\/sollasi.nl\/de\/wp-json\/wp\/v2\/pages"}],"about":[{"href":"https:\/\/sollasi.nl\/de\/wp-json\/wp\/v2\/types\/page"}],"author":[{"embeddable":true,"href":"https:\/\/sollasi.nl\/de\/wp-json\/wp\/v2\/users\/1"}],"replies":[{"embeddable":true,"href":"https:\/\/sollasi.nl\/de\/wp-json\/wp\/v2\/comments?post=5534"}],"version-history":[{"count":26,"href":"https:\/\/sollasi.nl\/de\/wp-json\/wp\/v2\/pages\/5534\/revisions"}],"predecessor-version":[{"id":8659,"href":"https:\/\/sollasi.nl\/de\/wp-json\/wp\/v2\/pages\/5534\/revisions\/8659"}],"up":[{"embeddable":true,"href":"https:\/\/sollasi.nl\/de\/wp-json\/wp\/v2\/pages\/1210"}],"wp:attachment":[{"href":"https:\/\/sollasi.nl\/de\/wp-json\/wp\/v2\/media?parent=5534"}],"curies":[{"name":"wp","href":"https:\/\/api.w.org\/{rel}","templated":true}]}}