{"id":5548,"date":"2021-06-03T13:11:28","date_gmt":"2021-06-03T13:11:28","guid":{"rendered":"https:\/\/sollasi.nl\/?page_id=5548"},"modified":"2025-07-18T06:51:26","modified_gmt":"2025-07-18T06:51:26","slug":"stellplaetze-auf-dem-campingplatz-sollasi","status":"publish","type":"page","link":"https:\/\/sollasi.nl\/de\/camping-sollasi\/stellplaetze-auf-dem-campingplatz-sollasi\/","title":{"rendered":"Stellpl\u00e4tze auf dem Campingplatz Sollasi"},"content":{"rendered":"<p>[vc_row][vc_column][vc_column_text]<\/p>\r\n<p>Direkt am Oosterduinse See in Noordwijk, zwischen den Blumenzwiebelfeldern und am Rande von Wald und D\u00fcnen, liegt der Campingplatz Sollasi. Dem Alltag entfliehen, am Meer frische Luft schnappen, am Strand spazieren gehen, mit dem Fahrrad an den Blumenfeldern entlang fahren, den sch\u00f6nen Sonnenuntergang in Noordwijk genie\u00dfen und auf dem Boulevard ein leckeres Fischgericht essen, das ist Entspannung pur! Der Campingplatz Sollasi ist ideal f\u00fcr Familien. Genie\u00dfen Sie hier Ihren wohlverdienten Urlaub!<\/p>\r\n<p>Wir bieten verschiedene Stellpl\u00e4tze auf dem Campingplatz Sollasi an. Es gibt luxuri\u00f6se Touristenstellpl\u00e4tze mit privaten Sanit\u00e4ranlagen, Touristenstellpl\u00e4tze, Zeltpl\u00e4tze und Saisonstellpl\u00e4tze. Unsere ger\u00e4umigen Stellpl\u00e4tze auf einer gr\u00fcnen Wiese sind komplett ausgestattet und f\u00fcr ein Wohnmobil, einen Wohnwagen, einen Wohnwagen oder ein Zelt geeignet. Gegen Bezahlung k\u00f6nnen Sie Ihren Stellplatz um ein Doppelzelt erweitern.<br \/>Der Campingplatz Sollasi ist ein autofreier Platz, die Autos k\u00f6nnen nach dem Be- und Entladen auf dem Parkplatz abgestellt werden.<\/p>\r\n<p>\u00a0<\/p>\r\n\r\n<div class=\"wp-block-columns is-layout-flex wp-container-core-columns-is-layout-9d6595d7 wp-block-columns-is-layout-flex\">\r\n<div class=\"wp-block-column is-layout-flow wp-block-column-is-layout-flow\">\r\n<h3 class=\"wp-block-heading\"><strong>Stellplatz mit privaten Sanit\u00e4ranlagen<\/strong><\/h3>\r\n\r\n\r\n\r\n<figure class=\"wp-block-image size-full\"><img loading=\"lazy\" decoding=\"async\" width=\"600\" height=\"400\" class=\"wp-image-6303\" src=\"https:\/\/sollasi.nl\/wp-content\/uploads\/600x400sani.jpg\" alt=\"\" srcset=\"https:\/\/sollasi.nl\/wp-content\/uploads\/600x400sani.jpg 600w, https:\/\/sollasi.nl\/wp-content\/uploads\/600x400sani-300x200.jpg 300w\" sizes=\"auto, (max-width: 600px) 100vw, 600px\" \/><\/figure>\r\n\r\n<p><strong>Luxuri\u00f6ser Touristenplatz mit privaten Sanit\u00e4ranlagen<\/strong><\/p>\r\n\r\n<p>\u2022 Genie\u00dfen Sie einen gro\u00dfen Rasenplatz (10 x 8 m)<br \/>\u2022 Private Sanit\u00e4ranlagen auf dem Stellplatz (Dusche, Toilette und Waschbecken)<br \/>\u2022 Eigener Strom- und Wasseranschluss<br \/>\u2022 Hunde gegen Zusatzgeb\u00fchr erlaubt<br \/>\u2022 Kostenloses WLAN auf dem Platz<\/p>\r\n\r\n\r\n\r\n<div class=\"wp-block-columns is-layout-flex wp-container-core-columns-is-layout-9d6595d7 wp-block-columns-is-layout-flex\">\r\n<div class=\"wp-block-column is-layout-flow wp-block-column-is-layout-flow\" style=\"flex-basis: 65%;\">\r\n<div class=\"wp-block-button alignright\"><a class=\"wp-block-button__link has-text-color has-background\" style=\"background-color: #003056; color: #ffffff;\" href=\"https:\/\/sollasi.nl\/de\/camping-sollasi\/luxurioese-stellplaetze-fuer-touristen-mit-privaten-sanitaeranlagen\/\">Mehr Informationen<\/a><\/div>\r\n\r\n\r\n<\/div>\r\n\r\n\r\n\r\n<div class=\"wp-block-column is-vertically-aligned-top is-layout-flow wp-block-column-is-layout-flow\" style=\"flex-basis: 35%;\">\r\n<div class=\"wp-block-button alignright\"><a class=\"wp-block-button__link has-text-color has-background\" style=\"background-color: #a32200; color: #ffffff;\" href=\"https:\/\/sollasi.nl\/de\/camping-sollasi\/reservieren\/\">Jetzt Buchen<\/a><\/div>\r\n\r\n\r\n<\/div>\r\n<\/div>\r\n<\/div>\r\n\r\n\r\n\r\n<div class=\"wp-block-column is-layout-flow wp-block-column-is-layout-flow\">\r\n<h3 class=\"wp-block-heading\"><strong>Stellplatz<\/strong><\/h3>\r\n\r\n\r\n\r\n<figure class=\"wp-block-image size-full\"><img loading=\"lazy\" decoding=\"async\" width=\"600\" height=\"400\" class=\"wp-image-6306\" src=\"https:\/\/sollasi.nl\/wp-content\/uploads\/600X400-1-1.jpg\" alt=\"\" srcset=\"https:\/\/sollasi.nl\/wp-content\/uploads\/600X400-1-1.jpg 600w, https:\/\/sollasi.nl\/wp-content\/uploads\/600X400-1-1-300x200.jpg 300w\" sizes=\"auto, (max-width: 600px) 100vw, 600px\" \/><\/figure>\r\n\r\n<p><strong>Touristenplatz<\/strong><\/p>\r\n\r\n<p>\u2022 Flache und ger\u00e4umige Stellpl\u00e4tze auf dem Rasen (10 x 8 m)<br \/>\u2022 Stromanschluss auf dem Platz (10 Ampere)<br \/>\u2022 Wasserhahn auf dem Platz<br \/>\u2022 Ausreichend Pl\u00e4tze auf dem Parkplatz<br \/>\u2022 Kostenloses WLAN auf dem Platz<br \/>\u2022 Hunde gegen Zusatzgeb\u00fchr erlaubt<\/p>\r\n\r\n\r\n\r\n<div class=\"wp-block-columns is-layout-flex wp-container-core-columns-is-layout-9d6595d7 wp-block-columns-is-layout-flex\">\r\n<div class=\"wp-block-column is-layout-flow wp-block-column-is-layout-flow\" style=\"flex-basis: 65%;\">\r\n<div class=\"wp-block-button alignright\"><a class=\"wp-block-button__link has-text-color has-background\" style=\"background-color: #003056; color: #ffffff;\" href=\"https:\/\/sollasi.nl\/de\/camping-sollasi\/toeristenplaatsen-op-camping\/\">Mehr Informationen<\/a><\/div>\r\n\r\n\r\n<\/div>\r\n\r\n\r\n\r\n<div class=\"wp-block-column is-layout-flow wp-block-column-is-layout-flow\" style=\"flex-basis: 35%;\">\r\n<div class=\"wp-block-button alignright\"><a class=\"wp-block-button__link has-text-color has-background\" style=\"background-color: #a32200; color: #ffffff;\" href=\"https:\/\/sollasi.nl\/de\/camping-sollasi\/reservieren\/\">Jetzt Buchen<\/a><\/div>\r\n\r\n\r\n<\/div>\r\n<\/div>\r\n<\/div>\r\n<\/div>\r\n<p>\u00a0<\/p>\r\n\r\n<div class=\"wp-block-columns is-layout-flex wp-container-core-columns-is-layout-9d6595d7 wp-block-columns-is-layout-flex\">\r\n<div class=\"wp-block-column is-layout-flow wp-block-column-is-layout-flow\">\r\n<h3 class=\"wp-block-heading\"><strong>Zeltplatz<\/strong><\/h3>\r\n\r\n\r\n\r\n<figure class=\"wp-block-image size-full\"><img loading=\"lazy\" decoding=\"async\" class=\"alignnone wp-image-8867 size-full\" src=\"https:\/\/sollasi.nl\/wp-content\/uploads\/2023\/05\/cs-tent-600x400-1.jpg\" alt=\"\" width=\"600\" height=\"400\" srcset=\"https:\/\/sollasi.nl\/wp-content\/uploads\/2023\/05\/cs-tent-600x400-1.jpg 600w, https:\/\/sollasi.nl\/wp-content\/uploads\/2023\/05\/cs-tent-600x400-1-300x200.jpg 300w, https:\/\/sollasi.nl\/wp-content\/uploads\/2023\/05\/cs-tent-600x400-1-290x193.jpg 290w, https:\/\/sollasi.nl\/wp-content\/uploads\/2023\/05\/cs-tent-600x400-1-158x105.jpg 158w\" sizes=\"auto, (max-width: 600px) 100vw, 600px\" \/><\/figure>\r\n\r\n<p><strong>Zeltplatz f\u00fcr max. 2 Personen<\/strong><\/p>\r\n\r\n<p>\u2022 Ger\u00e4umiger Stellplatz f\u00fcr Ihr Zelt auf der Wiese (5 x 5 m)<br \/>\u2022 In der N\u00e4he des Sanit\u00e4rgeb\u00e4udes<br \/>\u2022 Kostenloses WLAN auf dem Platz<br \/>\u2022 Hunde gegen Zusatzgeb\u00fchr erlaubt<\/p>\r\n\r\n\r\n\r\n<div class=\"wp-block-columns is-layout-flex wp-container-core-columns-is-layout-9d6595d7 wp-block-columns-is-layout-flex\">\r\n<div class=\"wp-block-column is-layout-flow wp-block-column-is-layout-flow\" style=\"flex-basis: 65%;\">\r\n<div class=\"wp-block-button alignright\"><a class=\"wp-block-button__link has-text-color has-background\" style=\"background-color: #003056; color: #ffffff;\" href=\"https:\/\/sollasi.nl\/de\/camping-sollasi\/zeltplatz-camping-sollasi\/\">Mehr Informationen<\/a><\/div>\r\n\r\n\r\n<\/div>\r\n\r\n\r\n\r\n<div class=\"wp-block-column is-layout-flow wp-block-column-is-layout-flow\" style=\"flex-basis: 35%;\">\r\n<div class=\"wp-block-button alignright\"><a class=\"wp-block-button__link has-text-color has-background\" style=\"background-color: #a32200; color: #ffffff;\" href=\"https:\/\/sollasi.nl\/de\/camping-sollasi\/reservieren\/\">Jetzt Buchen<\/a><\/div>\r\n\r\n\r\n<\/div>\r\n<\/div>\r\n<\/div>\r\n\r\n\r\n\r\n<div class=\"wp-block-column is-layout-flow wp-block-column-is-layout-flow\">\r\n<h3 class=\"wp-block-heading\"><strong> <strong>Saisonale Stellpl\u00e4tz<\/strong><\/strong>e<\/h3>\r\n\r\n\r\n\r\n<figure class=\"wp-block-image size-full\"><img loading=\"lazy\" decoding=\"async\" width=\"600\" height=\"400\" class=\"wp-image-6312\" src=\"https:\/\/sollasi.nl\/wp-content\/uploads\/600x400-jp.jpg\" alt=\"\" srcset=\"https:\/\/sollasi.nl\/wp-content\/uploads\/600x400-jp.jpg 600w, https:\/\/sollasi.nl\/wp-content\/uploads\/600x400-jp-300x200.jpg 300w\" sizes=\"auto, (max-width: 600px) 100vw, 600px\" \/><\/figure>\r\n\r\n<p><strong>Saisonale Stellpl\u00e4tze von 1. Marz bis 1. Novembre <span style=\"color: #ff0000;\">(nicht verf\u00fcgbar)<\/span><\/strong><\/p>\r\n<p>\u2022 Ger\u00e4umige Saisonpl\u00e4tze auf dem Rasen<br \/>\u2022 Eigener Strom- und Wasseranschluss<br \/>\u2022 WLAN auf dem Stellplatz gegen Zusatzgeb\u00fchr<br \/>\u2022 Hunde gegen Zusatzgeb\u00fchr erlaubt<\/p>\r\n\r\n\r\n\r\n<div class=\"wp-block-columns is-layout-flex wp-container-core-columns-is-layout-9d6595d7 wp-block-columns-is-layout-flex\">\r\n<div class=\"wp-block-column is-layout-flow wp-block-column-is-layout-flow\" style=\"flex-basis: 65%;\">\r\n<div class=\"wp-block-button alignright\"><a class=\"wp-block-button__link has-text-color has-background\" style=\"background-color: #003056; color: #ffffff;\" href=\"https:\/\/sollasi.nl\/de\/camping-sollasi\/saisonale-stellplaetze-sollasi\/\">Mehr Informationen<\/a><\/div>\r\n\r\n\r\n<\/div>\r\n\r\n\r\n\r\n<div class=\"wp-block-column is-layout-flow wp-block-column-is-layout-flow\" style=\"flex-basis: 35%;\">\r\n<div class=\"wp-block-button alignright\"><a class=\"wp-block-button__link has-text-color has-background\" style=\"background-color: #a32200; color: #ffffff;\" href=\"mailto:info@sollasi.com\">Kontakt<\/a><\/div>\r\n\r\n\r\n<\/div>\r\n<\/div>\r\n\r\n\r\n<\/div>\r\n<\/div>\r\n<p>\u00a0<\/p>\r\n<p>\u00a0<\/p>\r\n\r\n<div class=\"wp-block-columns is-layout-flex wp-container-core-columns-is-layout-9d6595d7 wp-block-columns-is-layout-flex\">\r\n<div class=\"wp-block-column is-layout-flow wp-block-column-is-layout-flow\">\r\n<div class=\"wp-block-columns is-layout-flex wp-container-core-columns-is-layout-9d6595d7 wp-block-columns-is-layout-flex\">\r\n<div class=\"wp-block-column is-layout-flow wp-block-column-is-layout-flow\">\r\n<figure class=\"wp-block-image size-full\"><img loading=\"lazy\" decoding=\"async\" class=\"alignnone wp-image-11984\" src=\"https:\/\/sollasi.nl\/wp-content\/uploads\/2024\/12\/13040-nl-300x300.jpg\" alt=\"\" width=\"100\" height=\"100\" srcset=\"https:\/\/sollasi.nl\/wp-content\/uploads\/2024\/12\/13040-nl-300x300.jpg 300w, https:\/\/sollasi.nl\/wp-content\/uploads\/2024\/12\/13040-nl-150x150.jpg 150w, https:\/\/sollasi.nl\/wp-content\/uploads\/2024\/12\/13040-nl-193x193.jpg 193w, https:\/\/sollasi.nl\/wp-content\/uploads\/2024\/12\/13040-nl-105x105.jpg 105w, https:\/\/sollasi.nl\/wp-content\/uploads\/2024\/12\/13040-nl.jpg 601w\" sizes=\"auto, (max-width: 100px) 100vw, 100px\" \/><\/figure>\r\n<\/div>\r\n\r\n\r\n\r\n<div class=\"wp-block-column is-layout-flow wp-block-column-is-layout-flow\">\r\n<figure class=\"wp-block-image size-full\"><img loading=\"lazy\" decoding=\"async\" class=\"alignnone wp-image-6245\" src=\"https:\/\/sollasi.nl\/wp-content\/uploads\/100x100-hond.png\" alt=\"\" width=\"110\" height=\"110\"><\/figure>\r\n<\/div>\r\n<\/div>\r\n<\/div>\r\n\r\n\r\n\r\n<div class=\"wp-block-column is-layout-flow wp-block-column-is-layout-flow\">\r\n<div class=\"wp-block-columns is-layout-flex wp-container-core-columns-is-layout-9d6595d7 wp-block-columns-is-layout-flex\">\r\n<div class=\"wp-block-column is-layout-flow wp-block-column-is-layout-flow\">\r\n<figure class=\"wp-block-image size-full\"><img loading=\"lazy\" decoding=\"async\" class=\"alignnone wp-image-11990\" src=\"https:\/\/sollasi.nl\/wp-content\/uploads\/2024\/12\/broadband-150348_640-274x300.webp\" alt=\"\" width=\"100\" height=\"110\" srcset=\"https:\/\/sollasi.nl\/wp-content\/uploads\/2024\/12\/broadband-150348_640-274x300.webp 274w, https:\/\/sollasi.nl\/wp-content\/uploads\/2024\/12\/broadband-150348_640-176x193.webp 176w, https:\/\/sollasi.nl\/wp-content\/uploads\/2024\/12\/broadband-150348_640-96x105.webp 96w, https:\/\/sollasi.nl\/wp-content\/uploads\/2024\/12\/broadband-150348_640.webp 584w\" sizes=\"auto, (max-width: 100px) 100vw, 100px\" \/><\/figure>\r\n<\/div>\r\n\r\n\r\n\r\n<div class=\"wp-block-column is-layout-flow wp-block-column-is-layout-flow\">\r\n<figure class=\"wp-block-image size-full\"><img loading=\"lazy\" decoding=\"async\" class=\"alignnone wp-image-6242\" src=\"https:\/\/sollasi.nl\/wp-content\/uploads\/100x75-hiswa.png\" alt=\"\" width=\"110\" height=\"81\"><\/figure>\r\n<\/div>\r\n<\/div>\r\n<\/div>\r\n\r\n\r\n\r\n<div class=\"wp-block-column is-layout-flow wp-block-column-is-layout-flow\">\r\n<div class=\"wp-block-columns is-layout-flex wp-container-core-columns-is-layout-9d6595d7 wp-block-columns-is-layout-flex\">\r\n<div class=\"wp-block-column is-layout-flow wp-block-column-is-layout-flow\"><div class=\"wp-gr rpi wpac\" style=\"width:600px!important;width:600px!important;\" data-id=\"6278\" data-layout=\"slider\" data-exec=\"false\" data-options='{&quot;text_size&quot;:&quot;&quot;,&quot;trans&quot;:{&quot;read more&quot;:&quot;weiterlesen&quot;}}'><svg xmlns=\"http:\/\/www.w3.org\/2000\/svg\" style=\"display:none!important\"><symbol id=\"grw-tripadvisor\" viewBox=\"0 0 713.496 713.496\"><g><circle fill=\"#34E0A1\" cx=\"356.749\" cy=\"356.748\" r=\"356.748\"\/><path d=\"M577.095,287.152l43.049-46.836h-95.465c-47.792-32.646-105.51-51.659-167.931-51.659   c-62.342,0-119.899,19.054-167.612,51.659H93.432l43.049,46.836c-26.387,24.075-42.929,58.754-42.929,97.259   c0,72.665,58.914,131.578,131.579,131.578c34.519,0,65.968-13.313,89.446-35.077l42.172,45.919l42.172-45.879   c23.478,21.764,54.887,35.037,89.406,35.037c72.665,0,131.658-58.913,131.658-131.578   C620.024,345.866,603.483,311.188,577.095,287.152z M225.17,473.458c-49.188,0-89.047-39.859-89.047-89.047   s39.86-89.048,89.047-89.048c49.187,0,89.047,39.86,89.047,89.048S274.357,473.458,225.17,473.458z M356.788,381.82   c0-58.595-42.61-108.898-98.853-130.383c30.413-12.716,63.776-19.771,98.813-19.771s68.439,7.055,98.853,19.771   C399.399,272.962,356.788,323.226,356.788,381.82z M488.367,473.458c-49.188,0-89.048-39.859-89.048-89.047   s39.86-89.048,89.048-89.048s89.047,39.86,89.047,89.048S537.554,473.458,488.367,473.458z M488.367,337.694   c-25.79,0-46.677,20.887-46.677,46.677c0,25.789,20.887,46.676,46.677,46.676c25.789,0,46.676-20.887,46.676-46.676   C535.042,358.621,514.156,337.694,488.367,337.694z M271.846,384.411c0,25.789-20.887,46.676-46.676,46.676   s-46.676-20.887-46.676-46.676c0-25.79,20.887-46.677,46.676-46.677C250.959,337.694,271.846,358.621,271.846,384.411z\"\/><\/g><\/symbol><symbol id=\"grw-google\" viewBox=\"0 0 512 512\"><g fill=\"none\" fill-rule=\"evenodd\"><path d=\"M482.56 261.36c0-16.73-1.5-32.83-4.29-48.27H256v91.29h127.01c-5.47 29.5-22.1 54.49-47.09 71.23v59.21h76.27c44.63-41.09 70.37-101.59 70.37-173.46z\" fill=\"#4285f4\"\/><path d=\"M256 492c63.72 0 117.14-21.13 156.19-57.18l-76.27-59.21c-21.13 14.16-48.17 22.53-79.92 22.53-61.47 0-113.49-41.51-132.05-97.3H45.1v61.15c38.83 77.13 118.64 130.01 210.9 130.01z\" fill=\"#34a853\"\/><path d=\"M123.95 300.84c-4.72-14.16-7.4-29.29-7.4-44.84s2.68-30.68 7.4-44.84V150.01H45.1C29.12 181.87 20 217.92 20 256c0 38.08 9.12 74.13 25.1 105.99l78.85-61.15z\" fill=\"#fbbc05\"\/><path d=\"M256 113.86c34.65 0 65.76 11.91 90.22 35.29l67.69-67.69C373.03 43.39 319.61 20 256 20c-92.25 0-172.07 52.89-210.9 130.01l78.85 61.15c18.56-55.78 70.59-97.3 132.05-97.3z\" fill=\"#ea4335\"\/><path d=\"M20 20h472v472H20V20z\"\/><\/g><\/symbol><\/svg><div class=\"grw-row grw-row-m\" data-options='{\"speed\":3,\"autoplay\":true,\"mousestop\":true,\"breakpoints\":\"\"}'><div class=\"grw-header\"><div class=\"grw-header-inner rpi-flx rpi-row12\"><div class=\"grw-img-wrap\"><img decoding=\"async\" class=\"grw-img\" src=\"https:\/\/lh3.googleusercontent.com\/places\/AAcXr8re6MlB11PT1tNmxn9szd0cGlBTd79pUQW7fBcEXCZUVKrLTBFvc-Q5X4HhyIfixD6wWk66NSpqRNvad_QzW5ndghL85laDChM=s1600-w300-h300\" loading=\"lazy\" alt=\"Ortsbild von \u201eCamping Sollasi\u201c\" width=\"50\" height=\"50\" onerror=\"if(this.src!='data:image\/gif;base64,R0lGODlhAQABAIAAAAAAAP\/\/\/yH5BAEAAAAALAAAAAABAAEAAAIBRAA7')this.src='data:image\/gif;base64,R0lGODlhAQABAIAAAAAAAP\/\/\/yH5BAEAAAAALAAAAAABAAEAAAIBRAA7';\" ><\/div><div class=\"rpi-flx rpi-col8\"><div class=\"wp-google-name\"><a href=\"https:\/\/maps.google.com\/?cid=16837497346046142911\" target=\"_blank\" rel=\"nofollow noopener\">Camping Sollasi<\/a><\/div><span class=\"rpi-stars\" style=\"--rating:4.3\">4.3<\/span><div class=\"wp-google-based\">Basierend auf 612 Bewertungen<\/div><div class=\"wp-google-powered\">powered by <span><span style=\"color:#3c6df0!important\">G<\/span><span style=\"color:#d93025!important\">o<\/span><span style=\"color:#fb8e28!important\">o<\/span><span style=\"color:#3c6df0!important\">g<\/span><span style=\"color:#188038!important\">l<\/span><span style=\"color:#d93025!important\">e<\/span><\/span><\/div><div class=\"wp-google-wr\"><a href=\"https:\/\/search.google.com\/local\/writereview?placeid=ChIJedKhy3DqxUcRv6mpmaDOquk\" target=\"_blank\" rel=\"nofollow noopener\" onclick=\"return rplg_leave_review_window.call(this)\">bewerte uns auf<svg height=\"16\" width=\"16\" role=\"none\"><use href=\"#grw-google\"><\/use><\/svg><\/a><\/div><\/div><\/div><\/div><div class=\"rpi-slides-root grw-content\"><div class=\"grw-content-inner\"><button class=\"rpi-ltgt rpi-lt grw-prev\" tabindex=\"0\"><\/button><div class=\"rpi-slides grw-reviews rpi-slides-bite\" data-count=\"5\" data-offset=\"5\"><div class=\"rpi-slide grw-review\"><div class=\"rpi-flx rpi-col12 grw-review-inner grw-backgnd\"><div class=\"rpi-flx rpi-row12-center\"><div class=\"grw-img-wrap\"><img decoding=\"async\" class=\"grw-img\" src=\"https:\/\/lh3.googleusercontent.com\/a\/ACg8ocIK_ajMaY0InRnkbKc0iF00RA91EVm7UK8-SfUT84PSZHxxaQ=s128-c0x00000000-cc-rp-mo\" loading=\"lazy\" alt=\"Profilbild von \u201eDekwin Maxi\u201c\" width=\"50\" height=\"50\" onerror=\"if(this.src!='https:\/\/sollasi.nl\/wp-content\/plugins\/widget-google-reviews\/assets\/img\/guest.png')this.src='https:\/\/sollasi.nl\/wp-content\/plugins\/widget-google-reviews\/assets\/img\/guest.png';\" ><\/div><div class=\"rpi-flx rpi-col6\"><a href=\"https:\/\/www.google.com\/maps\/contrib\/102513258221920632209\/reviews\" class=\"wp-google-name\" target=\"_blank\" rel=\"nofollow noopener\">Dekwin Maxi<\/a><div class=\"wp-google-time\" data-time=\"1775392671\">12:37 05 Apr 26<\/div><\/div><\/div><span class=\"rpi-stars\" style=\"--rating:5\"><\/span><div class=\"rpi-flx rpi-col4\"><div class=\"wp-google-feedback grw-scroll\" ><\/div><\/div><svg height=\"16\" width=\"16\" role=\"none\"><use href=\"#grw-google\"\/><\/svg><\/div><\/div><div class=\"rpi-slide grw-review\"><div class=\"rpi-flx rpi-col12 grw-review-inner grw-backgnd\"><div class=\"rpi-flx rpi-row12-center\"><div class=\"grw-img-wrap\"><img decoding=\"async\" class=\"grw-img\" src=\"https:\/\/lh3.googleusercontent.com\/a\/ACg8ocK2R7-wExc75I9Yla0I1T54s5W6SCfnTPeJM9VrSVdJzMarpA=s128-c0x00000000-cc-rp-mo-ba3\" loading=\"lazy\" alt=\"Profilbild von \u201eHansjorg R\u00f6diger\u201c\" width=\"50\" height=\"50\" onerror=\"if(this.src!='https:\/\/sollasi.nl\/wp-content\/plugins\/widget-google-reviews\/assets\/img\/guest.png')this.src='https:\/\/sollasi.nl\/wp-content\/plugins\/widget-google-reviews\/assets\/img\/guest.png';\" ><\/div><div class=\"rpi-flx rpi-col6\"><a href=\"https:\/\/www.google.com\/maps\/contrib\/108422549905848587743\/reviews\" class=\"wp-google-name\" target=\"_blank\" rel=\"nofollow noopener\">Hansjorg R\u00f6diger<\/a><div class=\"wp-google-time\" data-time=\"1774364476\">15:01 24 Mar 26<\/div><\/div><\/div><span class=\"rpi-stars\" style=\"--rating:5\"><\/span><div class=\"rpi-flx rpi-col4\"><div class=\"wp-google-feedback grw-scroll\" ><\/div><\/div><svg height=\"16\" width=\"16\" role=\"none\"><use href=\"#grw-google\"\/><\/svg><\/div><\/div><div class=\"rpi-slide grw-review\"><div class=\"rpi-flx rpi-col12 grw-review-inner grw-backgnd\"><div class=\"rpi-flx rpi-row12-center\"><div class=\"grw-img-wrap\"><img decoding=\"async\" class=\"grw-img\" src=\"https:\/\/sollasi.nl\/wp-content\/uploads\/2025\/11\/ChIJedKhy3DqxUcRv6mpmaDOquk_b2d0e6057082fd88749f156eebc508f5.jpg\" loading=\"lazy\" alt=\"Profilbild von \u201eWinfried Dijker\u201c\" width=\"50\" height=\"50\" onerror=\"if(this.src!='https:\/\/sollasi.nl\/wp-content\/plugins\/widget-google-reviews\/assets\/img\/guest.png')this.src='https:\/\/sollasi.nl\/wp-content\/plugins\/widget-google-reviews\/assets\/img\/guest.png';\" ><\/div><div class=\"rpi-flx rpi-col6\"><a href=\"https:\/\/www.google.com\/maps\/contrib\/113647822002042436084\/reviews\" class=\"wp-google-name\" target=\"_blank\" rel=\"nofollow noopener\">Winfried Dijker<\/a><div class=\"wp-google-time\" data-time=\"1762622003\">17:13 08 Nov 25<\/div><\/div><\/div><span class=\"rpi-stars\" style=\"--rating:4\"><\/span><div class=\"rpi-flx rpi-col4\"><div class=\"wp-google-feedback grw-scroll\" ><\/div><\/div><svg height=\"16\" width=\"16\" role=\"none\"><use href=\"#grw-google\"\/><\/svg><\/div><\/div><div class=\"rpi-slide grw-review\"><div class=\"rpi-flx rpi-col12 grw-review-inner grw-backgnd\"><div class=\"rpi-flx rpi-row12-center\"><div class=\"grw-img-wrap\"><img decoding=\"async\" class=\"grw-img\" src=\"https:\/\/sollasi.nl\/wp-content\/uploads\/2025\/11\/ChIJedKhy3DqxUcRv6mpmaDOquk_14acafbe698721e4b9c5d22e2d4b3691.jpg\" loading=\"lazy\" alt=\"Profilbild von \u201eGeorg F\u00f6rch\u201c\" width=\"50\" height=\"50\" onerror=\"if(this.src!='https:\/\/sollasi.nl\/wp-content\/plugins\/widget-google-reviews\/assets\/img\/guest.png')this.src='https:\/\/sollasi.nl\/wp-content\/plugins\/widget-google-reviews\/assets\/img\/guest.png';\" ><\/div><div class=\"rpi-flx rpi-col6\"><a href=\"https:\/\/www.google.com\/maps\/contrib\/102975181325278061400\/reviews\" class=\"wp-google-name\" target=\"_blank\" rel=\"nofollow noopener\">Georg F\u00f6rch<\/a><div class=\"wp-google-time\" data-time=\"1760867981\">09:59 19 Oct 25<\/div><\/div><\/div><span class=\"rpi-stars\" style=\"--rating:5\"><\/span><div class=\"rpi-flx rpi-col4\"><div class=\"wp-google-feedback grw-scroll\" ><\/div><\/div><svg height=\"16\" width=\"16\" role=\"none\"><use href=\"#grw-google\"\/><\/svg><\/div><\/div><div class=\"rpi-slide grw-review\"><div class=\"rpi-flx rpi-col12 grw-review-inner grw-backgnd\"><div class=\"rpi-flx rpi-row12-center\"><div class=\"grw-img-wrap\"><img decoding=\"async\" class=\"grw-img\" src=\"https:\/\/sollasi.nl\/wp-content\/uploads\/2025\/11\/ChIJedKhy3DqxUcRv6mpmaDOquk_22ec1fd7cab513b4e27f47afeed03dc2.jpg\" loading=\"lazy\" alt=\"Profilbild von \u201eGeert Van De Leuvert\u201c\" width=\"50\" height=\"50\" onerror=\"if(this.src!='https:\/\/sollasi.nl\/wp-content\/plugins\/widget-google-reviews\/assets\/img\/guest.png')this.src='https:\/\/sollasi.nl\/wp-content\/plugins\/widget-google-reviews\/assets\/img\/guest.png';\" ><\/div><div class=\"rpi-flx rpi-col6\"><a href=\"https:\/\/www.google.com\/maps\/contrib\/118197059996927454975\/reviews\" class=\"wp-google-name\" target=\"_blank\" rel=\"nofollow noopener\">Geert Van De Leuvert<\/a><div class=\"wp-google-time\" data-time=\"1758128708\">17:05 17 Sep 25<\/div><\/div><\/div><span class=\"rpi-stars\" style=\"--rating:5\"><\/span><div class=\"rpi-flx rpi-col4\"><div class=\"wp-google-feedback grw-scroll\" ><\/div><\/div><svg height=\"16\" width=\"16\" role=\"none\"><use href=\"#grw-google\"\/><\/svg><\/div><\/div><\/div><button class=\"rpi-ltgt rpi-gt grw-next\" tabindex=\"0\"><\/button><div class=\"rpi-dots-wrap\"><div class=\"rpi-dots\"><\/div><\/div><\/div><\/div><\/div><script>(function(p){if(!p)return;let w=p.offsetWidth,m=function(a,b){return Math.min(a,b)===a};p.querySelector('.grw-row').classList.replace('grw-row-m','grw-row-'+(m(w,510)?'xs':m(w,750)?'x':m(w,1100)?'s':m(w,1450)?'m':m(w,1800)?'l':'xl'))})(document.currentScript?.parentElement)<\/script><\/div>\n<\/div>\r\n<\/div>\r\n<\/div>\r\n<\/div>\r\n<p>\u00a0<\/p>\r\n<p>\u00a0<\/p>\r\n<p>[\/vc_column_text][\/vc_column][\/vc_row]<\/p>","protected":false},"excerpt":{"rendered":"<p>[vc_row][vc_column][vc_column_text] Direkt am Oosterduinse See in Noordwijk, zwischen den Blumenzwiebelfeldern und am Rande von Wald und D\u00fcnen, liegt der Campingplatz Sollasi. Dem Alltag entfliehen, am Meer frische Luft schnappen, am Strand spazieren gehen, mit dem Fahrrad an den Blumenfeldern entlang fahren, den sch\u00f6nen Sonnenuntergang in Noordwijk genie\u00dfen und auf dem Boulevard ein leckeres Fischgericht essen, das ist Entspannung pur! Der Campingplatz Sollasi ist ideal f\u00fcr Familien. Genie\u00dfen Sie hier Ihren wohlverdienten Urlaub! Wir bieten verschiedene Stellpl\u00e4tze auf dem Campingplatz Sollasi &#8230; <\/p>\n<p class=\"read-more-container\"><a title=\"Stellpl\u00e4tze auf dem Campingplatz Sollasi\" class=\"read-more button\" href=\"https:\/\/sollasi.nl\/de\/camping-sollasi\/stellplaetze-auf-dem-campingplatz-sollasi\/#more-5548\">Read More<span class=\"screen-reader-text\">Stellpl\u00e4tze auf dem Campingplatz Sollasi<\/span><\/a><\/p>\n","protected":false},"author":1,"featured_media":0,"parent":1210,"menu_order":0,"comment_status":"closed","ping_status":"closed","template":"page-camping-sollasi.php","meta":{"footnotes":""},"class_list":["post-5548","page","type-page","status-publish"],"_links":{"self":[{"href":"https:\/\/sollasi.nl\/de\/wp-json\/wp\/v2\/pages\/5548","targetHints":{"allow":["GET"]}}],"collection":[{"href":"https:\/\/sollasi.nl\/de\/wp-json\/wp\/v2\/pages"}],"about":[{"href":"https:\/\/sollasi.nl\/de\/wp-json\/wp\/v2\/types\/page"}],"author":[{"embeddable":true,"href":"https:\/\/sollasi.nl\/de\/wp-json\/wp\/v2\/users\/1"}],"replies":[{"embeddable":true,"href":"https:\/\/sollasi.nl\/de\/wp-json\/wp\/v2\/comments?post=5548"}],"version-history":[{"count":37,"href":"https:\/\/sollasi.nl\/de\/wp-json\/wp\/v2\/pages\/5548\/revisions"}],"predecessor-version":[{"id":12484,"href":"https:\/\/sollasi.nl\/de\/wp-json\/wp\/v2\/pages\/5548\/revisions\/12484"}],"up":[{"embeddable":true,"href":"https:\/\/sollasi.nl\/de\/wp-json\/wp\/v2\/pages\/1210"}],"wp:attachment":[{"href":"https:\/\/sollasi.nl\/de\/wp-json\/wp\/v2\/media?parent=5548"}],"curies":[{"name":"wp","href":"https:\/\/api.w.org\/{rel}","templated":true}]}}