{"id":5580,"date":"2022-08-04T14:36:52","date_gmt":"2022-08-04T14:36:52","guid":{"rendered":"https:\/\/sollasi.nl\/?page_id=5580"},"modified":"2023-10-10T13:40:19","modified_gmt":"2023-10-10T13:40:19","slug":"saisonale-stellplaetze-sollasi","status":"publish","type":"page","link":"https:\/\/sollasi.nl\/de\/camping-sollasi\/saisonale-stellplaetze-sollasi\/","title":{"rendered":"Saisonale stellplatze (1. M\u00e4rz bis 1. November)"},"content":{"rendered":"\r\n<p>Dem Alltag entfliehen, am Meer frische Luft schnappen, am Strand spazieren gehen, mit dem Fahrrad an den Blumenfeldern entlang fahren, den sch\u00f6nen Sonnenuntergang in Noordwijk genie\u00dfen und auf dem Boulevard ein leckeres Fischgericht essen, das ist Entspannung pur! Der Campingplatz Sollasi liegt inmitten des &#8222;Bollenstreeks&#8220;, der Blumenzwiebelregion in Holland. Mit einem saisonale Stellplatz auf dem Campingplatz Sollasi k\u00f6nnen Sie vom 1. M\u00e4rz bis 1. November einen Urlaub am Meer genie\u00dfen. Der Campingplatz liegt in der N\u00e4he des Oosterduinse Sees, des Keukenhofs, des Strandes und der D\u00fcnen. In der N\u00e4he sind mehrere kleine D\u00f6rfer oder besuchen Sie Noordwijk (seit 2020 ein Kurort). Die festen Stellpl\u00e4tze sind ger\u00e4umig, von Gr\u00fcnfl\u00e4chen umgeben und mit eigenen Strom-, Wasser- und Abwasseranschl\u00fcssen ausgestattet. Entscheiden Sie sich also f\u00fcr den Campingplatz Sollasi und fragen Sie uns nach der Verf\u00fcgbarkeit.<\/p>\r\n\r\n\r\n\r\n<div class=\"wp-block-buttons is-layout-flex wp-block-buttons-is-layout-flex\">\r\n<div class=\"wp-block-button\"><a class=\"wp-block-button__link has-background\" style=\"background-color: #a32200;\" href=\"mailto: info@sollasi.com\">Kontakt<\/a><\/div>\r\n<\/div>\r\n\r\n\r\n\r\n<figure class=\"wp-block-gallery has-nested-images columns-3 is-cropped wp-block-gallery-1 is-layout-flex wp-block-gallery-is-layout-flex\">\r\n<figure class=\"wp-block-image size-full is-style-default\"><img loading=\"lazy\" decoding=\"async\" data-id=\"6262\" class=\"alignnone wp-image-6262\" src=\"https:\/\/sollasi.nl\/wp-content\/uploads\/500x375.jpg\" alt=\"Gr\u00fcne Stellpl\u00e4tze bei Sollasi\" width=\"500\" height=\"375\" srcset=\"https:\/\/sollasi.nl\/wp-content\/uploads\/500x375.jpg 500w, https:\/\/sollasi.nl\/wp-content\/uploads\/500x375-300x225.jpg 300w\" sizes=\"auto, (max-width: 500px) 100vw, 500px\" \/><\/figure>\r\n\r\n\r\n\r\n<figure class=\"wp-block-image size-full is-style-default\"><img loading=\"lazy\" decoding=\"async\" data-id=\"6265\" class=\"alignnone wp-image-6265\" src=\"https:\/\/sollasi.nl\/wp-content\/uploads\/500x375-2.jpg\" alt=\"Unsere gem\u00fctliche Kantine \" width=\"500\" height=\"375\" \/><\/figure>\r\n\r\n\r\n\r\n<figure class=\"wp-block-image size-full is-style-default\"><img loading=\"lazy\" decoding=\"async\" data-id=\"4461\" class=\"alignnone wp-image-4461\" src=\"https:\/\/sollasi.nl\/wp-content\/uploads\/2020-09-18.jpg\" alt=\"Der Spielplatz bei Sollasi\" width=\"239\" height=\"239\" srcset=\"https:\/\/sollasi.nl\/wp-content\/uploads\/2020-09-18.jpg 239w, https:\/\/sollasi.nl\/wp-content\/uploads\/2020-09-18-150x150.jpg 150w\" sizes=\"auto, (max-width: 239px) 100vw, 239px\" \/><\/figure>\r\n<\/figure>\r\n\r\n\r\n\r\n<h2 class=\"wp-block-heading\">Ausstattung der saisonalen Stellpl\u00e4tze:<\/h2>\r\n\r\n\r\n\r\n<ul class=\"wp-block-list\">\r\n<li>Gr\u00f6\u00dfe des Stellplatzes in Absprache (mindestens 10 x 9 m2)<\/li>\r\n<li>Eigener Stromanschluss 10 Ampere, Abwasserabfluss und Wasseranschluss auf dem Stellplatz<\/li>\r\n<li>Ihre eigene Parkkarte<\/li>\r\n<li>Gro\u00dfes Sanit\u00e4rgeb\u00e4ude auf dem Gel\u00e4nde<\/li>\r\n<li>W\u00e4scherei auf dem Campingplatz vorhanden<\/li>\r\n<li>Hunde sind auf unserem Campingplatz gegen Zusatzgeb\u00fchr erlaubt<\/li>\r\n<li>WLAN auf dem Stellplatz gegen eine Geb\u00fchr<\/li>\r\n<li>Restaurant mit (\u00fcberdachter) Terrasse (im Sommer verschiedene Aktivit\u00e4ten)<\/li>\r\n<\/ul>\r\n\r\n\r\n\r\n<p>&nbsp;<\/p>\r\n\r\n\r\n\r\n<div class=\"wp-block-columns is-layout-flex wp-container-core-columns-is-layout-9d6595d7 wp-block-columns-is-layout-flex\">\r\n<div class=\"wp-block-column is-layout-flow wp-block-column-is-layout-flow\">\r\n<div class=\"wp-block-columns is-layout-flex wp-container-core-columns-is-layout-9d6595d7 wp-block-columns-is-layout-flex\">\r\n<div class=\"wp-block-column is-layout-flow wp-block-column-is-layout-flow\">\r\n<figure class=\"wp-block-image size-full\"><img loading=\"lazy\" decoding=\"async\" class=\"alignnone wp-image-6251\" src=\"https:\/\/sollasi.nl\/wp-content\/uploads\/100x75.png\" alt=\"ANWB Camping Logo\" width=\"100\" height=\"75\" \/><\/figure>\r\n<\/div>\r\n\r\n\r\n\r\n<div class=\"wp-block-column is-layout-flow wp-block-column-is-layout-flow\">\r\n<figure class=\"wp-block-image size-full\"><img loading=\"lazy\" decoding=\"async\" class=\"alignnone wp-image-6245\" src=\"https:\/\/sollasi.nl\/wp-content\/uploads\/100x100-hond.png\" alt=\"hundefreundlich\" width=\"100\" height=\"100\" \/><\/figure>\r\n<\/div>\r\n<\/div>\r\n<\/div>\r\n\r\n\r\n\r\n<div class=\"wp-block-column is-layout-flow wp-block-column-is-layout-flow\">\r\n<div class=\"wp-block-columns is-layout-flex wp-container-core-columns-is-layout-9d6595d7 wp-block-columns-is-layout-flex\">\r\n<div class=\"wp-block-column is-layout-flow wp-block-column-is-layout-flow\">\r\n<figure class=\"wp-block-image size-full\"><img loading=\"lazy\" decoding=\"async\" class=\"alignnone wp-image-6255\" src=\"https:\/\/sollasi.nl\/wp-content\/uploads\/100x75-wifi.png\" alt=\"WLAN verf\u00fcgbar\" width=\"100\" height=\"70\" \/><\/figure>\r\n<\/div>\r\n\r\n\r\n\r\n<div class=\"wp-block-column is-layout-flow wp-block-column-is-layout-flow\">\r\n<figure class=\"wp-block-image size-full\"><img loading=\"lazy\" decoding=\"async\" class=\"alignnone wp-image-6242\" src=\"https:\/\/sollasi.nl\/wp-content\/uploads\/100x75-hiswa.png\" alt=\"Recron Mitglied\" width=\"100\" height=\"74\" \/><\/figure>\r\n<\/div>\r\n<\/div>\r\n<\/div>\r\n\r\n\r\n\r\n<div class=\"wp-block-column is-layout-flow wp-block-column-is-layout-flow\">\r\n<div class=\"wp-block-columns is-layout-flex wp-container-core-columns-is-layout-9d6595d7 wp-block-columns-is-layout-flex\">\r\n<div class=\"wp-block-column is-layout-flow wp-block-column-is-layout-flow\"><div class=\"wp-gr rpi wpac\" style=\"width:600px!important;\" data-id=\"6232\" data-layout=\"slider\" data-exec=\"false\" data-options='{&quot;text_size&quot;:&quot;&quot;,&quot;trans&quot;:{&quot;read more&quot;:&quot;weiterlesen&quot;}}'><svg xmlns=\"http:\/\/www.w3.org\/2000\/svg\" style=\"display:none!important\"><symbol id=\"grw-tripadvisor\" viewBox=\"0 0 713.496 713.496\"><g><circle fill=\"#34E0A1\" cx=\"356.749\" cy=\"356.748\" r=\"356.748\"\/><path d=\"M577.095,287.152l43.049-46.836h-95.465c-47.792-32.646-105.51-51.659-167.931-51.659   c-62.342,0-119.899,19.054-167.612,51.659H93.432l43.049,46.836c-26.387,24.075-42.929,58.754-42.929,97.259   c0,72.665,58.914,131.578,131.579,131.578c34.519,0,65.968-13.313,89.446-35.077l42.172,45.919l42.172-45.879   c23.478,21.764,54.887,35.037,89.406,35.037c72.665,0,131.658-58.913,131.658-131.578   C620.024,345.866,603.483,311.188,577.095,287.152z M225.17,473.458c-49.188,0-89.047-39.859-89.047-89.047   s39.86-89.048,89.047-89.048c49.187,0,89.047,39.86,89.047,89.048S274.357,473.458,225.17,473.458z M356.788,381.82   c0-58.595-42.61-108.898-98.853-130.383c30.413-12.716,63.776-19.771,98.813-19.771s68.439,7.055,98.853,19.771   C399.399,272.962,356.788,323.226,356.788,381.82z M488.367,473.458c-49.188,0-89.048-39.859-89.048-89.047   s39.86-89.048,89.048-89.048s89.047,39.86,89.047,89.048S537.554,473.458,488.367,473.458z M488.367,337.694   c-25.79,0-46.677,20.887-46.677,46.677c0,25.789,20.887,46.676,46.677,46.676c25.789,0,46.676-20.887,46.676-46.676   C535.042,358.621,514.156,337.694,488.367,337.694z M271.846,384.411c0,25.789-20.887,46.676-46.676,46.676   s-46.676-20.887-46.676-46.676c0-25.79,20.887-46.677,46.676-46.677C250.959,337.694,271.846,358.621,271.846,384.411z\"\/><\/g><\/symbol><symbol id=\"grw-google\" viewBox=\"0 0 512 512\"><g fill=\"none\" fill-rule=\"evenodd\"><path d=\"M482.56 261.36c0-16.73-1.5-32.83-4.29-48.27H256v91.29h127.01c-5.47 29.5-22.1 54.49-47.09 71.23v59.21h76.27c44.63-41.09 70.37-101.59 70.37-173.46z\" fill=\"#4285f4\"\/><path d=\"M256 492c63.72 0 117.14-21.13 156.19-57.18l-76.27-59.21c-21.13 14.16-48.17 22.53-79.92 22.53-61.47 0-113.49-41.51-132.05-97.3H45.1v61.15c38.83 77.13 118.64 130.01 210.9 130.01z\" fill=\"#34a853\"\/><path d=\"M123.95 300.84c-4.72-14.16-7.4-29.29-7.4-44.84s2.68-30.68 7.4-44.84V150.01H45.1C29.12 181.87 20 217.92 20 256c0 38.08 9.12 74.13 25.1 105.99l78.85-61.15z\" fill=\"#fbbc05\"\/><path d=\"M256 113.86c34.65 0 65.76 11.91 90.22 35.29l67.69-67.69C373.03 43.39 319.61 20 256 20c-92.25 0-172.07 52.89-210.9 130.01l78.85 61.15c18.56-55.78 70.59-97.3 132.05-97.3z\" fill=\"#ea4335\"\/><path d=\"M20 20h472v472H20V20z\"\/><\/g><\/symbol><\/svg><div class=\"grw-row grw-row-m\" data-options='{\"speed\":3,\"autoplay\":true,\"mousestop\":true,\"breakpoints\":\"\"}'><div class=\"grw-header\"><div class=\"grw-header-inner rpi-flx rpi-row12\"><div class=\"grw-img-wrap\"><img decoding=\"async\" class=\"grw-img\" src=\"https:\/\/lh3.googleusercontent.com\/places\/AAcXr8pXkXg_FtgG311MzWgeb6k-G2A537UJ3bYsNdfe8F9oh4aMbNxkIWf1dXqft2B8dPCxOzStZJWfF0sFhZqXfzK9gxPJJvpZChU=s1600-w300-h300\" loading=\"lazy\" alt=\"Ortsbild von \u201eCamping Sollasi\u201c\" width=\"50\" height=\"50\" onerror=\"if(this.src!='data:image\/gif;base64,R0lGODlhAQABAIAAAAAAAP\/\/\/yH5BAEAAAAALAAAAAABAAEAAAIBRAA7')this.src='data:image\/gif;base64,R0lGODlhAQABAIAAAAAAAP\/\/\/yH5BAEAAAAALAAAAAABAAEAAAIBRAA7';\" ><\/div><div class=\"rpi-flx rpi-col8\"><div class=\"wp-google-name\"><a href=\"https:\/\/maps.google.com\/?cid=16837497346046142911\" target=\"_blank\" rel=\"nofollow noopener\">Camping Sollasi<\/a><\/div><span class=\"rpi-stars\" style=\"--rating:4.3\">4.3<\/span><div class=\"wp-google-based\">Basierend auf 612 Bewertungen<\/div><div class=\"wp-google-powered\">powered by <span><span style=\"color:#3c6df0!important\">G<\/span><span style=\"color:#d93025!important\">o<\/span><span style=\"color:#fb8e28!important\">o<\/span><span style=\"color:#3c6df0!important\">g<\/span><span style=\"color:#188038!important\">l<\/span><span style=\"color:#d93025!important\">e<\/span><\/span><\/div><div class=\"wp-google-wr\"><a href=\"https:\/\/search.google.com\/local\/writereview?placeid=ChIJedKhy3DqxUcRv6mpmaDOquk\" target=\"_blank\" rel=\"nofollow noopener\" onclick=\"return rplg_leave_review_window.call(this)\">bewerte uns auf<svg height=\"16\" width=\"16\" role=\"none\"><use href=\"#grw-google\"><\/use><\/svg><\/a><\/div><\/div><\/div><\/div><div class=\"rpi-slides-root grw-content\"><div class=\"grw-content-inner\"><button class=\"rpi-ltgt rpi-lt grw-prev\" tabindex=\"0\"><\/button><div class=\"rpi-slides grw-reviews rpi-slides-bite\" data-count=\"5\" data-offset=\"5\"><div class=\"rpi-slide grw-review\"><div class=\"rpi-flx rpi-col12 grw-review-inner grw-backgnd\"><div class=\"rpi-flx rpi-row12-center\"><div class=\"grw-img-wrap\"><img decoding=\"async\" class=\"grw-img\" src=\"https:\/\/lh3.googleusercontent.com\/a-\/ALV-UjWXSfuFMo75AZ9T1zoul4hZiJz7Btp3OJJWXndtSbTCej-G4v2F=s128-c0x00000000-cc-rp-mo-ba5\" loading=\"lazy\" alt=\"Profilbild von \u201eMichael Aderhold\u201c\" width=\"50\" height=\"50\" onerror=\"if(this.src!='https:\/\/sollasi.nl\/wp-content\/plugins\/widget-google-reviews\/assets\/img\/guest.png')this.src='https:\/\/sollasi.nl\/wp-content\/plugins\/widget-google-reviews\/assets\/img\/guest.png';\" ><\/div><div class=\"rpi-flx rpi-col6\"><a href=\"https:\/\/www.google.com\/maps\/contrib\/104001689700078930721\/reviews\" class=\"wp-google-name\" target=\"_blank\" rel=\"nofollow noopener\">Michael Aderhold<\/a><div class=\"wp-google-time\" data-time=\"1775719172\">07:19 09 Apr 26<\/div><\/div><\/div><span class=\"rpi-stars\" style=\"--rating:5\"><\/span><div class=\"rpi-flx rpi-col4\"><div class=\"wp-google-feedback grw-scroll\"  style=\"height:100px!important\"><span class=\"wp-google-text\">Een goede camping om de Keukenhof en de omgeving te bezoeken.<\/span><\/div><\/div><svg height=\"16\" width=\"16\" role=\"none\"><use href=\"#grw-google\"\/><\/svg><\/div><\/div><div class=\"rpi-slide grw-review\"><div class=\"rpi-flx rpi-col12 grw-review-inner grw-backgnd\"><div class=\"rpi-flx rpi-row12-center\"><div class=\"grw-img-wrap\"><img decoding=\"async\" class=\"grw-img\" src=\"https:\/\/lh3.googleusercontent.com\/a\/ACg8ocIK_ajMaY0InRnkbKc0iF00RA91EVm7UK8-SfUT84PSZHxxaQ=s128-c0x00000000-cc-rp-mo\" loading=\"lazy\" alt=\"Profilbild von \u201eDekwin Maxi\u201c\" width=\"50\" height=\"50\" onerror=\"if(this.src!='https:\/\/sollasi.nl\/wp-content\/plugins\/widget-google-reviews\/assets\/img\/guest.png')this.src='https:\/\/sollasi.nl\/wp-content\/plugins\/widget-google-reviews\/assets\/img\/guest.png';\" ><\/div><div class=\"rpi-flx rpi-col6\"><a href=\"https:\/\/www.google.com\/maps\/contrib\/102513258221920632209\/reviews\" class=\"wp-google-name\" target=\"_blank\" rel=\"nofollow noopener\">Dekwin Maxi<\/a><div class=\"wp-google-time\" data-time=\"1775392671\">12:37 05 Apr 26<\/div><\/div><\/div><span class=\"rpi-stars\" style=\"--rating:5\"><\/span><div class=\"rpi-flx rpi-col4\"><div class=\"wp-google-feedback grw-scroll\"  style=\"height:100px!important\"><\/div><\/div><svg height=\"16\" width=\"16\" role=\"none\"><use href=\"#grw-google\"\/><\/svg><\/div><\/div><div class=\"rpi-slide grw-review\"><div class=\"rpi-flx rpi-col12 grw-review-inner grw-backgnd\"><div class=\"rpi-flx rpi-row12-center\"><div class=\"grw-img-wrap\"><img decoding=\"async\" class=\"grw-img\" src=\"https:\/\/lh3.googleusercontent.com\/a\/ACg8ocLsqCHo-Pu7GkWIA77uo_7KEnhVLCfo1_-HMK0BYWJs7XsU-Q=s128-c0x00000000-cc-rp-mo-ba2\" loading=\"lazy\" alt=\"Profilbild von \u201eDiana Bendfeldt-von der Ah\u00e9\u201c\" width=\"50\" height=\"50\" onerror=\"if(this.src!='https:\/\/sollasi.nl\/wp-content\/plugins\/widget-google-reviews\/assets\/img\/guest.png')this.src='https:\/\/sollasi.nl\/wp-content\/plugins\/widget-google-reviews\/assets\/img\/guest.png';\" ><\/div><div class=\"rpi-flx rpi-col6\"><a href=\"https:\/\/www.google.com\/maps\/contrib\/106465370306838743112\/reviews\" class=\"wp-google-name\" target=\"_blank\" rel=\"nofollow noopener\">Diana Bendfeldt-von der Ah\u00e9<\/a><div class=\"wp-google-time\" data-time=\"1775153533\">18:12 02 Apr 26<\/div><\/div><\/div><span class=\"rpi-stars\" style=\"--rating:5\"><\/span><div class=\"rpi-flx rpi-col4\"><div class=\"wp-google-feedback grw-scroll\"  style=\"height:100px!important\"><span class=\"wp-google-text\">Praktisch en erg vriendelijk, het telefonisch contact was zeer prettig. Het douchegebouw is schoon en netjes. Bedankt voor de twee dagen.<\/span><\/div><\/div><svg height=\"16\" width=\"16\" role=\"none\"><use href=\"#grw-google\"\/><\/svg><\/div><\/div><div class=\"rpi-slide grw-review\"><div class=\"rpi-flx rpi-col12 grw-review-inner grw-backgnd\"><div class=\"rpi-flx rpi-row12-center\"><div class=\"grw-img-wrap\"><img decoding=\"async\" class=\"grw-img\" src=\"https:\/\/lh3.googleusercontent.com\/a\/ACg8ocJiNLyxBo_PQJFg-jRZJsDcYImPw9w3eS-meMb6TzItP67gNw=s128-c0x00000000-cc-rp-mo-ba2\" loading=\"lazy\" alt=\"Profilbild von \u201eperacca xavier\u201c\" width=\"50\" height=\"50\" onerror=\"if(this.src!='https:\/\/sollasi.nl\/wp-content\/plugins\/widget-google-reviews\/assets\/img\/guest.png')this.src='https:\/\/sollasi.nl\/wp-content\/plugins\/widget-google-reviews\/assets\/img\/guest.png';\" ><\/div><div class=\"rpi-flx rpi-col6\"><a href=\"https:\/\/www.google.com\/maps\/contrib\/101939706518423526955\/reviews\" class=\"wp-google-name\" target=\"_blank\" rel=\"nofollow noopener\">peracca xavier<\/a><div class=\"wp-google-time\" data-time=\"1774711407\">15:23 28 Mar 26<\/div><\/div><\/div><span class=\"rpi-stars\" style=\"--rating:5\"><\/span><div class=\"rpi-flx rpi-col4\"><div class=\"wp-google-feedback grw-scroll\"  style=\"height:100px!important\"><span class=\"wp-google-text\">Prachtige camping<br \/>Fantastische ontvangst<br \/>Uitstekend onderhouden camping, eersteklas en brandschone sanitaire voorzieningen<br \/>Rustige en vredige nachten<br \/>Mooie wandeling naar het meer<br \/>Locatie: 10 minuten rijden naar Keukenhof<br \/>Ik beveel deze camping 200% aan!<br \/><br \/>Ik wil de eigenaren bedanken voor hun fantastische ontvangst en vriendelijkheid.<\/span><\/div><\/div><svg height=\"16\" width=\"16\" role=\"none\"><use href=\"#grw-google\"\/><\/svg><\/div><\/div><div class=\"rpi-slide grw-review\"><div class=\"rpi-flx rpi-col12 grw-review-inner grw-backgnd\"><div class=\"rpi-flx rpi-row12-center\"><div class=\"grw-img-wrap\"><img decoding=\"async\" class=\"grw-img\" src=\"https:\/\/lh3.googleusercontent.com\/a\/ACg8ocK2R7-wExc75I9Yla0I1T54s5W6SCfnTPeJM9VrSVdJzMarpA=s128-c0x00000000-cc-rp-mo-ba3\" loading=\"lazy\" alt=\"Profilbild von \u201eHansjorg R\u00f6diger\u201c\" width=\"50\" height=\"50\" onerror=\"if(this.src!='https:\/\/sollasi.nl\/wp-content\/plugins\/widget-google-reviews\/assets\/img\/guest.png')this.src='https:\/\/sollasi.nl\/wp-content\/plugins\/widget-google-reviews\/assets\/img\/guest.png';\" ><\/div><div class=\"rpi-flx rpi-col6\"><a href=\"https:\/\/www.google.com\/maps\/contrib\/108422549905848587743\/reviews\" class=\"wp-google-name\" target=\"_blank\" rel=\"nofollow noopener\">Hansjorg R\u00f6diger<\/a><div class=\"wp-google-time\" data-time=\"1774364476\">15:01 24 Mar 26<\/div><\/div><\/div><span class=\"rpi-stars\" style=\"--rating:5\"><\/span><div class=\"rpi-flx rpi-col4\"><div class=\"wp-google-feedback grw-scroll\"  style=\"height:100px!important\"><\/div><\/div><svg height=\"16\" width=\"16\" role=\"none\"><use href=\"#grw-google\"\/><\/svg><\/div><\/div><\/div><button class=\"rpi-ltgt rpi-gt grw-next\" tabindex=\"0\"><\/button><div class=\"rpi-dots-wrap\"><div class=\"rpi-dots\"><\/div><\/div><\/div><\/div><\/div><script>(function(p){if(!p)return;let w=p.offsetWidth,m=function(a,b){return Math.min(a,b)===a};p.querySelector('.grw-row').classList.replace('grw-row-m','grw-row-'+(m(w,510)?'xs':m(w,750)?'x':m(w,1100)?'s':m(w,1450)?'m':m(w,1800)?'l':'xl'))})(document.currentScript?.parentElement)<\/script><\/div>\n<\/div>\r\n<\/div>\r\n<\/div>\r\n<\/div>\r\n\r\n\r\n\r\n<p>&nbsp;<\/p>\r\n","protected":false},"excerpt":{"rendered":"<p>Dem Alltag entfliehen, am Meer frische Luft schnappen, am Strand spazieren gehen, mit dem Fahrrad an den Blumenfeldern entlang fahren, den sch\u00f6nen Sonnenuntergang in Noordwijk genie\u00dfen und auf dem Boulevard ein leckeres Fischgericht essen, das ist Entspannung pur! Der Campingplatz Sollasi liegt inmitten des &#8222;Bollenstreeks&#8220;, der Blumenzwiebelregion in Holland. Mit einem saisonale Stellplatz auf dem Campingplatz Sollasi k\u00f6nnen Sie vom 1. M\u00e4rz bis 1. November einen Urlaub am Meer genie\u00dfen. Der Campingplatz liegt in der N\u00e4he des Oosterduinse Sees, des &#8230; <\/p>\n<p class=\"read-more-container\"><a title=\"Saisonale stellplatze (1. M\u00e4rz bis 1. November)\" class=\"read-more button\" href=\"https:\/\/sollasi.nl\/de\/camping-sollasi\/saisonale-stellplaetze-sollasi\/#more-5580\">Read More<span class=\"screen-reader-text\">Saisonale stellplatze (1. M\u00e4rz bis 1. November)<\/span><\/a><\/p>\n","protected":false},"author":1,"featured_media":0,"parent":1210,"menu_order":0,"comment_status":"closed","ping_status":"closed","template":"page-camping-sollasi.php","meta":{"footnotes":""},"class_list":["post-5580","page","type-page","status-publish"],"_links":{"self":[{"href":"https:\/\/sollasi.nl\/de\/wp-json\/wp\/v2\/pages\/5580","targetHints":{"allow":["GET"]}}],"collection":[{"href":"https:\/\/sollasi.nl\/de\/wp-json\/wp\/v2\/pages"}],"about":[{"href":"https:\/\/sollasi.nl\/de\/wp-json\/wp\/v2\/types\/page"}],"author":[{"embeddable":true,"href":"https:\/\/sollasi.nl\/de\/wp-json\/wp\/v2\/users\/1"}],"replies":[{"embeddable":true,"href":"https:\/\/sollasi.nl\/de\/wp-json\/wp\/v2\/comments?post=5580"}],"version-history":[{"count":20,"href":"https:\/\/sollasi.nl\/de\/wp-json\/wp\/v2\/pages\/5580\/revisions"}],"predecessor-version":[{"id":9718,"href":"https:\/\/sollasi.nl\/de\/wp-json\/wp\/v2\/pages\/5580\/revisions\/9718"}],"up":[{"embeddable":true,"href":"https:\/\/sollasi.nl\/de\/wp-json\/wp\/v2\/pages\/1210"}],"wp:attachment":[{"href":"https:\/\/sollasi.nl\/de\/wp-json\/wp\/v2\/media?parent=5580"}],"curies":[{"name":"wp","href":"https:\/\/api.w.org\/{rel}","templated":true}]}}