{"id":5593,"date":"2022-11-01T10:39:08","date_gmt":"2022-11-01T10:39:08","guid":{"rendered":"https:\/\/sollasi.nl\/?page_id=5593"},"modified":"2023-02-28T15:59:43","modified_gmt":"2023-02-28T15:59:43","slug":"jahresplaetze-camping-leparage","status":"publish","type":"page","link":"https:\/\/sollasi.nl\/de\/camping-le-parage\/jahresplaetze-camping-leparage\/","title":{"rendered":"JAHRESPL\u00c4TZE AUF DEM CAMPINGPLATZ LE PARAGE"},"content":{"rendered":"\r\n<p>W\u00fcrden Sie nicht auch gerne bei sch\u00f6nem Wetter wegfahren und die Ruhe, den Platz und die sch\u00f6ne Natur genie\u00dfen, die Sie in unserem Park und in der Umgebung von Noordwijk finden? F\u00fcr den Freizeitreisenden, der eine dauerhafte Bleibe sucht (M\u00e4rz\/Oktober). Der Campingplatz Le Parage liegt nur wenige Gehminuten vom Wald, den D\u00fcnen und dem Strand entfernt. Unsere gro\u00dfz\u00fcgigen Jahresstellpl\u00e4tze sind f\u00fcr Wohnmobile oder Chalets geeignet.<\/p>\r\n<p>Die Gr\u00f6\u00dfe des Stellplatzes ist unterschiedlich. Unsere Jahresstellpl\u00e4tze k\u00f6nnen nicht online gebucht werden. M\u00f6chten Sie weitere Informationen \u00fcber unsere Jahrespl\u00e4tze oder m\u00f6chten Sie die verf\u00fcgbaren Pl\u00e4tze sehen? Dann laden wir Sie ein, uns zu besuchen oder die Rezeption zu <a href=\"mailto:Leparage@sollasi.nl\">kontaktieren<\/a>.<\/p>\r\n\r\n\r\n\r\n<div class=\"wp-block-media-text alignwide is-stacked-on-mobile\">\r\n<figure class=\"wp-block-media-text__media\"><img decoding=\"async\" class=\"wp-image-5373 size-full\" src=\"https:\/\/sollasi.nl\/wp-content\/uploads\/20210604_1506322-2-768x1024-1.webp\" alt=\"\"><\/figure>\r\n<div class=\"wp-block-media-text__content\">\r\n<p><strong>Eigenschaften<\/strong><\/p>\r\n\r\n\r\n\r\n<ul class=\"wp-block-list\">\r\n<li>Gro\u00dfe Grundst\u00fccke (Gr\u00f6\u00dfe in Absprache) f\u00fcr Ihr Mobilheim oder Chalet<\/li>\r\n<li>Nur wenige Gehminuten von D\u00fcnen, Wald und Strand entfernt<\/li>\r\n<li>Eigene Stromanschl\u00fcsse auf dem Stellplatz (10 Amp.)<\/li>\r\n<li>Eigene Wasserh\u00e4hne auf dem Platz<\/li>\r\n<li>Eigener Wasserablauf auf dem Platz<\/li>\r\n<li>Gro\u00dfer Spielplatz mit einem Panna-Spielfeld f\u00fcr die Kinder<\/li>\r\n<li>WLAN auf dem Stellplatz gegen eine Geb\u00fchr<\/li>\r\n<li>Hunde sind gegen Zusatzgeb\u00fchr erlaubt<\/li>\r\n<li>Drei ger\u00e4umige Sanit\u00e4rgeb\u00e4ude<\/li>\r\n<li>W\u00e4scherei auf dem Campingplatz<\/li>\r\n<\/ul>\r\n\r\n\r\n\r\n<div class=\"wp-block-buttons is-layout-flex wp-block-buttons-is-layout-flex\">\r\n<div class=\"wp-block-button\"><a class=\"wp-block-button__link has-text-color has-background\" style=\"background-color: #a32200; color: #ffffff;\" href=\"mailto:info@leparage.nl\" rel=\"mailto:LeParage@sollasi.nl\">Kontakt<\/a><\/div>\r\n<\/div>\r\n<\/div>\r\n<\/div>\r\n\r\n\r\n\r\n<p>&nbsp;<\/p>\r\n\r\n\r\n\r\n<div class=\"wp-block-columns is-layout-flex wp-container-core-columns-is-layout-9d6595d7 wp-block-columns-is-layout-flex\">\r\n<div class=\"wp-block-column is-layout-flow wp-block-column-is-layout-flow\">\r\n<div class=\"wp-block-columns is-layout-flex wp-container-core-columns-is-layout-9d6595d7 wp-block-columns-is-layout-flex\">\r\n<div class=\"wp-block-column is-layout-flow wp-block-column-is-layout-flow\">\r\n<div class=\"wp-block-image is-style-default\">\r\n<figure class=\"aligncenter size-large is-resized\"><img loading=\"lazy\" decoding=\"async\" class=\"alignnone wp-image-5416\" src=\"https:\/\/sollasi.nl\/wp-content\/uploads\/anwb-1024x768.png\" alt=\"ANWB Camping Logo\" width=\"134\" height=\"100\" \/><\/figure>\r\n<\/div>\r\n<\/div>\r\n\r\n\r\n\r\n<div class=\"wp-block-column is-layout-flow wp-block-column-is-layout-flow\">\r\n<div class=\"wp-block-image is-style-default\">\r\n<figure class=\"aligncenter size-full is-resized\"><img loading=\"lazy\" decoding=\"async\" class=\"alignnone wp-image-5419\" src=\"https:\/\/sollasi.nl\/wp-content\/uploads\/tbh-honden-toegestaan-119x109mm-klasse-3.png\" alt=\"hundefreundlich\" width=\"150\" height=\"150\" \/><\/figure>\r\n<\/div>\r\n<\/div>\r\n<\/div>\r\n<\/div>\r\n\r\n\r\n\r\n<div class=\"wp-block-column is-layout-flow wp-block-column-is-layout-flow\">\r\n<div class=\"wp-block-columns is-layout-flex wp-container-core-columns-is-layout-9d6595d7 wp-block-columns-is-layout-flex\">\r\n<div class=\"wp-block-column is-layout-flow wp-block-column-is-layout-flow\">\r\n<div class=\"wp-block-image is-style-default\">\r\n<figure class=\"aligncenter size-full is-resized\"><img loading=\"lazy\" decoding=\"async\" class=\"alignnone wp-image-5412\" src=\"https:\/\/sollasi.nl\/wp-content\/uploads\/4550.png\" alt=\"WLAN verf\u00fcgbar\" width=\"140\" height=\"97\" \/><\/figure>\r\n<\/div>\r\n<\/div>\r\n\r\n\r\n\r\n<div class=\"wp-block-column is-layout-flow wp-block-column-is-layout-flow\">\r\n<figure class=\"wp-block-image size-full is-style-default\"><img loading=\"lazy\" decoding=\"async\" class=\"alignnone wp-image-5409\" src=\"https:\/\/sollasi.nl\/wp-content\/uploads\/download.png\" alt=\"Recron Mitglied\" width=\"259\" height=\"194\" \/><\/figure>\r\n<\/div>\r\n<\/div>\r\n<\/div>\r\n<div class=\"wp-block-column\">\r\n<div class=\"wp-block-columns\">\r\n<div class=\"wp-block-column\">\r\n<div class=\"wp-block-image is-style-default\">\u00a0<\/div>\r\n<\/div>\r\n<\/div>\r\n<\/div>\r\n<\/div>\r\n","protected":false},"excerpt":{"rendered":"<p>W\u00fcrden Sie nicht auch gerne bei sch\u00f6nem Wetter wegfahren und die Ruhe, den Platz und die sch\u00f6ne Natur genie\u00dfen, die Sie in unserem Park und in der Umgebung von Noordwijk finden? F\u00fcr den Freizeitreisenden, der eine dauerhafte Bleibe sucht (M\u00e4rz\/Oktober). Der Campingplatz Le Parage liegt nur wenige Gehminuten vom Wald, den D\u00fcnen und dem Strand entfernt. Unsere gro\u00dfz\u00fcgigen Jahresstellpl\u00e4tze sind f\u00fcr Wohnmobile oder Chalets geeignet. Die Gr\u00f6\u00dfe des Stellplatzes ist unterschiedlich. Unsere Jahresstellpl\u00e4tze k\u00f6nnen nicht online gebucht werden. M\u00f6chten Sie &#8230; <\/p>\n<p class=\"read-more-container\"><a title=\"JAHRESPL\u00c4TZE AUF DEM CAMPINGPLATZ LE PARAGE\" class=\"read-more button\" href=\"https:\/\/sollasi.nl\/de\/camping-le-parage\/jahresplaetze-camping-leparage\/#more-5593\">Read More<span class=\"screen-reader-text\">JAHRESPL\u00c4TZE AUF DEM CAMPINGPLATZ LE PARAGE<\/span><\/a><\/p>\n","protected":false},"author":1,"featured_media":0,"parent":1212,"menu_order":0,"comment_status":"closed","ping_status":"closed","template":"page-camping-le-parage.php","meta":{"footnotes":""},"class_list":["post-5593","page","type-page","status-publish"],"_links":{"self":[{"href":"https:\/\/sollasi.nl\/de\/wp-json\/wp\/v2\/pages\/5593","targetHints":{"allow":["GET"]}}],"collection":[{"href":"https:\/\/sollasi.nl\/de\/wp-json\/wp\/v2\/pages"}],"about":[{"href":"https:\/\/sollasi.nl\/de\/wp-json\/wp\/v2\/types\/page"}],"author":[{"embeddable":true,"href":"https:\/\/sollasi.nl\/de\/wp-json\/wp\/v2\/users\/1"}],"replies":[{"embeddable":true,"href":"https:\/\/sollasi.nl\/de\/wp-json\/wp\/v2\/comments?post=5593"}],"version-history":[{"count":12,"href":"https:\/\/sollasi.nl\/de\/wp-json\/wp\/v2\/pages\/5593\/revisions"}],"predecessor-version":[{"id":8074,"href":"https:\/\/sollasi.nl\/de\/wp-json\/wp\/v2\/pages\/5593\/revisions\/8074"}],"up":[{"embeddable":true,"href":"https:\/\/sollasi.nl\/de\/wp-json\/wp\/v2\/pages\/1212"}],"wp:attachment":[{"href":"https:\/\/sollasi.nl\/de\/wp-json\/wp\/v2\/media?parent=5593"}],"curies":[{"name":"wp","href":"https:\/\/api.w.org\/{rel}","templated":true}]}}