{"id":5599,"date":"2022-10-27T08:14:41","date_gmt":"2022-10-27T08:14:41","guid":{"rendered":"https:\/\/sollasi.nl\/?page_id=5599"},"modified":"2024-12-19T12:25:28","modified_gmt":"2024-12-19T12:25:28","slug":"stellplatzarten-camping-leparage","status":"publish","type":"page","link":"https:\/\/sollasi.nl\/de\/camping-le-parage\/stellplatzarten-camping-leparage\/","title":{"rendered":"VERSCHIEDENE STELLPL\u00c4TZE AUF DEM CAMPINGPLATZ LE PARAGE"},"content":{"rendered":"\r\n<p>Sind Sie auf der Suche nach einem ruhigen Campingplatz in der N\u00e4he der niederl\u00e4ndischen K\u00fcste, der D\u00fcnen und der sch\u00f6nen Blumenfelder? Auf dem Campingplatz Le Parage in Noordwijk sind Sie an der richtigen Adresse. Unsere ger\u00e4umigen Stellpl\u00e4tze auf einer gr\u00fcnen Wiese sind hervorragend geeignet, um Ihren Urlaub mit einem Zelt, Wohnmobil oder Wohnwagen zu verbringen. Au\u00dferdem ist ein Teil des Campingplatzes als Jahresstellplatz f\u00fcr Chalets oder Wohnmobile eingerichtet worden. Auf diesen Jahresstellpl\u00e4tzen in Noordwijk k\u00f6nnen Sie die ganze Saison \u00fcber Ihren eigenen Platz an der K\u00fcste genie\u00dfen. Der Campingplatz Le Parage ist ideal f\u00fcr Familien und auch Ihr Hund ist auf dem Campingplatz willkommen. Genie\u00dfen Sie Ihren Urlaub auf dem Campingplatz Le Parage!<\/p>\r\n\r\n\r\n\r\n<div class=\"wp-block-columns is-layout-flex wp-container-core-columns-is-layout-9d6595d7 wp-block-columns-is-layout-flex\">\r\n<div class=\"wp-block-column is-layout-flow wp-block-column-is-layout-flow\">\r\n<h3 class=\"wp-block-heading\"><strong>Touristenplatz<\/strong><\/h3>\r\n\r\n\r\n\r\n<figure class=\"wp-block-image size-full is-resized is-style-default\"><img loading=\"lazy\" decoding=\"async\" class=\"alignnone wp-image-9148\" src=\"https:\/\/sollasi.nl\/wp-content\/uploads\/2023\/09\/Camping-Le-Parage.webp\" alt=\"Camping Le Parage\" width=\"550\" height=\"309\" srcset=\"https:\/\/sollasi.nl\/wp-content\/uploads\/2023\/09\/Camping-Le-Parage.webp 1536w, https:\/\/sollasi.nl\/wp-content\/uploads\/2023\/09\/Camping-Le-Parage-300x169.webp 300w, https:\/\/sollasi.nl\/wp-content\/uploads\/2023\/09\/Camping-Le-Parage-1024x576.webp 1024w, https:\/\/sollasi.nl\/wp-content\/uploads\/2023\/09\/Camping-Le-Parage-768x432.webp 768w, https:\/\/sollasi.nl\/wp-content\/uploads\/2023\/09\/Camping-Le-Parage-344x193.webp 344w, https:\/\/sollasi.nl\/wp-content\/uploads\/2023\/09\/Camping-Le-Parage-169x95.webp 169w\" sizes=\"auto, (max-width: 550px) 100vw, 550px\" \/><\/figure>\r\n\r\n\r\n\r\n<p><strong>Touristenplatz<\/strong><\/p>\r\n\r\n\r\n\r\n<p>\u2022 Flache und ger\u00e4umige Wohnmobilstellpl\u00e4tze auf Rasen (9\u00d78)<br \/>\u2022 Stromanschl\u00fcsse auf dem Gel\u00e4nde (10 Amp.)<br \/>\u2022 Wasserh\u00e4hne auf dem Platz<br \/>\u2022 Abwasseranschluss auf dem Platz<br \/>\u2022 Kostenloses WLAN auf dem Platz<br \/>\u2022 Hunde sind gegen Zusatzgeb\u00fchr erlaubt<\/p>\r\n\r\n\r\n\r\n<div class=\"wp-block-columns is-layout-flex wp-container-core-columns-is-layout-9d6595d7 wp-block-columns-is-layout-flex\">\r\n<div class=\"wp-block-column is-layout-flow wp-block-column-is-layout-flow\" style=\"flex-basis: 65%;\">\r\n<div class=\"wp-block-button alignright\"><a class=\"wp-block-button__link has-text-color has-background\" style=\"background-color: #003056; color: #ffffff;\" href=\"https:\/\/sollasi.nl\/de\/camping-le-parage\/toeristenplaats-noordwijk\/\">Mehr Informationen<\/a><\/div>\r\n\r\n\r\n\r\n<p>&nbsp;<\/p>\r\n<\/div>\r\n\r\n\r\n\r\n<div class=\"wp-block-column is-vertically-aligned-top is-layout-flow wp-block-column-is-layout-flow\" style=\"flex-basis: 35%;\">\r\n<div class=\"wp-block-button alignright\"><a class=\"wp-block-button__link has-text-color has-background\" style=\"background-color: #a32200; color: #ffffff;\" href=\"https:\/\/sollasi.nl\/de\/camping-le-parage\/reservieren\/\">Jetzt Buchen<\/a><\/div>\r\n\r\n\r\n\r\n<p>&nbsp;<\/p>\r\n<\/div>\r\n<\/div>\r\n<\/div>\r\n\r\n\r\n\r\n<div class=\"wp-block-column is-layout-flow wp-block-column-is-layout-flow\">\r\n<h3 class=\"wp-block-heading\"><strong> <strong>Jahrespl\u00e4tze<\/strong> <\/strong><\/h3>\r\n\r\n\r\n\r\n<figure class=\"wp-block-image size-full is-resized\"><img loading=\"lazy\" decoding=\"async\" class=\"alignnone wp-image-5961\" src=\"https:\/\/sollasi.nl\/wp-content\/uploads\/20210604_1506322-2-1.jpg\" alt=\"Jahrespl\u00e4tze zu vermieten auf gr\u00fcnen Stellfl\u00e4chen in Holland\" width=\"550\" height=\"350\" \/><\/figure>\r\n\r\n\r\n\r\n<p><strong> <strong>Jahrespl\u00e4tze<\/strong> <\/strong><\/p>\r\n\r\n\r\n\r\n<p>\u2022 Ger\u00e4umige Grundst\u00fccke (Gr\u00f6\u00dfe in Absprache)<br \/>\u2022 Stromanschl\u00fcsse auf dem Gel\u00e4nde (10 Amp.)<br \/>\u2022 Wasserh\u00e4hne auf dem Platz<br \/>\u2022 Abwasseranschluss auf dem Platz<br \/>\u2022 WLAN auf dem Platz gegen eine Geb\u00fchr<br \/>\u2022 Hunde sind gegen Zusatzgeb\u00fchr erlaubt<\/p>\r\n\r\n\r\n\r\n<div class=\"wp-block-columns is-layout-flex wp-container-core-columns-is-layout-9d6595d7 wp-block-columns-is-layout-flex\">\r\n<div class=\"wp-block-column is-layout-flow wp-block-column-is-layout-flow\" style=\"flex-basis: 65%;\">\r\n<div class=\"wp-block-button alignright\"><a class=\"wp-block-button__link has-text-color has-background\" style=\"background-color: #003056; color: #ffffff;\" href=\"https:\/\/sollasi.nl\/de\/camping-le-parage\/jaarplaatsen-op-camping-le-parage\/\">Mehr Informationen<\/a><\/div>\r\n\r\n\r\n\r\n<p>&nbsp;<\/p>\r\n<\/div>\r\n\r\n\r\n\r\n<div class=\"wp-block-column is-vertically-aligned-top is-layout-flow wp-block-column-is-layout-flow\" style=\"flex-basis: 35%;\">\r\n<div class=\"wp-block-button alignright\"><a class=\"wp-block-button__link has-text-color has-background\" style=\"background-color: #a32200; color: #ffffff;\" href=\"mailto:Info@leparage.nl\">Kontakt<\/a><\/div>\r\n\r\n\r\n\r\n<p>&nbsp;<\/p>\r\n<\/div>\r\n<\/div>\r\n<\/div>\r\n<\/div>\r\n\r\n\r\n\r\n<p>&nbsp;<\/p>\r\n\r\n\r\n\r\n<p>&nbsp;<\/p>\r\n\r\n\r\n\r\n<div class=\"wp-block-columns is-layout-flex wp-container-core-columns-is-layout-9d6595d7 wp-block-columns-is-layout-flex\">\r\n<div class=\"wp-block-column is-layout-flow wp-block-column-is-layout-flow\">\r\n<div class=\"wp-block-columns is-layout-flex wp-container-core-columns-is-layout-9d6595d7 wp-block-columns-is-layout-flex\">\r\n<div class=\"wp-block-column is-layout-flow wp-block-column-is-layout-flow\">\r\n<div class=\"wp-block-image\">\r\n<figure class=\"aligncenter size-large\">\r\n<div class=\"wp-block-column\">\r\n<div class=\"wp-block-columns\">\r\n<div class=\"wp-block-column\">\r\n<div class=\"wp-block-image\">\r\n<figure class=\"aligncenter size-large\"><img loading=\"lazy\" decoding=\"async\" class=\"alignnone wp-image-6251\" src=\"https:\/\/sollasi.nl\/wp-content\/uploads\/100x75.png\" alt=\"camping erkend noordwijk\" width=\"110\" height=\"83\" \/><\/figure>\r\n<\/div>\r\n<\/div>\r\n\r\n\r\n\r\n<div class=\"wp-block-column is-layout-flow wp-block-column-is-layout-flow\">\r\n<div class=\"wp-block-image\">\r\n<figure class=\"aligncenter size-full\"><img loading=\"lazy\" decoding=\"async\" class=\"alignnone wp-image-6245\" src=\"https:\/\/sollasi.nl\/wp-content\/uploads\/100x100-hond.png\" alt=\"hond toegestaan camping\" width=\"110\" height=\"110\" \/><\/figure>\r\n<\/div>\r\n<\/div>\r\n<\/div>\r\n<\/div>\r\n\r\n\r\n\r\n<div class=\"wp-block-column is-layout-flow wp-block-column-is-layout-flow\">\r\n<div class=\"wp-block-columns is-layout-flex wp-container-core-columns-is-layout-9d6595d7 wp-block-columns-is-layout-flex\">\r\n<div class=\"wp-block-column is-layout-flow wp-block-column-is-layout-flow\">\r\n<div class=\"wp-block-image\">\r\n<figure class=\"aligncenter size-full\"><img loading=\"lazy\" decoding=\"async\" class=\"alignnone wp-image-11988\" src=\"https:\/\/sollasi.nl\/wp-content\/uploads\/2024\/12\/broadband-150348_640-274x300.webp\" alt=\"\" width=\"100\" height=\"110\" srcset=\"https:\/\/sollasi.nl\/wp-content\/uploads\/2024\/12\/broadband-150348_640-274x300.webp 274w, https:\/\/sollasi.nl\/wp-content\/uploads\/2024\/12\/broadband-150348_640-176x193.webp 176w, https:\/\/sollasi.nl\/wp-content\/uploads\/2024\/12\/broadband-150348_640-96x105.webp 96w, https:\/\/sollasi.nl\/wp-content\/uploads\/2024\/12\/broadband-150348_640.webp 584w\" sizes=\"auto, (max-width: 100px) 100vw, 100px\" \/><\/figure>\r\n<\/div>\r\n<\/div>\r\n\r\n\r\n\r\n<div class=\"wp-block-column is-layout-flow wp-block-column-is-layout-flow\">\r\n<div class=\"wp-block-image\">\r\n<figure class=\"aligncenter size-full\"><img loading=\"lazy\" decoding=\"async\" class=\"alignnone wp-image-6242\" src=\"https:\/\/sollasi.nl\/wp-content\/uploads\/100x75-hiswa.png\" alt=\"branche organisatie\" width=\"110\" height=\"81\" \/><\/figure>\r\n<\/div>\r\n<\/div>\r\n<\/div>\r\n<\/div>\r\n<\/figure>\r\n<\/div>\r\n<\/div>\r\n\r\n\r\n\r\n<div class=\"wp-block-column is-layout-flow wp-block-column-is-layout-flow\"><\/div>\r\n<\/div>\r\n<\/div>\r\n\r\n\r\n\r\n<div class=\"wp-block-column is-layout-flow wp-block-column-is-layout-flow\">\r\n<div class=\"wp-block-columns is-layout-flex wp-container-core-columns-is-layout-9d6595d7 wp-block-columns-is-layout-flex\">\r\n<div class=\"wp-block-column is-layout-flow wp-block-column-is-layout-flow\"><\/div>\r\n<\/div>\r\n\r\n\r\n\r\n<div class=\"wp-block-column is-layout-flow wp-block-column-is-layout-flow\">\r\n<div class=\"wp-block-columns is-layout-flex wp-container-core-columns-is-layout-9d6595d7 wp-block-columns-is-layout-flex\">\r\n<div class=\"wp-block-column is-layout-flow wp-block-column-is-layout-flow\"><div class=\"wp-gr rpi wpac\" style=\"width:600px!important;width:600px!important;\" data-id=\"6277\" data-layout=\"slider\" data-exec=\"false\" data-options='{&quot;text_size&quot;:&quot;&quot;,&quot;trans&quot;:{&quot;read more&quot;:&quot;weiterlesen&quot;}}'><svg xmlns=\"http:\/\/www.w3.org\/2000\/svg\" style=\"display:none!important\"><symbol id=\"grw-tripadvisor\" viewBox=\"0 0 713.496 713.496\"><g><circle fill=\"#34E0A1\" cx=\"356.749\" cy=\"356.748\" r=\"356.748\"\/><path d=\"M577.095,287.152l43.049-46.836h-95.465c-47.792-32.646-105.51-51.659-167.931-51.659   c-62.342,0-119.899,19.054-167.612,51.659H93.432l43.049,46.836c-26.387,24.075-42.929,58.754-42.929,97.259   c0,72.665,58.914,131.578,131.579,131.578c34.519,0,65.968-13.313,89.446-35.077l42.172,45.919l42.172-45.879   c23.478,21.764,54.887,35.037,89.406,35.037c72.665,0,131.658-58.913,131.658-131.578   C620.024,345.866,603.483,311.188,577.095,287.152z M225.17,473.458c-49.188,0-89.047-39.859-89.047-89.047   s39.86-89.048,89.047-89.048c49.187,0,89.047,39.86,89.047,89.048S274.357,473.458,225.17,473.458z M356.788,381.82   c0-58.595-42.61-108.898-98.853-130.383c30.413-12.716,63.776-19.771,98.813-19.771s68.439,7.055,98.853,19.771   C399.399,272.962,356.788,323.226,356.788,381.82z M488.367,473.458c-49.188,0-89.048-39.859-89.048-89.047   s39.86-89.048,89.048-89.048s89.047,39.86,89.047,89.048S537.554,473.458,488.367,473.458z M488.367,337.694   c-25.79,0-46.677,20.887-46.677,46.677c0,25.789,20.887,46.676,46.677,46.676c25.789,0,46.676-20.887,46.676-46.676   C535.042,358.621,514.156,337.694,488.367,337.694z M271.846,384.411c0,25.789-20.887,46.676-46.676,46.676   s-46.676-20.887-46.676-46.676c0-25.79,20.887-46.677,46.676-46.677C250.959,337.694,271.846,358.621,271.846,384.411z\"\/><\/g><\/symbol><symbol id=\"grw-google\" viewBox=\"0 0 512 512\"><g fill=\"none\" fill-rule=\"evenodd\"><path d=\"M482.56 261.36c0-16.73-1.5-32.83-4.29-48.27H256v91.29h127.01c-5.47 29.5-22.1 54.49-47.09 71.23v59.21h76.27c44.63-41.09 70.37-101.59 70.37-173.46z\" fill=\"#4285f4\"\/><path d=\"M256 492c63.72 0 117.14-21.13 156.19-57.18l-76.27-59.21c-21.13 14.16-48.17 22.53-79.92 22.53-61.47 0-113.49-41.51-132.05-97.3H45.1v61.15c38.83 77.13 118.64 130.01 210.9 130.01z\" fill=\"#34a853\"\/><path d=\"M123.95 300.84c-4.72-14.16-7.4-29.29-7.4-44.84s2.68-30.68 7.4-44.84V150.01H45.1C29.12 181.87 20 217.92 20 256c0 38.08 9.12 74.13 25.1 105.99l78.85-61.15z\" fill=\"#fbbc05\"\/><path d=\"M256 113.86c34.65 0 65.76 11.91 90.22 35.29l67.69-67.69C373.03 43.39 319.61 20 256 20c-92.25 0-172.07 52.89-210.9 130.01l78.85 61.15c18.56-55.78 70.59-97.3 132.05-97.3z\" fill=\"#ea4335\"\/><path d=\"M20 20h472v472H20V20z\"\/><\/g><\/symbol><\/svg><div class=\"grw-row grw-row-m\" data-options='{\"speed\":3,\"autoplay\":true,\"mousestop\":true,\"breakpoints\":\"\"}'><div class=\"grw-header\"><div class=\"grw-header-inner rpi-flx rpi-row12\"><div class=\"grw-img-wrap\"><img decoding=\"async\" class=\"grw-img\" src=\"https:\/\/sollasi.nl\/wp-content\/plugins\/widget-google-reviews\/assets\/img\/gmblogo.svg\" loading=\"lazy\" alt=\"Ortsbild von \u201eCamping Le Parage\u201c\" width=\"50\" height=\"50\" onerror=\"if(this.src!='data:image\/gif;base64,R0lGODlhAQABAIAAAAAAAP\/\/\/yH5BAEAAAAALAAAAAABAAEAAAIBRAA7')this.src='data:image\/gif;base64,R0lGODlhAQABAIAAAAAAAP\/\/\/yH5BAEAAAAALAAAAAABAAEAAAIBRAA7';\" ><\/div><div class=\"rpi-flx rpi-col8\"><div class=\"wp-google-name\"><a href=\"https:\/\/maps.google.com\/?cid=15333338707074164587\" target=\"_blank\" rel=\"nofollow noopener\">Camping Le Parage<\/a><\/div><span class=\"rpi-stars\" style=\"--rating:4.2\">4.2<\/span><div class=\"wp-google-based\">Basierend auf 515 Bewertungen<\/div><div class=\"wp-google-powered\">powered by <span><span style=\"color:#3c6df0!important\">G<\/span><span style=\"color:#d93025!important\">o<\/span><span style=\"color:#fb8e28!important\">o<\/span><span style=\"color:#3c6df0!important\">g<\/span><span style=\"color:#188038!important\">l<\/span><span style=\"color:#d93025!important\">e<\/span><\/span><\/div><div class=\"wp-google-wr\"><a href=\"https:\/\/search.google.com\/local\/writereview?placeid=ChIJdZ0xyX3qxUcRayfnh1D2ytQ\" target=\"_blank\" rel=\"nofollow noopener\" onclick=\"return rplg_leave_review_window.call(this)\">bewerte uns auf<svg height=\"16\" width=\"16\" role=\"none\"><use href=\"#grw-google\"><\/use><\/svg><\/a><\/div><\/div><\/div><\/div><div class=\"rpi-slides-root grw-content\"><div class=\"grw-content-inner\"><button class=\"rpi-ltgt rpi-lt grw-prev\" tabindex=\"0\"><\/button><div class=\"rpi-slides grw-reviews rpi-slides-bite\" data-count=\"6\" data-offset=\"6\"><div class=\"rpi-slide grw-review\"><div class=\"rpi-flx rpi-col12 grw-review-inner grw-backgnd\"><div class=\"rpi-flx rpi-row12-center\"><div class=\"grw-img-wrap\"><img decoding=\"async\" class=\"grw-img\" src=\"https:\/\/lh3.googleusercontent.com\/a\/ACg8ocL5UUrpMgtXVmrVAWC0iyRXtho4I6k5UxeqXrqfNtqpVVQ38w=s128-c0x00000000-cc-rp-mo\" loading=\"lazy\" alt=\"Profilbild von \u201eSteffi Federmann\u201c\" width=\"50\" height=\"50\" onerror=\"if(this.src!='https:\/\/sollasi.nl\/wp-content\/plugins\/widget-google-reviews\/assets\/img\/guest.png')this.src='https:\/\/sollasi.nl\/wp-content\/plugins\/widget-google-reviews\/assets\/img\/guest.png';\" ><\/div><div class=\"rpi-flx rpi-col6\"><a href=\"https:\/\/www.google.com\/maps\/contrib\/102194493551338265334\/reviews\" class=\"wp-google-name\" target=\"_blank\" rel=\"nofollow noopener\">Steffi Federmann<\/a><div class=\"wp-google-time\" data-time=\"1775554991\">09:43 07 Apr 26<\/div><\/div><\/div><span class=\"rpi-stars\" style=\"--rating:5\"><\/span><div class=\"rpi-flx rpi-col4\"><div class=\"wp-google-feedback grw-scroll\" ><span class=\"wp-google-text\">Sehr sch\u00f6ner kleiner Campingplatz, super nettes Personal, man bekommt eine Karte, die die Einfahrt an der Schranke sehr erleichtert. Sanit\u00e4ranlagen zwar etwas kalt und in die Jahre gekommen, aber wird jetzt alles erneuert. Wir werden auf jeden Fall nochmal vorbeikommen.  Weg zum Strand etwas weit zu laufen, aber daf\u00fcr sch\u00f6n entspannt mit dem Hund zu gehen. Mit dem Auto ca. 7 Minuten und Parkgeb\u00fchr am Strand sehr akzeptabel.<\/span><\/div><\/div><svg height=\"16\" width=\"16\" role=\"none\"><use href=\"#grw-google\"\/><\/svg><\/div><\/div><div class=\"rpi-slide grw-review\"><div class=\"rpi-flx rpi-col12 grw-review-inner grw-backgnd\"><div class=\"rpi-flx rpi-row12-center\"><div class=\"grw-img-wrap\"><img decoding=\"async\" class=\"grw-img\" src=\"https:\/\/sollasi.nl\/wp-content\/uploads\/2025\/11\/ChIJdZ0xyX3qxUcRayfnh1D2ytQ_ee07213236a0295cf8491e382e15447b.jpg\" loading=\"lazy\" alt=\"Profilbild von \u201eDetlev Weirauch\u201c\" width=\"50\" height=\"50\" onerror=\"if(this.src!='https:\/\/sollasi.nl\/wp-content\/plugins\/widget-google-reviews\/assets\/img\/guest.png')this.src='https:\/\/sollasi.nl\/wp-content\/plugins\/widget-google-reviews\/assets\/img\/guest.png';\" ><\/div><div class=\"rpi-flx rpi-col6\"><a href=\"https:\/\/www.google.com\/maps\/contrib\/117782167973465907092\/reviews\" class=\"wp-google-name\" target=\"_blank\" rel=\"nofollow noopener\">Detlev Weirauch<\/a><div class=\"wp-google-time\" data-time=\"1760179646\">10:47 11 Oct 25<\/div><\/div><\/div><span class=\"rpi-stars\" style=\"--rating:5\"><\/span><div class=\"rpi-flx rpi-col4\"><div class=\"wp-google-feedback grw-scroll\" ><span class=\"wp-google-text\">Small, well-run campsite. We went there spontaneously; the neighbors were friendly. The restaurant was simple and good, the food was delicious, and everything was as it should be. Located by the dunes, there are good running and cycling opportunities.<\/span><\/div><div class=\"wp-google-img\"><img decoding=\"async\" class=\"rpi-thumb\" src=\"https:\/\/sollasi.nl\/wp-content\/uploads\/2025\/11\/ChIJdZ0xyX3qxUcRayfnh1D2ytQ_img_8c4a402fe507c9078b280ac11f120904.jpg\" alt=\"Foto der Kundenrezension\" loading=\"lazy\"><img decoding=\"async\" class=\"rpi-thumb\" src=\"https:\/\/sollasi.nl\/wp-content\/uploads\/2025\/11\/ChIJdZ0xyX3qxUcRayfnh1D2ytQ_img_895060f78d56a41780ebc4e9bf03e691.jpg\" alt=\"Foto der Kundenrezension\" loading=\"lazy\"><img decoding=\"async\" class=\"rpi-thumb\" src=\"https:\/\/sollasi.nl\/wp-content\/uploads\/2025\/11\/ChIJdZ0xyX3qxUcRayfnh1D2ytQ_img_81dcfaecf502850b81857524187aba3a.jpg\" alt=\"Foto der Kundenrezension\" loading=\"lazy\"><img decoding=\"async\" class=\"rpi-thumb\" src=\"https:\/\/sollasi.nl\/wp-content\/uploads\/2025\/11\/ChIJdZ0xyX3qxUcRayfnh1D2ytQ_img_9189c279cc23222f17f134de59e888a2.jpg\" alt=\"Foto der Kundenrezension\" loading=\"lazy\"><\/div><\/div><svg height=\"16\" width=\"16\" role=\"none\"><use href=\"#grw-google\"\/><\/svg><\/div><\/div><div class=\"rpi-slide grw-review\"><div class=\"rpi-flx rpi-col12 grw-review-inner grw-backgnd\"><div class=\"rpi-flx rpi-row12-center\"><div class=\"grw-img-wrap\"><img decoding=\"async\" class=\"grw-img\" src=\"https:\/\/sollasi.nl\/wp-content\/uploads\/2025\/11\/ChIJdZ0xyX3qxUcRayfnh1D2ytQ_17853e1a4f0d5dbb498a559813a2fd68.jpg\" loading=\"lazy\" alt=\"Profilbild von \u201eJoerg Krautz\u201c\" width=\"50\" height=\"50\" onerror=\"if(this.src!='https:\/\/sollasi.nl\/wp-content\/plugins\/widget-google-reviews\/assets\/img\/guest.png')this.src='https:\/\/sollasi.nl\/wp-content\/plugins\/widget-google-reviews\/assets\/img\/guest.png';\" ><\/div><div class=\"rpi-flx rpi-col6\"><a href=\"https:\/\/www.google.com\/maps\/contrib\/109702986367269115516\/reviews\" class=\"wp-google-name\" target=\"_blank\" rel=\"nofollow noopener\">Joerg Krautz<\/a><div class=\"wp-google-time\" data-time=\"1759698241\">21:04 05 Oct 25<\/div><\/div><\/div><span class=\"rpi-stars\" style=\"--rating:5\"><\/span><div class=\"rpi-flx rpi-col4\"><div class=\"wp-google-feedback grw-scroll\" ><span class=\"wp-google-text\">Beautiful, well-maintained, quiet campsite is no longer quite right. The place is still OK, but the noise pollution from the hostel, namely Stayok, was so loud that only a police operation ensured peace. It is not always so extreme, but the weekends are very loud because of the adjacent hostel, so if you are looking for peace, this is not the right place.<\/span><\/div><\/div><svg height=\"16\" width=\"16\" role=\"none\"><use href=\"#grw-google\"\/><\/svg><\/div><\/div><div class=\"rpi-slide grw-review\"><div class=\"rpi-flx rpi-col12 grw-review-inner grw-backgnd\"><div class=\"rpi-flx rpi-row12-center\"><div class=\"grw-img-wrap\"><img decoding=\"async\" class=\"grw-img\" src=\"https:\/\/sollasi.nl\/wp-content\/uploads\/2025\/11\/ChIJdZ0xyX3qxUcRayfnh1D2ytQ_266d548b1a0b977555f31c0acea0b900.jpg\" loading=\"lazy\" alt=\"Profilbild von \u201eWout van Gessel\u201c\" width=\"50\" height=\"50\" onerror=\"if(this.src!='https:\/\/sollasi.nl\/wp-content\/plugins\/widget-google-reviews\/assets\/img\/guest.png')this.src='https:\/\/sollasi.nl\/wp-content\/plugins\/widget-google-reviews\/assets\/img\/guest.png';\" ><\/div><div class=\"rpi-flx rpi-col6\"><a href=\"https:\/\/www.google.com\/maps\/contrib\/115885694526700602319\/reviews\" class=\"wp-google-name\" target=\"_blank\" rel=\"nofollow noopener\">Wout van Gessel<\/a><div class=\"wp-google-time\" data-time=\"1759343900\">18:38 01 Oct 25<\/div><\/div><\/div><span class=\"rpi-stars\" style=\"--rating:5\"><\/span><div class=\"rpi-flx rpi-col4\"><div class=\"wp-google-feedback grw-scroll\" ><span class=\"wp-google-text\">Beautiful campsite, great managers<\/span><\/div><\/div><svg height=\"16\" width=\"16\" role=\"none\"><use href=\"#grw-google\"\/><\/svg><\/div><\/div><div class=\"rpi-slide grw-review\"><div class=\"rpi-flx rpi-col12 grw-review-inner grw-backgnd\"><div class=\"rpi-flx rpi-row12-center\"><div class=\"grw-img-wrap\"><img decoding=\"async\" class=\"grw-img\" src=\"https:\/\/sollasi.nl\/wp-content\/uploads\/2025\/11\/ChIJdZ0xyX3qxUcRayfnh1D2ytQ_5bd9946f8e9e90cdb27852a4c24cfd3b.jpg\" loading=\"lazy\" alt=\"Profilbild von \u201eTiarah van Woerden\u201c\" width=\"50\" height=\"50\" onerror=\"if(this.src!='https:\/\/sollasi.nl\/wp-content\/plugins\/widget-google-reviews\/assets\/img\/guest.png')this.src='https:\/\/sollasi.nl\/wp-content\/plugins\/widget-google-reviews\/assets\/img\/guest.png';\" ><\/div><div class=\"rpi-flx rpi-col6\"><a href=\"https:\/\/www.google.com\/maps\/contrib\/107319718813553054850\/reviews\" class=\"wp-google-name\" target=\"_blank\" rel=\"nofollow noopener\">Tiarah van Woerden<\/a><div class=\"wp-google-time\" data-time=\"1759324734\">13:18 01 Oct 25<\/div><\/div><\/div><span class=\"rpi-stars\" style=\"--rating:3\"><\/span><div class=\"rpi-flx rpi-col4\"><div class=\"wp-google-feedback grw-scroll\" ><span class=\"wp-google-text\">A great campsite in itself. Heated sanitary facilities and spacious pitches. The Blink nature reserve is nearby for lovely walks.<br \/>The owners are super friendly, and that's worth it.<br \/>Unfortunately, there's a hostel next door that can be quite noisy. Many schools come here, with lots of shouting and very loud singing and music.<br \/>The last two nights, it was so bad that the owners even called the police. After that, it was quiet.<br \/>So keep that in mind.<\/span><\/div><\/div><svg height=\"16\" width=\"16\" role=\"none\"><use href=\"#grw-google\"\/><\/svg><\/div><\/div><div class=\"rpi-slide grw-review\"><div class=\"rpi-flx rpi-col12 grw-review-inner grw-backgnd\"><div class=\"rpi-flx rpi-row12-center\"><div class=\"grw-img-wrap\"><img decoding=\"async\" class=\"grw-img\" src=\"https:\/\/sollasi.nl\/wp-content\/uploads\/2025\/11\/ChIJdZ0xyX3qxUcRayfnh1D2ytQ_a03b385ff160123598e819f47fb42b88.jpg\" loading=\"lazy\" alt=\"Profilbild von \u201eDave Mc\u201c\" width=\"50\" height=\"50\" onerror=\"if(this.src!='https:\/\/sollasi.nl\/wp-content\/plugins\/widget-google-reviews\/assets\/img\/guest.png')this.src='https:\/\/sollasi.nl\/wp-content\/plugins\/widget-google-reviews\/assets\/img\/guest.png';\" ><\/div><div class=\"rpi-flx rpi-col6\"><a href=\"https:\/\/www.google.com\/maps\/contrib\/105945218038286026281\/reviews\" class=\"wp-google-name\" target=\"_blank\" rel=\"nofollow noopener\">Dave Mc<\/a><div class=\"wp-google-time\" data-time=\"1759141295\">10:21 29 Sep 25<\/div><\/div><\/div><span class=\"rpi-stars\" style=\"--rating:5\"><\/span><div class=\"rpi-flx rpi-col4\"><div class=\"wp-google-feedback grw-scroll\" ><span class=\"wp-google-text\">Super camping site. Personal are very friendly and helpful. The site is really good, all the places are clean, water and electric where you want it, the area is superb, right by the lovely beach. The facilitys are clean and modern. The site has everything you want in a camping site. I can 100% recomend it. Thankyou for 3 lovely days.<\/span><\/div><\/div><svg height=\"16\" width=\"16\" role=\"none\"><use href=\"#grw-google\"\/><\/svg><\/div><\/div><\/div><button class=\"rpi-ltgt rpi-gt grw-next\" tabindex=\"0\"><\/button><div class=\"rpi-dots-wrap\"><div class=\"rpi-dots\"><\/div><\/div><\/div><\/div><\/div><script>(function(p){if(!p)return;let w=p.offsetWidth,m=function(a,b){return Math.min(a,b)===a};p.querySelector('.grw-row').classList.replace('grw-row-m','grw-row-'+(m(w,510)?'xs':m(w,750)?'x':m(w,1100)?'s':m(w,1450)?'m':m(w,1800)?'l':'xl'))})(document.currentScript?.parentElement)<\/script><\/div>\n<\/div>\r\n<\/div>\r\n<\/div>\r\n<\/div>\r\n","protected":false},"excerpt":{"rendered":"<p>Sind Sie auf der Suche nach einem ruhigen Campingplatz in der N\u00e4he der niederl\u00e4ndischen K\u00fcste, der D\u00fcnen und der sch\u00f6nen Blumenfelder? Auf dem Campingplatz Le Parage in Noordwijk sind Sie an der richtigen Adresse. Unsere ger\u00e4umigen Stellpl\u00e4tze auf einer gr\u00fcnen Wiese sind hervorragend geeignet, um Ihren Urlaub mit einem Zelt, Wohnmobil oder Wohnwagen zu verbringen. Au\u00dferdem ist ein Teil des Campingplatzes als Jahresstellplatz f\u00fcr Chalets oder Wohnmobile eingerichtet worden. Auf diesen Jahresstellpl\u00e4tzen in Noordwijk k\u00f6nnen Sie die ganze Saison \u00fcber &#8230; <\/p>\n<p class=\"read-more-container\"><a title=\"VERSCHIEDENE STELLPL\u00c4TZE AUF DEM CAMPINGPLATZ LE PARAGE\" class=\"read-more button\" href=\"https:\/\/sollasi.nl\/de\/camping-le-parage\/stellplatzarten-camping-leparage\/#more-5599\">Read More<span class=\"screen-reader-text\">VERSCHIEDENE STELLPL\u00c4TZE AUF DEM CAMPINGPLATZ LE PARAGE<\/span><\/a><\/p>\n","protected":false},"author":1,"featured_media":0,"parent":1212,"menu_order":0,"comment_status":"closed","ping_status":"closed","template":"page-camping-le-parage.php","meta":{"footnotes":""},"class_list":["post-5599","page","type-page","status-publish"],"_links":{"self":[{"href":"https:\/\/sollasi.nl\/de\/wp-json\/wp\/v2\/pages\/5599","targetHints":{"allow":["GET"]}}],"collection":[{"href":"https:\/\/sollasi.nl\/de\/wp-json\/wp\/v2\/pages"}],"about":[{"href":"https:\/\/sollasi.nl\/de\/wp-json\/wp\/v2\/types\/page"}],"author":[{"embeddable":true,"href":"https:\/\/sollasi.nl\/de\/wp-json\/wp\/v2\/users\/1"}],"replies":[{"embeddable":true,"href":"https:\/\/sollasi.nl\/de\/wp-json\/wp\/v2\/comments?post=5599"}],"version-history":[{"count":30,"href":"https:\/\/sollasi.nl\/de\/wp-json\/wp\/v2\/pages\/5599\/revisions"}],"predecessor-version":[{"id":12006,"href":"https:\/\/sollasi.nl\/de\/wp-json\/wp\/v2\/pages\/5599\/revisions\/12006"}],"up":[{"embeddable":true,"href":"https:\/\/sollasi.nl\/de\/wp-json\/wp\/v2\/pages\/1212"}],"wp:attachment":[{"href":"https:\/\/sollasi.nl\/de\/wp-json\/wp\/v2\/media?parent=5599"}],"curies":[{"name":"wp","href":"https:\/\/api.w.org\/{rel}","templated":true}]}}