{"id":7460,"date":"2022-10-28T09:02:56","date_gmt":"2022-10-28T09:02:56","guid":{"rendered":"https:\/\/sollasi.nl\/?page_id=7460"},"modified":"2025-11-25T11:08:57","modified_gmt":"2025-11-25T11:08:57","slug":"camping-zandvoort","status":"publish","type":"page","link":"https:\/\/sollasi.nl\/de\/camping-zandvoort\/","title":{"rendered":"Camping in Zandvoort"},"content":{"rendered":"<p>[vc_row][vc_column][vc_column_text]<div id=\"metaslider-id-10831\" style=\"width: 100%;\" class=\"ml-slider-3-107-0 metaslider metaslider-nivo metaslider-10831 ml-slider ms-theme-default\" role=\"region\" aria-label=\"D\u00fcnen landingspagina\" data-height=\"495\" data-width=\"1980\">\n    <div id=\"metaslider_container_10831\">\n        <div class='slider-wrapper theme-default'><div class='ribbon'><\/div><div id='metaslider_10831' class='nivoSlider'><img loading=\"lazy\" decoding=\"async\" src=\"https:\/\/sollasi.nl\/wp-content\/uploads\/2024\/06\/Camping-in-Noordwijk-Sollasi.jpg\" height=\"495\" width=\"1980\" title=\"Camping in Noordwijk Sollasi\" alt=\"Camping in den D\u00fcnen in Noordwijk Sollasi\" class=\"slider-10831 slide-10832 msDefaultImage\" \/><img loading=\"lazy\" decoding=\"async\" src=\"https:\/\/sollasi.nl\/wp-content\/uploads\/2024\/06\/Camping-Dunen-Holland-Sollasi.jpg\" height=\"495\" width=\"1980\" title=\"Camping D\u00fcnen Holland Sollasi\" alt=\"Camping D\u00fcnen Holland Sollasi\" class=\"slider-10831 slide-10833 msDefaultImage\" \/><img loading=\"lazy\" decoding=\"async\" src=\"https:\/\/sollasi.nl\/wp-content\/uploads\/2023\/09\/Le-parage-camperplaatsen.webp\" height=\"495\" width=\"1980\" title=\"Le-parage-camperplaatsen\" alt=\"Camping Le Parage in den D\u00fcnen Holland\" class=\"slider-10831 slide-10834 msDefaultImage\" \/><\/div><\/div>\n        \n    <\/div>\n<\/div>[\/vc_column_text][\/vc_column][vc_column width=&#8220;1\/2&#8243;][vc_column_text]Stellen Sie sich vor: morgens weht Ihnen eine frische Meeresbrise um die Nase, w\u00e4hrend Sie den Tag mit einem Spaziergang entlang der endlosen D\u00fcnen beginnen. In Zandvoort und Umgebung genie\u00dfen Sie die perfekte Mischung aus Strand, Natur und lebendiger Umgebung. Ob Sie mit Ihrem Zelt, Wohnwagen oder Wohnmobil anreisen \u2013 auf den Campingpl\u00e4tzen Sollasi und Le Parage genie\u00dfen Sie die Freiheit des Campings bei Zandvoort!<\/p>\n<h2>Camping in Zandvoort am Meer<\/h2>\n<p>Die Campingpl\u00e4tze Sollasi und Le Parage liegen beide in Noordwijk in der niederl\u00e4ndischen Provinz S\u00fcd-Holland. Das liegt etwas s\u00fcdlicher als Zandvoort, \u00fcberzeugt aber ebenfalls mit einer wundersch\u00f6nen Strandpromenade und der N\u00e4he zur Hauptstadt Amsterdam. Das besondere an der Region sind die vielen <a href=\"https:\/\/sollasi.nl\/de\/unternehmungen-in-der-umgebung\/urlaubsaktivitaeten-im-freien\/\">Rad- und Wanderwege<\/a> durch Wald und D\u00fcnen. Der beliebte Strand Langevelderslag sowie die Orte Noordwijk und Zandvoort sind mit dem Fahrrad schnell und gut erreichbar.<\/p>\n<p>F\u00fcr Camping in Zandvoort sind Sie bei Campingplatz Sollasi und Le Parage an der richtigen Adresse, denn Sie finden hier den perfekten Stellplatz f\u00fcr Zelt, Wohnwagen oder Wohnmobil. Sind Sie auf der Suche nach einem <a href=\"https:\/\/sollasi.nl\/de\/ferienhaus-mit-hund-in-holland\/\">Ferienhaus mit Hund in Holland<\/a>? In unserem Bungalowpark sowie auf den Campingpl\u00e4tzen ist Ihr <a href=\"https:\/\/sollasi.nl\/de\/ihr-hund-ist-willkommen\/\">Haustier willkommen<\/a>.[\/vc_column_text][vc_btn title=&#8220;Direkt buchen&#8220; color=&#8220;blue&#8220; link=&#8220;url:https%3A%2F%2Fsollasi.nl%2Fde%2Fbungalowpark-sollasi%2Freserveren-bij-bungalowpark-sollasi%2F&#8220;][vc_single_image image=&#8220;7465&#8243; img_size=&#8220;large&#8220;][vc_column_text]<\/p>\n<h2>Campingplatz Le Parage bei Zandvoort<\/h2>\n<p>Le Parage ist ein kleiner Campingplatz direkt hinter Wald und D\u00fcnen in Noordwijkerhout. Auf dem ruhigen Familiencampingplatz f\u00fchlt sich jeder schnell wie zuhause. Auch Camper mit Hund sind hier gut aufgehoben.<\/p>\n<p>F\u00fcr die Kinder gibt es verschiedene Sportpl\u00e4tze, auf denen sie Fu\u00dfball oder Basketball spielen k\u00f6nnen. Auch die Tischtennisplatte ist sehr beliebt \u2013 und das nicht nur bei den Kindern. Fordern Sie sich hier gegenseitig heraus und holen Sie sich im Anschluss einen Snack beim Imbiss auf dem Platz.<\/p>\n<p>Im sauberen Sanit\u00e4rgeb\u00e4ude gibt es neben den gew\u00f6hnlichen Einrichtungen auch einen beheizten Bereich f\u00fcr Eltern mit Kleinkindern. Nutzen Sie den Waschsalon, wenn Ihnen die frische W\u00e4sche w\u00e4hrend des Campings in Zandvoort ausgeht.[\/vc_column_text][vc_column_text]<\/p>\n<h3>Merkmale des Campingplatzes Le Parage<\/h3>\n<ul>\n<li>34 Stellpl\u00e4tze f\u00fcr Wohnwagen &amp; Zelte mit 6 Ampere Strom und Frischwasser<\/li>\n<li>27 WoMo-Stellpl\u00e4tze mit 10 Ampere Strom sowie Frisch- &amp; Abwasseranschluss<\/li>\n<li>Gratis WLAN auf den Stellpl\u00e4tzen<\/li>\n<\/ul>\n<p>[\/vc_column_text][vc_btn title=&#8220;Mehr \u00fcber Le Parage lesen&#8220; color=&#8220;blue&#8220; link=&#8220;url:https%3A%2F%2Fwww.sollasi.nl%2Fde%2Fcamping-le-parage%2F&#8220;][vc_column_text]<\/p>\n<h2>Campingplatz Sollasi<\/h2>\n<p>Dies ist unser zweiter Campingplatz. Er befindet sich ebenfalls in Noordwijkerhout und liegt direkt neben dem <a href=\"https:\/\/sollasi.nl\/de\/bungalowpark-sollasi\/\">Bungalowpark Sollasi<\/a> am Baggersee &#8222;Oosterduinse See&#8220;. Dieser Platz liegt also nicht nur an der holl\u00e4ndischen Nordseek\u00fcste, sondern auch direkt an einem Badesee.<\/p>\n<p>Wenn Sie beim Camping in Zandvoort also nicht nur im Meer schwimmen wollen, sondern die Vorz\u00fcge eines Badesees auskosten m\u00f6chten, ist der Campingplatz Sollasi der perfekte Ort. Wenn Sie keine Lust haben, selbst zu kochen, gehen Sie einfach in einem der zwei Restaurants direkt nebenan essen und lassen Sie es sich gut gehen.[\/vc_column_text][\/vc_column][vc_column width=&#8220;1\/2&#8243;][vc_single_image image=&#8220;10066&#8243; img_size=&#8220;large&#8220;][vc_column_text]<\/p>\n<h3>Ausstattungen des Campingplatzes<\/h3>\n<p>Auf dem Campingplatz selbst gibt es genug M\u00f6glichkeiten, aktiv zu werden. Nutzen Sie das breite Sport- und Freizeitangebot mit Spielplatz f\u00fcr die Kinder. Das Gebiet l\u00e4sst sich n\u00e4mlich hervorragend mit dem Fahrrad erkunden.<\/p>\n<p>In den sanit\u00e4ren Anlagen finden Sie einen extra Bereich f\u00fcr Kleinkinder vor, aber auch einen Waschsalon und eine Entsorgungsstation f\u00fcr Ihre Chemietoilette. W\u00e4hlen Sie selbst aus den Stellpl\u00e4tzen f\u00fcr Wohnwagen, Wohnmobile oder Zelt. Auf ca. 80 m\u00b2 k\u00f6nnen Sie sich ausbreiten und bekommen dazu 10 Ampere Strom, Frischwasser sowie kostenlosen Zugang zum WLAN.[\/vc_column_text][vc_btn title=&#8220;Campingplatz Sollasi entdecken&#8220; color=&#8220;blue&#8220; link=&#8220;url:https%3A%2F%2Fwww.sollasi.nl%2Fde%2Fcamping-sollasi%2F&#8220;][vc_column_text]Bevorzugen Sie ein Ferienhaus in einem Bungalowpark in Holland? Ferienpark Sollasi ist nicht nur ein Campingplatz, sondern auch ein <strong>Bungalowpark<\/strong>. Erfahren Sie <a href=\"https:\/\/www.sollasi.nl\/bungalowpark-sollasi\/\">hier<\/a> mehr \u00fcber den Bungalowpark Sollasi.<\/p>\n<h2>Urlaub in der Blumenregion<\/h2>\n<p>W\u00e4hrend Ihres Urlaubs bei Sollasi befinden Sie sich in der bekanntesten Blumenregion der Niederlande. Bestimmt haben Sie schon mal vom Keukenhof geh\u00f6rt, einer riesigen Blumenausstellung, die j\u00e4hrlich von rund einer Million Menschen besucht wird und internationale Bekanntheit erreicht hat. Lassen Sie sich vom Farbspektakel verzaubern, das durch mehr als 7 Millionen gepflanzte Blumenzwiebeln pro Jahr erzeugt wird. Bewundern Sie die 800 Tulpensorten, Narzissen und Hyazinthen \u2013 der <a href=\"https:\/\/keukenhof.nl\/de\/\" target=\"_blank\" rel=\"noopener\">Keukenhof<\/a> ist sicher einen Besuch wert!<\/p>\n<h2>Ausflugsm\u00f6glichkeiten beim Camping in Zandvoort aan Zee<\/h2>\n<p>Die Campingpl\u00e4tze Sollasi und Le Parage liegen nicht weit enfernt von den gr\u00f6\u00dften St\u00e4dten Hollands. Damit wird das Camping in Zandvoort bzw. Noordwijk der perfekte Ausgangspunkt f\u00fcr Tagesausfl\u00fcge. Machen Sie St\u00e4dtetouren durch <strong>Amsterdam, Den Haag oder Rotterdam<\/strong> und entspannen Sie sich nach einem langen Tag auf Ihrem Stellplatz. Auch Leiden und Haarlem sind interessante St\u00e4dte und eignen sich ausgezeichnet f\u00fcr Kultur- und Shoppingtrips.<\/p>\n<p>Wenn Sie mit Kindern in den Urlaub fahren, sind Sie sicher auf der Suche nach etwas mehr Abenteuern. Der Freizeitpark <strong>Duinrell<\/strong>, das <strong>Sea Life<\/strong> in Scheveningen oder der Familienpark <strong>Drievliet<\/strong> sind sch\u00f6ne Ausflugsziele in der N\u00e4he von Sollasi. Auch das Miniaturmuseum Madurodam ist sehr empfehlenswert. Hier k\u00f6nnen Sie die gesamte Niederlande im Miniaturformat betrachten \u2013 es gibt immer etwas zu entdecken.[\/vc_column_text][vc_btn title=&#8220;Umgebung entdecken&#8220; color=&#8220;blue&#8220; link=&#8220;url:https%3A%2F%2Fsollasi.nl%2Fde%2Funternehmungen-in-der-umgebung%2F&#8220;][vc_single_image image=&#8220;11957&#8243; img_size=&#8220;large&#8220;][vc_column_text]<\/p>\n<h2>Camping in Zandvoort buchen<\/h2>\n<p>Buchen Sie Ihren Urlaub an der holl\u00e4ndischen Nordseek\u00fcste und genie\u00dfen Sie die lebhafte Umgebung. Machen Sie das Camping in Zandvoort zu etwas besonderem und verbringen Sie Ihren Urlaub in entspannter Atmosph\u00e4re auf unserem Campingplatz.[\/vc_column_text][vc_btn title=&#8220;Camping-Stellplatz bei Zandvoort buchen&#8220; color=&#8220;blue&#8220; link=&#8220;url:https%3A%2F%2Fwww.sollasi.nl%2Fde%2F&#8220;][\/vc_column][vc_column][vc_row_inner][vc_column_inner][vc_column_text css=&#8220;.vc_custom_1764068929574{padding-top: 15px !important;padding-right: 15px !important;padding-bottom: 15px !important;padding-left: 15px !important;background-color: #dce3f2 !important;}&#8220;]<\/p>\n<h2><span style=\"font-weight: 600;\">H\u00e4ufig gestellte Fragen (FAQs)<\/span><\/h2>\n<h3><b>Warum ist Zandvoort aan Zee ein beliebtes Urlaubsziel f\u00fcr Touristen?<\/b><\/h3>\n<p><span style=\"font-weight: 400;\">Zandvoort aan Zee ist aufgrund seiner sch\u00f6nen K\u00fcste, der N\u00e4he zu Amsterdam und der Vielzahl von Rad- und Wanderwegen durch Wald und D\u00fcnen ein beliebtes Urlaubsziel. Die Region bietet einen wundersch\u00f6nen Strand Langevelderslag sowie die nahegelegenen Orte Noordwijk und Zandvoort, die bequem mit dem Fahrrad erreichbar sind.<\/span><\/p>\n<h3><b>Welche Einrichtungen bietet Campingplatz Le Parage in Noordwijkerhout f\u00fcr Camper?<\/b><\/h3>\n<p><span style=\"font-weight: 400;\">Campingplatz Le Parage bietet verschiedene Sportpl\u00e4tze (Fu\u00dfball, Basketball, Tischtennis), ein sauberes Sanit\u00e4rgeb\u00e4ude mit einem beheizten Bereich f\u00fcr Eltern mit Kleinkindern und einen Waschsalon.<\/span><\/p>\n<h3><b>Welche Merkmale hat der Campingplatz Sollasi in Noordwijkerhout?<\/b><\/h3>\n<p><span style=\"font-weight: 400;\">Der Campingplatz Sollasi liegt direkt neben dem Bungalowpark Sollasi am Oosterduinse Meer. Er bietet Stellpl\u00e4tze mit 80 m\u00b2 Gr\u00f6\u00dfe, 10-Amp\u00e8re-Strom, Frischwasser und kostenlosem WLAN. Auf dem Campingplatz gibt es Sport- und Freizeiteinrichtungen, darunter einen Spielplatz und einen Fahrradverleih.<\/span><\/p>\n<h3><b>Gibt es auch Ferienh\u00e4user f\u00fcr Campingg\u00e4ste auf dem Bungalowpark Sollasi?<\/b><\/h3>\n<p><span style=\"font-weight: 400;\">Ja, der Bungalowpark Sollasi bietet nicht nur Stellpl\u00e4tze f\u00fcr Camping, sondern auch Ferienh\u00e4user f\u00fcr G\u00e4ste, die einen komfortablen Aufenthalt bevorzugen.<\/span><\/p>\n<h3><b>Ist Camping mit Hund erlaubt?<\/b><\/h3>\n<p><span style=\"font-weight: 400;\">Ja, sowohl auf dem Campingplatz Le Parage als auch auf dem Campingplatz Sollasi sind Hunde herzlich willkommen. Es gibt sogar spezielle Stellpl\u00e4tze f\u00fcr G\u00e4ste mit Hunden.<\/span><\/p>\n<h3><b>Gibt es Restaurants in der N\u00e4he der Campingpl\u00e4tze?<\/b><\/h3>\n<p><span style=\"font-weight: 400;\">Ja, auf dem Campingplatz Sollasi gibt es zwei Restaurants direkt nebenan, in denen G\u00e4ste k\u00f6stliche Mahlzeiten genie\u00dfen k\u00f6nnen.<\/span>[\/vc_column_text][\/vc_column_inner][\/vc_row_inner][\/vc_column][\/vc_row]<\/p>\n","protected":false},"excerpt":{"rendered":"<p>[vc_row][vc_column][vc_column_text][\/vc_column_text][\/vc_column][vc_column width=&#8220;1\/2&#8243;][vc_column_text]Stellen Sie sich vor: morgens weht Ihnen eine frische Meeresbrise um die Nase, w\u00e4hrend Sie den Tag mit einem Spaziergang entlang der endlosen D\u00fcnen beginnen. In Zandvoort und Umgebung genie\u00dfen Sie die perfekte Mischung aus Strand, Natur und lebendiger Umgebung. Ob Sie mit Ihrem Zelt, Wohnwagen oder Wohnmobil anreisen \u2013 auf den Campingpl\u00e4tzen Sollasi und Le Parage genie\u00dfen Sie die Freiheit des Campings bei Zandvoort! Camping in Zandvoort am Meer Die Campingpl\u00e4tze Sollasi und Le Parage liegen beide in &#8230; <\/p>\n<p class=\"read-more-container\"><a title=\"Camping in Zandvoort\" class=\"read-more button\" href=\"https:\/\/sollasi.nl\/de\/camping-zandvoort\/#more-7460\">Read More<span class=\"screen-reader-text\">Camping in Zandvoort<\/span><\/a><\/p>\n","protected":false},"author":5,"featured_media":0,"parent":0,"menu_order":0,"comment_status":"closed","ping_status":"closed","template":"","meta":{"footnotes":""},"class_list":["post-7460","page","type-page","status-publish"],"_links":{"self":[{"href":"https:\/\/sollasi.nl\/de\/wp-json\/wp\/v2\/pages\/7460","targetHints":{"allow":["GET"]}}],"collection":[{"href":"https:\/\/sollasi.nl\/de\/wp-json\/wp\/v2\/pages"}],"about":[{"href":"https:\/\/sollasi.nl\/de\/wp-json\/wp\/v2\/types\/page"}],"author":[{"embeddable":true,"href":"https:\/\/sollasi.nl\/de\/wp-json\/wp\/v2\/users\/5"}],"replies":[{"embeddable":true,"href":"https:\/\/sollasi.nl\/de\/wp-json\/wp\/v2\/comments?post=7460"}],"version-history":[{"count":32,"href":"https:\/\/sollasi.nl\/de\/wp-json\/wp\/v2\/pages\/7460\/revisions"}],"predecessor-version":[{"id":13328,"href":"https:\/\/sollasi.nl\/de\/wp-json\/wp\/v2\/pages\/7460\/revisions\/13328"}],"wp:attachment":[{"href":"https:\/\/sollasi.nl\/de\/wp-json\/wp\/v2\/media?parent=7460"}],"curies":[{"name":"wp","href":"https:\/\/api.w.org\/{rel}","templated":true}]}}