{"id":7502,"date":"2022-10-31T15:47:10","date_gmt":"2022-10-31T15:47:10","guid":{"rendered":"https:\/\/sollasi.nl\/?page_id=7502"},"modified":"2025-10-31T15:20:50","modified_gmt":"2025-10-31T15:20:50","slug":"camping-in-noordwijk","status":"publish","type":"page","link":"https:\/\/sollasi.nl\/de\/camping-in-noordwijk\/","title":{"rendered":"Camping in Noordwijk"},"content":{"rendered":"<p>[vc_row][vc_column][vc_column_text]<div id=\"metaslider-id-10809\" style=\"width: 100%;\" class=\"ml-slider-3-108-0 metaslider metaslider-nivo metaslider-10809 ml-slider ms-theme-default\" role=\"region\" aria-label=\"Noordwijk landingspagina\" data-height=\"495\" data-width=\"1980\">\n    <div id=\"metaslider_container_10809\">\n        <div class='slider-wrapper theme-default'><div class='ribbon'><\/div><div id='metaslider_10809' class='nivoSlider'><img loading=\"lazy\" decoding=\"async\" src=\"https:\/\/sollasi.nl\/wp-content\/uploads\/2024\/06\/Camping-in-Noordwijk-Sollasi.jpg\" height=\"495\" width=\"1980\" title=\"Camping in Noordwijk Sollasi\" alt=\"Camping in Noordwijk Sollasi\" class=\"slider-10809 slide-10810 msDefaultImage\" \/><img loading=\"lazy\" decoding=\"async\" src=\"https:\/\/sollasi.nl\/wp-content\/uploads\/2024\/06\/Tulpenfelder-Sollasi.jpg\" height=\"495\" width=\"1980\" title=\"Tulpenfelder Sollasi\" alt=\"Camping in Noordwijkerhout\" class=\"slider-10809 slide-10827 msDefaultImage\" \/><\/div><\/div>\n        \n    <\/div>\n<\/div>[\/vc_column_text][\/vc_column][vc_column width=&#8220;1\/2&#8243;][vc_column_text]<\/p>\n<h1>Camping in Noordwijk bei Sollasi<\/h1>\n<p>Der Ferienort Noordwijk liegt an der holl\u00e4ndischen K\u00fcste in der Provinz S\u00fcdholland und ist ein beliebtes Urlaubsziel u.a. f\u00fcr Camping in Noordwijk. Der traumhafte breite Sandstrand l\u00e4dt im Sommer zum Sonnenbaden sowie im Winter zu langen Spazierg\u00e4ngen ein. Auf unseren Campingpl\u00e4tzen finden Sie Ihren neuen Lieblingsort zwischen D\u00fcnen, Wald und Blumenfeldern.[\/vc_column_text][vc_btn title=&#8220;Direkt buchen&#8220; color=&#8220;blue&#8220; link=&#8220;url:https%3A%2F%2Fsollasi.nl%2Fde%2Fcamping-sollasi%2Freservieren%2F|title:Direkt%20buchen&#8220;][vc_column_text]<\/p>\n<h2>Bungalowpark &amp; Campingplatz Sollasi in Noordwijk<\/h2>\n<p>Sollasi ist ein Bungalowpark und ein Campingplatz zugleich. Neben Ferienunterk\u00fcnften f\u00fcr 2 bis 6 Personen k\u00f6nnen Sie sich hier f\u00fcr Camping auf einem der zwei Pl\u00e4tze, Sollasi und Le Parage, entscheiden. Wenn Sie morgens aus Ihrem Zelt oder Wohnwagen treten, weht Ihnen direkt eine frische Meeresbrise um die Nase. Laufen Sie in wenigen Minuten zum Strand und genie\u00dfen Sie die K\u00fcstenlandschaft.<\/p>\n<p>Mieten Sie eins der <a href=\"https:\/\/www.sollasi.nl\/de\/bungalowpark-sollasi\/unterkunfte\/\">Ferienh\u00e4user im Bungalowpark Sollasi<\/a> oder lesen Sie weiter, um mehr \u00fcber die beiden Campingpl\u00e4tze zu erfahren.<\/p>\n<h2>Campingplatz Sollasi<\/h2>\n<p>Dieser Campingplatz ist eine Kombination aus Bungalowpark und Campingplatz und liegt direkt am Binnensee \u201eOosterduinse Meer\u201c. An diesem Baggersee gibt es einen Sandstrand mit Liegewiesen. Hier sind Sie quasi von Wasser umgeben, denn das Meer ist auch nicht weit entfernt. Der Strand Langevelderslag ist von unserem Campingplatz in Noordwijk ganz einfach mit dem Fahrrad zu erreichen.[\/vc_column_text][vc_column_text]<img decoding=\"async\" class=\"alignnone wp-image-7505 size-full\" src=\"https:\/\/sollasi.nl\/wp-content\/uploads\/2022\/10\/Camping-in-Noordwijk-bei-Sollasi.jpg\" alt=\"Herrliches Camping in Noordwijk bei Sollasi\" width=\"100%\" height=\"auto\" srcset=\"https:\/\/sollasi.nl\/wp-content\/uploads\/2022\/10\/Camping-in-Noordwijk-bei-Sollasi.jpg 1000w, https:\/\/sollasi.nl\/wp-content\/uploads\/2022\/10\/Camping-in-Noordwijk-bei-Sollasi-300x200.jpg 300w, https:\/\/sollasi.nl\/wp-content\/uploads\/2022\/10\/Camping-in-Noordwijk-bei-Sollasi-768x512.jpg 768w, https:\/\/sollasi.nl\/wp-content\/uploads\/2022\/10\/Camping-in-Noordwijk-bei-Sollasi-289x193.jpg 289w, https:\/\/sollasi.nl\/wp-content\/uploads\/2022\/10\/Camping-in-Noordwijk-bei-Sollasi-157x105.jpg 157w\" sizes=\"(max-width: 1000px) 100vw, 1000px\" \/>[\/vc_column_text][vc_column_text]<\/p>\n<h3>Das erwartet Sie auf dem Campingplatz Sollasi:<\/h3>\n<ul>\n<li>Flache, gro\u00dfz\u00fcgige Stellpl\u00e4tze auf Grasboden (10 x 8 m)<\/li>\n<li>Stromanschluss auf dem Stellplatz (10 Ampere)<\/li>\n<li>Wasseranschluss auf dem Stellplatz<\/li>\n<\/ul>\n<p>Au\u00dferdem bekommen Sie kostenlosen Zugang zum WLAN. Wenn Sie Ihren Vierbeiner mitbringen wollen, lesen Sie hier mehr \u00fcber das <a href=\"https:\/\/sollasi.nl\/de\/camping-mit-hund-in-holland\/\">Camping mit Hund in Noordwijk<\/a>.<\/p>\n<p>Nat\u00fcrlich gibt es ein vielseitiges Freizeitangebot auf dem Campingplatz. In der Cafeteria k\u00f6nnen Sie Snacks und kleine Mahlzeiten kaufen und an der Bar erfrischende Getr\u00e4nke bestellen.[\/vc_column_text][vc_btn title=&#8220;Campingplatz Sollasi entdecken&#8220; color=&#8220;blue&#8220; link=&#8220;url:https%3A%2F%2Fwww.sollasi.nl%2Fde%2Fcamping-sollasi%2F|title:Campingplatz%20Sollasi%20entdecken&#8220;][\/vc_column][vc_column width=&#8220;1\/2&#8243;][vc_single_image image=&#8220;11947&#8243; img_size=&#8220;large&#8220;][vc_column_text]<\/p>\n<h3>Campingplatz Le Parage<\/h3>\n<p>Der Name dieses Campingplatzes stammt aus dem Franz\u00f6sischen und bedeutet \u201edie Region hinter den D\u00fcnen\u201c. Le Parage macht seinem Namen alle Ehre denn hier erleben Sie das Camping in Noordwijk direkt neben Naturschutzgebiet \u201eHollands Duin\u201c, umgeben von D\u00fcnen und Gr\u00fcnfl\u00e4chen.<\/p>\n<p>Le Parage ist ein ruhiger Campingplatz in Noordwijk aan Zee und verf\u00fcgt \u00fcber 34 ger\u00e4umige Stellpl\u00e4tze f\u00fcr Zelte und Wohnwagen:<\/p>\n<ul>\n<li>Stellpl\u00e4tze mit 6 Ampere Strom<\/li>\n<li>Wohmobilstellpl\u00e4tze mit 10 Ampere Strom<\/li>\n<li>Moderne Sanit\u00e4ranlagen mit warmen Duschen<\/li>\n<\/ul>\n<p>F\u00fcr die Freizeitgestaltung haben Sie die Wahl aus Sportplatz, Fu\u00dfball- bzw. Basketballk\u00e4fig und einem Spielplatz f\u00fcr Kinder. Im Bistro mit Fernseher und Bar k\u00f6nnen Sie erfrischende Getr\u00e4nke und Snacks kaufen. Nat\u00fcrlich gibt es auch hier gratis WLAN und Ihr Hund ist auch willkommen.[\/vc_column_text][vc_btn title=&#8220;Mehr \u00fcber den Campingplatz Le Parage&#8220; color=&#8220;blue&#8220; link=&#8220;url:https%3A%2F%2Fwww.sollasi.nl%2Fde%2Fcamping-le-parage%2F|title:Le%20Parage&#8220;][vc_column_text]<\/p>\n<h2>Camping in Noordwijk zwischen Blumenfeldern und Keukenhof<\/h2>\n<p>Le Parage ist ein kleiner Campingplatz mit charmanter Atmosph\u00e4re und eignet sich auch sehr gut f\u00fcr Familien. Von hier aus k\u00f6nnen Sie sch\u00f6ne Tagesausfl\u00fcge unternehmen.<\/p>\n<h4>Keukenhof<\/h4>\n<p>Sicherlich haben Sie schon einmal vom <a href=\"https:\/\/keukenhof.nl\/de\/\" target=\"_blank\" rel=\"noopener\">Keukenhof<\/a> in Holland geh\u00f6rt. Diese riesige Gartenanlage zieht vor allem zur Bl\u00fctezeit der Tulpen viele Touristen an \u2013 und das zurecht. Lassen Sie die bunten Blumen mit all den verschiedenen Farben auf sich wirken, ein einzigartiges Erlebnis. Und das Beste: von unserem Campingplatz k\u00f6nnen Sie sogar mit dem Fahrrad zum Keukenhof fahren!<\/p>\n<h4>Blumenfelder<\/h4>\n<p>Unsere Region in Noordwijk ist auch f\u00fcr ihre vielen Blumenfelder bekannt. Fahren Sie mit dem Rad oder laufen Sie durch die D\u00fcnen, entlang des Strandes und entdecken Sie die verschiedenen Blumenfelder aus n\u00e4chster N\u00e4he.<\/p>\n<h4>Ausfl\u00fcge<\/h4>\n<p>Nat\u00fcrlich gibt es noch viele weitere sch\u00f6ne Aktivit\u00e4ten in der Umgebung. Ob Sie nun aktiv werden, mit Ihren Kindern in einen Freizeitpark fahren, Kultur schnuppern oder St\u00e4dtetouren machen wollen: Unser Campingplatz in Noordwijk ist durch die praktische Lage der perfekte Ausgangsort f\u00fcr alles.[\/vc_column_text][vc_column_text]<\/p>\n<h3>Camping bei Zandvoort<\/h3>\n<p>Nicht nur Noordwijk lohnt sich f\u00fcr einen Urlaub an der K\u00fcste Hollands. Ein weiterer beliebter Ort ist <a href=\"https:\/\/sollasi.nl\/de\/camping-zandvoort\/\">Zandvoort<\/a>, den Sie \u00fcber einen herrlichen Radweg durch die D\u00fcnen erreichen. Von Sollasi aus sind es ungef\u00e4hr 30 Minuten mit dem Fahrrad nach Zandvoort &#8211; ein lohnenswerter Ausflug![\/vc_column_text][vc_btn title=&#8220;Mehr Tipps f\u00fcr die Umgebung&#8220; color=&#8220;blue&#8220; link=&#8220;url:https%3A%2F%2Fwww.sollasi.nl%2Fde%2Funternehmungen-in-der-umgebung%2F|title:Umgebung&#8220;][\/vc_column][\/vc_row][vc_row][vc_column][vc_column_text]<\/p>\n<h2 style=\"text-align: center;\">Camping in Noordwijk: Buchen Sie Ihren Stellplatz<\/h2>\n<p style=\"text-align: center;\">Warten Sie nicht l\u00e4nger und reservieren Sie Ihren Lieblingsplatz auf unserem Campingplatz in Noordwijk. Die K\u00fcstenregion mit der sch\u00f6nen Lage direkt am Meer ist immer einen Besuch wert. Hier erleben Sie einen entspannten Urlaub und tun Ihrer Seele etwas Gutes.<\/p>\n<p>[\/vc_column_text][vc_btn title=&#8220;Campingurlaub in Noordwijk reservieren&#8220; color=&#8220;blue&#8220; align=&#8220;center&#8220; link=&#8220;url:https%3A%2F%2Fwww.sollasi.nl%2Fde%2F|title:Direkt%20buchen&#8220;][\/vc_column][\/vc_row][vc_row][vc_column][vc_column_text css=&#8220;.vc_custom_1708182365300{padding-top: 15px !important;padding-right: 15px !important;padding-bottom: 15px !important;padding-left: 15px !important;background-color: #dce3f2 !important;}&#8220;]<\/p>\n<h2><span style=\"font-weight: 600;\">H\u00e4ufig gestellte Fragen (FAQs)<\/span><\/h2>\n<h3><b>1. Wie gro\u00df sind die Stellpl\u00e4tze auf dem Campingplatz Sollasi?<\/b><\/h3>\n<p><span style=\"font-weight: 400;\">Die Stellpl\u00e4tze auf dem Campingplatz Sollasi sind gro\u00dfz\u00fcgig bemessen und bieten eine Fl\u00e4che von 10 x 8 Metern. So haben Sie ausreichend Platz f\u00fcr Ihren Wohnwagen, Ihr Zelt oder Ihr Wohnmobil.<\/span><\/p>\n<h3><b>2. Gibt es auf den Stellpl\u00e4tzen Wasseranschl\u00fcsse?<\/b><\/h3>\n<p><span style=\"font-weight: 400;\">Ja, alle Stellpl\u00e4tze auf dem Campingplatz Sollasi verf\u00fcgen \u00fcber Wasserh\u00e4hne direkt am Stellplatz, sodass Sie bequem Zugang zu Frischwasser haben.<\/span><\/p>\n<h3><b>3. Wie ist die Stromversorgung auf den Stellpl\u00e4tzen geregelt?<\/b><\/h3>\n<p><span style=\"font-weight: 400;\">Die Stellpl\u00e4tze auf dem Campingplatz Sollasi sind mit elektrischen Anschl\u00fcssen ausgestattet, die eine Stromversorgung von 10 Ampere erm\u00f6glichen.<\/span><\/p>\n<h3><b>4. Ist WLAN auf dem Campingplatz verf\u00fcgbar?<\/b><\/h3>\n<p><span style=\"font-weight: 400;\">Ja, Sie haben kostenlosen Zugang zum WLAN auf dem gesamten Campingplatz Sollasi. So k\u00f6nnen Sie bequem online bleiben und Ihre Erlebnisse teilen.<\/span><\/p>\n<h3><b>5. K\u00f6nnen Hunde mit auf den Campingplatz?<\/b><\/h3>\n<p><span style=\"font-weight: 400;\">Ja, auf dem Campingplatz Sollasi sind Hunde herzlich willkommen. Bitte informieren Sie sich \u00fcber unsere Regeln f\u00fcr das Camping mit Hund in Noordwijk.<\/span>[\/vc_column_text][\/vc_column][\/vc_row]<\/p>\n","protected":false},"excerpt":{"rendered":"<p>[vc_row][vc_column][vc_column_text][\/vc_column_text][\/vc_column][vc_column width=&#8220;1\/2&#8243;][vc_column_text] Camping in Noordwijk bei Sollasi Der Ferienort Noordwijk liegt an der holl\u00e4ndischen K\u00fcste in der Provinz S\u00fcdholland und ist ein beliebtes Urlaubsziel u.a. f\u00fcr Camping in Noordwijk. Der traumhafte breite Sandstrand l\u00e4dt im Sommer zum Sonnenbaden sowie im Winter zu langen Spazierg\u00e4ngen ein. Auf unseren Campingpl\u00e4tzen finden Sie Ihren neuen Lieblingsort zwischen D\u00fcnen, Wald und Blumenfeldern.[\/vc_column_text][vc_btn title=&#8220;Direkt buchen&#8220; color=&#8220;blue&#8220; link=&#8220;url:https%3A%2F%2Fsollasi.nl%2Fde%2Fcamping-sollasi%2Freservieren%2F|title:Direkt%20buchen&#8220;][vc_column_text] Bungalowpark &amp; Campingplatz Sollasi in Noordwijk Sollasi ist ein Bungalowpark und ein Campingplatz zugleich. Neben Ferienunterk\u00fcnften f\u00fcr 2 &#8230; <\/p>\n<p class=\"read-more-container\"><a title=\"Camping in Noordwijk\" class=\"read-more button\" href=\"https:\/\/sollasi.nl\/de\/camping-in-noordwijk\/#more-7502\">Read More<span class=\"screen-reader-text\">Camping in Noordwijk<\/span><\/a><\/p>\n","protected":false},"author":5,"featured_media":0,"parent":0,"menu_order":0,"comment_status":"closed","ping_status":"closed","template":"","meta":{"footnotes":""},"class_list":["post-7502","page","type-page","status-publish"],"_links":{"self":[{"href":"https:\/\/sollasi.nl\/de\/wp-json\/wp\/v2\/pages\/7502","targetHints":{"allow":["GET"]}}],"collection":[{"href":"https:\/\/sollasi.nl\/de\/wp-json\/wp\/v2\/pages"}],"about":[{"href":"https:\/\/sollasi.nl\/de\/wp-json\/wp\/v2\/types\/page"}],"author":[{"embeddable":true,"href":"https:\/\/sollasi.nl\/de\/wp-json\/wp\/v2\/users\/5"}],"replies":[{"embeddable":true,"href":"https:\/\/sollasi.nl\/de\/wp-json\/wp\/v2\/comments?post=7502"}],"version-history":[{"count":22,"href":"https:\/\/sollasi.nl\/de\/wp-json\/wp\/v2\/pages\/7502\/revisions"}],"predecessor-version":[{"id":12988,"href":"https:\/\/sollasi.nl\/de\/wp-json\/wp\/v2\/pages\/7502\/revisions\/12988"}],"wp:attachment":[{"href":"https:\/\/sollasi.nl\/de\/wp-json\/wp\/v2\/media?parent=7502"}],"curies":[{"name":"wp","href":"https:\/\/api.w.org\/{rel}","templated":true}]}}