{"id":7510,"date":"2022-10-31T16:11:24","date_gmt":"2022-10-31T16:11:24","guid":{"rendered":"https:\/\/sollasi.nl\/?page_id=7510"},"modified":"2025-10-31T14:44:52","modified_gmt":"2025-10-31T14:44:52","slug":"camping-mit-hund-in-holland","status":"publish","type":"page","link":"https:\/\/sollasi.nl\/de\/camping-mit-hund-in-holland\/","title":{"rendered":"Camping mit Hund in Holland"},"content":{"rendered":"<p>[vc_row][vc_column][vc_column_text]<div id=\"metaslider-id-10511\" style=\"width: 100%;\" class=\"ml-slider-3-108-0 metaslider metaslider-nivo metaslider-10511 ml-slider ms-theme-default\" role=\"region\" aria-label=\"Camping mit Hund in Holland\" data-height=\"495\" data-width=\"1980\">\n    <div id=\"metaslider_container_10511\">\n        <div class='slider-wrapper theme-default'><div class='ribbon'><\/div><div id='metaslider_10511' class='nivoSlider'><img loading=\"lazy\" decoding=\"async\" src=\"https:\/\/sollasi.nl\/wp-content\/uploads\/2024\/05\/camping-mit-hund-in-holland.jpg\" height=\"495\" width=\"1980\" title=\"camping mit hund in holland\" alt=\"camping mit hund in holland am meer\" class=\"slider-10511 slide-10515 msDefaultImage\" \/><img loading=\"lazy\" decoding=\"async\" src=\"https:\/\/sollasi.nl\/wp-content\/uploads\/2023\/12\/camping-zandvoort-sollasi-von-oben-800x200.jpg\" height=\"495\" width=\"1980\" title=\"camping zandvoort sollasi von oben\" alt=\"Camping mit Hund in Holland Sollasi von oben\" class=\"slider-10511 slide-10517 msDefaultImage\" \/><\/div><\/div>\n        \n    <\/div>\n<\/div>[\/vc_column_text][\/vc_column][vc_column width=&#8220;1\/2&#8243;][vc_column_text]Sie tr\u00e4umen von Camping mit Hund in Holland? Wie w\u00e4re es mit einem Campingplatz im Gr\u00fcnen, wo auch noch Strand und Meer in der N\u00e4he sind? Das lieben Hunde genauso wie wir Menschen!<\/p>\n<p>Der <strong>Ferienpark Sollasi<\/strong> hat zwei Campingpl\u00e4tze &#8211; Camping Sollasi und Camping Le Parage &#8211; und einen Bungalowpark in Noordwijkerhout an der niederl\u00e4ndischen Nordseek\u00fcste. Sowohl auf den Campingstellpl\u00e4tzen als auch in den Bungalows sind <strong>Hunde willkommen<\/strong>.[\/vc_column_text][vc_btn title=&#8220;Direkt buchen&#8220; color=&#8220;blue&#8220; link=&#8220;url:https%3A%2F%2Fsollasi.nl%2Fde%2Fbungalowpark-sollasi%2Freserveren-bij-bungalowpark-sollasi%2F|title:Direkt%20buchen&#8220;][vc_column_text]<\/p>\n<h2><b>Ideale Lage f\u00fcr ausgiebige Spazierg\u00e4nge mit Hund<\/b><\/h2>\n<p><span style=\"font-weight: 400;\">Der Ferienpark und Campingplatz Sollasi ist nur <strong>2,5 km vom Strand \u201eLangevelderslag\u201c<\/strong> entfernt, wo Sie und Ihr Hund Sonne, Strand und Meer genie\u00dfen k\u00f6nnen. Von Juni bis September m\u00fcssen Sie Ihren Hund an die Leine nehmen, aber von September bis Juni darf Ihr Vierbeiner sich auch ohne Leine \u00fcber den Sand rennen.<\/span><\/p>\n<p><span style=\"font-weight: 400;\">Dank der vielen sch\u00f6nen <strong>Wanderwege durch Wald und D\u00fcnen<\/strong> haben Sie genug Abwechslung. Direkt beim Bungalowpark und Campingplatz Sollasi liegt der<strong> See \u201eOosterduinse Meer\u201c<\/strong>, wo Sie ebenfalls sch\u00f6ne Spazierg\u00e4nge machen k\u00f6nnen. <\/span><\/p>\n<p><span style=\"font-weight: 400;\">Camping Le Parage ist n\u00e4her an Wald und D\u00fcnen und ein wenig ruhiger gelegen, ebenfalls ideal f\u00fcr lange Wanderungen. Klingt das nicht ideal f\u00fcr Camping mit Hund in Holland?<\/span>[\/vc_column_text][vc_single_image image=&#8220;12971&#8243; img_size=&#8220;large&#8220;][vc_column_text]<\/p>\n<h2><b>Wo in Holland gibt es hundefreundliche Stellpl\u00e4tze?<\/b><\/h2>\n<p><span style=\"font-weight: 400;\">Alle Stellpl\u00e4tze bei Camping Sollasi und Camping Le Parage sind f\u00fcrs Camping mit Hund in Holland geeignet. Doch was sind die Unterschiede zwischen den beiden Campingpl\u00e4tzen?<\/span><\/p>\n<h3><b>Camping Sollasi<\/b><\/h3>\n<p><span style=\"font-weight: 400;\">Camping Sollasi liegt <strong>direkt am See<\/strong> mit Strand und Liegewiesen, zur Nordsee sind es nur 2,5 km. Direkt am See befindet sich die Restaurants Voli\u00e9re und Como &amp; Co, wo Sie leckere Gerichte genie\u00dfen k\u00f6nnen. Au\u00dferdem gibt es u.a. einen Spielplatz f\u00fcr die Kinder und ausgezeichnetes Sanit\u00e4r mit einem beheizten Kinderbereich, einem Waschsalon und einer Entsorgungsstation f\u00fcr Chemietoiletten. Ein Fahrradverleih und ein Fahrradabstellplatz sind ebenfalls direkt vor Ort im Park.<\/span><\/p>\n<p><b>Stellplatz-Merkmale:\u00a0\u00a0<\/b><\/p>\n<ul>\n<li style=\"font-weight: 400;\" aria-level=\"1\"><span style=\"font-weight: 400;\">Stellpl\u00e4tze (ca. 80 m\u00b2) mit Strom (10 Amp\u00e8re) und Frischwasser<\/span><\/li>\n<li style=\"font-weight: 400;\" aria-level=\"1\"><span style=\"font-weight: 400;\">Privatsanit\u00e4r m\u00f6glich<\/span><\/li>\n<li style=\"font-weight: 400;\" aria-level=\"1\"><span style=\"font-weight: 400;\">Geeignet f\u00fcr Wohnwagen, Wohnmobil oder Zelt<\/span><\/li>\n<li style=\"font-weight: 400;\" aria-level=\"1\"><span style=\"font-weight: 400;\">Maximal 2 Hunde pro Stellplatz\u00a0<\/span><\/li>\n<li style=\"font-weight: 400;\" aria-level=\"1\"><span style=\"font-weight: 400;\">Kostenloses WLAN<\/span><\/li>\n<\/ul>\n<p>[\/vc_column_text][vc_btn title=&#8220;Mehr \u00fcber den Campingplatz Sollasi&#8220; color=&#8220;blue&#8220; link=&#8220;url:https%3A%2F%2Fsollasi.nl%2Fde%2Fcamping-sollasi%2F|title:Mehr%20%C3%BCber%20den%20Campingplatz%20Sollasi&#8220;][vc_single_image image=&#8220;7515&#8243; img_size=&#8220;large&#8220;][\/vc_column][vc_column width=&#8220;1\/2&#8243;][vc_column_text]<\/p>\n<h3><b>Camping Le Parage<\/b><\/h3>\n<p><span style=\"font-weight: 400;\">Camping Le Parage liegt am Rande des Wald- und D\u00fcnengebietes von Noordwijkerhout und ist der ideale Ausgangspunkt f\u00fcr Wanderungen mit Hund oder Fahrradtouren. Der charmante Mini-Campingplatz ist sehr geeignet f\u00fcr Hundebesitzer und Familien mit (kleinen) Kindern. Moderne sanit\u00e4re Einrichtungen mit einem beheiztem Kleinkindbereich und Waschk\u00fcche sorgen f\u00fcr einen angenehmen Campingaufenthalt. Dar\u00fcber hinaus ist der Park mit einem Aufenthaltsraum mit TV und Bar, Sportfelder f\u00fcr Fu\u00dfball und Basketball sowie einem Spielplatz ausgestattet.<\/span><\/p>\n<p><b>Stellplatz-Merkmale:<\/b><\/p>\n<ul>\n<li style=\"font-weight: 400;\" aria-level=\"1\"><span style=\"font-weight: 400;\">34 gro\u00dfz\u00fcgige Stellpl\u00e4tze mit Strom (6 Amp\u00e8re) und Frischwasser<\/span><\/li>\n<li style=\"font-weight: 400;\" aria-level=\"1\"><span style=\"font-weight: 400;\">27 WoMo-Stellpl\u00e4tze mit Strom (10 Amp\u00e8re) und Frisch- und Abwasser<\/span><\/li>\n<li style=\"font-weight: 400;\" aria-level=\"1\"><span style=\"font-weight: 400;\">Hunde willkommen<\/span><\/li>\n<li style=\"font-weight: 400;\" aria-level=\"1\"><span style=\"font-weight: 400;\">Kostenloses WLAN<\/span><\/li>\n<\/ul>\n<p>[\/vc_column_text][vc_btn title=&#8220;Mehr \u00fcber den Campingplatz Le Parage&#8220; color=&#8220;blue&#8220; link=&#8220;url:https%3A%2F%2Fwww.sollasi.nl%2Fde%2Fcamping-le-parage%2F|title:Mehr%20%C3%BCber%20den%20Campingplatz%20Le%20Parage&#8220;][vc_column_text]<\/p>\n<h2><strong>Ist auch im Ferienhaus ein Hund erlaubt?<\/strong><\/h2>\n<p>Ist es zu kalt zum Campen oder bevorzugen Sie doch etwas mehr Komfort? Dann sollten Sie sich unsere sch\u00f6nen Ferienh\u00e4user im Bungalowpark Sollasi ansehen. In allen unseren Bungalows (au\u00dfer in den Studios f\u00fcr 2 Personen) k\u00f6nnen Sie Ihren Hund mitnehmen. Die Bungalows sind f\u00fcr 4-6 Personen geeignet und k\u00f6nnen wahlweise mit extra Komfort-Ausstattung gebucht werden.[\/vc_column_text][vc_btn title=&#8220;Bungalowpark Sollasi entdecken&#8220; color=&#8220;blue&#8220; link=&#8220;url:https%3A%2F%2Fwww.sollasi.nl%2Fbungalowpark-sollasi%2F|title:Bungalowpark%20Sollasi%20entdecken&#8220;][vc_column_text]<\/p>\n<h2><b>Welche Ausfl\u00fcge kann ich in Holland mit Hund unternehmen?<\/b><\/h2>\n<p><span style=\"font-weight: 400;\">Beim Camping mit Hund in Holland will man nat\u00fcrlich auch mal etwas unternehmen. Ausflugsziele gibt es in S\u00fcd-Holland mehr als genug, f\u00fcr Jung und Alt.<\/span><\/p>\n<h3>Tulpenbl\u00fcte erleben<\/h3>\n<p><span style=\"font-weight: 400;\">In der Bl\u00fctezeit im Fr\u00fchling zieht es nicht nur Touristen, sondern auch Niederl\u00e4nder die ber\u00fchmte D\u00fcnen- und Blumenzwiebelregion <\/span><a href=\"https:\/\/bollenstreek.nl\/?lang=de\" target=\"_blank\" rel=\"noopener\"><b>Bollenstreek<\/b><\/a> bewundern.<span style=\"font-weight: 400;\"> Der Ferienpark Sollasi liegt mittendrin! Ein besonderer Tipp ist der j\u00e4hrlich im April stattfindende Blumenkorso. Die mit Blumen verzierten Wagen sind unter anderem ganz in der N\u00e4he in Noordwijk zu bewundern.<\/span><\/p>\n<h3>Bl\u00fctenpracht im ber\u00fchmten Keukenhof<\/h3>\n<p><span style=\"font-weight: 400;\">Der <\/span><b>Blumenpark <a href=\"https:\/\/keukenhof.nl\/de\/\" target=\"_blank\" rel=\"noopener\">Keukenhof<\/a><\/b><span style=\"font-weight: 400;\"> ist ebenfalls nur ein paar Kilometer entfernt und mit dem Fahrrad erreichbar. Keukenhof bietet neben den weltweit bekannten Blumenausstellungen einen Skulpturenpark und einen Streichelzoo, ein Labyrinth und einen Spielplatz f\u00fcr Kinder.<\/span><\/p>\n<h3>Noordwijk und andere St\u00e4dte erleben<\/h3>\n<p><span style=\"font-weight: 400;\">Unser Campingplatz liegt ganz in der N\u00e4he von Nordwijk, einem der beliebtesten Orte an der K\u00fcste S\u00fcdhollands mit seinem breiten Sandstrand und der sch\u00f6nen Promenade. Kultur- und Shoppingliebhaber zieht es in die lebhaften <\/span><a href=\"https:\/\/sollasi.nl\/de\/unternehmungen-in-der-umgebung\/staedtetouren\/\"><b>St\u00e4dte<\/b><\/a><span style=\"font-weight: 400;\"> Amsterdam, Leiden und Haarlem. Etwas gem\u00fctlicher geht es in den D\u00f6rfern Lisse und Hillegom zu.<\/span><\/p>\n<h3>Ausfl\u00fcge mit der Familie<\/h3>\n<p><span style=\"font-weight: 400;\">Auch f\u00fcr Kinder hat die Region viel zu bieten. Empfehlenswert sind <\/span><a href=\"https:\/\/sollasi.nl\/de\/unternehmungen-in-der-umgebung\/kinder\/\"><b>Familienausfl\u00fcge<\/b><\/a><span style=\"font-weight: 400;\"> zum Freizeitpark Duinrell, Sea Life Scheveningen, Familienpark Drievliet und Riesenspielplatz Linnaeushof.<\/span>[\/vc_column_text][vc_column_text]<\/p>\n<h2><b>Campingurlaub mit Hund in Holland buchen<\/b><\/h2>\n<p><span style=\"font-weight: 400;\">Auch Ihr Hund hat einen fantastischen Urlaub mit ausgiebigen Spazierg\u00e4ngen und viel Auslauf verdient. Kommen Sie f\u00fcrs Camping mit Hund in Holland in die sch\u00f6nste Region der Niederlande und buchen Sie Ihren Campingurlaub bei Ferienpark Sollasi. Camping Sollasi und Camping Le Parage hei\u00dfen Sie herzlich willkommen.<\/span>[\/vc_column_text][vc_btn title=&#8220;Jetzt Stellplatz reservieren&#8220; color=&#8220;blue&#8220; link=&#8220;url:https%3A%2F%2Fsollasi.nl%2Fde%2F|title:Stellplatz%20buchen&#8220;][\/vc_column][\/vc_row][vc_row][vc_column][vc_column_text css=&#8220;.vc_custom_1714034054214{padding-top: 15px !important;padding-right: 15px !important;padding-bottom: 15px !important;padding-left: 15px !important;background-color: #dce3f2 !important;}&#8220;]<\/p>\n<h2><span style=\"font-weight: 600;\">H\u00e4ufig gestellte Fragen (FAQs)<\/span><\/h2>\n<h3><b>Wie ist die Lage f\u00fcr Spazierg\u00e4nge mit Hund bei Sollasi?<\/b><\/h3>\n<p><span style=\"font-weight: 400;\">Der Ferienpark ist nur 2,5 km vom Strand &#8222;Langevelderslag&#8220; entfernt, ideal f\u00fcr Sonne, Strand und Meer mit Ihrem Hund. Von Juni bis September an der Leine, sonst kann Ihr Vierbeiner frei am Strand herumtollen. Wald- und D\u00fcnenwege bieten Abwechslung, und der See &#8222;Oosterduinse Meer&#8220; ist ein weiteres sch\u00f6nes Spazierziel.<\/span><\/p>\n<h3><b>Welche Annehmlichkeiten bietet Campingplatz Sollasi f\u00fcr Hundebesitzer?<\/b><\/h3>\n<p><span style=\"font-weight: 400;\">Sollasi bietet hundefreundliche Stellpl\u00e4tze mit 10 Amp\u00e8re Strom und Frischwasser. Auf dem Gel\u00e4nde gibt es ein Restaurant, einen Spielplatz, ausgezeichnete Sanit\u00e4ranlagen, und Hunde sind herzlich willkommen.<\/span><\/p>\n<h3><b>Welche Besonderheiten hat Camping Le Parage f\u00fcr Hundebesitzer?<\/b><\/h3>\n<p><span style=\"font-weight: 400;\">Camping Le Parage liegt am Wald- und D\u00fcnengebiet, perfekt f\u00fcr lange Spazierg\u00e4nge. Der Mini-Campingplatz hat moderne sanit\u00e4re Einrichtungen, einen Aufenthaltsraum mit TV und Bar, Sportfelder und einen Spielplatz.<\/span><\/p>\n<h3><b>Welche Merkmale haben die Stellpl\u00e4tze bei Campingplatz Sollasi?<\/b><\/h3>\n<p><span style=\"font-weight: 400;\">Die Stellpl\u00e4tze sind ca. 80 m\u00b2 gro\u00df, mit 10 Amp\u00e8re Strom und Frischwasser. Privatsanit\u00e4r ist m\u00f6glich, und pro Stellplatz sind maximal 2 Hunde erlaubt. Kostenloses WLAN ist verf\u00fcgbar.<\/span><\/p>\n<h3><b>Was zeichnet die Stellpl\u00e4tze bei Campingplatz Le Parage aus?<\/b><\/h3>\n<p><span style=\"font-weight: 400;\">Auf Le Parage gibt es 34 gro\u00dfz\u00fcgige Stellpl\u00e4tze mit 6 Amp\u00e8re Strom und Frischwasser sowie 27 WoMo-Stellpl\u00e4tze mit 10 Amp\u00e8re Strom und Frisch- und Abwasser. Hunde sind willkommen, und kostenloses WLAN steht zur Verf\u00fcgung.<\/span>[\/vc_column_text][\/vc_column][\/vc_row][vc_row][vc_column][\/vc_column][\/vc_row]<\/p>\n","protected":false},"excerpt":{"rendered":"<p>[vc_row][vc_column][vc_column_text][\/vc_column_text][\/vc_column][vc_column width=&#8220;1\/2&#8243;][vc_column_text]Sie tr\u00e4umen von Camping mit Hund in Holland? Wie w\u00e4re es mit einem Campingplatz im Gr\u00fcnen, wo auch noch Strand und Meer in der N\u00e4he sind? Das lieben Hunde genauso wie wir Menschen! Der Ferienpark Sollasi hat zwei Campingpl\u00e4tze &#8211; Camping Sollasi und Camping Le Parage &#8211; und einen Bungalowpark in Noordwijkerhout an der niederl\u00e4ndischen Nordseek\u00fcste. Sowohl auf den Campingstellpl\u00e4tzen als auch in den Bungalows sind Hunde willkommen.[\/vc_column_text][vc_btn title=&#8220;Direkt buchen&#8220; color=&#8220;blue&#8220; link=&#8220;url:https%3A%2F%2Fsollasi.nl%2Fde%2Fbungalowpark-sollasi%2Freserveren-bij-bungalowpark-sollasi%2F|title:Direkt%20buchen&#8220;][vc_column_text] Ideale Lage f\u00fcr ausgiebige Spazierg\u00e4nge mit Hund &#8230; <\/p>\n<p class=\"read-more-container\"><a title=\"Camping mit Hund in Holland\" class=\"read-more button\" href=\"https:\/\/sollasi.nl\/de\/camping-mit-hund-in-holland\/#more-7510\">Read More<span class=\"screen-reader-text\">Camping mit Hund in Holland<\/span><\/a><\/p>\n","protected":false},"author":5,"featured_media":0,"parent":0,"menu_order":0,"comment_status":"closed","ping_status":"closed","template":"","meta":{"footnotes":""},"class_list":["post-7510","page","type-page","status-publish"],"_links":{"self":[{"href":"https:\/\/sollasi.nl\/de\/wp-json\/wp\/v2\/pages\/7510","targetHints":{"allow":["GET"]}}],"collection":[{"href":"https:\/\/sollasi.nl\/de\/wp-json\/wp\/v2\/pages"}],"about":[{"href":"https:\/\/sollasi.nl\/de\/wp-json\/wp\/v2\/types\/page"}],"author":[{"embeddable":true,"href":"https:\/\/sollasi.nl\/de\/wp-json\/wp\/v2\/users\/5"}],"replies":[{"embeddable":true,"href":"https:\/\/sollasi.nl\/de\/wp-json\/wp\/v2\/comments?post=7510"}],"version-history":[{"count":29,"href":"https:\/\/sollasi.nl\/de\/wp-json\/wp\/v2\/pages\/7510\/revisions"}],"predecessor-version":[{"id":12979,"href":"https:\/\/sollasi.nl\/de\/wp-json\/wp\/v2\/pages\/7510\/revisions\/12979"}],"wp:attachment":[{"href":"https:\/\/sollasi.nl\/de\/wp-json\/wp\/v2\/media?parent=7510"}],"curies":[{"name":"wp","href":"https:\/\/api.w.org\/{rel}","templated":true}]}}