{"id":7527,"date":"2022-11-01T08:14:36","date_gmt":"2022-11-01T08:14:36","guid":{"rendered":"https:\/\/sollasi.nl\/?page_id=7527"},"modified":"2024-11-12T12:53:17","modified_gmt":"2024-11-12T12:53:17","slug":"camping-duenen-holland","status":"publish","type":"page","link":"https:\/\/sollasi.nl\/de\/camping-duenen-holland\/","title":{"rendered":"Camping in den D\u00fcnen in Holland"},"content":{"rendered":"<p>[vc_row][vc_column][vc_column_text]<div id=\"metaslider-id-10831\" style=\"width: 100%;\" class=\"ml-slider-3-107-0 metaslider metaslider-nivo metaslider-10831 ml-slider ms-theme-default\" role=\"region\" aria-label=\"D\u00fcnen landingspagina\" data-height=\"495\" data-width=\"1980\">\n    <div id=\"metaslider_container_10831\">\n        <div class='slider-wrapper theme-default'><div class='ribbon'><\/div><div id='metaslider_10831' class='nivoSlider'><img loading=\"lazy\" decoding=\"async\" src=\"https:\/\/sollasi.nl\/wp-content\/uploads\/2024\/06\/Camping-in-Noordwijk-Sollasi.jpg\" height=\"495\" width=\"1980\" title=\"Camping in Noordwijk Sollasi\" alt=\"Camping in den D\u00fcnen in Noordwijk Sollasi\" class=\"slider-10831 slide-10832 msDefaultImage\" \/><img loading=\"lazy\" decoding=\"async\" src=\"https:\/\/sollasi.nl\/wp-content\/uploads\/2024\/06\/Camping-Dunen-Holland-Sollasi.jpg\" height=\"495\" width=\"1980\" title=\"Camping D\u00fcnen Holland Sollasi\" alt=\"Camping D\u00fcnen Holland Sollasi\" class=\"slider-10831 slide-10833 msDefaultImage\" \/><img loading=\"lazy\" decoding=\"async\" src=\"https:\/\/sollasi.nl\/wp-content\/uploads\/2023\/09\/Le-parage-camperplaatsen.webp\" height=\"495\" width=\"1980\" title=\"Le-parage-camperplaatsen\" alt=\"Camping Le Parage in den D\u00fcnen Holland\" class=\"slider-10831 slide-10834 msDefaultImage\" \/><\/div><\/div>\n        \n    <\/div>\n<\/div>[\/vc_column_text][\/vc_column][vc_column width=&#8220;1\/2&#8243;][vc_column_text]Noordwijk aan Zee ist einer der beliebtesten K\u00fcstenorte vieler Touristen. Die breiten Sandstr\u00e4nde, das gro\u00dfe D\u00fcnengebiet und die Meeresluft eignen sich ausgezeichnet f\u00fcr das Camping in den D\u00fcnen in Holland. Darum bieten wir bei Sollasi verschiedene Stellpl\u00e4tze f\u00fcr Ihren <a href=\"https:\/\/www.sollasi.nl\/de\/camping-in-noordwijk\/\">Camping Urlaub in Noordwijk<\/a> an.<\/p>\n<h2>Campingplatz Le Parage in den D\u00fcnen<\/h2>\n<p>Le Parage ist einer unserer zwei Campingpl\u00e4tze und liegt direkt am Wald und an den D\u00fcnen von Noordwijkerhout. Der ruhige und \u00fcberschaubare Platz ist perfekt f\u00fcr einen Urlaub zu zweit oder f\u00fcr einen Familienurlaub. In nur wenigen Minuten sind Sie mit dem Fahrrad am Strand Langevelderslag. Fahren Sie durch die D\u00fcnen und genie\u00dfen Sie die besondere Atmosph\u00e4re der K\u00fcste.[\/vc_column_text][vc_column_text]Die 34 Stellpl\u00e4tze f\u00fcr Wohnwagen und Zelte bieten gen\u00fcgend Platz und versorgen Sie mit 6 Amp\u00e8re Strom und Frischwasser. F\u00fcr Urlaub mit Camper stehen 27 WoMo-Stellpl\u00e4tze mit 10 Amp\u00e8re Strom sowie Frisch- und Abwasseranschluss zur Verf\u00fcgung. Das WLAN ist auf allen Pl\u00e4tzen kostenlos. Hunde sind herzlich willkommen. Au\u00dferdem gibt es hier:<\/p>\n<ul>\n<li>Fu\u00dfball- und Basketballplatz<\/li>\n<li>Tischtennisplatte<\/li>\n<li>Spielplatz<\/li>\n<li>Modernes Sanit\u00e4rgeb\u00e4ude<\/li>\n<li>Imbiss &amp; Aufenthaltsraum<\/li>\n<\/ul>\n<p>Der bekannte Strand von Zandvoort ist auch nur 11 Kilometer vom Campingplatz Le Parage entfernt.[\/vc_column_text][vc_btn title=&#8220;Camping in den D\u00fcnen in Holland buchen&#8220; color=&#8220;blue&#8220; link=&#8220;url:https%3A%2F%2Fwww.sollasi.nl%2Fde%2Fcamping-le-parage%2F|title:Camping%20Le%20Parage%20in%20den%20D%C3%BCnen&#8220;][vc_single_image image=&#8220;7535&#8243; img_size=&#8220;full&#8220;][vc_column_text]<\/p>\n<h2>Campingplatz Sollasi<\/h2>\n<p>Der Ferienpark mit Campingplatz Sollasi ist nicht weit entfernt vom Camping Le Parage. Die D\u00fcnen und der Strand Langevelderslag sind von Camping Sollasi ebenso gut mit dem Fahrrad erreichbar.<\/p>\n<p>Wenn Sie einen sch\u00f6nen Ort f\u00fcr das Camping in den D\u00fcnen in Holland suchen, ist auch dieser Campingplatz gut geeignet. Der Baggersee \u201eOoserduinse Meer\u201c liegt direkt am Platz. Entweder entpannen Sie sich hier am Strand mit Liegewiese, oder Sie fahren durch die D\u00fcnen zum Meer.<\/p>\n<p>Auch hier gibt es verschiedene Freizeitaktivit\u00e4ten auf dem Gel\u00e4nde. Die Stellpl\u00e4tze sind ca. 80 m\u00b2 gro\u00df sowie mit einem 10 Ampere Stromanschluss und Frischwasser ausgestattet. F\u00fcr extra Komfort nutzen Sie das moderne, beheizte Sanit\u00e4rgeb\u00e4ude inkl. Bereich f\u00fcr Kleinkinder, einem Waschsalon und einer Entsorgungsstation f\u00fcr Chemietoiletten.[\/vc_column_text][vc_btn title=&#8220;Campingplatz Sollasi ansehen&#8220; color=&#8220;blue&#8220; link=&#8220;url:https%3A%2F%2Fwww.sollasi.nl%2Fde%2Fcamping-sollasi%2F|title:Campingplatz%20Sollasi%20in%20den%20D%C3%BCnen&#8220;][vc_column_text]Bevorzugen Sie ein Ferienhaus in einem Bungalowpark in Holland? Der Ferienpark Sollasi hat nicht nur ein Campingplatz, sondern auch einen <strong>Bungalowpark<\/strong>. Erfahren Sie\u00a0<a tabindex=\"-1\" href=\"https:\/\/www.sollasi.nl\/bungalowpark-sollasi\/\">hier<\/a> mehr \u00fcber die gem\u00fctlichen Bungalows in den D\u00fcnen in Holland.[\/vc_column_text][\/vc_column][vc_column width=&#8220;1\/2&#8243;][vc_single_image image=&#8220;10499&#8243; img_size=&#8220;full&#8220;][vc_column_text]<\/p>\n<h2>Ausflugsm\u00f6glichkeiten beim Camping in den D\u00fcnen in Holland<\/h2>\n<p>Beim Camping in den D\u00fcnen in Holland versp\u00fcren Sie bestimmt das Bed\u00fcrfnis, auch die Umgebung zu erkunden. Die Campingpl\u00e4tze Sollasi und Le Parage sind der perfekte Ausgangspunkt f\u00fcr Tagesausfl\u00fcge in die Region.<\/p>\n<p>Die St\u00e4dte Amsterdam, Den Haag und Rotterdam sind mit dem Auto leicht zu erreichen und absolut empfehlenswert. Nach einem langen Shopping- und Kulturtag k\u00f6nnen Sie sich auf Ihrem Stellplatz ausruhen.<\/p>\n<p>Etwas mehr Action gibt es in einem der Freizeitparks in der N\u00e4he. Ihre Kinder werden den Freizeitpark Duinrell, das Sea Life in Scheveningen oder den Familienpark Drievliet lieben. Machen Sie Ihren Camping Urlaub in den D\u00fcnen Hollands zu etwas besonderem und machen Sie einen sch\u00f6nen Tagesausflug mit der ganzen Familie.[\/vc_column_text][vc_btn title=&#8220;Umgebung entdecken&#8220; color=&#8220;blue&#8220; link=&#8220;url:https%3A%2F%2Fwww.sollasi.nl%2Fde%2Funternehmungen-in-der-umgebung%2F|title:Umgebung%20von%20Sollasi&#8220;][vc_column_text]<\/p>\n<h2>D\u00fcnen, Blumenfelder und Meer<\/h2>\n<p>Die direkte Umgebung rund um die Campingpl\u00e4tze \u00fcberrascht mit der vielf\u00e4ltigen Natur. Der Ferienpark liegt mitten in der wundersch\u00f6nen Blumenregion <strong>\u201e<a href=\"https:\/\/bollenstreek.nl\/ihr-bester-urlaub-niederlanden-beginnt-bollenstreek\/?lang=de\" target=\"_blank\" rel=\"noopener\">Bollenstreek<\/a>\u201c<\/strong>. Vor allem w\u00e4hrend der Bl\u00fctezeit der Tulpen ist das Camping in den D\u00fcnen von Holland eine richtige Augenweide. Erleben Sie w\u00e4hrend Ihrer Fahrradtour oder Wanderung selbst, wie die Felder in bunten Farben erstrahlen.<\/p>\n<p>Der <strong>Strandabschnitt Langevelderslag<\/strong> ist nur 2,5 km vom Ferienpark entfernt und auch hier sind Hunde erlaubt. Zwischen 1. September und 1. Juni d\u00fcrfen sich Hunde dort auch ohne Leine austoben. Rennt Ihr Hund auch so gerne durch den Sand?<\/p>\n<p>Neben Strand, Meer und D\u00fcnen hat die Umgebung von Bungalowpark Sollasi noch viel mehr zu bieten. Ein besonderes Highlight ist nat\u00fcrlich der <a href=\"https:\/\/keukenhof.nl\/de\/\" target=\"_blank\" rel=\"noopener\"><strong>Blumenpark Keukenhof<\/strong><\/a>, den Sie im Fr\u00fchjahr unbedingt besuchen sollten.[\/vc_column_text][vc_column_text]<\/p>\n<h3>Durch die D\u00fcnen nach Zandvoort<\/h3>\n<p>Unser Campingplatz liegt ganz in der N\u00e4he von <a title=\"Camping bei Zandvoort\" href=\"https:\/\/sollasi.nl\/de\/camping-zandvoort\/\">Zandvoort<\/a>. Es f\u00fchrt ein sch\u00f6ner Radweg durch die D\u00fcnen direkt zu dem beliebten K\u00fcstenort. Hier k\u00f6nnen Sie bummeln, ein Getr\u00e4nk in einer der Strandbars nehmen oder einfach die entspannte Stimmung an der Strandpromenade genie\u00dfen. Ein Ausflug nach Zandvoort ist unbedingt zu empfehlen![\/vc_column_text][vc_column_text]<\/p>\n<h2>Urlaub bei Sollasi buchen<\/h2>\n<p>Erleben Sie die sch\u00f6ne K\u00fcstenregion Noordwijk selbst und buchen Sie Ihren Camping Stellplatz in den D\u00fcnen Hollands hier auf unserer offiziellen Website.[\/vc_column_text][vc_btn title=&#8220;Stellplatz reservieren&#8220; color=&#8220;blue&#8220; link=&#8220;url:https%3A%2F%2Fwww.sollasi.nl%2Fde%2F&#8220;][\/vc_column][\/vc_row][vc_row][vc_column][vc_column_text css=&#8220;.vc_custom_1714377096838{padding-top: 15px !important;padding-right: 15px !important;padding-bottom: 15px !important;padding-left: 15px !important;background-color: #dce3f2 !important;}&#8220;]<\/p>\n<h2><span style=\"font-weight: 600;\">H\u00e4ufig gestellte Fragen (FAQs)<\/span><\/h2>\n<h3><b>Welche Ausflugsm\u00f6glichkeiten gibt rund um die D\u00fcnen in Holland?<\/b><\/h3>\n<p><span style=\"font-weight: 400;\">Die Umgebung bietet zahlreiche Ausflugsm\u00f6glichkeiten, darunter die ber\u00fchmtesten St\u00e4dte der Niederlande. Aber auch viele Freizeitparks sind leicht erreichbar. Die Region ist auch f\u00fcr ihre vielf\u00e4ltige Natur bekannt, insbesondere die Blumenfelder und der Blumenpark Keukenhof im Fr\u00fchjahr.<\/span><\/p>\n<h3><b>Sind Hunde auf den Campingpl\u00e4tzen erlaubt?<\/b><\/h3>\n<p><span style=\"font-weight: 400;\">Ja, Hunde sind auf beiden Campingpl\u00e4tzen, Le Parage und Sollasi, herzlich willkommen. Es gibt sogar spezielle Stellpl\u00e4tze f\u00fcr G\u00e4ste mit Hunden.<\/span><\/p>\n<h3><b>Gibt es Restaurants in der N\u00e4he der Campingpl\u00e4tze?<\/b><\/h3>\n<p><span style=\"font-weight: 400;\">Auf dem Campingplatz Sollasi gibt es zwei Restaurants direkt nebenan, die den G\u00e4sten eine kulinarische Vielfalt bieten.<\/span>[\/vc_column_text][\/vc_column][\/vc_row]<\/p>\n","protected":false},"excerpt":{"rendered":"<p>[vc_row][vc_column][vc_column_text][\/vc_column_text][\/vc_column][vc_column width=&#8220;1\/2&#8243;][vc_column_text]Noordwijk aan Zee ist einer der beliebtesten K\u00fcstenorte vieler Touristen. Die breiten Sandstr\u00e4nde, das gro\u00dfe D\u00fcnengebiet und die Meeresluft eignen sich ausgezeichnet f\u00fcr das Camping in den D\u00fcnen in Holland. Darum bieten wir bei Sollasi verschiedene Stellpl\u00e4tze f\u00fcr Ihren Camping Urlaub in Noordwijk an. Campingplatz Le Parage in den D\u00fcnen Le Parage ist einer unserer zwei Campingpl\u00e4tze und liegt direkt am Wald und an den D\u00fcnen von Noordwijkerhout. Der ruhige und \u00fcberschaubare Platz ist perfekt f\u00fcr einen Urlaub zu &#8230; <\/p>\n<p class=\"read-more-container\"><a title=\"Camping in den D\u00fcnen in Holland\" class=\"read-more button\" href=\"https:\/\/sollasi.nl\/de\/camping-duenen-holland\/#more-7527\">Read More<span class=\"screen-reader-text\">Camping in den D\u00fcnen in Holland<\/span><\/a><\/p>\n","protected":false},"author":5,"featured_media":0,"parent":0,"menu_order":0,"comment_status":"closed","ping_status":"closed","template":"","meta":{"footnotes":""},"class_list":["post-7527","page","type-page","status-publish"],"_links":{"self":[{"href":"https:\/\/sollasi.nl\/de\/wp-json\/wp\/v2\/pages\/7527","targetHints":{"allow":["GET"]}}],"collection":[{"href":"https:\/\/sollasi.nl\/de\/wp-json\/wp\/v2\/pages"}],"about":[{"href":"https:\/\/sollasi.nl\/de\/wp-json\/wp\/v2\/types\/page"}],"author":[{"embeddable":true,"href":"https:\/\/sollasi.nl\/de\/wp-json\/wp\/v2\/users\/5"}],"replies":[{"embeddable":true,"href":"https:\/\/sollasi.nl\/de\/wp-json\/wp\/v2\/comments?post=7527"}],"version-history":[{"count":16,"href":"https:\/\/sollasi.nl\/de\/wp-json\/wp\/v2\/pages\/7527\/revisions"}],"predecessor-version":[{"id":11826,"href":"https:\/\/sollasi.nl\/de\/wp-json\/wp\/v2\/pages\/7527\/revisions\/11826"}],"wp:attachment":[{"href":"https:\/\/sollasi.nl\/de\/wp-json\/wp\/v2\/media?parent=7527"}],"curies":[{"name":"wp","href":"https:\/\/api.w.org\/{rel}","templated":true}]}}