{"id":7545,"date":"2022-11-01T08:43:20","date_gmt":"2022-11-01T08:43:20","guid":{"rendered":"https:\/\/sollasi.nl\/?page_id=7545"},"modified":"2024-11-12T11:39:02","modified_gmt":"2024-11-12T11:39:02","slug":"camping-in-noordwijkerhout","status":"publish","type":"page","link":"https:\/\/sollasi.nl\/de\/camping-in-noordwijkerhout\/","title":{"rendered":"Camping in Noordwijkerhout"},"content":{"rendered":"<p>[vc_row][vc_column][vc_column_text]<div id=\"metaslider-id-1023\" style=\"width: 100%;\" class=\"ml-slider-3-108-0 metaslider metaslider-nivo metaslider-1023 ml-slider ms-theme-default\" role=\"region\" aria-label=\"Camping Sollasi \u2013 Homepage\" data-height=\"495\" data-width=\"1980\">\n    <div id=\"metaslider_container_1023\">\n        <div class='slider-wrapper theme-default'><div class='ribbon'><\/div><div id='metaslider_1023' class='nivoSlider'><img loading=\"lazy\" decoding=\"async\" src=\"https:\/\/sollasi.nl\/wp-content\/uploads\/2023\/09\/camping-sollasi-camperplaats.webp\" height=\"495\" width=\"1980\" title=\"camping-sollasi-camperplaats\" alt=\"camper kamperen noordwijkerhout\" class=\"slider-1023 slide-1918 msDefaultImage\" \/><img loading=\"lazy\" decoding=\"async\" src=\"https:\/\/sollasi.nl\/wp-content\/uploads\/2023\/09\/Camping-Sollasi-luchtfoto--1782x445.webp\" height=\"495\" width=\"1980\" title=\"Camping-Sollasi-luchtfoto-\" alt=\"foto landschap noordwijkerhout\" class=\"slider-1023 slide-1024 msDefaultImage\" \/><img loading=\"lazy\" decoding=\"async\" src=\"https:\/\/sollasi.nl\/wp-content\/uploads\/2023\/09\/campiong-sollasi-speeltuin.webp\" height=\"495\" width=\"1980\" title=\"camping-sollasi-speeltuin\" alt=\"speeltuin camping kinderen\" class=\"slider-1023 slide-1914 msDefaultImage\" \/><\/div><\/div>\n        \n    <\/div>\n<\/div>[\/vc_column_text][\/vc_column][vc_column width=&#8220;1\/2&#8243;][vc_column_text]Noordwijkerhout ist ein Dorf in der niederl\u00e4ndischen Gemeinde Noordwijk. Der K\u00fcstenort liegt hinter dem gro\u00dfen D\u00fcnengebiet der Nordsee und mitten in der ber\u00fchmten Blumenregion Bollenstreek. Einen sch\u00f6neren Ort zum Campen gibt es nicht.<\/p>\n<p>Ferienpark Sollasi ist mit zwei Campingpl\u00e4tzen in diesem beliebten Urlaubsort vertreten. Camping, Sonne, Meer und Strand \u2013 was will man mehr?[\/vc_column_text][vc_column_text]<\/p>\n<h2>Camping in Noordwijkerhout am Meer<\/h2>\n<p>Die Campingpl\u00e4tze Sollasi und Le Parage liegen beide in Noordwijkerhout in der niederl\u00e4ndischen Provinz S\u00fcd-Holland. Wer Noordwijkerhout kennt, wei\u00df wie sch\u00f6ne die Natur dort ist. Neben dem Strand und Meer gibt es sch\u00f6ne Pfade und Wege durch Wald- und D\u00fcnengebiete.<\/p>\n<p>Der beliebte Strand Langevelderslag sowie die Orte Noordwijk und Zandvoort sind mit dem Fahrrad schnell und gut erreichbar. Wer Camping in Noordwijkerhout plant, findet hier den perfekten Stellplatz f\u00fcr Zelt, Wohnwagen oder Wohnmobil. Unsere Campingpl\u00e4tze sind ebenfalls ideal f\u00fcrs <a href=\"https:\/\/www.sollasi.nl\/de\/camping-mit-hund-in-holland\/\">Camping mit Hund in Holland<\/a>.<\/p>\n<h3>Wald und D\u00fcnen bei Le Parage<\/h3>\n<p><strong>Campingplatz Le Parage<\/strong> ist ein kleiner Campingplatz direkt hinter Wald und D\u00fcnen in Noordwijkerhout. Auf dem ruhigen Familiencampingplatz f\u00fchlt sich jeder schnell wie zuhause. Auch Camper mit Hund sind hier gut aufgehoben.[\/vc_column_text][vc_column_text]<img decoding=\"async\" class=\"alignnone size-full wp-image-7552\" src=\"https:\/\/sollasi.nl\/wp-content\/uploads\/2022\/11\/Camping-in-Noordwijkerhout-bei-Sollasi-1.jpg\" alt=\"Camping in Noordwijkerhout bei Sollasi\" width=\"100%\" height=\"auto\" srcset=\"https:\/\/sollasi.nl\/wp-content\/uploads\/2022\/11\/Camping-in-Noordwijkerhout-bei-Sollasi-1.jpg 750w, https:\/\/sollasi.nl\/wp-content\/uploads\/2022\/11\/Camping-in-Noordwijkerhout-bei-Sollasi-1-300x200.jpg 300w, https:\/\/sollasi.nl\/wp-content\/uploads\/2022\/11\/Camping-in-Noordwijkerhout-bei-Sollasi-1-290x193.jpg 290w, https:\/\/sollasi.nl\/wp-content\/uploads\/2022\/11\/Camping-in-Noordwijkerhout-bei-Sollasi-1-158x105.jpg 158w\" sizes=\"(max-width: 750px) 100vw, 750px\" \/>[\/vc_column_text][vc_column_text]Beim Imbiss auf dem Platz k\u00f6nnen Sie sich einen Snack holen. Kinder vergn\u00fcgen sich auf dem Fu\u00dfball- und Basketballplatz, spielen Tischtennis oder auf dem Spielplatz. Das saubere Sanit\u00e4rgeb\u00e4ude verf\u00fcgt zus\u00e4tzlich \u00fcber einen beheizten Bereich f\u00fcr Eltern mit Kleinkindern. Auch ein Waschsalon ist vorhanden.<\/p>\n<p>Der Campingplatz hat 34 Stellpl\u00e4tze f\u00fcr Wohnwagen und Zelte mit 6 Amp\u00e8re Strom und Frischwasser. Die 27 WoMo-Stellpl\u00e4tze sind mit 10 Amp\u00e8re Strom sowie Frisch- und Abwasseranschluss ausgestattet. WLAN auf dem Stellplatz ist gratis.<\/p>\n<p><a class=\"button\" href=\"https:\/\/sollasi.nl\/de\/camping-le-parage\/\">Mehr \u00fcber Campingplatz Le Parage lesen<\/a>[\/vc_column_text][vc_column_text]Bevorzugen Sie ein Ferienhaus in einem Bungalowpark in Holland? Ferienpark Sollasi ist nicht nur ein Campingplatz, sondern auch ein <strong>Bungalowpark<\/strong>. Erfahren Sie <a href=\"https:\/\/www.sollasi.nl\/bungalowpark-sollasi\/\">hier<\/a> mehr \u00fcber den Bungalowpark Sollasi.[\/vc_column_text][\/vc_column][vc_column width=&#8220;1\/2&#8243;][vc_column_text]<\/p>\n<h3>Camping am Baggersee in Noordwijkerhout<\/h3>\n<p><strong>Campingplatz Sollasi<\/strong> befindet sich ebenfalls in Noordwijkerhout. Er liegt direkt neben dem <a href=\"https:\/\/sollasi.nl\/de\/bungalowpark-sollasi\/\">Bungalowpark Sollasi<\/a>. am Baggersee Oosterduinse Meer. Dieser Platz liegt also nicht nur an der holl\u00e4ndischen Nordseek\u00fcste, sondern auch bei einer Freizeitanlage mit Badesee.<\/p>\n<p>In diesem belebten Gebiet gibt es zwei Restaurants mit einen guten gastronomischen Angebot. Im Ferienpark Sollasi bietet ebenfalls ein breites Sport- und Freizeitangebot mit einem Spielplatz, einem Panna-K\u00e4fig und einem Fahrradverleih.<\/p>\n<p>Die sanit\u00e4ren Anlagen verf\u00fcgen \u00fcber einen Kleinkindbereich, einen Waschsalon und einer Chemietoiletten-Entsorgungsstation. Campingplatz Sollasi verf\u00fcgt \u00fcber Stellpl\u00e4tze f\u00fcr Wohnwagen, Wohnmobile und Zelt, die ca. 80 m\u00b2 gro\u00df sind, 10-Amp\u00e8re-Strom und Frischwasser haben. Kostenloses WLAN ist verf\u00fcgbar.<\/p>\n<p><a class=\"button\" href=\"https:\/\/sollasi.nl\/de\/camping-sollasi\/\">Campingplatz Sollasi entdecken<\/a>[\/vc_column_text][vc_column_text]<\/p>\n<h2>Camping in Noordwijkerhout in der Blumenregion<\/h2>\n<p>Beim Camping in Noordwijkerhout befinden Sie sich in der bekanntesten Blumenregion der Niederlande. Die Blumenausstellung Keukenhof ist international bekannt und wird jedes Jahr von rund einer Million Menschen besucht.<\/p>\n<p>In diesem Blumenpark werden j\u00e4hrlich mehr als 7 Millionen Blumenzwiebeln gepflanzt. Bewundern Sie die Farben der 800 Tulpensorten, der Narzissen und Hyazinthen. Besuchen Sie im Camping-Urlaub in Noordwijk den <a href=\"https:\/\/keukenhof.nl\/de\/\" target=\"_blank\" rel=\"noopener\">Blumenpark Keukenhof.<\/a>[\/vc_column_text][vc_column_text]<\/p>\n<h2>Ausflugsm\u00f6glichkeiten bei Noordwijkerhout<\/h2>\n<p>Camping Sollasi und Camping Le Parage sind umgeben von den gr\u00f6\u00dften St\u00e4dten der Niederlande. Ein ausgezeichneter Ausgangspunkt f\u00fcr interessante <strong>St\u00e4dtetouren<\/strong>. Entdecken Sie die Grachten von Amsterdam, den Regierungssitz Den Haag oder den Hafen von Rotterdam. Auch die St\u00e4dte Leiden oder Haarlem sind sehenswerte Ziele f\u00fcr einen Tagesausflug mit Kultur oder Shopping.<\/p>\n<p>Auch Familien finden in der lebhaften Umgebung von Noordwijkerhout immer ein sch\u00f6nes Ausflugsziel. Kinderaugen strahlen im <strong>Freizeitpark<\/strong> Duinrell, im Sea Life Scheveningen oder im Familienpark Drievliet. Ein klassisches Ausflugsziel ist Madurodam, wo Sie die Niederlande in Miniaturversion besichtigen k\u00f6nnen.[\/vc_column_text][vc_column_text]<\/p>\n<h3>Ein Ausflug nach Zandvoort<\/h3>\n<p>Ganz in der <a href=\"https:\/\/sollasi.nl\/de\/camping-zandvoort\/\">N\u00e4he unseres Campingplatzes liegt Zandvoort<\/a>, einer der beliebtesten Orte der Region. Sie erreichen Zandvoort \u00fcber einen herrlichen Weg entlang der K\u00fcste durch die D\u00fcnen. Genie\u00dfen Sie hier den tollen breiten Sandstrand oder einen Stadtbummel. Im August findet hier au\u00dferdem j\u00e4hrlich der &#8222;<a href=\"https:\/\/sollasi.nl\/de\/formel-1-zandvoort\/\">Dutch Grand Prix<\/a>&#8220; statt &#8211; ein besonderes Motorsportevent.<\/p>\n<p>[\/vc_column_text][vc_column_text]<\/p>\n<h2>Camping in Noordwijkerhout buchen<\/h2>\n<p>Urlaub an der Nordsee in Holland in einer besonderen und lebhaften Umgebung, was gibt es Sch\u00f6neres? Erleben Sie Camping in Noordwijkerhout in entspannter Atmosph\u00e4re auf unserem Campingplatz. Das Meer wartet schon auf Sie!<\/p>\n<p><a class=\"button\" href=\"https:\/\/www.sollasi.nl\/de\/\">Camping-Stellplatz in Noordwijkerhout reservieren <\/a>[\/vc_column_text][\/vc_column][\/vc_row][vc_row][vc_column][vc_column_text css=&#8220;.vc_custom_1714034081830{padding-top: 15px !important;padding-right: 15px !important;padding-bottom: 15px !important;padding-left: 15px !important;background-color: #dce3f2 !important;}&#8220;]<\/p>\n<h2><span style=\"font-weight: 600;\">H\u00e4ufig gestellte Fragen (FAQs)<\/span><\/h2>\n<h3><b>Gibt es hundefreundliche Campingpl\u00e4tze in Noordwijkerhout?<\/b><\/h3>\n<p><span style=\"font-weight: 400;\">Ja, sowohl auf dem Campingplatz Le Parage als auch auf dem Campingplatz Sollasi sind Hunde herzlich willkommen. Auf dem Campingplatz Sollasi gibt es sogar spezielle Stellpl\u00e4tze f\u00fcr G\u00e4ste mit Hunden.<\/span><\/p>\n<h3><b>Was sind die Freizeitm\u00f6glichkeiten auf den Sollasi Campingpl\u00e4tzen?<\/b><\/h3>\n<p><span style=\"font-weight: 400;\">Beide Campingpl\u00e4tze bieten eine Vielzahl von Freizeitm\u00f6glichkeiten, darunter Spielpl\u00e4tze, Sportpl\u00e4tze (Boulebahn, Panna-K\u00e4fig), Fahrradverleih und den Oosterduinse Meer, einen Baggersee mit Strand und Liegewiesen. Das Restaurant Como &amp; Co bietet gastronomische Gen\u00fcsse. Sollasi hat auch einen Waschsalon.<\/span><\/p>\n<h3><b>Wie gro\u00df sind die Stellpl\u00e4tze auf den Campingpl\u00e4tzen?<\/b><\/h3>\n<p><span style=\"font-weight: 400;\">Campingplatz Le Parage bietet 34 Stellpl\u00e4tze f\u00fcr Wohnwagen und Zelte mit 6 Amp\u00e8re Strom und Frischwasser sowie 27 WoMo-Stellpl\u00e4tze mit 10 Amp\u00e8re Strom, Frisch- und Abwasseranschluss. Campingplatz Sollasi bietet Stellpl\u00e4tze f\u00fcr Wohnwagen, Wohnmobile und Zelte mit etwa 80 m\u00b2, 10-Amp\u00e8re-Strom und Frischwasser.<\/span><\/p>\n<h3><b>Gibt es kostenfreies WLAN auf den Stellpl\u00e4tzen?<\/b><\/h3>\n<p><span style=\"font-weight: 400;\">Ja, beide Campingpl\u00e4tze, Le Parage und Sollasi, bieten kostenloses WLAN auf den Stellpl\u00e4tzen.<\/span><\/p>\n<h3><b>Welche Ausflugsm\u00f6glichkeiten gibt es in der N\u00e4he von Noordwijkerhout?<\/b><\/h3>\n<p><span style=\"font-weight: 400;\">Die Umgebung von Noordwijkerhout bietet verschiedene Ausflugsm\u00f6glichkeiten, darunter den ber\u00fchmten Blumenpark Keukenhof, den Strand Langevelderslag, die St\u00e4dte Amsterdam, Den Haag, Rotterdam, Leiden und Haarlem sowie Attraktionen wie Duinrell Freizeitpark, Sea Life Scheveningen, Linnaeushof (gr\u00f6\u00dfter Spielplatz Europas) und Madurodam.<\/span>[\/vc_column_text][\/vc_column][\/vc_row]<\/p>\n","protected":false},"excerpt":{"rendered":"<p>[vc_row][vc_column][vc_column_text][\/vc_column_text][\/vc_column][vc_column width=&#8220;1\/2&#8243;][vc_column_text]Noordwijkerhout ist ein Dorf in der niederl\u00e4ndischen Gemeinde Noordwijk. Der K\u00fcstenort liegt hinter dem gro\u00dfen D\u00fcnengebiet der Nordsee und mitten in der ber\u00fchmten Blumenregion Bollenstreek. Einen sch\u00f6neren Ort zum Campen gibt es nicht. Ferienpark Sollasi ist mit zwei Campingpl\u00e4tzen in diesem beliebten Urlaubsort vertreten. Camping, Sonne, Meer und Strand \u2013 was will man mehr?[\/vc_column_text][vc_column_text] Camping in Noordwijkerhout am Meer Die Campingpl\u00e4tze Sollasi und Le Parage liegen beide in Noordwijkerhout in der niederl\u00e4ndischen Provinz S\u00fcd-Holland. Wer Noordwijkerhout kennt, wei\u00df wie &#8230; <\/p>\n<p class=\"read-more-container\"><a title=\"Camping in Noordwijkerhout\" class=\"read-more button\" href=\"https:\/\/sollasi.nl\/de\/camping-in-noordwijkerhout\/#more-7545\">Read More<span class=\"screen-reader-text\">Camping in Noordwijkerhout<\/span><\/a><\/p>\n","protected":false},"author":5,"featured_media":0,"parent":0,"menu_order":0,"comment_status":"closed","ping_status":"closed","template":"","meta":{"footnotes":""},"class_list":["post-7545","page","type-page","status-publish"],"_links":{"self":[{"href":"https:\/\/sollasi.nl\/de\/wp-json\/wp\/v2\/pages\/7545","targetHints":{"allow":["GET"]}}],"collection":[{"href":"https:\/\/sollasi.nl\/de\/wp-json\/wp\/v2\/pages"}],"about":[{"href":"https:\/\/sollasi.nl\/de\/wp-json\/wp\/v2\/types\/page"}],"author":[{"embeddable":true,"href":"https:\/\/sollasi.nl\/de\/wp-json\/wp\/v2\/users\/5"}],"replies":[{"embeddable":true,"href":"https:\/\/sollasi.nl\/de\/wp-json\/wp\/v2\/comments?post=7545"}],"version-history":[{"count":11,"href":"https:\/\/sollasi.nl\/de\/wp-json\/wp\/v2\/pages\/7545\/revisions"}],"predecessor-version":[{"id":11823,"href":"https:\/\/sollasi.nl\/de\/wp-json\/wp\/v2\/pages\/7545\/revisions\/11823"}],"wp:attachment":[{"href":"https:\/\/sollasi.nl\/de\/wp-json\/wp\/v2\/media?parent=7545"}],"curies":[{"name":"wp","href":"https:\/\/api.w.org\/{rel}","templated":true}]}}