{"id":7559,"date":"2022-11-01T09:13:43","date_gmt":"2022-11-01T09:13:43","guid":{"rendered":"https:\/\/sollasi.nl\/?page_id=7559"},"modified":"2026-01-30T14:37:05","modified_gmt":"2026-01-30T14:37:05","slug":"bungalowpark-noordwijk","status":"publish","type":"page","link":"https:\/\/sollasi.nl\/de\/bungalowpark-noordwijk\/","title":{"rendered":"Bungalowpark in Noordwijk"},"content":{"rendered":"<p>[vc_row][vc_column][vc_column_text]<div id=\"metaslider-id-10809\" style=\"width: 100%;\" class=\"ml-slider-3-107-0 metaslider metaslider-nivo metaslider-10809 ml-slider ms-theme-default\" role=\"region\" aria-label=\"Noordwijk landingspagina\" data-height=\"495\" data-width=\"1980\">\n    <div id=\"metaslider_container_10809\">\n        <div class='slider-wrapper theme-default'><div class='ribbon'><\/div><div id='metaslider_10809' class='nivoSlider'><img loading=\"lazy\" decoding=\"async\" src=\"https:\/\/sollasi.nl\/wp-content\/uploads\/2024\/06\/Camping-in-Noordwijk-Sollasi.jpg\" height=\"495\" width=\"1980\" title=\"Camping in Noordwijk Sollasi\" alt=\"Camping in Noordwijk Sollasi\" class=\"slider-10809 slide-10810 msDefaultImage\" \/><img loading=\"lazy\" decoding=\"async\" src=\"https:\/\/sollasi.nl\/wp-content\/uploads\/2024\/06\/Tulpenfelder-Sollasi.jpg\" height=\"495\" width=\"1980\" title=\"Tulpenfelder Sollasi\" alt=\"Camping in Noordwijkerhout\" class=\"slider-10809 slide-10827 msDefaultImage\" \/><\/div><\/div>\n        \n    <\/div>\n<\/div>[\/vc_column_text][\/vc_column][vc_column width=&#8220;1\/2&#8243;][vc_column_text]Willkommen im Sollasi Bungalowpark in Noordwijk an der bezaubernden Nordseek\u00fcste der Niederlande! Entdecken Sie nicht nur Wald, Strand und D\u00fcnen, sondern auch ein Meer von unz\u00e4hligen Tulpen und anderen Blumen im Fr\u00fchling, denn der Ferienpark liegt mitten in der ber\u00fchmten Blumenregion &#8222;Bollenstreek&#8220; in der Provinz S\u00fcd-Holland.<\/p>\n<h2><strong>Ferienbungalows im Bungalowpark Noordwijk<\/strong><\/h2>\n<p>Erleben Sie einen unvergesslichen Urlaub in unseren komfortablen Studios oder Ferienh\u00e4usern f\u00fcr 2, 4 oder 6 Personen. Auch Vierbeiner sind bei uns herzlich willkommen, denn in allen Bungalows (au\u00dfer den Studios) und auf allen Stellpl\u00e4tzen sind Hunde erlaubt.[\/vc_column_text][vc_btn title=&#8220;Direkt buchen&#8220; color=&#8220;blue&#8220; link=&#8220;url:https%3A%2F%2Fwww.sollasi.nl%2Fde%2Fbungalowpark-sollasi|title:Urlaub%20bei%20Sollasi%20buchen&#8220;][vc_column_text]<\/p>\n<h3>Studios f\u00fcr 2 Personen<\/h3>\n<p>Unsere komplett renovierten Studios befinden sich direkt am idyllischen See &#8222;Oosterduinse Meer&#8220; und bieten auf 42 m\u00b2 Platz f\u00fcr 2 Personen. Mit einem gem\u00fctlichen Wohnzimmer, einem abgetrennten Schlafbereich und einem modernen Badezimmer ausgestattet, lassen sie keine W\u00fcnsche offen.<\/p>\n<p>In der komfortablen K\u00fcche mit Nespresso-Maschine, K\u00fchlschrank mit Gefrierfach, Wasserkocher, Mikrowelle und Induktionsherd k\u00f6nnen Sie sich selbst versorgen. Alle Studios verf\u00fcgen zudem \u00fcber kostenloses WLAN, und auf Anfrage stellen wir Ihnen gerne Reisebetten und Hochst\u00fchle f\u00fcr Kinder zur Verf\u00fcgung. Weiterhin sind sie ausgestattet mit:<\/p>\n<ul>\n<li>Led-TV<\/li>\n<li>Terrasse oder Balkon<\/li>\n<li>Regendusche<\/li>\n<\/ul>\n<p>[\/vc_column_text][vc_btn title=&#8220;Mehr \u00fcber die Studios&#8220; color=&#8220;blue&#8220; link=&#8220;url:https%3A%2F%2Fsollasi.nl%2Fde%2Fbungalowpark-sollasi%2Funterkunfte%2Fstudio-fuer-2-personen%2F|title:Studios%20bei%20Sollasi&#8220;][vc_column_text]<\/p>\n<h3>Bungalow f\u00fcr 4 Personen<\/h3>\n<p>Unsere Bungalows f\u00fcr 4 Personen gibt es in einer normalen und in einer Komfort-Version. Beide Typen verf\u00fcgen \u00fcber die gleiche Aufteilung der R\u00e4ume, allerdings wurden die Komfort-Bungalows k\u00fcrzlich renoviert und bieten Ihnen damit moderne Einrichtung und mehr Komfort w\u00e4hrend Ihres Urlaubs in Noordwijk. Auch Hunde sind gerne willkommen![\/vc_column_text][vc_column_text]<strong><img decoding=\"async\" class=\"alignnone size-full wp-image-7566\" src=\"https:\/\/sollasi.nl\/wp-content\/uploads\/2022\/11\/Sollasi-Bungalowpark-in-Noordwijk.jpg\" alt=\"Bungalowpark in Noordwijk\" width=\"100%\" height=\"auto\" srcset=\"https:\/\/sollasi.nl\/wp-content\/uploads\/2022\/11\/Sollasi-Bungalowpark-in-Noordwijk.jpg 607w, https:\/\/sollasi.nl\/wp-content\/uploads\/2022\/11\/Sollasi-Bungalowpark-in-Noordwijk-300x225.jpg 300w, https:\/\/sollasi.nl\/wp-content\/uploads\/2022\/11\/Sollasi-Bungalowpark-in-Noordwijk-257x193.jpg 257w, https:\/\/sollasi.nl\/wp-content\/uploads\/2022\/11\/Sollasi-Bungalowpark-in-Noordwijk-140x105.jpg 140w\" sizes=\"(max-width: 607px) 100vw, 607px\" \/><\/strong>[\/vc_column_text][vc_column_text]<strong>Zus\u00e4tzliche Ausstattung in den Komfort-Bungalows:<\/strong><\/p>\n<ul>\n<li>Laminatfu\u00dfboden im ganzen Haus<\/li>\n<li>Klimaanlage in beiden Schlafzimmern<\/li>\n<li>Regendusche<\/li>\n<\/ul>\n<p>[\/vc_column_text][vc_btn title=&#8220;Komfort-Bungalows f\u00fcr 4 Personen ansehen&#8220; color=&#8220;blue&#8220; link=&#8220;url:https%3A%2F%2Fsollasi.nl%2Fde%2Fbungalowpark-sollasi%2Funterkunfte%2Fkomfort-bungalow-fuer-4-personen%2F|title:Urlaub%20bei%20Sollasi%20buchen&#8220;][vc_column_text]<\/p>\n<h3>Bungalow f\u00fcr 6 Personen<\/h3>\n<p>F\u00fcr gr\u00f6\u00dfere Familien oder Gruppen eignen sich unsere gr\u00f6\u00dften Bungalows. In den halb freistehenden Reihenh\u00e4usern befinden sich drei Schlafzimmer, ein Wohnzimmer mit TV und gem\u00fctlichem Kamin sowie ein Bad und eine separate Toilette. Die offene K\u00fcche ist mit einem Gasherd, K\u00fchlschrank und Geschirrsp\u00fcler ausgestattet. Im Au\u00dfenbereich gibt es einen Fahrradschuppen und einen gro\u00dfen eingez\u00e4unten Garten, der auch f\u00fcr einen Urlaub mit Hund ideal ist.[\/vc_column_text][vc_btn title=&#8220;Bungalows f\u00fcr 6 Personen ansehen&#8220; color=&#8220;blue&#8220; link=&#8220;url:https%3A%2F%2Fsollasi.nl%2Fde%2Fbungalowpark-sollasi%2Funterkunfte%2Fbungalow-fuer-6-personen%2F|title:Bungalows%20f%C3%BCr%206%20Personen&#8220;][vc_column_text]<\/p>\n<h3>Urlaub mit dem Hund<\/h3>\n<p>Sind Sie auf der Suche nach einem <a href=\"https:\/\/sollasi.nl\/de\/ferienhaus-mit-hund-in-holland\/\">Ferienhaus mit Hund in Holland<\/a>? Wir haben freistehende Bungalows mit umz\u00e4unten Garten, in denen auch Ihr Vierbeiner herzlich willkommen ist.[\/vc_column_text][\/vc_column][vc_column width=&#8220;1\/2&#8243;][vc_column_text css=&#8220;.vc_custom_1769783654518{padding-top: 15px !important;padding-right: 15px !important;padding-bottom: 15px !important;padding-left: 15px !important;background-color: #dce3f2 !important;}&#8220;]<\/p>\n<h3 data-start=\"1320\" data-end=\"1363\">F\u00fcr wen ist Sollasi besonders geeignet?<\/h3>\n<ul data-start=\"1364\" data-end=\"1554\">\n<li data-start=\"1364\" data-end=\"1400\">\n<p data-start=\"1366\" data-end=\"1400\">Paare, die Ruhe und Natur suchen<\/p>\n<\/li>\n<li data-start=\"1401\" data-end=\"1465\">\n<p data-start=\"1403\" data-end=\"1465\">Familien mit Kindern, die kurze Wege und viel Platz sch\u00e4tzen<\/p>\n<\/li>\n<li data-start=\"1466\" data-end=\"1487\">\n<p data-start=\"1468\" data-end=\"1487\">Urlauber mit Hund<\/p>\n<\/li>\n<li data-start=\"1488\" data-end=\"1554\">\n<p data-start=\"1490\" data-end=\"1554\">G\u00e4ste, die Strand, Blumenregion und St\u00e4dte kombinieren m\u00f6chten<\/p>\n<\/li>\n<\/ul>\n<p>[\/vc_column_text][vc_single_image image=&#8220;11778&#8243; img_size=&#8220;large&#8220;][vc_column_text]<\/p>\n<h3>Camping in Noordwijk \u2013 Campingplatz Sollasi &amp; Le Parage<\/h3>\n<p>Sie genie\u00dfen gerne das \u00dcbernachten mitten in der Natur? F\u00fcr Campingfreunde bieten unsere <a href=\"https:\/\/www.sollasi.nl\/de\/camping-in-noordwijk\/\">Campingpl\u00e4tze in Noordwijk<\/a> gro\u00dfz\u00fcgige Stellpl\u00e4tze f\u00fcr Wohnwagen, Wohnmobil oder Zelt.<\/p>\n<p><a class=\"button\" href=\"https:\/\/sollasi.nl\/de\/camping-sollasi\/\">Campingplatz Sollasi<\/a> &#8211; <a class=\"button\" href=\"https:\/\/sollasi.nl\/de\/camping-le-parage\/\">Campingplatz Le Parage<\/a>[\/vc_column_text][vc_column_text]<\/p>\n<h2><strong>Einrichtungen im Bungalowpark bei Noordwijk<\/strong><\/h2>\n<p>Im Bungalowpark Sollasi finden Sie neben den gem\u00fctlichen Unterk\u00fcnften auch Einrichtungen f\u00fcr einen gelungenen Urlaub. Sie werden beispielsweise kulinarisch bestens versorgt. Das <strong>Restaurant Como &amp; Co<\/strong> ist nur wenige Gehminuten entfernt und bietet Ihnen neben k\u00f6stlichen Speisen auch die M\u00f6glichkeit, Kajaks und Ruderboote auszuleihen. Genie\u00dfen Sie entspannte Momente mit Blick auf den angrenzenden See.<\/p>\n<h3>Freizeitangebot und Service<\/h3>\n<p>F\u00fcr Aktivit\u00e4ten im Freien stehen Ihnen zahlreiche M\u00f6glichkeiten zur Verf\u00fcgung, darunter Spielpl\u00e4tze f\u00fcr die kleinen G\u00e4ste, Sportpl\u00e4tze, sowie den angrenzenden See &#8222;Oosterduinse Meer&#8220; f\u00fcr erholsame Stunden am Wasser. Hier sehen Sie die Freizeitm\u00f6glichkeiten im \u00dcberblick:<\/p>\n<ul>\n<li>Spielpl\u00e4tze<\/li>\n<li>Sportfelder: u.a.\u00a0 Boulebahn<\/li>\n<li>Oosterduinse Meer: angrenzender See mit Strand und Liegewiesen<\/li>\n<li>Angelm\u00f6glichkeiten<\/li>\n<li>Fahrradabstellplatz im Park<\/li>\n<li>Waschsalon (auf dem Campingplatz Sollasi)<\/li>\n<\/ul>\n<h2><strong>Unternehmungen in der Umgebung<\/strong><\/h2>\n<p>Die Umgebung von Bungalowpark Sollasi ist gleicherma\u00dfen lebhaft und ruhig. Sie k\u00f6nnen entspannte Ausfl\u00fcge ans Meer, in die D\u00fcnen und zum ber\u00fchmten Blumenpark &#8222;Keukenhof&#8220; unternehmen, lange Spazierg\u00e4nge und Fahrradtouren durch die gr\u00fcne Umgebung genie\u00dfen oder auf den Mountainbike-Routen die Natur erkunden. Auch die gro\u00dfen St\u00e4dte Leiden, Haarlem und Amsterdam sind leicht zu erreichen und laden zu kulturellen Erkundungen ein. F\u00fcr Familien mit Kindern gibt es zahlreiche Attraktionen in der Region.<\/p>\n<p><strong>Unsere Ausflugstipps f\u00fcr Familien:<\/strong><\/p>\n<ul>\n<li>Freizeitpark und Erlebnisbad <a href=\"https:\/\/www.duinrell.de\/\" target=\"_blank\" rel=\"noopener\">Duinrell<\/a><\/li>\n<li><a href=\"https:\/\/www.visitsealife.com\/scheveningen\/en\/\" target=\"_blank\" rel=\"noopener\">Sea Life<\/a> Scheveningen<\/li>\n<li><a href=\"https:\/\/www.linnaeushof.nl\/de\/\" target=\"_blank\" rel=\"noopener\">Linnaeushof<\/a>: gr\u00f6\u00dfter Spielplatz Europas<\/li>\n<li>Familienpark <a href=\"https:\/\/www.drievliet.nl\/\" target=\"_blank\" rel=\"noopener\">Drievliet<\/a><\/li>\n<\/ul>\n<p>[\/vc_column_text][vc_column_text]<\/p>\n<h3><strong>Ausflug nach Zandvoort<\/strong><\/h3>\n<p>Ein besonders sch\u00f6ner Ausflug f\u00fchrt Sie nach <a href=\"https:\/\/sollasi.nl\/de\/camping-zandvoort\/\">Zandvoort<\/a>. Von unserem Bungalowpark aus erreichen Sie das beliebte K\u00fcstenst\u00e4dtchen in nur einer halben Stunde mit dem Fahrrad. Die malerische Strecke f\u00fchrt Sie durch die wundersch\u00f6ne D\u00fcnenlandschaft und bietet traumhafte Ausblicke und Ruhe abseits der Stra\u00dfen.<\/p>\n<p>In Zandvoort erwarten Sie kilometerlange Sandstr\u00e4nde, gem\u00fctliche Strandcaf\u00e9s und vielf\u00e4ltige Wassersportm\u00f6glichkeiten. F\u00fcr Motorsportfans ist unser Park ideal als <a href=\"https:\/\/sollasi.nl\/de\/formel-1-zandvoort\/\">\u00dcbernachtungsm\u00f6glichkeit f\u00fcr die Formel 1 in Zandvoort<\/a>![\/vc_column_text][vc_column_text]<\/p>\n<h2><strong>Urlaub im Bungalowpark in Noordwijk<\/strong><\/h2>\n<p><span style=\"font-weight: 400;\">Ob Bungalow oder Camping in Noordwijk \u2013 Sollasi bietet Ihnen eine ruhige Lage nahe Strand, D\u00fcnen und Blumenfeldern. Dank der guten Erreichbarkeit aus Deutschland eignet sich der Park ideal f\u00fcr einen Kurzurlaub oder l\u00e4ngeren Aufenthalt.<\/span><\/p>\n<p><b>Reservieren Sie Ihren Urlaub in Noordwijk bequem online<\/b><span style=\"font-weight: 400;\"> und genie\u00dfen Sie entspannte Tage an der niederl\u00e4ndischen Nordseek\u00fcste.<\/span>[\/vc_column_text][vc_btn title=&#8220;Jetzt reservieren&#8220; color=&#8220;blue&#8220; link=&#8220;url:https%3A%2F%2Fwww.sollasi.nl%2Fde%2Fbungalowpark-sollasi|title:Urlaub%20bei%20Sollasi%20buchen&#8220;][\/vc_column][\/vc_row][vc_row][vc_column][vc_column_text css=&#8220;.vc_custom_1714033732252{padding-top: 15px !important;padding-right: 15px !important;padding-bottom: 15px !important;padding-left: 15px !important;background-color: #dce3f2 !important;}&#8220;]<\/p>\n<h2><span style=\"font-weight: 600;\">H\u00e4ufig gestellte Fragen (FAQs)\u00a0<\/span><\/h2>\n<h3><b>Welche Unterk\u00fcnfte bietet der Sollasi Bungalowpark in Noordwijk an?<\/b><\/h3>\n<p><span style=\"font-weight: 400;\">Der Sollasi Bungalowpark bietet komfortable Studios sowie Ferienh\u00e4user f\u00fcr 2, 4 oder 6 Personen an. Die Studios sind f\u00fcr 2 Personen ausgelegt, w\u00e4hrend die Ferienh\u00e4user unterschiedliche Ausstattungen f\u00fcr 4 oder 6 Personen bieten. Auch Campingpl\u00e4tze f\u00fcr Wohnwagen, Wohnmobile oder Zelte sind verf\u00fcgbar.<\/span><\/p>\n<h3><b>Sind Hunde auf dem Sollasi Bungalowpark erlaubt?<\/b><\/h3>\n<p><span style=\"font-weight: 400;\">Ja, Hunde sind in allen Bungalows (au\u00dfer Studios) und auf den Stellpl\u00e4tzen herzlich willkommen. Es gibt sogar spezielle freistehende Bungalows mit einem umz\u00e4unten Garten f\u00fcr G\u00e4ste mit Hunden.<\/span><\/p>\n<h3><b>Gibt es kostenfreies WLAN im Bungalowpark?<\/b><\/h3>\n<p><span style=\"font-weight: 400;\">Ja, alle Unterk\u00fcnfte im Sollasi Bungalowpark verf\u00fcgen \u00fcber kostenloses WLAN. So k\u00f6nnen G\u00e4ste w\u00e4hrend ihres Aufenthalts einfach online bleiben.<\/span><\/p>\n<h3><b>Welche Freizeitm\u00f6glichkeiten bietet der Bungalowpark?<\/b><\/h3>\n<p><span style=\"font-weight: 400;\">Der Bungalowpark bietet zahlreiche Freizeitm\u00f6glichkeiten, darunter Spielpl\u00e4tze, Sportpl\u00e4tze (einschlie\u00dflich Boulebahn), den angrenzenden See &#8222;Oosterduinse Meer&#8220; mit Strand und Liegewiesen, Angelm\u00f6glichkeiten, und einen Waschsalon.<\/span><\/p>\n<h3><b>Kann man im Bungalowpark Sollasi auch mit dem Wohnmobil oder Zelt campen?<\/b><\/h3>\n<p><span style=\"font-weight: 400;\">Ja, der Bungalowpark bietet gro\u00dfz\u00fcgige Stellpl\u00e4tze f\u00fcr Wohnwagen, Wohnmobile oder Zelte auf den Campingpl\u00e4tzen in Noordwijk und Noordwijkerhout.<\/span>[\/vc_column_text][\/vc_column][\/vc_row]<\/p>\n","protected":false},"excerpt":{"rendered":"<p>[vc_row][vc_column][vc_column_text][\/vc_column_text][\/vc_column][vc_column width=&#8220;1\/2&#8243;][vc_column_text]Willkommen im Sollasi Bungalowpark in Noordwijk an der bezaubernden Nordseek\u00fcste der Niederlande! Entdecken Sie nicht nur Wald, Strand und D\u00fcnen, sondern auch ein Meer von unz\u00e4hligen Tulpen und anderen Blumen im Fr\u00fchling, denn der Ferienpark liegt mitten in der ber\u00fchmten Blumenregion &#8222;Bollenstreek&#8220; in der Provinz S\u00fcd-Holland. Ferienbungalows im Bungalowpark Noordwijk Erleben Sie einen unvergesslichen Urlaub in unseren komfortablen Studios oder Ferienh\u00e4usern f\u00fcr 2, 4 oder 6 Personen. Auch Vierbeiner sind bei uns herzlich willkommen, denn in allen Bungalows (au\u00dfer &#8230; <\/p>\n<p class=\"read-more-container\"><a title=\"Bungalowpark in Noordwijk\" class=\"read-more button\" href=\"https:\/\/sollasi.nl\/de\/bungalowpark-noordwijk\/#more-7559\">Read More<span class=\"screen-reader-text\">Bungalowpark in Noordwijk<\/span><\/a><\/p>\n","protected":false},"author":5,"featured_media":0,"parent":0,"menu_order":0,"comment_status":"closed","ping_status":"closed","template":"","meta":{"footnotes":""},"class_list":["post-7559","page","type-page","status-publish"],"_links":{"self":[{"href":"https:\/\/sollasi.nl\/de\/wp-json\/wp\/v2\/pages\/7559","targetHints":{"allow":["GET"]}}],"collection":[{"href":"https:\/\/sollasi.nl\/de\/wp-json\/wp\/v2\/pages"}],"about":[{"href":"https:\/\/sollasi.nl\/de\/wp-json\/wp\/v2\/types\/page"}],"author":[{"embeddable":true,"href":"https:\/\/sollasi.nl\/de\/wp-json\/wp\/v2\/users\/5"}],"replies":[{"embeddable":true,"href":"https:\/\/sollasi.nl\/de\/wp-json\/wp\/v2\/comments?post=7559"}],"version-history":[{"count":30,"href":"https:\/\/sollasi.nl\/de\/wp-json\/wp\/v2\/pages\/7559\/revisions"}],"predecessor-version":[{"id":13710,"href":"https:\/\/sollasi.nl\/de\/wp-json\/wp\/v2\/pages\/7559\/revisions\/13710"}],"wp:attachment":[{"href":"https:\/\/sollasi.nl\/de\/wp-json\/wp\/v2\/media?parent=7559"}],"curies":[{"name":"wp","href":"https:\/\/api.w.org\/{rel}","templated":true}]}}