{"id":7571,"date":"2022-11-01T09:44:07","date_gmt":"2022-11-01T09:44:07","guid":{"rendered":"https:\/\/sollasi.nl\/?page_id=7571"},"modified":"2025-10-31T15:12:35","modified_gmt":"2025-10-31T15:12:35","slug":"ferienhaus-mit-hund-in-holland","status":"publish","type":"page","link":"https:\/\/sollasi.nl\/de\/ferienhaus-mit-hund-in-holland\/","title":{"rendered":"Ferienhaus mit Hund in Holland"},"content":{"rendered":"<p>[vc_row][vc_column][vc_column_text]<div id=\"metaslider-id-10523\" style=\"width: 100%;\" class=\"ml-slider-3-107-0 metaslider metaslider-nivo metaslider-10523 ml-slider ms-theme-default\" role=\"region\" aria-label=\"Ferienhaus mit Hund in Holland\" data-height=\"495\" data-width=\"1980\">\n    <div id=\"metaslider_container_10523\">\n        <div class='slider-wrapper theme-default'><div class='ribbon'><\/div><div id='metaslider_10523' class='nivoSlider'><img loading=\"lazy\" decoding=\"async\" src=\"https:\/\/sollasi.nl\/wp-content\/uploads\/2024\/05\/camping-mit-hund-in-holland.jpg\" height=\"495\" width=\"1980\" title=\"camping mit hund in holland\" alt=\"camping mit hund in holland am meer\" class=\"slider-10523 slide-10524 msDefaultImage\" \/><img loading=\"lazy\" decoding=\"async\" src=\"https:\/\/sollasi.nl\/wp-content\/uploads\/2023\/12\/camping-zandvoort-sollasi-von-oben-800x200.jpg\" height=\"495\" width=\"1980\" title=\"camping zandvoort sollasi von oben\" alt=\"Camping mit Hund in Holland Sollasi von oben\" class=\"slider-10523 slide-10526 msDefaultImage\" \/><img loading=\"lazy\" decoding=\"async\" src=\"https:\/\/sollasi.nl\/wp-content\/uploads\/2023\/09\/Bungalowpark-1782x445.webp\" height=\"495\" width=\"1980\" title=\"Bungalowpark\" alt=\"Bungalowpark Sollasi\" class=\"slider-10523 slide-10527 msDefaultImage\" \/><\/div><\/div>\n        \n    <\/div>\n<\/div>[\/vc_column_text][\/vc_column][vc_column width=&#8220;1\/2&#8243;][vc_column_text]Sie suchen nach einem Ferienhaus mit Hund in Holland? Sollasi ist ein Bungalowpark und Campingplatz in Noordwijkerhout an der holl\u00e4ndischen K\u00fcste. Der Park liegt direkt an einem See, mitten in den Blumenfeldern und dazu sind es auch noch nur 2,5 km zum breiten Nordseestrand. Die Umgebung ist ideal f\u00fcr einen Urlaub mit Ihrem Vierbeiner.<\/p>\n<p>Entspannen Sie bei langen Spazierg\u00e4ngen am Oosterduinse Meer, durch die D\u00fcnen oder auf den vielen anderen Wanderwegen in der Umgebung des Bungalowpark Sollasi.[\/vc_column_text][vc_btn title=&#8220;Alle Ferienh\u00e4user ansehen&#8220; color=&#8220;blue&#8220; link=&#8220;url:https%3A%2F%2Fsollasi.nl%2Fde%2Fbungalowpark-sollasi%2Funterkunfte%2F&#8220;][vc_column_text]<\/p>\n<h2>Ferienhaus mit Hund in Holland am Meer<\/h2>\n<p>In unserem Bungalowpark Sollasi in Noordwijkerhout finden Sie garantiert ein sch\u00f6nes Ferienhaus mit Hund in Holland. Alle Bungalows, ausgenommen die Studios f\u00fcr 2 Personen, k\u00f6nnen auch mit Hund gebucht werden. Wir stellen Ihnen gerne die Bungalows vor, die f\u00fcr Ihren Familienurlaub mit Hund ideal sind.<\/p>\n<h3>Bungalow f\u00fcr 4 Personen (Hunde willkommen)<\/h3>\n<p>Die Ferienh\u00e4user f\u00fcr 4 Personen mit Hund sind freistehend mit einem eigenen, umz\u00e4unten Garten mit Fahrradschuppen. Das gro\u00dfz\u00fcgige Wohnzimmer ist mit einem Kamin und einem Fernseher ausgestattet. In der halboffenen K\u00fcche gibt es einen Gasherd, K\u00fchlschrank und eine Sp\u00fclmaschine. Das Haus verf\u00fcgt \u00fcber 2 Schlafzimmer und ein Badezimmer mit Badewanne.[\/vc_column_text][vc_btn title=&#8220;Bungalows f\u00fcr 4 Personen ansehen&#8220; color=&#8220;blue&#8220; link=&#8220;url:https%3A%2F%2Fwww.sollasi.nl%2Fde%2Fbungalowpark-sollasi%2Funterkunfte%2Fbungalow-fuer-4-personen%2F|title:Bungalows%20f%C3%BCr%205%20Personen%20ansehen&#8220;][vc_column_text]<\/p>\n<h3>Komfort-Bungalow f\u00fcr 4 Personen (Hunde willkommen)<\/h3>\n<p>Die Komfort-Bungalows f\u00fcr 4 Personen im Bungalowpark Sollasi wurden komplett modernisiert. Diese Bungalows sind moderner als die Standard-Bungalows f\u00fcr 4 Personen bieten Ihnen zus\u00e4tzlichen Komfort mit Laminatfu\u00dfboden, Klimaanlagen in den Schlafzimmern und einer Regendusche im Schlafzimmer. Das perfekte Ferienhaus mit Hund in Holland.[\/vc_column_text][vc_btn title=&#8220;Komfort-Bungalows f\u00fcr 4 Personen ansehen&#8220; color=&#8220;blue&#8220; link=&#8220;url:https%3A%2F%2Fwww.sollasi.nl%2Fde%2Fbungalowpark-sollasi%2Funterkunfte%2Fkomfort-bungalow-fuer-4-personen%2F|title:Komfort-Bungalows%20f%C3%BCr%205%20Personen%20ansehen&#8220;][vc_single_image image=&#8220;12980&#8243; img_size=&#8220;large&#8220;][vc_column_text]<\/p>\n<h3>Bungalow f\u00fcr 6 Personen (Hunde willkommen)<\/h3>\n<p>Die Bungalows f\u00fcr 6 Personen sind halb freistehend und verf\u00fcgen \u00fcber drei Schlafzimmer, Wohnzimmer mit Kamin und TV, Badezimmer und eine separate Toilette. Im gro\u00dfen, eingez\u00e4unten Garten finden Sie einen Fahrradschuppen. Die offene K\u00fcche ist komplett ausgestattet mit einem Gasherd, K\u00fchlschrank und Geschirrsp\u00fcler.[\/vc_column_text][vc_btn title=&#8220;Komfort-Bungalows f\u00fcr 6 Personen ansehen&#8220; color=&#8220;blue&#8220; link=&#8220;url:https%3A%2F%2Fwww.sollasi.nl%2Fde%2Fbungalowpark-sollasi%2Funterkunfte%2Fbungalow-fuer-6-personen%2F|title:Komfort-Bungalows%20f%C3%BCr%206%20Personen%20ansehen&#8220;][\/vc_column][vc_column width=&#8220;1\/2&#8243;][vc_column_text]<\/p>\n<h2>Parkausstattung<\/h2>\n<p>Der Ferienpark Sollasi verf\u00fcgt \u00fcber ein Parkangebot, das Ihren Urlaub so angenehm wie m\u00f6glich machen soll:<\/p>\n<ul>\n<li><strong>Gastronomie<\/strong>: Restaurant De Voli\u00e9re mit \u00fcberraschenden und einzigartigen Geschmackskombinationen und mit einer wahnsinnigen Aussicht auf den See.<br \/>\nRestaurant Como &amp; Co ist einen kleinen Spaziergang vom Park entfernt.<\/li>\n<li><strong>Service &amp; Freizeit<\/strong>: Spielpl\u00e4tze, Boulebahn, Sportpl\u00e4tze, angrenzender See mit Strand, Angeln, Kajak- und Bootsverleih (bei Como &amp; Co), Fahrradabstellplatz, Waschsalon<\/li>\n<\/ul>\n<p>[\/vc_column_text][vc_single_image image=&#8220;7578&#8243; img_size=&#8220;large&#8220;][vc_column_text]<\/p>\n<h2>Ausfl\u00fcge in der N\u00e4he<\/h2>\n<p>Der Ferienpark Sollasi liegt in der wundersch\u00f6nen Blumenregion \u201e<strong>Bollenstreek<\/strong>\u201c in der niederl\u00e4ndischen Provinz S\u00fcd-Holland. Es gibt keine sch\u00f6nere Umgebung f\u00fcr Wanderungen und ausgiebige Spazierg\u00e4nge mit Ihrem Hund.<\/p>\n<p>Der <strong>Strandabschnitt Langevelderslag<\/strong> ist nur 2,5 km vom Ferienpark entfernt und auch hier sind Hunde erlaubt. Zwischen 1. September und 1. Juni d\u00fcrfen sich Hunde dort auch ohne Leine austoben.<\/p>\n<p><a href=\"https:\/\/www.noordwijk.nl\/onderwerp\/kunst-cultuur-en-vrije-tijd\/strand\/regels-honden-op-het-strand\/\" target=\"_blank\" rel=\"noopener\">Weitere Informationen finden Sie auf der Website der Gemeinde Noordwijk. <\/a>Rennt Ihr Hund auch so gerne durch den Sand?<\/p>\n<p>Neben Strand, Meer und D\u00fcnen hat die Umgebung von Bungalowpark Sollasi noch viel mehr zu bieten. Ein besonderes Highlight ist nat\u00fcrlich der <strong>Blumenpark \u201eKeukenhof\u201c<\/strong>, den Sie im Fr\u00fchjahr unbedingt besuchen sollten.<\/p>\n<p>F\u00fcr eine <strong>St\u00e4dtetour<\/strong> eignen sich die Gro\u00dfst\u00e4dte Leiden, Haarlem oder <a href=\"https:\/\/www.iamsterdam.com\/de\" target=\"_blank\" rel=\"noopener\">Amsterdam<\/a>. Ruhiger und gem\u00fctlicher ist es in den Orten Noordwijk, Lisse und Hillegom.<\/p>\n<p>Sch\u00f6ne <strong>Ausflugsziele f\u00fcr Familien mit Kindern<\/strong> sind der Freizeitpark Duinrell inkl. Rutschenparadies, Sea Life Scheveningen, der Spielplatz Linnaeushof und der Familienpark Drievliet.<\/p>\n<p>Auch nach Zandvoort ist es nicht weit. F\u00fcr Motorsportfans sind unsere Ferienh\u00e4user ein idealer Ausgangspunkt f\u00fcr die <a href=\"https:\/\/sollasi.nl\/de\/formel-1-zandvoort\/\">Formel 1 in Zandvoort<\/a>.[\/vc_column_text][vc_column_text]<\/p>\n<h2>Hundefreundlicher Campingplatz<\/h2>\n<p>Im Ferienpark Sollasi in Noordwijkerhout ist nicht nur ein Urlaub mit Hund im Ferienhaus, sondern auch <a href=\"https:\/\/www.sollasi.nl\/de\/camping-mit-hund-in-holland\/\">Camping mit Hund in Holland<\/a> m\u00f6glich. Auf allen Stellpl\u00e4tzen von Camping Sollasi und Camping Le Parage sind auch Urlauber mit Hunden herzlich willkommen. Genie\u00dfen Sie einen erholsamen Urlaub mit Hund auf einem gro\u00dfz\u00fcgigen Stellplatz in der N\u00e4he des Meeres.[\/vc_column_text][vc_btn title=&#8220;Campingplatz Sollasi&#8220; color=&#8220;blue&#8220; link=&#8220;url:https%3A%2F%2Fsollasi.nl%2Fde%2Fcamping-sollasi%2F|title:Campingplatz%20Sollasi&#8220;][vc_btn title=&#8220;Campingplatz Le Parage&#8220; color=&#8220;blue&#8220; link=&#8220;url:https%3A%2F%2Fsollasi.nl%2Fde%2Fcamping-le-parage%2F|title:Campingplatz%20Le%20Parage&#8220;][vc_column_text]<\/p>\n<h2>Ferienhaus mit Hund in Holland buchen<\/h2>\n<p>Auch Ihr Hund hat einen fantastischen Urlaub mit ausgiebigen Spazierg\u00e4ngen und viel Auslauf verdient. Bei Sollasi bekommen Sie alles: D\u00fcnen, Strand, Tulpenfelder, Wald und See! Buchen Sie Ihr Ferienhaus mit Hund in Holland im Bungalowpark Sollasi.[\/vc_column_text][vc_btn title=&#8220;Jetzt Ferienhaus mit Hund in Holland buchen&#8220; color=&#8220;blue&#8220; link=&#8220;url:https%3A%2F%2Fwww.sollasi.nl%2Fde%2Fbungalowpark-sollasi%2F|title:Ferienhaus%20mit%20Hund%20buchen&#8220;][\/vc_column][\/vc_row][vc_row][vc_column][vc_row_inner][vc_column_inner][vc_column_text css_animation=&#8220;slideInDown&#8220; css=&#8220;.vc_custom_1714379089328{padding-top: 15px !important;padding-right: 15px !important;padding-bottom: 15px !important;padding-left: 15px !important;background-color: #dce3f2 !important;}&#8220;]<\/p>\n<h2><span style=\"font-weight: 600;\">H\u00e4ufig gestellte Fragen (FAQs)\u00a0<\/span><\/h2>\n<h3><b>Sind Hunde in den Ferienh\u00e4usern bei Bungalowpark Sollasi erlaubt?<\/b><\/h3>\n<p><span style=\"font-weight: 400;\">Ja, alle Ferienh\u00e4user im Bungalowpark, au\u00dfer den Studios f\u00fcr 2 Personen, k\u00f6nnen auch mit Hund gebucht werden.<\/span><\/p>\n<h3><b>Welche Art von Ferienh\u00e4usern stehen f\u00fcr Urlaub mit Hund zur Verf\u00fcgung?<\/b><\/h3>\n<p><span style=\"font-weight: 400;\">Es gibt Ferienh\u00e4user f\u00fcr 4 Personen mit umz\u00e4untem Garten. Die Komfort-Bungalows f\u00fcr 4 Personen bieten zus\u00e4tzlichem Luxus wie Klimaanlage und Regendusche. Auch Ferienh\u00e4user f\u00fcr 6 Personen mit drei Schlafzimmern sind verf\u00fcgbar.<\/span><\/p>\n<h3><b>Wie weit ist der Strand vom Bungalowpark Sollasi entfernt?<\/b><\/h3>\n<p><span style=\"font-weight: 400;\">Der Strand &#8222;Langevelderslag&#8220; ist nur 2,5 km entfernt, ideal f\u00fcr lange Spazierg\u00e4nge mit Ihrem Hund. Zwischen 1. September und 1. Juni d\u00fcrfen Hunde ohne Leine am Strand herumtollen.<\/span><\/p>\n<h3><b>Welche Einrichtungen bietet der Bungalowpark f\u00fcr Hundebesitzer?<\/b><\/h3>\n<p><span style=\"font-weight: 400;\">Auf dem Gel\u00e4nde gibt es Spielpl\u00e4tze, eine Boulebahn, Sportfelder, einen angrenzenden See mit Strand und Angelm\u00f6glichkeiten. Bei unserem Verleih k\u00f6nnen Sie Kayaks und Ruderboote leihen.<\/span><\/p>\n<h3><b>Welche Ausflugsziele gibt es in der Umgebung f\u00fcr Hundebesitzer?<\/b><\/h3>\n<p><span style=\"font-weight: 400;\">Die Region &#8222;Bollenstreek&#8220; bietet wundersch\u00f6ne Wander- und Spazierwege f\u00fcr Hundebesitzer. Der Strandabschnitt Langevelderslag ist hundefreundlich, ebenso wie der Blumenpark &#8222;Keukenhof&#8220;.<\/span>[\/vc_column_text][\/vc_column_inner][\/vc_row_inner][\/vc_column][\/vc_row]<\/p>\n","protected":false},"excerpt":{"rendered":"<p>[vc_row][vc_column][vc_column_text][\/vc_column_text][\/vc_column][vc_column width=&#8220;1\/2&#8243;][vc_column_text]Sie suchen nach einem Ferienhaus mit Hund in Holland? Sollasi ist ein Bungalowpark und Campingplatz in Noordwijkerhout an der holl\u00e4ndischen K\u00fcste. Der Park liegt direkt an einem See, mitten in den Blumenfeldern und dazu sind es auch noch nur 2,5 km zum breiten Nordseestrand. Die Umgebung ist ideal f\u00fcr einen Urlaub mit Ihrem Vierbeiner. Entspannen Sie bei langen Spazierg\u00e4ngen am Oosterduinse Meer, durch die D\u00fcnen oder auf den vielen anderen Wanderwegen in der Umgebung des Bungalowpark Sollasi.[\/vc_column_text][vc_btn title=&#8220;Alle Ferienh\u00e4user &#8230; <\/p>\n<p class=\"read-more-container\"><a title=\"Ferienhaus mit Hund in Holland\" class=\"read-more button\" href=\"https:\/\/sollasi.nl\/de\/ferienhaus-mit-hund-in-holland\/#more-7571\">Read More<span class=\"screen-reader-text\">Ferienhaus mit Hund in Holland<\/span><\/a><\/p>\n","protected":false},"author":3,"featured_media":0,"parent":0,"menu_order":0,"comment_status":"closed","ping_status":"closed","template":"","meta":{"footnotes":""},"class_list":["post-7571","page","type-page","status-publish"],"_links":{"self":[{"href":"https:\/\/sollasi.nl\/de\/wp-json\/wp\/v2\/pages\/7571","targetHints":{"allow":["GET"]}}],"collection":[{"href":"https:\/\/sollasi.nl\/de\/wp-json\/wp\/v2\/pages"}],"about":[{"href":"https:\/\/sollasi.nl\/de\/wp-json\/wp\/v2\/types\/page"}],"author":[{"embeddable":true,"href":"https:\/\/sollasi.nl\/de\/wp-json\/wp\/v2\/users\/3"}],"replies":[{"embeddable":true,"href":"https:\/\/sollasi.nl\/de\/wp-json\/wp\/v2\/comments?post=7571"}],"version-history":[{"count":28,"href":"https:\/\/sollasi.nl\/de\/wp-json\/wp\/v2\/pages\/7571\/revisions"}],"predecessor-version":[{"id":12984,"href":"https:\/\/sollasi.nl\/de\/wp-json\/wp\/v2\/pages\/7571\/revisions\/12984"}],"wp:attachment":[{"href":"https:\/\/sollasi.nl\/de\/wp-json\/wp\/v2\/media?parent=7571"}],"curies":[{"name":"wp","href":"https:\/\/api.w.org\/{rel}","templated":true}]}}