{"id":7586,"date":"2022-11-01T10:04:48","date_gmt":"2022-11-01T10:04:48","guid":{"rendered":"https:\/\/sollasi.nl\/?page_id=7586"},"modified":"2024-11-12T11:21:48","modified_gmt":"2024-11-12T11:21:48","slug":"camping-am-meer-in-holland","status":"publish","type":"page","link":"https:\/\/sollasi.nl\/de\/camping-am-meer-in-holland\/","title":{"rendered":"Camping am Meer in Holland"},"content":{"rendered":"<p>[vc_row][vc_column][vc_column_text]<div id=\"metaslider-id-10831\" style=\"width: 100%;\" class=\"ml-slider-3-107-0 metaslider metaslider-nivo metaslider-10831 ml-slider ms-theme-default\" role=\"region\" aria-label=\"D\u00fcnen landingspagina\" data-height=\"495\" data-width=\"1980\">\n    <div id=\"metaslider_container_10831\">\n        <div class='slider-wrapper theme-default'><div class='ribbon'><\/div><div id='metaslider_10831' class='nivoSlider'><img loading=\"lazy\" decoding=\"async\" src=\"https:\/\/sollasi.nl\/wp-content\/uploads\/2024\/06\/Camping-in-Noordwijk-Sollasi.jpg\" height=\"495\" width=\"1980\" title=\"Camping in Noordwijk Sollasi\" alt=\"Camping in den D\u00fcnen in Noordwijk Sollasi\" class=\"slider-10831 slide-10832 msDefaultImage\" \/><img loading=\"lazy\" decoding=\"async\" src=\"https:\/\/sollasi.nl\/wp-content\/uploads\/2024\/06\/Camping-Dunen-Holland-Sollasi.jpg\" height=\"495\" width=\"1980\" title=\"Camping D\u00fcnen Holland Sollasi\" alt=\"Camping D\u00fcnen Holland Sollasi\" class=\"slider-10831 slide-10833 msDefaultImage\" \/><img loading=\"lazy\" decoding=\"async\" src=\"https:\/\/sollasi.nl\/wp-content\/uploads\/2023\/09\/Le-parage-camperplaatsen.webp\" height=\"495\" width=\"1980\" title=\"Le-parage-camperplaatsen\" alt=\"Camping Le Parage in den D\u00fcnen Holland\" class=\"slider-10831 slide-10834 msDefaultImage\" \/><\/div><\/div>\n        \n    <\/div>\n<\/div>[\/vc_column_text][\/vc_column][vc_column width=&#8220;1\/2&#8243;][vc_column_text]<\/p>\n<h1><b>Camping am Meer in Holland &#8211; Ihr Traumurlaub in Noordwijk<\/b><\/h1>\n<p><span style=\"font-weight: 400;\">Noordwijk ist einer der sch\u00f6nsten Orte f\u00fcrs Camping am Meer in Holland. Im Ferienpark Sollasi sowie auf den Campingpl\u00e4tzen Sollasi und Le Parage, beide in Noordwijkerhout in der Gemeinde Noordwijk gelegen, sind Sie dem Meer, den D\u00fcnen und dem traumhaften breiten Sandstrand ganz nah.<\/span>[\/vc_column_text][vc_btn title=&#8220;Direkt zu den Stellpl\u00e4tzen&#8220; color=&#8220;blue&#8220; link=&#8220;url:https%3A%2F%2Fsollasi.nl%2Fde%2Fcamping-sollasi%2Freservieren%2F|title:Campingplatz%20Sollasi&#8220;][vc_column_text]<\/p>\n<h2><b>Campingplatz in Noordwijkerhout an der K\u00fcste<\/b><\/h2>\n<p><span style=\"font-weight: 400;\">Auf einem Campingplatz an der holl\u00e4ndischen K\u00fcste erleben Sie einen unvergesslichen Urlaub. \u00d6ffnen Sie morgens die Wohnwagent\u00fcr oder das Zelt und genie\u00dfen Sie die frische, salzige Seeluft. Warum nicht direkt nach dem Fr\u00fchst\u00fcck zum Strand und einen langen Spaziergang machen, Muscheln sammeln und den Wind um die Ohren wehen lassen?<\/span><\/p>\n<p><span style=\"font-weight: 400;\">Der Strand und die Brandung sind der sch\u00f6nste Spielplatz f\u00fcr Kinder. Bauen Sie gemeinsam hohe Sandburgen oder springen Sie \u00fcber die Wellen. Mehr \u00fcber den Strand von Noordwijk erfahren Sie<\/span><a href=\"https:\/\/noordwijk.org\/de\/\" target=\"_blank\" rel=\"noopener\"> <span style=\"font-weight: 400;\">hier<\/span><\/a><span style=\"font-weight: 400;\">.<\/span>[\/vc_column_text][vc_column_text]<\/p>\n<h3><b>Campingplatz Le Parage<\/b><\/h3>\n<p><span style=\"font-weight: 400;\">Der \u00fcberschaubare Campingplatz Le Parage liegt direkt am Wald und an den D\u00fcnen von Noordwijkerhout. Von hier aus sind es nur 10 Minuten mit dem Fahrrad zum wundersch\u00f6nen Strandabschnitt Langevelderslag. Der bekannte Strand von Zandvoort ist nur 11 km entfernt.<\/span><\/p>\n<p><span style=\"font-weight: 400;\">Der ruhige Mini-Campingplatz eignet sich perfekt f\u00fcr einen Urlaub zu zweit, Familienurlaub oder <\/span><a href=\"https:\/\/www.sollasi.nl\/de\/camping-mit-hund-in-holland\/\"><span style=\"font-weight: 400;\">Camping mit Hund in Holland<\/span><\/a><span style=\"font-weight: 400;\">. F\u00fcr Kinder gibt es einen <\/span><b>Fu\u00dfball- und Basketballplatz<\/b><span style=\"font-weight: 400;\">, eine <\/span><b>Tischtennisplatte<\/b><span style=\"font-weight: 400;\"> und einen tollen <\/span><b>Spielplatz<\/b><span style=\"font-weight: 400;\">.<\/span>[\/vc_column_text][vc_single_image image=&#8220;10988&#8243; img_size=&#8220;large&#8220;][vc_column_text]<span style=\"font-weight: 400;\">Unser Campingplatz am Meer in Holland verf\u00fcgt \u00fcber einen <\/span><b>Imbiss<\/b><span style=\"font-weight: 400;\"> und einen <\/span><b>Aufenthaltsraum<\/b><span style=\"font-weight: 400;\">. Hier gibt es auch eine Bar, wo Sie etwas trinken oder eine Runde Dart spielen k\u00f6nnen.<\/span><\/p>\n<p><span style=\"font-weight: 400;\">Im <\/span><b>modernen Sanit\u00e4rgeb\u00e4ude<\/b><span style=\"font-weight: 400;\"> finden Sie neben gepflegten Toiletten, Duschen und Waschpl\u00e4tzen einen beheizten Kleinkindbereich und eine Waschk\u00fcche.<\/span><\/p>\n<p><span style=\"font-weight: 400;\">Die 34 Stellpl\u00e4tze f\u00fcr Wohnwagen und Zelte bieten gen\u00fcgend Platz und versorgen Sie mit 6 Amp\u00e8re Strom und Frischwasser. F\u00fcr Urlaub mit dem Camper stehen 27 WoMo-Stellpl\u00e4tze mit 10 Amp\u00e8re Strom sowie Frisch- und Abwasseranschluss zur Verf\u00fcgung. Das WLAN ist auf allen Pl\u00e4tzen kostenlos. Hunde sind herzlich willkommen.<\/span>[\/vc_column_text][vc_btn title=&#8220;Campingplatz Le Parage ansehen&#8220; color=&#8220;blue&#8220; link=&#8220;url:https%3A%2F%2Fwww.sollasi.nl%2Fde%2Fcamping-le-parage%2F|title:Campingplatz%20Le%20Parage&#8220;][vc_column_text]<\/p>\n<h2><b>Camping mit Hund in Holland oder Ferienhaus mit Hund<\/b><\/h2>\n<p><span style=\"font-weight: 400;\">Der Ferienpark Sollasi ist nicht nur ein Campingplatz, sondern auch ein<\/span><a href=\"https:\/\/www.sollasi.nl\/de\/bungalowpark-noordwijk\/\"> <span style=\"font-weight: 400;\">Bungalowpark in Noordwijk<\/span><\/a><span style=\"font-weight: 400;\">. Mieten Sie einen sch\u00f6nen Bungalow f\u00fcr Ihren Urlaub in Holland am Meer. In allen Bungalows (au\u00dfer in den Studios f\u00fcr 2 Personen) sind Hunde erlaubt. Die Bungalows f\u00fcr 4-6 Personen sind unterschiedlich ausgestattet. Weitere Informationen \u00fcber den Bungalowpark finden Sie<\/span><a href=\"https:\/\/www.sollasi.nl\/bungalowpark-sollasi\/\"> <span style=\"font-weight: 400;\">hier<\/span><\/a><span style=\"font-weight: 400;\">.<\/span>[\/vc_column_text][\/vc_column][vc_column width=&#8220;1\/2&#8243;][vc_column_text]<\/p>\n<h3><b>Ferienpark und Campingplatz Sollasi<\/b><\/h3>\n<p><span style=\"font-weight: 400;\">Der Ferienpark mit Campingplatz Sollasi ist nicht weit vom Camping Le Parage entfernt. Die D\u00fcnen und der Strand Langevelderslag sind von Camping Sollasi ebenso gut mit dem Fahrrad erreichbar. Hier erleben Sie unvergessliches Camping am Meer in Holland.\u00a0<\/span><\/p>\n<p><span style=\"font-weight: 400;\">Zudem liegt dieser Ferienpark am <\/span><b>Oosterduinse Meer<\/b><span style=\"font-weight: 400;\">, einem Baggersee mit Strand und Liegewiesen. Abwechslung gibt es hier mehr als genug. Am Oosterduinse Meer finden Sie das gem\u00fctliche Restaurant Como &amp; Co.<\/span><\/p>\n<p><span style=\"font-weight: 400;\">Im Ferienpark Sollasi gibt es einen <\/span><b>Spielplatz und ein Pannafeld<\/b><span style=\"font-weight: 400;\">. Die hervorragenden sanit\u00e4ren Anlagen haben einen beheizten Bereich f\u00fcr Kleinkinder, einen Waschraum und eine Station zum Leeren von Chemietoiletten. Auch ein <\/span><b>Fahrradverleih<\/b><span style=\"font-weight: 400;\"> ist vor Ort im Park.<\/span><\/p>\n<p><span style=\"font-weight: 400;\">Die Stellpl\u00e4tze f\u00fcr Wohnwagen, Wohnmobile und Zelte auf Camping Sollasi sind <\/span><b>ca. 80 m\u00b2<\/b><span style=\"font-weight: 400;\"> gro\u00df, sind mit einem <\/span><b>10-Amp\u00e8re-Stromanschluss<\/b><span style=\"font-weight: 400;\"> und Frischwasser ausgestattet. Auf einem Stellplatz sind maximal zwei Hunde erlaubt. Das <\/span><b>WLAN ist kostenlos<\/b><span style=\"font-weight: 400;\">.<\/span>[\/vc_column_text][vc_btn title=&#8220;Campingplatz Sollasi ansehen&#8220; color=&#8220;blue&#8220; link=&#8220;url:https%3A%2F%2Fwww.sollasi.nl%2Fde%2Fcamping-sollasi%2F|title:Campingplatz%20Sollasi&#8220;][vc_single_image image=&#8220;10985&#8243; img_size=&#8220;large&#8220;][vc_column_text]<\/p>\n<h2><b>Campingplatz beim Keukenhof<\/b><\/h2>\n<p><span style=\"font-weight: 400;\">Ferienpark Sollasi und Camping Le Parage liegen mitten im bekanntesten Blumengebiet der Niederlande, dem <\/span><b>Bollenstreek<\/b><span style=\"font-weight: 400;\"> in der Provinz S\u00fcd-Holland.<\/span><\/p>\n<p><span style=\"font-weight: 400;\">Die ber\u00fchmte Blumenausstellung im<\/span><a href=\"https:\/\/keukenhof.nl\/de\/\" target=\"_blank\" rel=\"noopener\"> <b>Keukenhof<\/b><\/a><span style=\"font-weight: 400;\"> ist im Mai ge\u00f6ffnet und lockt ebenfalls viele Touristen in diese Region. Beim Camping am Meer in Holland auf unserem Campingplatz sind Sie nur wenige Kilometer von diesen Attraktionen entfernt.<\/span><\/p>\n<p><span style=\"font-weight: 400;\">Mit dem Auto sind Sie schnell in den gro\u00dfen <\/span><b>St\u00e4dten<\/b><span style=\"font-weight: 400;\"> Amsterdam, Leiden und Haarlem. Machen Sie eine ausgiebige Shoppingtour und kaufen Sie typisch holl\u00e4ndische Souvenirs. Auch f\u00fcr Kulturinteressierte gibt es in der Umgebung genug zu unternehmen.<\/span><\/p>\n<p><span style=\"font-weight: 400;\">F\u00fcr <\/span><b>Familienausfl\u00fcge<\/b><span style=\"font-weight: 400;\"> eignen sich der Freizeitpark Duinrell, Sea Life Scheveningen, Familienpark Drievliet und Riesenspielplatz Linnaeushof.<\/span>[\/vc_column_text][vc_column_text]<span style=\"font-weight: 400;\">Auch der beliebte K\u00fcstenort <a href=\"https:\/\/sollasi.nl\/de\/camping-zandvoort\/\">Zandvoort<\/a> liegt ganz in der N\u00e4he unseres Campingplatzes. Unser Tipp: Mieten Sie sich ein Fahrrad bei uns und genie\u00dfen Sie eine herrliche Radtour durch die D\u00fcnen, immer an der K\u00fcste entlang. Nach einer halben Stunde erreichen Sie Zandvoort, wo Sie durch die Einkaufsstra\u00dfe bummeln, einen Eisbecher in einem der Strandcaf\u00e9s genie\u00dfen oder sich einfach am breiten Sandstrand ausruhen k\u00f6nnen. Ein besonderes Erlebnis ist die <a href=\"https:\/\/sollasi.nl\/de\/formel-1-zandvoort\/\">Formel 1 in Zandvoort<\/a>, die immer im sp\u00e4ten Sommer stattfindet!<\/span>[\/vc_column_text][vc_column_text]<\/p>\n<h2><b>Camping am Meer in Holland reservieren<\/b><\/h2>\n<p><span style=\"font-weight: 400;\">K\u00f6nnen Sie es kaum erwarten, das Meer wiederzusehen? Auf unserem Ferienpark und Campingplatz am Meer erleben Sie einen fantastischen Urlaub an der K\u00fcste. Erleben Sie unvergessliche Tage beim Camping am Meer in Holland. Buchen Sie jetzt und freuen Sie sich auf eine erholsame Zeit an der holl\u00e4ndischen K\u00fcste!<\/span>[\/vc_column_text][vc_btn title=&#8220;Camping am Meer in Holland buchen&#8220; color=&#8220;blue&#8220; link=&#8220;url:https%3A%2F%2Fwww.sollasi.nl%2Fde%2F|title:Campingplatz%20Sollasi&#8220;][\/vc_column][\/vc_row][vc_row][vc_column][vc_column_text css=&#8220;.vc_custom_1721226438675{padding-top: 15px !important;padding-right: 15px !important;padding-bottom: 15px !important;padding-left: 15px !important;background-color: #dce3f2 !important;}&#8220;]<\/p>\n<h2><span style=\"font-weight: 600;\">H\u00e4ufig gestellte Fragen (FAQ)<\/span><\/h2>\n<h4>Warum ist Noordwijk ideal f\u00fcrs Camping am Meer?<\/h4>\n<p><span style=\"font-weight: 400;\">Noordwijk bietet N\u00e4he zum Meer, D\u00fcnen und breiten Sandstrand. Sollasi und Le Parage in Noordwijkerhout sind perfekte Orte f\u00fcr unvergessliches Camping am Meer in Holland.<\/span><\/p>\n<h4>Was macht Campingplatz besonders f\u00fcr Familien und Hunde geeignet?<\/h4>\n<p><span style=\"font-weight: 400;\">Le Parage ist ein kleiner Campingplatz am Wald und D\u00fcnen von Noordwijkerhout. Ideal f\u00fcr Familien und Hundebesitzer mit Fu\u00dfball- und Basketballplatz, Spielplatz und N\u00e4he zum Strand.<\/span><\/p>\n<h4>Was bietet Ferienpark Sollasi neben Camping?<\/h4>\n<p><span style=\"font-weight: 400;\">Der Park liegt am Oosterduinse Meer, bietet Spielplatz, Pannafeld, hervorragende Sanit\u00e4ranlagen und einen Fahrradverleih.<\/span><\/p>\n<h4>Sind Hunde erlaubt auf dem Campingplatz und im Bungalowpark Sollasi?<\/h4>\n<p><span style=\"font-weight: 400;\">Ja, Hunde sind herzlich willkommen auf dem Campingplatz und in den Bungalows f\u00fcr 4-6 Personen.<\/span><\/p>\n<h4>Welche Ausflugsm\u00f6glichkeiten gibt es in der Umgebung von Noordwijk?<\/h4>\n<p><span style=\"font-weight: 400;\">Besuchen Sie den Keukenhof, erkunden Sie Amsterdam, Leiden und Haarlem, oder erleben Sie mit Ihrer Familie Freizeitparks wie Duinrell, Sea Life Scheveningen und den Familienpark Drievliet.<\/span>[\/vc_column_text][\/vc_column][\/vc_row]<\/p>\n","protected":false},"excerpt":{"rendered":"<p>[vc_row][vc_column][vc_column_text][\/vc_column_text][\/vc_column][vc_column width=&#8220;1\/2&#8243;][vc_column_text] Camping am Meer in Holland &#8211; Ihr Traumurlaub in Noordwijk Noordwijk ist einer der sch\u00f6nsten Orte f\u00fcrs Camping am Meer in Holland. Im Ferienpark Sollasi sowie auf den Campingpl\u00e4tzen Sollasi und Le Parage, beide in Noordwijkerhout in der Gemeinde Noordwijk gelegen, sind Sie dem Meer, den D\u00fcnen und dem traumhaften breiten Sandstrand ganz nah.[\/vc_column_text][vc_btn title=&#8220;Direkt zu den Stellpl\u00e4tzen&#8220; color=&#8220;blue&#8220; link=&#8220;url:https%3A%2F%2Fsollasi.nl%2Fde%2Fcamping-sollasi%2Freservieren%2F|title:Campingplatz%20Sollasi&#8220;][vc_column_text] Campingplatz in Noordwijkerhout an der K\u00fcste Auf einem Campingplatz an der holl\u00e4ndischen K\u00fcste erleben Sie einen unvergesslichen Urlaub. &#8230; <\/p>\n<p class=\"read-more-container\"><a title=\"Camping am Meer in Holland\" class=\"read-more button\" href=\"https:\/\/sollasi.nl\/de\/camping-am-meer-in-holland\/#more-7586\">Read More<span class=\"screen-reader-text\">Camping am Meer in Holland<\/span><\/a><\/p>\n","protected":false},"author":5,"featured_media":0,"parent":0,"menu_order":0,"comment_status":"closed","ping_status":"closed","template":"","meta":{"footnotes":""},"class_list":["post-7586","page","type-page","status-publish"],"_links":{"self":[{"href":"https:\/\/sollasi.nl\/de\/wp-json\/wp\/v2\/pages\/7586","targetHints":{"allow":["GET"]}}],"collection":[{"href":"https:\/\/sollasi.nl\/de\/wp-json\/wp\/v2\/pages"}],"about":[{"href":"https:\/\/sollasi.nl\/de\/wp-json\/wp\/v2\/types\/page"}],"author":[{"embeddable":true,"href":"https:\/\/sollasi.nl\/de\/wp-json\/wp\/v2\/users\/5"}],"replies":[{"embeddable":true,"href":"https:\/\/sollasi.nl\/de\/wp-json\/wp\/v2\/comments?post=7586"}],"version-history":[{"count":15,"href":"https:\/\/sollasi.nl\/de\/wp-json\/wp\/v2\/pages\/7586\/revisions"}],"predecessor-version":[{"id":11820,"href":"https:\/\/sollasi.nl\/de\/wp-json\/wp\/v2\/pages\/7586\/revisions\/11820"}],"wp:attachment":[{"href":"https:\/\/sollasi.nl\/de\/wp-json\/wp\/v2\/media?parent=7586"}],"curies":[{"name":"wp","href":"https:\/\/api.w.org\/{rel}","templated":true}]}}