{"id":7733,"date":"2022-12-06T13:13:18","date_gmt":"2022-12-06T13:13:18","guid":{"rendered":"https:\/\/sollasi.nl\/?page_id=7733"},"modified":"2025-03-25T13:11:32","modified_gmt":"2025-03-25T13:11:32","slug":"campingplatz-beim-keukenhof","status":"publish","type":"page","link":"https:\/\/sollasi.nl\/de\/campingplatz-beim-keukenhof\/","title":{"rendered":"Campingplatz beim Keukenhof"},"content":{"rendered":"<p>[vc_row][vc_column][vc_column_text]<div id=\"metaslider-id-10804\" style=\"width: 100%;\" class=\"ml-slider-3-108-0 metaslider metaslider-nivo metaslider-10804 ml-slider ms-theme-default\" role=\"region\" aria-label=\"Tulpen landingspagina\" data-height=\"495\" data-width=\"1980\">\n    <div id=\"metaslider_container_10804\">\n        <div class='slider-wrapper theme-default'><div class='ribbon'><\/div><div id='metaslider_10804' class='nivoSlider'><img loading=\"lazy\" decoding=\"async\" src=\"https:\/\/sollasi.nl\/wp-content\/uploads\/2024\/06\/Camping-Noordwijkerhout.jpg\" height=\"495\" width=\"1980\" title=\"Camping Noordwijkerhout\" alt=\"Camping Tulpenfelder Sollasi\" class=\"slider-10804 slide-10806 msDefaultImage\" \/><img loading=\"lazy\" decoding=\"async\" src=\"https:\/\/sollasi.nl\/wp-content\/uploads\/keukenhof-tulpen-banner-1980x495.jpg\" height=\"495\" width=\"1980\" title=\"keukenhof-tulpen-banner\" alt=\"Tulpen im Keukenhof Campingplatz Sollasi\" class=\"slider-10804 slide-10829 msDefaultImage\" \/><\/div><\/div>\n        \n    <\/div>\n<\/div>[\/vc_column_text][\/vc_column][vc_column width=&#8220;1\/2&#8243;][vc_column_text]<\/p>\n<h2>Vom Campingplatz direkt zum Keukenhof<\/h2>\n<p>Sollasi ist ein Bungalowpark und Campingplatz beim Keukenhof in Holland. Der Campingplatz ist in zwei Pl\u00e4tze unterteilt, sodass Sie je nach Vorliebe Ihren gew\u00fcnschten Stellplatz buchen k\u00f6nnen. Sie finden uns im sch\u00f6nen \u201eBollenstreek\u201c Hollands, der Blumenzwiebelregion, umgeben von Tulpenfeldern, Meer und D\u00fcnen.<\/p>\n<p>Nur 5 km entfernt, erreichen Sie die ber\u00fchmten Blumeng\u00e4rten und k\u00f6nnen den Fr\u00fchling in seiner vollen Pracht erleben. Wir bieten Ihnen die ideale Ausgangsbasis f\u00fcr einen unvergesslichen Aufenthalt in Nordholland.[\/vc_column_text][vc_btn title=&#8220;Direkt reservieren&#8220; color=&#8220;blue&#8220; link=&#8220;url:http%3A%2F%2Fsollasi.nl%2Fde%2F|title:Direkt%20buchen&#8220;][vc_column_text]<\/p>\n<h2>Campen zwischen Keukenhof und K\u00fcste<\/h2>\n<p>Unser Park zeichnet sich aus durch seine hervorragende Lage. Den ber\u00fchmten Keukenhof mit seinen herrlichen Blumeng\u00e4rten erreichen Sie von uns aus nach einer kurzen Fahrradfahrt entlang der Tulpenfelder &#8211; es sind nur 5 km! Erleben Sie im Fr\u00fchling die leuchtenden Farben der Tulpen &#8211; so sch\u00f6n sind Sie nur bei uns in Holland!<\/p>\n<p>Doch wir haben nicht nur die ber\u00fchmten Tulpenfelder zu bieten &#8211; beim <a href=\"https:\/\/sollasi.nl\/de\/camping-in-noordwijk\/\">Camping in Nordwijkerhout<\/a> sind Sie an einem der sch\u00f6nsten Orte an Hollands K\u00fcste. Wandern Sie durch die D\u00fcnen und genie\u00dfen Sie den breiten Sandstrand. Und inmitten dieser herrlichen Umgebung liegen unsere beiden Campingpl\u00e4tze.<\/p>\n<h2>Stellpl\u00e4tze auf unseren Campingpl\u00e4tzen<\/h2>\n<p>Wenn Sie einen Campingplatz beim Keukenhof suchen, sind Sie bei Sollasi also an der richtigen Adresse. Wir stellen Ihnen die Merkmale unserer beiden Campingpl\u00e4tze kurz vor. W\u00e4hlen Sie Ihren Lieblingsplatz!<\/p>\n<h3>Campingplatz Le Parage<\/h3>\n<p>Der Strand Langevelderslag ist von diesem <a href=\"https:\/\/sollasi.nl\/de\/camping-am-meer-in-holland\/\">Campingplatz am Meer in Holland<\/a> nur 10 Minuten mit dem Fahrrad entfernt. Auf dem gem\u00fctlichen \u00fcberschaubaren Campingplatz Le Parage sind Sie umgeben von Wald und D\u00fcnen. Starten Sie direkt von hier einen Spaziergang durch das D\u00fcnengebiet De Blink oder entdecken Sie die Wanderrouten durch den Wald, die bis zum herrlichen Sandstrand f\u00fchren.<\/p>\n<p>Hier erwartet Sie u.a.:<\/p>\n<ul>\n<li>Fu\u00dfball- und Basketballplatz<\/li>\n<li>Tischtennisplatte<\/li>\n<li>Spielplatz<\/li>\n<li>Imbiss<\/li>\n<li>Moderne Sanit\u00e4rgeb\u00e4ude<\/li>\n<\/ul>\n<p>Unser <a href=\"https:\/\/sollasi.nl\/de\/camping-duenen-holland\/\">Campingplatz in den D\u00fcnen in Holland<\/a> eignet sich mit dieser Ausstattung ausgezeichnet f\u00fcr einen Urlaub mit der ganzen Familie. Aber auch zu zweit genie\u00dfen Sie hier einen ruhigen Urlaub.<\/p>\n<p>W\u00e4hlen Sie einen der gro\u00dfz\u00fcgigen Stellpl\u00e4tze f\u00fcr Wohnwagen, Wohnmobil oder Zelt. Diese sind mit 6 Ampere Strom und Frischwasser ausgestattet.[\/vc_column_text][vc_btn title=&#8220;Campingplatz Le Parage entdecken&#8220; color=&#8220;blue&#8220; link=&#8220;url:https%3A%2F%2Fwww.sollasi.nl%2Fde%2Fcamping-le-parage%2F|title:Campingplatz%20Le%20Parage&#8220;][vc_column_text]<\/p>\n<h3>Campingplatz Sollasi<\/h3>\n<p>Der zweite Campingplatz ist nicht weit entfernt von Le Parage und besteht aus einem Bungalowpark und einem Campingplatz. Sollasi liegt eingebettet zwischen Tulpenfeldern und dem Oosterduinse Meer, einem Binnensee mit Sandstrand. Sie haben also die Wahl, Ihren Strandtag direkt hier oder am Meer zu verbringen. Sowohl der Keukenhof als auch der Strand und die D\u00fcnen sind auch von hier aus in wenigen Minuten erreichbar.<\/p>\n<p>Auch hier gibt es gen\u00fcgend Freizeitgestaltungsm\u00f6glichkeiten:<\/p>\n<ul>\n<li>Spielplatz<\/li>\n<li>Pannak\u00e4fig (f\u00fcr Street Soccer)<\/li>\n<li>Fahrradverleih<\/li>\n<li>Restaurants in der N\u00e4he<\/li>\n<\/ul>\n<p>Die Stellpl\u00e4tze sind ca. 80 m\u00b2 gro\u00df und mit 10 Ampere Strom sowie einem Frischwasseranschluss ausgestattet. Die Nutzung des WLANs ist kostenlos.[\/vc_column_text][vc_btn title=&#8220;Campingplatz Sollasi entdecken&#8220; color=&#8220;blue&#8220; link=&#8220;url:https%3A%2F%2Fwww.sollasi.nl%2Fde%2Fcamping-sollasi%2F|title:Campingplatz%20Sollasi&#8220;][\/vc_column][vc_column width=&#8220;1\/2&#8243;][vc_column_text]<\/p>\n<h2>Erholung auf unserem Campingplatz beim Keukenhof<\/h2>\n<p>Bei unserem Campingplatz mit <a href=\"https:\/\/sollasi.nl\/de\/bungalowpark-noordwijk\/\">Bungalowpark in Noordwijk<\/a> werden Sie hervorragend gastronomisch versorgt. <strong>Restaurant Como &amp; Co<\/strong> ist nur wenige Gehminuten von Sollasi entfernt. Hier k\u00f6nnen Sie \u00fcbrigens auch Kajaks und Ruderboote ausleihen.<\/p>\n<p>Auf unserem Campingplatz in der N\u00e4he des Keukenhofs gibt es zahlreiche M\u00f6glichkeiten f\u00fcr Sport und Entspannung, wie z.B. die genannten Sportpl\u00e4tze oder den Fahrradverleih.[\/vc_column_text][vc_single_image image=&#8220;10103&#8243; img_size=&#8220;large&#8220;][vc_column_text]<\/p>\n<h2>Unternehmungen in der Umgebung<\/h2>\n<p>Verbringen Sie Ihren Urlaub bei Sollasi und erkunden Sie die lebhafte und zugleich ruhige Umgebung rundum Noordwijk. Genie\u00dfen Sie Strandtage, Spazierg\u00e4nge durch die D\u00fcnen und nat\u00fcrlich einen Ausflug zum ber\u00fchmten <a href=\"https:\/\/keukenhof.nl\/de\/\" target=\"_blank\" rel=\"noopener\">Blumenpark Keukenhof.<\/a><\/p>\n<p>Der ber\u00fchmte botanische Garten ist ab Ende M\u00e4rz bis Mitte Mai t\u00e4glich von 8 bis 19:30 f\u00fcr Sie ge\u00f6ffnet. Sie finden hier im Fr\u00fchling zun\u00e4chst fr\u00fchbl\u00fchende Sorten wie Krokusse und Osterglocken. Sp\u00e4ter bl\u00fchen dann die Tulpen in spektakul\u00e4ren Sorten und Farben. Und das Tollste? Von unseren Campingpl\u00e4tzen aus haben die k\u00fcrzeste Anfahrt von allen &#8211; so k\u00f6nnen Sie den Besuchermassen entgehen, indem Sie die Morgen- oder Abendstunden nutzen k\u00f6nnen. Bei Sonnenauf- und Untergang sind au\u00dferdem die besten Fotos m\u00f6glich![\/vc_column_text][vc_single_image image=&#8220;7736&#8243; img_size=&#8220;large&#8220;][vc_column_text]Auch tolle St\u00e4dtetrips sind von uns aus einfach zu planen. Sie erreichen die gro\u00dfen St\u00e4dte Leiden, Haarlem oder Amsterdam im Handumdrehen. Genie\u00dfen Sie auch die Atmosph\u00e4re in den malerischen D\u00f6rfern in der Umgebung.<\/p>\n<p>F\u00fcr Kinder gibt es viele sch\u00f6ne Ausflugsziele in der Region.<\/p>\n<p><strong>Unsere Empfehlungen:<\/strong><\/p>\n<ul>\n<li><a href=\"https:\/\/www.duinrell.de\/\" target=\"_blank\" rel=\"noopener\">Freizeitpark und Erlebnisbad Duinrell<\/a><\/li>\n<li><a href=\"https:\/\/www.visitsealife.com\/scheveningen\/en\/\" target=\"_blank\" rel=\"noopener\">Sea Life Scheveningen<\/a><\/li>\n<li><a href=\"https:\/\/www.linnaeushof.nl\/de\/\" target=\"_blank\" rel=\"noopener\">Linnaeushof<\/a>: gr\u00f6\u00dfter Spielplatz Europas<\/li>\n<li><a href=\"https:\/\/www.drievliet.nl\/\" target=\"_blank\" rel=\"noopener\">Familienpark Drievliet<\/a><\/li>\n<\/ul>\n<h2>Urlaub auf dem Campingplatz beim Keukenhof<\/h2>\n<p>Auf einem der Campingpl\u00e4tze verbringen Sie einen Urlaub in Holland am Meer und mitten in den Tulpenfeldern, genau wie Sie es sich vorstellen. Reservieren Sie Ihren gew\u00fcnschten Stellplatz ganz einfach online auf unserer Website.[\/vc_column_text][vc_btn title=&#8220;Stellplatz beim Keukenhof reservieren&#8220; color=&#8220;blue&#8220; link=&#8220;url:https%3A%2F%2Fwww.sollasi.nl%2Fde%2F|title:Campingplatz%20Sollasi&#8220;][\/vc_column][\/vc_row][vc_row][vc_column][vc_column_text css=&#8220;.vc_custom_1726755384972{padding-top: 15px !important;padding-right: 15px !important;padding-bottom: 15px !important;padding-left: 15px !important;background-color: #dce3f2 !important;}&#8220;]<\/p>\n<h2><span style=\"font-weight: 600;\">H\u00e4ufig gestellte Fragen (FAQs)<\/span><\/h2>\n<h3><b>Wie weit ist der Keukenhof vom Campingplatz entfernt?<\/b><\/h3>\n<p><span style=\"font-weight: 400;\">Der Keukenhof ist nur 5 km entfernt, und Sie k\u00f6nnen ihn bequem mit dem Fahrrad erreichen. Genie\u00dfen Sie eine kurze Fahrt entlang der Tulpenfelder und tauchen Sie ein in die farbenfrohe Pracht des Parks.<\/span><\/p>\n<h3><b>Was sind die Besonderheiten des Campingplatzes Sollasi?<\/b><\/h3>\n<p><span style=\"font-weight: 400;\">Der Campingplatz Sollasi liegt zwischen Tulpenfeldern und dem Oosterduinse Meer. Hier haben Sie Zugang zu einem Sandstrand und k\u00f6nnen zwischen einem Strandtag am Campingplatz oder am Meer w\u00e4hlen. Die Stellpl\u00e4tze sind etwa 80 m\u00b2 gro\u00df und bieten 10 Ampere Strom sowie einen Frischwasseranschluss. Kostenloses WLAN ist verf\u00fcgbar.<\/span><\/p>\n<h3><b>Gibt es gastronomische Einrichtungen in der N\u00e4he des Campingplatzes Sollasi?<\/b><\/h3>\n<p><span style=\"font-weight: 400;\">Ja, das Restaurant Como &amp; Co ist nur wenige Gehminuten von Sollasi entfernt und bietet eine hervorragende gastronomische Versorgung. Hier k\u00f6nnen Sie auch Kajaks und Ruderboote ausleihen.<\/span><\/p>\n<h3><b>Wie sind die \u00d6ffnungszeiten des Keukenhofs?<\/b><\/h3>\n<p><span style=\"font-weight: 400;\">Der Keukenhof ist ab Ende M\u00e4rz bis Mitte Mai t\u00e4glich von 8 bis 19:30 Uhr ge\u00f6ffnet. Nutzen Sie die Morgen- oder Abendstunden, um den Besuchermassen zu entgehen, und erleben Sie die beeindruckenden Blumenshows.<\/span><\/p>\n<h3><b>Welche St\u00e4dte sind von den Campingpl\u00e4tzen aus gut erreichbar?<\/b><\/h3>\n<p><span style=\"font-weight: 400;\">Die gro\u00dfen St\u00e4dte Leiden, Haarlem und Amsterdam sind vom Campingplatz aus leicht zu erreichen. Genie\u00dfen Sie auch die Atmosph\u00e4re der malerischen D\u00f6rfer in der Umgebung.<\/span>[\/vc_column_text][\/vc_column][\/vc_row]<\/p>\n","protected":false},"excerpt":{"rendered":"<p>[vc_row][vc_column][vc_column_text][\/vc_column_text][\/vc_column][vc_column width=&#8220;1\/2&#8243;][vc_column_text] Vom Campingplatz direkt zum Keukenhof Sollasi ist ein Bungalowpark und Campingplatz beim Keukenhof in Holland. Der Campingplatz ist in zwei Pl\u00e4tze unterteilt, sodass Sie je nach Vorliebe Ihren gew\u00fcnschten Stellplatz buchen k\u00f6nnen. Sie finden uns im sch\u00f6nen \u201eBollenstreek\u201c Hollands, der Blumenzwiebelregion, umgeben von Tulpenfeldern, Meer und D\u00fcnen. Nur 5 km entfernt, erreichen Sie die ber\u00fchmten Blumeng\u00e4rten und k\u00f6nnen den Fr\u00fchling in seiner vollen Pracht erleben. Wir bieten Ihnen die ideale Ausgangsbasis f\u00fcr einen unvergesslichen Aufenthalt in Nordholland.[\/vc_column_text][vc_btn title=&#8220;Direkt &#8230; <\/p>\n<p class=\"read-more-container\"><a title=\"Campingplatz beim Keukenhof\" class=\"read-more button\" href=\"https:\/\/sollasi.nl\/de\/campingplatz-beim-keukenhof\/#more-7733\">Read More<span class=\"screen-reader-text\">Campingplatz beim Keukenhof<\/span><\/a><\/p>\n","protected":false},"author":3,"featured_media":0,"parent":0,"menu_order":0,"comment_status":"closed","ping_status":"closed","template":"","meta":{"footnotes":""},"class_list":["post-7733","page","type-page","status-publish"],"_links":{"self":[{"href":"https:\/\/sollasi.nl\/de\/wp-json\/wp\/v2\/pages\/7733","targetHints":{"allow":["GET"]}}],"collection":[{"href":"https:\/\/sollasi.nl\/de\/wp-json\/wp\/v2\/pages"}],"about":[{"href":"https:\/\/sollasi.nl\/de\/wp-json\/wp\/v2\/types\/page"}],"author":[{"embeddable":true,"href":"https:\/\/sollasi.nl\/de\/wp-json\/wp\/v2\/users\/3"}],"replies":[{"embeddable":true,"href":"https:\/\/sollasi.nl\/de\/wp-json\/wp\/v2\/comments?post=7733"}],"version-history":[{"count":19,"href":"https:\/\/sollasi.nl\/de\/wp-json\/wp\/v2\/pages\/7733\/revisions"}],"predecessor-version":[{"id":12288,"href":"https:\/\/sollasi.nl\/de\/wp-json\/wp\/v2\/pages\/7733\/revisions\/12288"}],"wp:attachment":[{"href":"https:\/\/sollasi.nl\/de\/wp-json\/wp\/v2\/media?parent=7733"}],"curies":[{"name":"wp","href":"https:\/\/api.w.org\/{rel}","templated":true}]}}