{"id":7874,"date":"2023-02-07T12:35:36","date_gmt":"2023-02-07T12:35:36","guid":{"rendered":"https:\/\/sollasi.nl\/?page_id=7874"},"modified":"2025-08-25T14:31:12","modified_gmt":"2025-08-25T14:31:12","slug":"camping-mit-privatsanitaer","status":"publish","type":"page","link":"https:\/\/sollasi.nl\/de\/camping-mit-privatsanitaer\/","title":{"rendered":"Camping mit Privatsanit\u00e4r"},"content":{"rendered":"<p>[vc_row][vc_column][vc_column_text]<div id=\"metaslider-id-1023\" style=\"width: 100%;\" class=\"ml-slider-3-108-0 metaslider metaslider-nivo metaslider-1023 ml-slider ms-theme-default\" role=\"region\" aria-label=\"Camping Sollasi \u2013 Homepage\" data-height=\"495\" data-width=\"1980\">\n    <div id=\"metaslider_container_1023\">\n        <div class='slider-wrapper theme-default'><div class='ribbon'><\/div><div id='metaslider_1023' class='nivoSlider'><img loading=\"lazy\" decoding=\"async\" src=\"https:\/\/sollasi.nl\/wp-content\/uploads\/2023\/09\/camping-sollasi-camperplaats.webp\" height=\"495\" width=\"1980\" title=\"camping-sollasi-camperplaats\" alt=\"camper kamperen noordwijkerhout\" class=\"slider-1023 slide-1918 msDefaultImage\" \/><img loading=\"lazy\" decoding=\"async\" src=\"https:\/\/sollasi.nl\/wp-content\/uploads\/2023\/09\/Camping-Sollasi-luchtfoto--1782x445.webp\" height=\"495\" width=\"1980\" title=\"Camping-Sollasi-luchtfoto-\" alt=\"foto landschap noordwijkerhout\" class=\"slider-1023 slide-1024 msDefaultImage\" \/><img loading=\"lazy\" decoding=\"async\" src=\"https:\/\/sollasi.nl\/wp-content\/uploads\/2023\/09\/campiong-sollasi-speeltuin.webp\" height=\"495\" width=\"1980\" title=\"camping-sollasi-speeltuin\" alt=\"speeltuin camping kinderen\" class=\"slider-1023 slide-1914 msDefaultImage\" \/><\/div><\/div>\n        \n    <\/div>\n<\/div>[\/vc_column_text][\/vc_column][vc_column width=&#8220;1\/2&#8243;][vc_column_text]<\/p>\n<h1><b>Camping mit Privatsanit\u00e4r an der holl\u00e4ndischen K\u00fcste\u00a0<\/b><\/h1>\n<p><span style=\"font-weight: 400;\">Sie m\u00f6gen Campingurlaub, haben aber keine Lust, nachts zu den Sanit\u00e4ranlagen zu tapsen oder morgens auf eine freie Duschkabine zu warten? Bei uns haben Sie die M\u00f6glichkeit, einen Stellplatz mit privatem Badezimmer-H\u00e4uschen zu buchen. Erleben Sie luxuri\u00f6ses Camping mit Privatsanit\u00e4r an der niederl\u00e4ndischen K\u00fcste auf dem Campingplatz Sollasi.<\/span>[\/vc_column_text][vc_btn title=&#8220;Direkt buchen&#8220; color=&#8220;blue&#8220; align=&#8220;center&#8220; link=&#8220;url:https%3A%2F%2Fsollasi.nl%2Fde%2Fcamping-sollasi%2Freservieren%2F|title:Urlaub%20am%20Meer%20buchen&#8220;][vc_separator color=&#8220;white&#8220; border_width=&#8220;3&#8243;][vc_column_text]<\/p>\n<h2><span style=\"font-weight: 600;\">Einzigartige Lage in Holland<\/span><\/h2>\n<p><span style=\"font-weight: 400;\">Unser <a href=\"https:\/\/sollasi.nl\/de\/camping-am-meer-in-holland\/\">Campingplatz am Meer in Holland<\/a> ist das perfekte Ziel f\u00fcr alle, die einen erholsamen Campingurlaub an der niederl\u00e4ndischen K\u00fcste genie\u00dfen m\u00f6chten. Er besticht durch seine einzigartige Lage bei Noordwijk in Holland mitten zwischen den Tulpenfeldern und direkt an einem See mit Strandbad. Aber auch zum Meer und der herrlichen D\u00fcnenlandschaft sind es nur wenige Minuten mit dem Fahrrad.<\/span>[\/vc_column_text][vc_btn title=&#8220;Entdecken Sie den Campingplatz Sollasi&#8220; color=&#8220;blue&#8220; link=&#8220;url:https%3A%2F%2Fsollasi.nl%2Fde%2Fcamping-sollasi%2F|title:Campingplatz%20Sollasi&#8220;][vc_column_text]<span style=\"font-weight: 600;\"><img loading=\"lazy\" decoding=\"async\" class=\"alignnone size-full wp-image-7880\" src=\"https:\/\/sollasi.nl\/wp-content\/uploads\/2023\/02\/Camping-mit-Privatsanitaer-von-oben.jpg\" alt=\"Camping mit Privatsanit\u00e4r am Meer in Holland\" width=\"600\" height=\"450\" srcset=\"https:\/\/sollasi.nl\/wp-content\/uploads\/2023\/02\/Camping-mit-Privatsanitaer-von-oben.jpg 600w, https:\/\/sollasi.nl\/wp-content\/uploads\/2023\/02\/Camping-mit-Privatsanitaer-von-oben-300x225.jpg 300w, https:\/\/sollasi.nl\/wp-content\/uploads\/2023\/02\/Camping-mit-Privatsanitaer-von-oben-257x193.jpg 257w, https:\/\/sollasi.nl\/wp-content\/uploads\/2023\/02\/Camping-mit-Privatsanitaer-von-oben-140x105.jpg 140w\" sizes=\"auto, (max-width: 600px) 100vw, 600px\" \/><\/span>[\/vc_column_text][vc_column_text]<\/p>\n<h2><span style=\"font-weight: 600;\">Privatsanit\u00e4r f\u00fcr maximalen Komfort<\/span><\/h2>\n<p><span style=\"font-weight: 400;\">Unser <a href=\"https:\/\/sollasi.nl\/de\/camping-in-noordwijk\/\">Campingplatz in Noordwijk<\/a> bietet Ihnen die M\u00f6glichkeit, mit einem eigenen Zelt oder Wohnwagen zu campen und dabei den ultimativen Komfort einer privaten Sanit\u00e4ranlage zu genie\u00dfen. Sie brauchen nicht lange warten und sich das Bad nicht mit anderen G\u00e4sten teilen. Stattdessen k\u00f6nnen Sie in vollkommener Ruhe und Privatsph\u00e4re direkt auf Ihrem Stellplatz duschen und auf Toilette gehen.<\/span><\/p>\n<p><span style=\"font-weight: 400;\">Zus\u00e4tzliche Privatsph\u00e4re genie\u00dfen Sie dadurch, dass die gro\u00dfz\u00fcgigen Stellpl\u00e4tze durch Hecken abgetrennt sind und \u00fcber einen eigenen Strom- und Wasseranschluss verf\u00fcgen. Sie sind mit ihrer 8 x 10 m gro\u00dfen Rasenfl\u00e4che auch f\u00fcr gr\u00f6\u00dfere Wohnmobile oder Wohnwagen gut geeignet. Au\u00dferdem gibt es \u00fcberall auf dem Campingplatz kostenloses WLAN.<\/span>[\/vc_column_text][vc_column_text]<span style=\"font-weight: 400;\"><img loading=\"lazy\" decoding=\"async\" class=\"alignnone size-full wp-image-7883\" src=\"https:\/\/sollasi.nl\/wp-content\/uploads\/2023\/02\/Camping-mit-Privatsanitaer-ausen.jpg.png\" alt=\"Privatsanit\u00e4r direkt auf dem Stellplatz\" width=\"500\" height=\"518\" srcset=\"https:\/\/sollasi.nl\/wp-content\/uploads\/2023\/02\/Camping-mit-Privatsanitaer-ausen.jpg.png 500w, https:\/\/sollasi.nl\/wp-content\/uploads\/2023\/02\/Camping-mit-Privatsanitaer-ausen.jpg-290x300.png 290w, https:\/\/sollasi.nl\/wp-content\/uploads\/2023\/02\/Camping-mit-Privatsanitaer-ausen.jpg-186x193.png 186w, https:\/\/sollasi.nl\/wp-content\/uploads\/2023\/02\/Camping-mit-Privatsanitaer-ausen.jpg-101x105.png 101w\" sizes=\"auto, (max-width: 500px) 100vw, 500px\" \/><\/span>[\/vc_column_text][vc_column_text]<span style=\"font-weight: 400;\">Die privaten Badezimmer sind mit Dusche, WC, Waschbecken mit Spiegel und sogar mit einem F\u00f6hn ausgestattet. Sie selbst sind w\u00e4hrend Ihres Urlaubs die einzigen Nutzer, so dass Sie Ihre Toilettensachen bequem dort lassen k\u00f6nnen. Au\u00dfen am H\u00e4uschen gibt es ein weiteres gro\u00dfes Waschbecken f\u00fcr Ihren Abwasch.<\/span>[\/vc_column_text][vc_btn title=&#8220;Hier Stellplatz mit Privatsanit\u00e4r ansehen&#8220; color=&#8220;blue&#8220; link=&#8220;url:https%3A%2F%2Fsollasi.nl%2Fde%2Fcamping-sollasi%2Fluxurioese-stellplaetze-fuer-touristen-mit-privaten-sanitaeranlagen%2F|title:Stellplatz%20mit%20Privatsanit%C3%A4r%20&#8243;][vc_separator color=&#8220;white&#8220; border_width=&#8220;3&#8243;][vc_column_text]<\/p>\n<h2><span style=\"font-weight: 600;\">Tulpenfelder und D\u00fcnen erkunden<\/span><\/h2>\n<p><span style=\"font-weight: 400;\"><a href=\"https:\/\/sollasi.nl\/de\/camping-duenen-holland\/\">Camping in den D\u00fcnen in Holland<\/a> bietet Ihnen eine einzigartige Kombination aus Entspannung am Meer und dem Charme der Tulpenfelder. Hier k\u00f6nnen Sie vollkommen abschalten und die Natur genie\u00dfen, ohne auf den Komfort unseres Campingplatzes verzichten zu m\u00fcssen.<\/span><\/p>\n<h3><b>Tulpenbl\u00fcte im Bollenstreek und Keukenhof<\/b><\/h3>\n<p><span style=\"font-weight: 400;\">Direkt von unserem <a href=\"https:\/\/sollasi.nl\/de\/campingplatz-beim-keukenhof\/\">Campingplatz beim Keukenhof<\/a> aus k\u00f6nnen Sie die wundersch\u00f6nen Tulpenfelder erkunden. Die Region \u201c<a href=\"https:\/\/bollenstreek.nl\/?lang=de\" target=\"_blank\" rel=\"noopener\">Bollenstreek<\/a>\u201d (\u201cZwiebelregion\u201d) mit ihren Tulpenfeldern bietet im Fr\u00fchjahr ein einzigartiges Schauspiel, das in der ganzen Welt ber\u00fchmt ist. Erleben Sie die leuchtenden Farben der vielen . Nach nur 10 Minuten mit dem Fahrrad erreichen Sie den Blumenpark <a href=\"https:\/\/keukenhof.nl\/de\/\" target=\"_blank\" rel=\"noopener\">Keukenhof<\/a>. Er gilt als der sch\u00f6nste Fr\u00fchlingspark der Welt mit \u00fcber 7 Millionen gepflanzten Blumenzwiebeln auf 32 Hektar Fl\u00e4che.\u00a0<\/span>[\/vc_column_text][\/vc_column][vc_column width=&#8220;1\/2&#8243;][vc_column_text]<\/p>\n<h3><b>D\u00fcnen und Meer<\/b><\/h3>\n<p><span style=\"font-weight: 400;\">Aber nat\u00fcrlich hat die Region nicht nur im Fr\u00fchling etwas zu bieten. Ebenfalls nur wenige Minuten mit dem Fahrrad entfernt finden Sie weitl\u00e4ufige D\u00fcnengebiete und herrliche Sandstr\u00e4nde.\u00a0<\/span><\/p>\n<p><span style=\"font-weight: 400;\">Die D\u00fcnengebiete <\/span><i><span style=\"font-weight: 400;\">Hollands Duin<\/span><\/i><span style=\"font-weight: 400;\"> oder die <\/span><i><span style=\"font-weight: 400;\">Amsterdamer Waterleidingduinen<\/span><\/i><span style=\"font-weight: 400;\"> bieten ein unvergessliches Wandererlebnis mit atemberaubendem Blick auf die K\u00fcste. Fragen Sie am besten an unserer Rezeption f\u00fcr Routenvorschl\u00e4ge.<\/span><\/p>\n<p><span style=\"font-weight: 400;\">Den Strand <a href=\"https:\/\/bollenstreek.nl\/aktivitaeten\/strande-in-holland\/het-strand-bij-langevelderslag-in-noordwijk\/?lang=de\" target=\"_blank\" rel=\"noopener\">Langevelderslag<\/a> k\u00f6nnen Sie ebenfalls gut zu Fu\u00df erreichen. Genie\u00dfen Sie hier einfach\u00a0 Sonne, Sand und Meer oder nehmen Sie einen Drink in einer der Strandbars. Wer auf sportliche Aktivit\u00e4ten aus ist, findet an der Noordwijker K\u00fcste viele M\u00f6glichkeiten zum Surfen, Kajakfahren oder Powerkiten.\u00a0<\/span>[\/vc_column_text][vc_column_text]<span style=\"font-weight: 600;\"><img loading=\"lazy\" decoding=\"async\" class=\"alignnone size-full wp-image-7886\" src=\"https:\/\/sollasi.nl\/wp-content\/uploads\/2023\/02\/Camping-mit-Privatsanitaer-tulpen.jpg\" alt=\"Camping mit Privatsanit\u00e4r mitten in den Tulpenfeldern\" width=\"600\" height=\"399\" srcset=\"https:\/\/sollasi.nl\/wp-content\/uploads\/2023\/02\/Camping-mit-Privatsanitaer-tulpen.jpg 600w, https:\/\/sollasi.nl\/wp-content\/uploads\/2023\/02\/Camping-mit-Privatsanitaer-tulpen-300x200.jpg 300w, https:\/\/sollasi.nl\/wp-content\/uploads\/2023\/02\/Camping-mit-Privatsanitaer-tulpen-290x193.jpg 290w, https:\/\/sollasi.nl\/wp-content\/uploads\/2023\/02\/Camping-mit-Privatsanitaer-tulpen-158x105.jpg 158w\" sizes=\"auto, (max-width: 600px) 100vw, 600px\" \/><\/span>[\/vc_column_text][vc_column_text]<\/p>\n<h2><span style=\"font-weight: 600;\">Aktivit\u00e4ten auf dem Campingplatz<\/span><\/h2>\n<p><span style=\"font-weight: 400;\">F\u00fcr ein Stranderlebnis k\u00f6nnen Sie jedoch auch direkt auf unserem Campingplatz bleiben, denn er liegt direkt am Oosterduinse See mit Sandstr\u00e4nden, Liegewiesen und Schattenpl\u00e4tzen. Hier k\u00f6nnen Sie schwimmen, angeln oder auch surfen.<\/span><\/p>\n<p><span style=\"font-weight: 400;\">Neben den vielen M\u00f6glichkeiten zur Erkundung der Umgebung bieten wir auch eine Vielzahl an Aktivit\u00e4ten am und rund um den Campingplatz. Dazu geh\u00f6ren beispielsweise Sportm\u00f6glichkeiten wie Tischtennis, Panna (Street Football) und Fahrradverleih.\u00a0<\/span><\/p>\n<p><span style=\"font-weight: 400;\">Die beiden Restaurants <a href=\"https:\/\/como-co.nl\/de\/\" target=\"_blank\" rel=\"noopener\">Como &amp; Co<\/a> und <a href=\"https:\/\/devoliere.nl\/de\/\" target=\"_blank\" rel=\"noopener\">De Voli\u00e8re<\/a> liegen im benachbarten Bungalowpark und bieten beide einen herrlichen Blick auf den See.<\/span>[\/vc_column_text][vc_btn title=&#8220;Entdecken Sie unsere Ausstattung&#8220; color=&#8220;blue&#8220; link=&#8220;url:https%3A%2F%2Fsollasi.nl%2Fde%2Fcamping-sollasi%2Fausstattung-campingplatz-sollasi%2F|title:Ausstattung%20entdecken&#8220;][vc_column_text]<span style=\"font-weight: 600;\"><img loading=\"lazy\" decoding=\"async\" class=\"alignnone size-full wp-image-7877\" src=\"https:\/\/sollasi.nl\/wp-content\/uploads\/2023\/02\/Camping-mit-Privatsanitaer-campers.jpg\" alt=\"Camping auf gr\u00fcnen Wiesen mit Privatsanit\u00e4r\" width=\"600\" height=\"450\" srcset=\"https:\/\/sollasi.nl\/wp-content\/uploads\/2023\/02\/Camping-mit-Privatsanitaer-campers.jpg 600w, https:\/\/sollasi.nl\/wp-content\/uploads\/2023\/02\/Camping-mit-Privatsanitaer-campers-300x225.jpg 300w, https:\/\/sollasi.nl\/wp-content\/uploads\/2023\/02\/Camping-mit-Privatsanitaer-campers-257x193.jpg 257w, https:\/\/sollasi.nl\/wp-content\/uploads\/2023\/02\/Camping-mit-Privatsanitaer-campers-140x105.jpg 140w\" sizes=\"auto, (max-width: 600px) 100vw, 600px\" \/><\/span>[\/vc_column_text][vc_column_text]<\/p>\n<h2><span style=\"font-weight: 600;\">Urlaub mit dem Hund<\/span><\/h2>\n<p><span style=\"font-weight: 400;\">Was w\u00e4re ein Urlaub mitten in dieser herrlichen gr\u00fcnen Umgebung ohne Ihren vierbeinigen Freund? Auf alle unsere Stellpl\u00e4tzen &#8211; auch die mit Privatsanit\u00e4r &#8211; k\u00f6nnen Sie Ihren Hund mitnehmen (gegen eine geringe Zusatzgeb\u00fchr).\u00a0<\/span><\/p>\n<p><span style=\"font-weight: 400;\">Unternehmen Sie gemeinsame Spazierg\u00e4nge durch die D\u00fcnen oder schauen Sie Ihrem Hund beim Toben am Strand zu. Ganz in der N\u00e4he unseres Campingplatzes finden Sie sch\u00f6ne, breite Strandabschnitte, an denen Ihr Hund frei laufen kann.\u00a0<\/span>[\/vc_column_text][vc_btn title=&#8220;Mehr \u00fcber Camping mit Hund lesen&#8220; color=&#8220;blue&#8220; link=&#8220;url:https%3A%2F%2Fsollasi.nl%2Fde%2Fcamping-mit-hund-in-holland%2F|title:Camping%20mit%20Hund%20in%20Holland&#8220;][vc_column_text]<\/p>\n<h2><span style=\"font-weight: 600;\">Camping mit Privatsanit\u00e4r auf dem <\/span><span style=\"font-weight: 600;\">Campingplatz Sollasi<\/span><\/h2>\n<p><span style=\"font-weight: 400;\">\u00dcberzeugen Sie sich selbst von der einzigartigen Kombination aus Entspannung am Meer, Tulpenfeldern und D\u00fcnen und dem ultimativen Komfort unseres Privatsanit\u00e4rs.\u00a0<\/span><\/p>\n<p><span style=\"font-weight: 400;\">Wir sind stolz darauf, eine saubere und gepflegte Umgebung f\u00fcr unsere G\u00e4ste zu bieten, und unser Team arbeitet hart, um sicherzustellen, dass Sie einen unvergesslichen Campingurlaub bei uns erleben.<\/span><\/p>\n<p><span style=\"font-weight: 400;\">Buchen Sie noch heute Ihren Stellplatz auf dem Campingplatz Sollasi und erleben Sie die Sch\u00f6nheit und den Charme der niederl\u00e4ndischen K\u00fcste und des Bollenstreeks. Wir freuen uns darauf, Sie bei uns begr\u00fc\u00dfen zu d\u00fcrfen!<\/span>[\/vc_column_text][vc_btn title=&#8220;Jetzt buchen&#8220; color=&#8220;blue&#8220; link=&#8220;url:https%3A%2F%2Fsollasi.nl%2Fde%2Fcamping-sollasi%2Freservieren%2F|title:Urlaub%20am%20Meer%20buchen&#8220;][vc_column_text]<\/p>\n<h2>Hier finden Sie uns<\/h2>\n<p><iframe loading=\"lazy\" style=\"border: 0;\" src=\"https:\/\/www.google.com\/maps\/embed?pb=!1m18!1m12!1m3!1d168642.02248441873!2d4.3720875187229815!3d52.30313168142602!2m3!1f0!2f0!3f0!3m2!1i1024!2i768!4f13.1!3m3!1m2!1s0x47c5ea70cba1d279%3A0xe9aacea099a9a9bf!2sCamping%20Sollasi!5e0!3m2!1snl!2sde!4v1729868106770!5m2!1snl!2sde\" width=\"600\" height=\"450\" allowfullscreen=\"allowfullscreen\"><\/iframe>[\/vc_column_text][\/vc_column][\/vc_row][vc_row][vc_column][vc_column_text]<\/p>\n<p>[\/vc_column_text][vc_row_inner][vc_column_inner][vc_column_text css=&#8220;.vc_custom_1708183127309{padding-top: 15px !important;padding-right: 15px !important;padding-bottom: 15px !important;padding-left: 15px !important;background-color: #dce3f2 !important;}&#8220;]<\/p>\n<h2><span style=\"font-weight: 600;\">H\u00e4ufig gestellte Fragen (FAQs)<\/span><\/h2>\n<h3><b>Wie gro\u00df sind die Stellpl\u00e4tze mit Privatsanit\u00e4r auf dem Campingplatz Sollasi?<\/b><\/h3>\n<p><span style=\"font-weight: 400;\">Die gro\u00dfz\u00fcgigen Stellpl\u00e4tze mit Privatsanit\u00e4r sind ca. 8 x 10 m gro\u00df, ideal f\u00fcr Wohnmobile, Wohnwagen oder Zelte. Jeder Stellplatz verf\u00fcgt \u00fcber einen eigenen Strom- und Wasseranschluss sowie eine Rasenfl\u00e4che.<\/span><\/p>\n<h3><b>Welche Ausstattung bietet das private Badezimmer-H\u00e4uschen auf den Stellpl\u00e4tzen?<\/b><\/h3>\n<p><span style=\"font-weight: 400;\">Antwort: Die privaten Badezimmer-H\u00e4uschen sind mit Dusche, WC, Waschbecken mit Spiegel und einem F\u00f6hn ausgestattet. Au\u00dfen am H\u00e4uschen gibt es zudem ein gro\u00dfes Waschbecken f\u00fcr den Abwasch. Diese Einrichtungen stehen exklusiv dem Gast auf dem jeweiligen Stellplatz zur Verf\u00fcgung.<\/span><\/p>\n<h3><b>Wie ist die Lage des Campingplatzes Sollasi in Bezug auf die Tulpenfelder und das Meer?<\/b><\/h3>\n<p><span style=\"font-weight: 400;\">Der Campingplatz Sollasi liegt mitten zwischen den Tulpenfeldern und direkt an einem See mit Strandbad. Das Meer und die herrliche D\u00fcnenlandschaft sind nur wenige Minuten mit dem Fahrrad entfernt. Eine ideale Lage f\u00fcr Campingurlaub an der niederl\u00e4ndischen K\u00fcste.<\/span><\/p>\n<h3><b>Gibt es kostenfreies WLAN auf dem Campingplatz Sollasi?<\/b><\/h3>\n<p><span style=\"font-weight: 400;\">Ja, \u00fcberall auf dem Campingplatz steht den G\u00e4sten kostenfreies WLAN zur Verf\u00fcgung. So k\u00f6nnen Sie auch w\u00e4hrend Ihres Campingurlaubs problemlos online bleiben.<\/span><\/p>\n<h3><b>Sind Haustiere auf den Stellpl\u00e4tzen mit Privatsanit\u00e4r erlaubt?<\/b><\/h3>\n<p><span style=\"font-weight: 400;\">Ja, Haustiere sind auf allen Stellpl\u00e4tzen, einschlie\u00dflich jener mit Privatsanit\u00e4r, erlaubt. Eine kleine Zusatzgeb\u00fchr wird daf\u00fcr erhoben. Genie\u00dfen Sie gemeinsame Spazierg\u00e4nge durch die D\u00fcnen oder am Strand mit Ihrem vierbeinigen Freund.<\/span>[\/vc_column_text][\/vc_column_inner][\/vc_row_inner][\/vc_column][\/vc_row]<\/p>\n","protected":false},"excerpt":{"rendered":"<p>[vc_row][vc_column][vc_column_text][\/vc_column_text][\/vc_column][vc_column width=&#8220;1\/2&#8243;][vc_column_text] Camping mit Privatsanit\u00e4r an der holl\u00e4ndischen K\u00fcste\u00a0 Sie m\u00f6gen Campingurlaub, haben aber keine Lust, nachts zu den Sanit\u00e4ranlagen zu tapsen oder morgens auf eine freie Duschkabine zu warten? Bei uns haben Sie die M\u00f6glichkeit, einen Stellplatz mit privatem Badezimmer-H\u00e4uschen zu buchen. Erleben Sie luxuri\u00f6ses Camping mit Privatsanit\u00e4r an der niederl\u00e4ndischen K\u00fcste auf dem Campingplatz Sollasi.[\/vc_column_text][vc_btn title=&#8220;Direkt buchen&#8220; color=&#8220;blue&#8220; align=&#8220;center&#8220; link=&#8220;url:https%3A%2F%2Fsollasi.nl%2Fde%2Fcamping-sollasi%2Freservieren%2F|title:Urlaub%20am%20Meer%20buchen&#8220;][vc_separator color=&#8220;white&#8220; border_width=&#8220;3&#8243;][vc_column_text] Einzigartige Lage in Holland Unser Campingplatz am Meer in Holland ist das perfekte Ziel f\u00fcr alle, &#8230; <\/p>\n<p class=\"read-more-container\"><a title=\"Camping mit Privatsanit\u00e4r\" class=\"read-more button\" href=\"https:\/\/sollasi.nl\/de\/camping-mit-privatsanitaer\/#more-7874\">Read More<span class=\"screen-reader-text\">Camping mit Privatsanit\u00e4r<\/span><\/a><\/p>\n","protected":false},"author":5,"featured_media":0,"parent":0,"menu_order":0,"comment_status":"closed","ping_status":"closed","template":"","meta":{"footnotes":""},"class_list":["post-7874","page","type-page","status-publish"],"_links":{"self":[{"href":"https:\/\/sollasi.nl\/de\/wp-json\/wp\/v2\/pages\/7874","targetHints":{"allow":["GET"]}}],"collection":[{"href":"https:\/\/sollasi.nl\/de\/wp-json\/wp\/v2\/pages"}],"about":[{"href":"https:\/\/sollasi.nl\/de\/wp-json\/wp\/v2\/types\/page"}],"author":[{"embeddable":true,"href":"https:\/\/sollasi.nl\/de\/wp-json\/wp\/v2\/users\/5"}],"replies":[{"embeddable":true,"href":"https:\/\/sollasi.nl\/de\/wp-json\/wp\/v2\/comments?post=7874"}],"version-history":[{"count":21,"href":"https:\/\/sollasi.nl\/de\/wp-json\/wp\/v2\/pages\/7874\/revisions"}],"predecessor-version":[{"id":12602,"href":"https:\/\/sollasi.nl\/de\/wp-json\/wp\/v2\/pages\/7874\/revisions\/12602"}],"wp:attachment":[{"href":"https:\/\/sollasi.nl\/de\/wp-json\/wp\/v2\/media?parent=7874"}],"curies":[{"name":"wp","href":"https:\/\/api.w.org\/{rel}","templated":true}]}}