{"id":8949,"date":"2023-06-13T09:07:40","date_gmt":"2023-06-13T09:07:40","guid":{"rendered":"https:\/\/sollasi.nl\/?page_id=8949"},"modified":"2025-03-25T13:24:07","modified_gmt":"2025-03-25T13:24:07","slug":"bungalows-bei-zandvoort","status":"publish","type":"page","link":"https:\/\/sollasi.nl\/de\/bungalows-bei-zandvoort\/","title":{"rendered":"Bungalows bei Zandvoort"},"content":{"rendered":"<p>[vc_section][\/vc_section][vc_row][vc_column width=&#8220;1\/2&#8243;][vc_column_text]<span style=\"font-weight: 400;\">Im Bungalowpark Sollasi erleben Sie einen unvergesslichen Urlaub mit viel Entspannung und Komfort. Unsere charmanten Bungalows bei Zandvoort bieten Ihnen den perfekten R\u00fcckzugsort, um dem Alltagsstress zu entfliehen und die sch\u00f6ne niederl\u00e4ndischen K\u00fcste so richtig zu genie\u00dfen. Hier, inmitten zwischen D\u00fcnen, Wald und Blumenfeldern, erfahren Sie viel Ruhe und Raum, um abzuschalten.<\/span>[\/vc_column_text][vc_btn title=&#8220;Direkt buchen&#8220; shape=&#8220;round&#8220; color=&#8220;info&#8220; link=&#8220;url:https%3A%2F%2Fsollasi.nl%2Fde%2Fbungalowpark-sollasi%2Freserveren-bij-bungalowpark-sollasi%2F|title:Jetzt%20buchen&#8220;][vc_column_text]<\/p>\n<h2><span style=\"font-weight: 600;\">Einzigartige N\u00e4he zum Formel 1 Rennen in Zandvoort<\/span><\/h2>\n<p><span style=\"font-weight: 400;\">Ein besonderes Highlight des Bungalowparks Sollasi ist die unmittelbare N\u00e4he zum <a href=\"https:\/\/sollasi.nl\/de\/formel-1-zandvoort\/\">Formel 1 Rennen in Zandvoort<\/a>. Erleben Sie den Nervenkitzel, wenn die Motoren aufheulen und die besten Rennfahrer der Welt in atemberaubender Geschwindigkeit \u00fcber die Strecke jagen. Als Gast unseres Parks haben Sie eine hervorragende Basis, um das spektakul\u00e4re Rennen live zu erleben und gleichzeitig den Komfort unserer Unterk\u00fcnfte zu genie\u00dfen.<\/span><\/p>\n<h3><b>Das Formel 1 Rennen in Zandvoort &#8211; Adrenalin pur<\/b><\/h3>\n<p><span style=\"font-weight: 400;\">Das Formel 1 Rennen in Zandvoort ist ein besonderes Highlight f\u00fcr Motorsportfans und lockt Jahr f\u00fcr Jahr Besucher aus aller Welt an. Im Jahr 2024 findet das Rennen vom 23. bis 26. August statt und verspricht spannende Rennaction.<\/span><\/p>\n<p><span style=\"font-weight: 400;\">Um Tickets f\u00fcr das Formel 1 Rennen zu erwerben, empfehlen wir Ihnen, die<\/span> <a href=\"https:\/\/dutchgp.com\/en\/\" target=\"_blank\" rel=\"noopener\"><span style=\"font-weight: 400;\">offizielle Website des Rennens<\/span><\/a><span style=\"font-weight: 400;\"> zu besuchen oder sich an autorisierte Ticketanbieter zu wenden. Dort finden Sie verschiedene Ticketoptionen, mit denen Sie das Rennen aus verschiedenen Perspektiven verfolgen k\u00f6nnen.<\/span><\/p>\n<p><span style=\"font-weight: 400;\">Die Anreise zum Formel 1 Rennen in Zandvoort ist einfach und bequem. Sie k\u00f6nnen entweder mit dem Auto anreisen und von unserem Bungalowpark aus eine kurze Fahrt zur Rennstrecke unternehmen. Beachten Sie jedoch, dass an den Renntagen ein erh\u00f6htes Verkehrsaufkommen zu erwarten ist. Eine Alternative ist die Nutzung \u00f6ffentlicher Verkehrsmittel wie Busse oder Z\u00fcge, die Sie direkt nach Zandvoort bringen. Die Rennstrecke ist gut erreichbar und befindet sich nah am Stadtzentrum von Zandvoort.<\/span>[\/vc_column_text][vc_btn title=&#8220;Bungalow bei Zandvoort mieten&#8220; shape=&#8220;round&#8220; color=&#8220;info&#8220; link=&#8220;url:https%3A%2F%2Fsollasi.nl%2Fde%2Fbungalowpark-sollasi%2Freserveren-bij-bungalowpark-sollasi%2F|title:Bungalow%20bei%20Zandvoort%20mieten&#8220;][vc_column_text]<\/p>\n<h2>Ausflug nach Noordwijk<\/h2>\n<p>Auch Noordwijk ist nicht weit entfernt \u2013 nur eine kurze Fahrt von unseren Bungalows entfernt. In dieser charmanten K\u00fcstenstadt erwarten Sie breite Sandstr\u00e4nde, malerische D\u00fcnenlandschaften und eine lebendige Atmosph\u00e4re. Unsere <a href=\"https:\/\/sollasi.nl\/de\/bungalowpark-noordwijk\/\">Bungalows bei Noordwijk<\/a> bieten Ihnen einen idealen Ausgangspunkt, um sowohl die Ruhe der Natur als auch die Annehmlichkeiten der Stadt zu genie\u00dfen. Egal ob Sie den Keukenhof, die K\u00fcste oder die umliegenden St\u00e4dte erkunden m\u00f6chten \u2013 hier sind Sie genau richtig f\u00fcr einen Urlaub in Holland![\/vc_column_text][\/vc_column][vc_column width=&#8220;1\/2&#8243;][vc_single_image image=&#8220;8951&#8243; img_size=&#8220;Large&#8220;][vc_column_text]<\/p>\n<h2><span style=\"font-weight: 600;\">Charmante Unterk\u00fcnfte f\u00fcr Ihren perfekten Urlaub<\/span><\/h2>\n<p><span style=\"font-weight: 400;\">Unsere modernen und komplett ausgestatteten <a href=\"https:\/\/sollasi.nl\/de\/bungalowpark-sollasi\/unterkunfte\/\">Bungalows<\/a> bei Zandvoort bieten Ihnen alles, was Sie f\u00fcr einen unvergesslichen Aufenthalt ben\u00f6tigen. Treten Sie ein und f\u00fchlen Sie sich wie zu Hause! Die ger\u00e4umigen Schlafzimmer laden zum Tr\u00e4umen ein, w\u00e4hrend die voll ausgestattete K\u00fcche Ihnen die M\u00f6glichkeit gibt, Ihre Lieblingsgerichte zuzubereiten. Im gem\u00fctlichen Wohnzimmer k\u00f6nnen Sie sich entspannen oder Sie die Sonne auf Ihrer eigenen Terrasse <\/span>genie\u00dfen\u00a0. Bei uns fehlt es Ihnen an nichts!<\/p>\n<p>Sie m\u00f6chten lieber campen? Entdecken Sie auch unseren <a href=\"https:\/\/sollasi.nl\/de\/camping-zandvoort\/\">Campingplatz bei Zandvoort<\/a>!<\/p>\n<h2><span style=\"font-weight: 600;\">Zandvoort und Umgebung entdecken<\/span><\/h2>\n<p><span style=\"font-weight: 400;\">Ihr Sallasi Bungalow bei Zandvoort ist der ideale Ausgangspunkt, um das sch\u00f6ne Zandvoort und die Umgebung zu entdecken. Spazieren Sie entlang endloser Sandstr\u00e4nde, atmen Sie die frische Meeresluft und beobachten Sie den Tanz der Wellen. In der Innenstadt von Zandvoort finden Sie einladende Caf\u00e9s, Restaurants und viele Gesch\u00e4fte. F\u00fcr Naturliebhaber bieten sich <a href=\"https:\/\/sollasi.nl\/de\/unternehmungen-in-der-umgebung\/urlaubsaktivitaeten-im-freien\/\">Fahrradtouren<\/a> entlang der K\u00fcste oder durch die Blumenfelder an.<\/span><\/p>\n<h2><span style=\"font-weight: 600;\">Buchen Sie jetzt Ihren Traumurlaub in einem der Bungalows bei Zandvoort<\/span><\/h2>\n<p><span style=\"font-weight: 400;\">Worauf warten Sie noch? Buchen Sie noch heute Ihren Traumurlaub im Bungalowpark Sollasi und erleben Sie eine erholsame Zeit in Zandvoort. Sichern Sie sich Ihren Platz, um eine der sch\u00f6nsten K\u00fcsten Hollands zu erkunden, das Formel 1 Rennen zu erleben und au\u00dferdem Entspannung und Komfort zu genie\u00dfen. <\/span><span style=\"font-weight: 400;\">Wir freuen uns darauf, Ihnen einen unvergesslichen Urlaub zu bieten und Sie bei uns im Bungalowpark Sollasi willkommen zu hei\u00dfen!<\/span>[\/vc_column_text][vc_btn title=&#8220;Jetzt Urlaub bei Zandvoort buchen&#8220; shape=&#8220;round&#8220; color=&#8220;info&#8220; link=&#8220;url:https%3A%2F%2Fsollasi.nl%2Fde%2Fbungalowpark-sollasi%2Freserveren-bij-bungalowpark-sollasi%2F|title:Bungalow%20buchen&#8220;][\/vc_column][\/vc_row][vc_row][vc_column][vc_column_text css=&#8220;.vc_custom_1711119456883{padding-top: 15px !important;padding-right: 15px !important;padding-bottom: 15px !important;padding-left: 15px !important;background-color: #dce3f2 !important;}&#8220;]<\/p>\n<h2><span style=\"font-weight: 600;\">FAQs<\/span><\/h2>\n<h3><b>Wie sind die Bungalows bei Zandvoort im Bungalowpark Sollasi ausgestattet?<\/b><\/h3>\n<p><span style=\"font-weight: 400;\">Sie finden in unseren modernen Bungalows alles f\u00fcr einen entspannten Urlaub. Jeder Bungalow verf\u00fcgt zudem \u00fcber eine eigene Terrasse, auf der Sie die Sonne genie\u00dfen k\u00f6nnen.<\/span><\/p>\n<h3><b>Gibt es auch Campingm\u00f6glichkeiten im Bungalowpark Sollasi?<\/b><\/h3>\n<p><span style=\"font-weight: 400;\">Ja, neben den Bungalows bietet der Bungalowpark Sollasi auch Campingm\u00f6glichkeiten. Entdecken Sie unseren Campingplatz und erleben Sie die tolle Lage zwischen Blumenfeldern und Meer.<\/span><\/p>\n<h3><b>Wie ist die Anreise zum Formel 1 Rennen in Zandvoort vom Bungalowpark aus?<\/b><\/h3>\n<p><span style=\"font-weight: 400;\">Die Anreise zum Formel 1 Rennen in Zandvoort ist einfach und bequem. Sie k\u00f6nnen mit dem Auto anreisen und eine kurze Fahrradfahrt zur Rennstrecke unternehmen. Beachten Sie jedoch das erh\u00f6hte Verkehrsaufkommen an den Renntagen. Alternativ stehen Busse oder Z\u00fcge zur Verf\u00fcgung, die Sie direkt nach Zandvoort bringen.<\/span><\/p>\n<h3><b>Welche Aktivit\u00e4ten und Sehensw\u00fcrdigkeiten gibt es in der Umgebung von Zandvoort?<\/b><\/h3>\n<p><span style=\"font-weight: 400;\">Der Bungalowpark Sollasi ist ein idealer Ausgangspunkt, um die Umgebung zu erkunden. Genie\u00dfen Sie endlose Sandstr\u00e4nde, erkunden Sie die charmante Innenstadt von Zandvoort mit Caf\u00e9s und Gesch\u00e4ften, oder machen Sie im Fr\u00fchling eine Radtour durch die bl\u00fchenden Tulpenfelder.<\/span>[\/vc_column_text][\/vc_column][\/vc_row]<\/p>\n","protected":false},"excerpt":{"rendered":"<p>[vc_section][\/vc_section][vc_row][vc_column width=&#8220;1\/2&#8243;][vc_column_text]Im Bungalowpark Sollasi erleben Sie einen unvergesslichen Urlaub mit viel Entspannung und Komfort. Unsere charmanten Bungalows bei Zandvoort bieten Ihnen den perfekten R\u00fcckzugsort, um dem Alltagsstress zu entfliehen und die sch\u00f6ne niederl\u00e4ndischen K\u00fcste so richtig zu genie\u00dfen. Hier, inmitten zwischen D\u00fcnen, Wald und Blumenfeldern, erfahren Sie viel Ruhe und Raum, um abzuschalten.[\/vc_column_text][vc_btn title=&#8220;Direkt buchen&#8220; shape=&#8220;round&#8220; color=&#8220;info&#8220; link=&#8220;url:https%3A%2F%2Fsollasi.nl%2Fde%2Fbungalowpark-sollasi%2Freserveren-bij-bungalowpark-sollasi%2F|title:Jetzt%20buchen&#8220;][vc_column_text] Einzigartige N\u00e4he zum Formel 1 Rennen in Zandvoort Ein besonderes Highlight des Bungalowparks Sollasi ist die unmittelbare N\u00e4he zum Formel 1 Rennen &#8230; <\/p>\n<p class=\"read-more-container\"><a title=\"Bungalows bei Zandvoort\" class=\"read-more button\" href=\"https:\/\/sollasi.nl\/de\/bungalows-bei-zandvoort\/#more-8949\">Read More<span class=\"screen-reader-text\">Bungalows bei Zandvoort<\/span><\/a><\/p>\n","protected":false},"author":5,"featured_media":0,"parent":0,"menu_order":0,"comment_status":"closed","ping_status":"closed","template":"","meta":{"footnotes":""},"class_list":["post-8949","page","type-page","status-publish"],"_links":{"self":[{"href":"https:\/\/sollasi.nl\/de\/wp-json\/wp\/v2\/pages\/8949","targetHints":{"allow":["GET"]}}],"collection":[{"href":"https:\/\/sollasi.nl\/de\/wp-json\/wp\/v2\/pages"}],"about":[{"href":"https:\/\/sollasi.nl\/de\/wp-json\/wp\/v2\/types\/page"}],"author":[{"embeddable":true,"href":"https:\/\/sollasi.nl\/de\/wp-json\/wp\/v2\/users\/5"}],"replies":[{"embeddable":true,"href":"https:\/\/sollasi.nl\/de\/wp-json\/wp\/v2\/comments?post=8949"}],"version-history":[{"count":11,"href":"https:\/\/sollasi.nl\/de\/wp-json\/wp\/v2\/pages\/8949\/revisions"}],"predecessor-version":[{"id":12290,"href":"https:\/\/sollasi.nl\/de\/wp-json\/wp\/v2\/pages\/8949\/revisions\/12290"}],"wp:attachment":[{"href":"https:\/\/sollasi.nl\/de\/wp-json\/wp\/v2\/media?parent=8949"}],"curies":[{"name":"wp","href":"https:\/\/api.w.org\/{rel}","templated":true}]}}