{"id":9055,"date":"2023-08-09T13:55:10","date_gmt":"2023-08-09T13:55:10","guid":{"rendered":"https:\/\/sollasi.nl\/?page_id=9055"},"modified":"2025-08-25T14:23:38","modified_gmt":"2025-08-25T14:23:38","slug":"formel-1-zandvoort","status":"publish","type":"page","link":"https:\/\/sollasi.nl\/de\/formel-1-zandvoort\/","title":{"rendered":"Formel 1 Zandvoort"},"content":{"rendered":"<p>[vc_section][vc_row][vc_column][vc_column_text]<div id=\"metaslider-id-12029\" style=\"width: 100%;\" class=\"ml-slider-3-108-0 metaslider metaslider-flex metaslider-12029 ml-slider has-dots-nav ms-theme-default-base\" role=\"region\" aria-label=\"Landingspagina F1\" data-height=\"250\" data-width=\"700\">\n    <div id=\"metaslider_container_12029\">\n        <div id=\"metaslider_12029\">\n            <ul class='slides'>\n                <li style=\"display: block; width: 100%;\" class=\"slide-12032 ms-image \" aria-roledescription=\"slide\" data-date=\"2025-01-07 11:31:52\" data-filename=\"Camping-Dunen-Holland-Sollasi-700x250.jpg\" data-slide-type=\"image\"><img loading=\"lazy\" decoding=\"async\" src=\"https:\/\/sollasi.nl\/wp-content\/uploads\/2024\/06\/Camping-Dunen-Holland-Sollasi-700x250.jpg\" height=\"250\" width=\"700\" alt=\"Camping D\u00fcnen Holland Sollasi\" class=\"slider-12029 slide-12032 msDefaultImage\" title=\"Camping D\u00fcnen Holland Sollasi\" \/><\/li>\n                <li style=\"display: none; width: 100%;\" class=\"slide-12033 ms-image \" aria-roledescription=\"slide\" data-date=\"2025-01-07 11:34:27\" data-filename=\"breed-4-2-scaled-700x250.jpg\" data-slide-type=\"image\"><img loading=\"lazy\" decoding=\"async\" src=\"https:\/\/sollasi.nl\/wp-content\/uploads\/2024\/07\/breed-4-2-scaled-700x250.jpg\" height=\"250\" width=\"700\" alt=\"Bungalowpark Campingplatz Sollasi\" class=\"slider-12029 slide-12033 msDefaultImage\" title=\"DCIM101MEDIADJI_0098.JPG\" \/><\/li>\n            <\/ul>\n        <\/div>\n        \n    <\/div>\n<\/div>[\/vc_column_text][vc_column_text]Die Formel 1 ist zweifellos eine der aufregendsten Motorsportveranstaltungen der Welt. Und mit dem spektakul\u00e4ren <strong>Formel 1 Grand Prix in <span class=\"content-editor-wave\">Zandvoort<\/span><\/strong> in Holland haben Rennfans die M\u00f6glichkeit, hautnah dabei zu sein und die tolle Atmosph\u00e4re dieses Events zu erleben. Das n\u00e4chste Mal findet es vom <strong>29. bis 31. August 2025<\/strong> statt.<\/p>\n<p>Der Campingplatz und Bungalowpark Sollasi bietet eine ideale <strong>Unterkunftsm\u00f6glichkeit<\/strong>, um das Beste aus Ihrem Formel 1 Wochenende herauszuholen.[\/vc_column_text][vc_btn title=&#8220;Direkt buchen&#8220; shape=&#8220;round&#8220; color=&#8220;info&#8220; link=&#8220;url:https%3A%2F%2Fsollasi.nl%2Fde%2F|title:Unterk%C3%BCnfte&#8220;][\/vc_column][\/vc_row][\/vc_section][vc_row][vc_column width=&#8220;1\/2&#8243;][vc_column_text]<\/p>\n<h2><span style=\"font-weight: 600;\">Die Faszination von Formel 1 Zandvoort<\/span><\/h2>\n<p data-pm-slice=\"1 1 []\">Der Formel 1 Grand Prix in Zandvoort lockt jedes Jahr tausende von begeisterten Fans an. Die Rennstrecke von Zandvoort ist ber\u00fchmt f\u00fcr ihre tolle Landschaft an der niederl\u00e4ndischen K\u00fcste und die anspruchsvolle Streckenf\u00fchrung mit rasanten Kurven. Die N\u00e4he zum Meer schafft eine besondere Atmosph\u00e4re.<\/p>\n<h2><span style=\"font-weight: 600;\">Der Campingplatz und Bungalowpark Sollasi:\u00a0<\/span>Ihre Heimat am Strand<\/h2>\n<p data-pm-slice=\"1 1 []\">Der Campingplatz und Bungalowpark Sollasi bietet Stellpl\u00e4tze und <a href=\"https:\/\/sollasi.nl\/de\/bungalows-bei-zandvoort\/\" target=\"_blank\" rel=\"noopener noreferrer nofollow\">Bungalows bei Zandvoort<\/a> f\u00fcr alle Formel-1-Fans. W\u00e4hrend des F1-Wochenendes k\u00f6nnen Sie bei Sollasi in den komfortablen <a href=\"https:\/\/sollasi.nl\/de\/bungalowpark-sollasi\/unterkunfte\/studio-fuer-2-personen\/\" target=\"_blank\" rel=\"noopener noreferrer nofollow\">Ferienstudios <\/a>, <a href=\"https:\/\/sollasi.nl\/de\/bungalowpark-sollasi\/unterkunfte\/bungalow-fuer-6-personen\/\" target=\"_blank\" rel=\"noopener noreferrer nofollow\">Bungalows <\/a>oder auf gro\u00dfz\u00fcgigen <a href=\"https:\/\/sollasi.nl\/de\/camping-sollasi\/stellplaetze-auf-dem-campingplatz-sollasi\/\" target=\"_blank\" rel=\"noopener noreferrer nofollow\">Campingstellpl\u00e4tzen <\/a>wohnen. Eingebettet in Wald und D\u00fcnen, verspricht Sollasi ein wundervolles Wochenende in den Niederlanden.<\/p>\n<p>[\/vc_column_text][vc_btn title=&#8220;Alle Unterk\u00fcnfte ansehen&#8220; shape=&#8220;round&#8220; color=&#8220;info&#8220; link=&#8220;url:https%3A%2F%2Fsollasi.nl%2Fde%2Fbungalowpark-sollasi%2Funterkunfte%2F|title:Unterk%C3%BCnfte&#8220;][vc_btn title=&#8220;Stellpl\u00e4tze entdecken&#8220; shape=&#8220;round&#8220; color=&#8220;info&#8220; link=&#8220;url:https%3A%2F%2Fsollasi.nl%2Fde%2Fcamping-sollasi%2Fstellplaetze-auf-dem-campingplatz-sollasi%2F|title:Camping&#8220;][vc_single_image image=&#8220;9060&#8243; img_size=&#8220;Large&#8220;][vc_column_text]<\/p>\n<h3><b>Annehmlichkeiten und Aktivit\u00e4ten bei Sollasi<\/b><\/h3>\n<p data-pm-slice=\"1 1 []\">hr Aufethalt bei Sollasi wird mit unseren vielf\u00e4ltigen Einrichtungen zum Genuss. Entspannen Sie sich nach einem aufregenden Renntag am Badesee, genie\u00dfen Sie k\u00f6stliche Mahlzeiten im Restaurant oder erkunden Sie die malerischen D\u00fcnen oder den Strand, den Sie von Ihrer Unterkunft aus in nur wenigen Minuten erreichen.<\/p>\n<p>[\/vc_column_text][vc_btn title=&#8220;Mehr \u00fcber die Umgebung erfahren&#8220; shape=&#8220;round&#8220; color=&#8220;info&#8220; link=&#8220;url:https%3A%2F%2Fsollasi.nl%2Fde%2Funternehmungen-in-der-umgebung%2F|title:Umgebung%20Sollasi&#8220;][vc_separator color=&#8220;white&#8220; border_width=&#8220;3&#8243;][vc_single_image image=&#8220;12588&#8243; img_size=&#8220;Large&#8220;][\/vc_column][vc_column width=&#8220;1\/2&#8243;][vc_single_image image=&#8220;9063&#8243; img_size=&#8220;Large&#8220;][vc_column_text]<\/p>\n<h2><span style=\"font-weight: 600;\">Tickets und Zugang zur Rennstrecke<\/span><\/h2>\n<p data-pm-slice=\"1 1 []\">Es gibt verschiedene Ticketkategorien f\u00fcr die Formel 1, die Ihnen Zugang zu unterschiedlichen Bereichen der Rennstrecke bieten, von Trib\u00fcnenpl\u00e4tzen mit bester Sicht bis zu Stehpl\u00e4tzen, wo mehr Stimmung herrscht. Die Nachfrage ist hoch, sichern Sie sich also Ihre Tickets rechtzeitig. Nach dem Kauf erhalten Sie alle n\u00f6tigen Informationen zum Einlass und den Sicherheitsbestimmungen.<\/p>\n<p>[\/vc_column_text][vc_btn title=&#8220;Hier geht es zum Ticketshop&#8220; shape=&#8220;round&#8220; color=&#8220;info&#8220; link=&#8220;url:https%3A%2F%2Fdutchgp.com%2Fen%2Ftickets%2F|title:Tickets%20Formel%201&#8243;][vc_column_text css=&#8220;.vc_custom_1756131806788{background-color: #d4e7f4 !important;border-radius: 5px !important;}&#8220;]<\/p>\n<h2 data-pm-slice=\"1 1 []\">Anreise zum Rennen von Sollasi aus<\/h2>\n<p>Die Ferienwohnungen und der Campingplatz von Sollasi befinden sich <a href=\"https:\/\/sollasi.nl\/de\/camping-in-noordwijk\/\" target=\"_blank\" rel=\"noopener noreferrer nofollow\">in g\u00fcnstiger Lage in der Gemeinde Noordwijk<\/a> . Zandvoort ist w\u00e4hrend des Grand Prix auf verschiedene Arten erreichbar. Die Gemeinde hat einen speziellen Mobilit\u00e4ts- und Sicherheitsplan f\u00fcr das Formel-1-Wochenende erstellt.<\/p>\n<ul>\n<li><strong>Auto <\/strong>: Von Sollasi aus erreichen Sie das Formel-1-Gel\u00e4nde in Zandvoort in nur 20 Minuten mit dem Auto. Rund um den Circuit sind mehrere gro\u00dfe P+R-Gel\u00e4nde verf\u00fcgbar. Von dort aus fahren Shuttlebusse.<\/li>\n<li><strong>Fahrrad<\/strong> : Es gibt einen wundersch\u00f6nen Radweg von etwa 40 Minuten, der vom Park aus durch die D\u00fcnen zum Circuit in Zandvoort f\u00fchrt. Der Vorteil: Sie brauchen keine Parkgeb\u00fchren zahlen und sind ganz flexibel. Wir haben \u00fcbrigens auch einen <a href=\"https:\/\/rentabikevandam.nl\/de\/\" target=\"_blank\" rel=\"noopener noreferrer nofollow\">Fahrradverleih<\/a>!<\/li>\n<li><strong>Zug<\/strong> : Ab dem Bahnhof Haarlem verkehren Z\u00fcge nach einem speziellen Formel-1-Fahrplan. Der Bahnhof Haarlem ist von Noordwijkerhout aus gut mit dem Auto erreichbar. Alternativ k\u00f6nnen Sie mit dem Auto nach Hillegom fahren (und kostenlos parken) und von dort den Zug nach Haarlem nehmen.<\/li>\n<\/ul>\n<p>[\/vc_column_text][vc_column_text]<\/p>\n<h2><span style=\"font-weight: 600;\">Buchen Sie Ihr Formel-1-Wochenende bei Sollasi<\/span><\/h2>\n<p>Verpassen Sie nicht die Gelegenheit, das aufregendste Formel-1-Wochenende direkt vor der T\u00fcr von Sollasi zu erleben! Mit komfortablen Unterk\u00fcnften inmitten der D\u00fcnen und nur eine kurze Strecke von der Rennstrecke entfernt, bietet der Bungalowpark die perfekte Mischung aus Spannung und Erholung.<\/p>\n<p>Genie\u00dfen Sie nicht nur das Rennen, sondern auch den entspannten Aufenthalt am Badesee, die kulinarischen Gen\u00fcsse im Restaurant und die traumhafte Natur der Umgebung. Buchen Sie Ihr Formel-1-Wochenende bei Sollasi und erleben Sie unvergessliche Momente \u2013 sowohl auf der Rennstrecke als auch in Ihrer gem\u00fctlichen Unterkunft![\/vc_column_text][vc_btn title=&#8220;Jetzt Urlaub buchen&#8220; shape=&#8220;round&#8220; color=&#8220;info&#8220; link=&#8220;url:https%3A%2F%2Fsollasi.nl%2Fbungalowpark-sollasi%2Freserveren%2F|title:Urlaub%20buchen&#8220;][\/vc_column][\/vc_row][vc_row][vc_column][vc_column_text css=&#8220;.vc_custom_1711115144661{padding-top: 15px !important;padding-right: 15px !important;padding-bottom: 15px !important;padding-left: 15px !important;background-color: #dce3f2 !important;}&#8220;]<\/p>\n<h2 data-pm-slice=\"1 1 []\">H\u00e4ufig gestellte Fragen (FAQs)<\/h2>\n<h3><strong>Welche Unterkunftsm\u00f6glichkeiten bietet Sollasi?<\/strong><\/h3>\n<p>Sollasi bietet sowohl gem\u00fctliche Bungalows bei Zandvoort und Stellpl\u00e4tze. Der Park verspricht eine ideale Unterkunft f\u00fcr den Bessuch der Formel 1.<\/p>\n<h3><strong>Wie ist die Rennstrecke von Zandvoort?<\/strong><\/h3>\n<p>Die Rennstrecke hat eine anspruchsvolle Streckenf\u00fchrung mit rasanten Kurven. Die N\u00e4he zum Meer macht eine einzigartige Atmosph\u00e4re.<\/p>\n<h3><strong>Welche Annehmlichkeiten bietet Sollasi?<\/strong><\/h3>\n<p>G\u00e4ste von Sollasi k\u00f6nnen den Badesee, Restaurants, malerische D\u00fcnen und den nahen Strand genie\u00dfen. Die Unterk\u00fcnfte bieten Komfort und Entspannung nach einem aufregenden Renntag.<\/p>\n<h3><strong>Wie ist die Anreise zum Formel 1 Rennen von Sollasi aus?<\/strong><\/h3>\n<p>Mit dem Auto erreichen Sie die Rennstrecke bequem in 20 Minuten mit dem Auto. Alternativ gibt es einen malerischen Radweg durch die D\u00fcnen.<\/p>\n<h3><strong>Welche Tipps gibt es f\u00fcr die Formel 1 in Zandvoort?<\/strong><\/h3>\n<p>Wenn Sie sich einen guten Platz sichern oder Autogramme der Fahrer ergattern m\u00f6chten, sollten Sie fr\u00fch aufbrechen. Vergessen Sie au\u00dferdem nicht die Sonnencreme.[\/vc_column_text][\/vc_column][\/vc_row][vc_row][vc_column][\/vc_column][\/vc_row]<\/p>\n","protected":false},"excerpt":{"rendered":"<p>[vc_section][vc_row][vc_column][vc_column_text][\/vc_column_text][vc_column_text]Die Formel 1 ist zweifellos eine der aufregendsten Motorsportveranstaltungen der Welt. Und mit dem spektakul\u00e4ren Formel 1 Grand Prix in Zandvoort in Holland haben Rennfans die M\u00f6glichkeit, hautnah dabei zu sein und die tolle Atmosph\u00e4re dieses Events zu erleben. Das n\u00e4chste Mal findet es vom 29. bis 31. August 2025 statt. Der Campingplatz und Bungalowpark Sollasi bietet eine ideale Unterkunftsm\u00f6glichkeit, um das Beste aus Ihrem Formel 1 Wochenende herauszuholen.[\/vc_column_text][vc_btn title=&#8220;Direkt buchen&#8220; shape=&#8220;round&#8220; color=&#8220;info&#8220; link=&#8220;url:https%3A%2F%2Fsollasi.nl%2Fde%2F|title:Unterk%C3%BCnfte&#8220;][\/vc_column][\/vc_row][\/vc_section][vc_row][vc_column width=&#8220;1\/2&#8243;][vc_column_text] Die Faszination von Formel 1 &#8230; <\/p>\n<p class=\"read-more-container\"><a title=\"Formel 1 Zandvoort\" class=\"read-more button\" href=\"https:\/\/sollasi.nl\/de\/formel-1-zandvoort\/#more-9055\">Read More<span class=\"screen-reader-text\">Formel 1 Zandvoort<\/span><\/a><\/p>\n","protected":false},"author":3,"featured_media":0,"parent":0,"menu_order":0,"comment_status":"closed","ping_status":"closed","template":"","meta":{"footnotes":""},"class_list":["post-9055","page","type-page","status-publish"],"_links":{"self":[{"href":"https:\/\/sollasi.nl\/de\/wp-json\/wp\/v2\/pages\/9055","targetHints":{"allow":["GET"]}}],"collection":[{"href":"https:\/\/sollasi.nl\/de\/wp-json\/wp\/v2\/pages"}],"about":[{"href":"https:\/\/sollasi.nl\/de\/wp-json\/wp\/v2\/types\/page"}],"author":[{"embeddable":true,"href":"https:\/\/sollasi.nl\/de\/wp-json\/wp\/v2\/users\/3"}],"replies":[{"embeddable":true,"href":"https:\/\/sollasi.nl\/de\/wp-json\/wp\/v2\/comments?post=9055"}],"version-history":[{"count":28,"href":"https:\/\/sollasi.nl\/de\/wp-json\/wp\/v2\/pages\/9055\/revisions"}],"predecessor-version":[{"id":12599,"href":"https:\/\/sollasi.nl\/de\/wp-json\/wp\/v2\/pages\/9055\/revisions\/12599"}],"wp:attachment":[{"href":"https:\/\/sollasi.nl\/de\/wp-json\/wp\/v2\/media?parent=9055"}],"curies":[{"name":"wp","href":"https:\/\/api.w.org\/{rel}","templated":true}]}}